{"id":18641,"date":"2025-06-19T21:18:38","date_gmt":"2025-06-19T21:18:38","guid":{"rendered":"https:\/\/safetysource-eg.com\/product\/24-port-gigabit-smart-poe-switch-ds-3e1526p-si\/"},"modified":"2025-10-06T13:31:55","modified_gmt":"2025-10-06T13:31:55","slug":"24-port-gigabit-smart-poe-switch-ds-3e1526p-si","status":"publish","type":"product","link":"https:\/\/safetysource-eg.com\/en\/product\/24-port-gigabit-smart-poe-switch-ds-3e1526p-si\/","title":{"rendered":"24 Port Gigabit Smart POE Switch &#8211; DS-3E1526P-SI"},"content":{"rendered":"<h2><span class=\"tech-specs-items-description__title--heading\">General<\/span><\/h2>\n<ul class=\"tech-specs-items-description\" data-target=\"General\">\n<li class=\"tech-specs-items-description-list\"><span class=\"tech-specs-items-description__title\">Shell: <\/span><span class=\"tech-specs-items-description__title-details\">Metal material<\/span><\/li>\n<li class=\"tech-specs-items-description-list\"><span class=\"tech-specs-items-description__title\">Net Weight: <\/span><span class=\"tech-specs-items-description__title-details\">2.975 kg (6.56 lb.)<\/span><\/li>\n<li class=\"tech-specs-items-description-list\"><span class=\"tech-specs-items-description__title\">Gross Weight: <\/span><span class=\"tech-specs-items-description__title-details\">3.535 kg (7.79 lb.)<\/span><\/li>\n<li class=\"tech-specs-items-description-list\"><span class=\"tech-specs-items-description__title\">Dimensions (W \u00d7 H \u00d7 D): <\/span><span class=\"tech-specs-items-description__title-details\">440.00 mm \u00d7 44.00 mm \u00d7 221.00 mm (17.32&#8221; \u00d7 1.73&#8221; \u00d7 8.70&#8221;)<\/span><\/li>\n<li class=\"tech-specs-items-description-list\"><span class=\"tech-specs-items-description__title\">Operating Temperature: <\/span><span class=\"tech-specs-items-description__title-details\">0 \u00b0C to 45 \u00b0C (0 \u00b0F to 113 \u00b0F)<\/span><\/li>\n<li class=\"tech-specs-items-description-list\"><span class=\"tech-specs-items-description__title\">Storage Temperature: <\/span><span class=\"tech-specs-items-description__title-details\">-40 \u00b0C to 85 \u00b0C (-40 \u00b0F to 185 \u00b0F)<\/span><\/li>\n<li class=\"tech-specs-items-description-list\"><span class=\"tech-specs-items-description__title\">Operating Humidity: <\/span><span class=\"tech-specs-items-description__title-details\">5% to 95% (no condensation)<\/span><\/li>\n<li class=\"tech-specs-items-description-list\"><span class=\"tech-specs-items-description__title\">Relative Humidity: <\/span><span class=\"tech-specs-items-description__title-details\">5% to 95% (no condensation)<\/span><\/li>\n<li class=\"tech-specs-items-description-list\"><span class=\"tech-specs-items-description__title\">Power Supply: <\/span><span class=\"tech-specs-items-description__title-details\">100 to 240 VAC, 50\/60 Hz, Max. 6.3 A<\/span><\/li>\n<li class=\"tech-specs-items-description-list\"><span class=\"tech-specs-items-description__title\">Installation Mode: <\/span><span class=\"tech-specs-items-description__title-details\">Rack (equipped with mounting ears)<\/span><\/li>\n<li class=\"tech-specs-items-description-list\"><span class=\"tech-specs-items-description__title\">Max. Power Consumption: <\/span><span class=\"tech-specs-items-description__title-details\">400 W<\/span><\/li>\n<li class=\"tech-specs-items-description-list\"><span class=\"tech-specs-items-description__title\">Power Consumption in Idle: <\/span><span class=\"tech-specs-items-description__title-details\">30 W<\/span><\/li>\n<li class=\"tech-specs-items-description-list\"><span class=\"tech-specs-items-description__title\">Surge Protection: <\/span><span class=\"tech-specs-items-description__title-details\">6 KV<\/span><\/li>\n<\/ul>\n<h2><span class=\"tech-specs-items-description__title--heading\">Network Parameters<\/span><\/h2>\n<ul class=\"tech-specs-items-description\" data-target=\"Network Parameters\">\n<li class=\"tech-specs-items-description-list\"><span class=\"tech-specs-items-description__title\">Ports: <\/span><span class=\"tech-specs-items-description__title-details\">24 \u00d7 Gigabit PoE port,2 \u00d7 Gigabit fiber optical port<\/span><\/li>\n<li class=\"tech-specs-items-description-list\"><span class=\"tech-specs-items-description__title\">MAC Address Table: <\/span><span class=\"tech-specs-items-description__title-details\">8 K<\/span><\/li>\n<li class=\"tech-specs-items-description-list\"><span class=\"tech-specs-items-description__title\">Switching Capacity: <\/span><span class=\"tech-specs-items-description__title-details\">56 Gbps<\/span><\/li>\n<li class=\"tech-specs-items-description-list\"><span class=\"tech-specs-items-description__title\">Packet Forwarding Rate: <\/span><span class=\"tech-specs-items-description__title-details\">41.66 Mpps<\/span><\/li>\n<li class=\"tech-specs-items-description-list\"><span class=\"tech-specs-items-description__title\">Internal Cache: <\/span><span class=\"tech-specs-items-description__title-details\">4.1 Mbits<\/span><\/li>\n<\/ul>\n<h2><span class=\"tech-specs-items-description__title--heading\">PoE Power Supply<\/span><\/h2>\n<ul class=\"tech-specs-items-description\" data-target=\"PoE Power Supply\">\n<li class=\"tech-specs-items-description-list\"><span class=\"tech-specs-items-description__title\">PoE Standard: <\/span><span class=\"tech-specs-items-description__title-details\">IEEE 802.3af,IEEE 802.3at<\/span><\/li>\n<li class=\"tech-specs-items-description-list\"><span class=\"tech-specs-items-description__title\">PoE Power Pin: <\/span><span class=\"tech-specs-items-description__title-details\">End-span: 1\/2(+), 3\/6(-);<\/span><\/li>\n<li class=\"tech-specs-items-description-list\"><span class=\"tech-specs-items-description__title\">PoE Port: <\/span><span class=\"tech-specs-items-description__title-details\">PoE: Ports 1 to 24<\/span><\/li>\n<li class=\"tech-specs-items-description-list\"><span class=\"tech-specs-items-description__title\">Max. Port Power: <\/span><span class=\"tech-specs-items-description__title-details\">30 W<\/span><\/li>\n<li class=\"tech-specs-items-description-list\"><span class=\"tech-specs-items-description__title\">PoE Power Budget: <\/span><span class=\"tech-specs-items-description__title-details\">370 W<\/span><\/li>\n<\/ul>\n<h2><span class=\"tech-specs-items-description__title--heading\">Software Function<\/span><\/h2>\n<ul class=\"tech-specs-items-description\" data-target=\"Software Function\">\n<li class=\"tech-specs-items-description-list\"><span class=\"tech-specs-items-description__title\">Long Range: <\/span>Ports 1 to 24: up to 300 m.\n<p class=\"mb-p\">Long range performance may vary depend on camera model or cable condition.<\/p>\n<\/li>\n<li class=\"tech-specs-items-description-list\"><span class=\"tech-specs-items-description__title\">Port Isolation: <\/span>Ports 1 to 24: port isolation mode to improve network security.\n<p class=\"mb-p\">Ports in an isolation group cannot communicate with each other, but they can communicate with ports outside the isolation group.<\/p>\n<\/li>\n<li class=\"tech-specs-items-description-list\"><span class=\"tech-specs-items-description__title\">PoE Watchdog: <\/span><span class=\"tech-specs-items-description__title-details\">Ports 1 to 24: auto detect and restart the cameras that do not respond.<\/span><\/li>\n<li class=\"tech-specs-items-description-list\"><span class=\"tech-specs-items-description__title\">Link Aggregation: <\/span>Link aggregation is used to aggregate multiple physical ports to form a logical port for load balancing, bandwidth expansion, and port protection.\n<p class=\"mb-p\">Support static link aggregation.<\/p>\n<p class=\"mb-p\">Support 8 aggregation groups.<\/p>\n<\/li>\n<li class=\"tech-specs-items-description-list\"><span class=\"tech-specs-items-description__title\">QoS: <\/span>QoS is used to allocate bandwidth to different services so as to provide end-to-end service quality assurance.\n<p class=\"mb-p\">Support port-based priority configuration.<\/p>\n<p class=\"mb-p\">Support SP, WRR priority schedule mode.<\/p>\n<\/li>\n<li class=\"tech-specs-items-description-list\"><span class=\"tech-specs-items-description__title\">Loop Prevention: <\/span>Loop prevention is used to prevent the switching network from forming loops, which will seriously affect network communication. Disabled by default.\n<p class=\"mb-p\">Suppo: VLAN is used for network scale planning and network health improvement.<\/p>\n<\/li>\n<li class=\"tech-specs-items-description-list\">\n<p class=\"mb-p\">Support 802.1Q.: Configurable VLAN ID from 1-4094.<\/p>\n<p class=\"mb-p\">Support Trunk, Access port mode.<\/p>\n<p class=\"mb-p\">Support Max. 4094 VLAN.<\/p>\n<\/li>\n<li class=\"tech-specs-items-description-list\"><span class=\"tech-specs-items-description__title\">HPP: <\/span>Support one-click activation and remote management via Hik-Partner Pro. Functions supported:\n<p class=\"mb-p\">1. Display the port rate.<\/p>\n<p class=\"mb-p\">2. Display the port bandwidth utilization rate.<\/p>\n<p class=\"mb-p\">3. Display topology information.<\/p>\n<p class=\"mb-p\">4. Display the alarm status.<\/p>\n<p class=\"mb-p\">5. Restart ports and devices.<\/p>\n<p class=\"mb-p\">6. Remotely upgrade the device.<\/p>\n<\/li>\n<li class=\"tech-specs-items-description-list\"><span class=\"tech-specs-items-description__title\">System Maintenance<\/span><span class=\"tech-specs-items-description__title-details\">Remote upgrade, default parameters recovery, logs viewing, basic network parameters configuration, import and export configuration, time sync<\/span><\/li>\n<li class=\"tech-specs-items-description-list\"><span class=\"tech-specs-items-description__title\">Port Rate-Limiting<\/span><span class=\"tech-specs-items-description__title-details\">Port rate-limiting is used for port bandwidth adjustment to prevent network congestion.<\/span><\/li>\n<li class=\"tech-specs-items-description-list\"><span class=\"tech-specs-items-description__title\">Storm Control<\/span>\n<p class=\"mb-p\">Storm control is used to prevent switch ports from being blocked by broadcast or multicast storms in the LAN, which may affect network communication.<\/p>\n<p class=\"mb-p\">Support port rate limiting based on broadcast, multicast, and unknown unicast packets.<\/p>\n<\/li>\n<\/ul>\n<h2><span class=\"tech-specs-items-description__title--heading\">Approval<\/span><\/h2>\n<ul class=\"tech-specs-items-description\" data-target=\"Approval\">\n<li class=\"tech-specs-items-description-list\"><span class=\"tech-specs-items-description__title\">EMC: <\/span>FCC (47 CFR Part 15, Subpart B);\n<p class=\"mb-p\">CE-EMC (EN 55032: 2015, EN IEC 61000-3-2: 2019, EN 61000-3-3: 2013+A1: 2019, EN 50130-4: 2011 +A1: 2014, EN 55035: 2017);<\/p>\n<p class=\"mb-p\">IC (ICES-003: Issue 6);<\/p>\n<p class=\"mb-p\">RCM (ASNZS CISPR 32: 2015)<\/p>\n<\/li>\n<li class=\"tech-specs-items-description-list\"><span class=\"tech-specs-items-description__title\">Safety: <\/span>UL (UL 60950-1);\n<p class=\"mb-p\">CB (IEC 60950-1:2005, AMD1:2009, AMD2:2013, IEC 62368-1: 2014 (Second Edition);<\/p>\n<p class=\"mb-p\">CE-LVD (EN 60950-1: 2006 + A11: 2009 +A1: 2010+A12: 2011+A2: 2013, EN 62368-1: 2014+A11: 2017)<\/p>\n<\/li>\n<li class=\"tech-specs-items-description-list\"><span class=\"tech-specs-items-description__title\">Chemistry: <\/span>CE-RoHS (201165EU);\n<p class=\"mb-p\">WEEE (201219EU);<\/p>\n<p class=\"mb-p\">Reach (Regulation (EC) No.19072006)<\/p>\n<\/li>\n<\/ul>\n<div>\n<div><\/div>\n<div><\/div>\n<div>\n<p><button class=\"btn\"><a href=\"https:\/\/assets.hikvision.com\/prd\/public\/all\/doc\/m000043339\/UD18592B_Baseline_Multilingual-Quick-Start-Guide-of-100-Mbps-PoE-Switch_V1.0_20200824.pdf?key=f208164f6f5cfb69d80015f7061f0b28&amp;time=1759757305484\" target=\"_blank\" rel=\"noopener\">Quick Start Guide<\/a><\/button><\/p>\n<\/div>\n<p>&nbsp;<\/p>\n<div><\/div>\n<div><\/div>\n<div>\n<p><button class=\"btn\"><a href=\"https:\/\/assets.hikvision.com\/prd\/public\/all\/doc\/m000043339\/UD18556B_Baseline_Gigabit-PoE-Switch-Web_User-Manual_V2.0_20200325.pdf?key=89ca1eeadf559b2fc969c0d7f177dc7f&amp;time=1759756876382\" target=\"_blank\" rel=\"noopener\">User manual<\/a><\/button><\/p>\n<\/div>\n<\/div>\n<div>\n<p>&nbsp;<\/p>\n<\/div>\n","protected":false},"excerpt":{"rendered":"<ul class=\"product_description_item-list\">\n<li class=\"product_description_item\">24 \u00d7 gigabit PoE ports, and 2 \u00d7 gigabit fiber optical ports.<\/li>\n<li class=\"product_description_item\">IEEE 802.3at\/af standard for PoE ports.<\/li>\n<li class=\"product_description_item\">Network topology management, alarm push, network health monitor.<\/li>\n<li class=\"product_description_item\">6 KV surge protection for PoE ports.<\/li>\n<li class=\"product_description_item\">AF\/AT camera can reach up to 300 m in extend mode.<\/li>\n<li class=\"product_description_item\">PoE watchdog to auto detect and restart the cameras that do not respond.<\/li>\n<li class=\"product_description_item\">Various layer 2 management protocols such as STP\/RSTP, VLAN, link aggregation, SNMP, QoS and so on.<\/li>\n<\/ul>\n","protected":false},"featured_media":18609,"template":"","meta":{"_acf_changed":false},"product_brand":[297],"product_cat":[322,321],"product_tag":[],"class_list":{"0":"post-18641","1":"product","2":"type-product","3":"status-publish","4":"has-post-thumbnail","6":"product_brand-hikvision","7":"product_cat-networking-en","8":"product_cat-poe_switches-en","10":"first","11":"instock","12":"featured","13":"shipping-taxable","14":"product-type-simple"},"acf":[],"yoast_head":"<!-- This site is optimized with the Yoast SEO plugin v27.3 - https:\/\/yoast.com\/product\/yoast-seo-wordpress\/ -->\n<title>24 Port Gigabit Smart POE Switch - DS-3E1526P-SI - \u0633\u064a\u0641\u062a\u0649 \u0633\u0648\u0631\u0633<\/title>\n<meta name=\"description\" content=\"24 \u00d7 gigabit PoE ports, and 2 \u00d7 gigabit fiber optical portside 802.3at\/at standard for PoE ports. Network topology management,\" \/>\n<meta name=\"robots\" content=\"index, follow, max-snippet:-1, max-image-preview:large, max-video-preview:-1\" \/>\n<link rel=\"canonical\" href=\"https:\/\/safetysource-eg.com\/en\/product\/24-port-gigabit-smart-poe-switch-ds-3e1526p-si\/\" \/>\n<meta property=\"og:locale\" content=\"en_US\" \/>\n<meta property=\"og:type\" content=\"article\" \/>\n<meta property=\"og:title\" content=\"24 Port Gigabit Smart POE Switch - DS-3E1526P-SI - \u0633\u064a\u0641\u062a\u0649 \u0633\u0648\u0631\u0633\" \/>\n<meta property=\"og:description\" content=\"24 \u00d7 gigabit PoE ports, and 2 \u00d7 gigabit fiber optical portside 802.3at\/at standard for PoE ports. Network topology management,\" \/>\n<meta property=\"og:url\" content=\"https:\/\/safetysource-eg.com\/en\/product\/24-port-gigabit-smart-poe-switch-ds-3e1526p-si\/\" \/>\n<meta property=\"og:site_name\" content=\"\u0633\u064a\u0641\u062a\u0649 \u0633\u0648\u0631\u0633\" \/>\n<meta property=\"article:modified_time\" content=\"2025-10-06T13:31:55+00:00\" \/>\n<meta property=\"og:image\" content=\"https:\/\/safetysource-eg.com\/wp-content\/uploads\/2025\/06\/DS-3E1526P-SI_image_1.jpg\" \/>\n\t<meta property=\"og:image:width\" content=\"1000\" \/>\n\t<meta property=\"og:image:height\" content=\"1000\" \/>\n\t<meta property=\"og:image:type\" content=\"image\/jpeg\" \/>\n<meta name=\"twitter:card\" content=\"summary_large_image\" \/>\n<meta name=\"twitter:label1\" content=\"Est. reading time\" \/>\n\t<meta name=\"twitter:data1\" content=\"3 minutes\" \/>\n<script type=\"application\/ld+json\" class=\"yoast-schema-graph\">{\"@context\":\"https:\\\/\\\/schema.org\",\"@graph\":[{\"@type\":\"WebPage\",\"@id\":\"https:\\\/\\\/safetysource-eg.com\\\/en\\\/product\\\/24-port-gigabit-smart-poe-switch-ds-3e1526p-si\\\/\",\"url\":\"https:\\\/\\\/safetysource-eg.com\\\/en\\\/product\\\/24-port-gigabit-smart-poe-switch-ds-3e1526p-si\\\/\",\"name\":\"24 Port Gigabit Smart POE Switch - DS-3E1526P-SI - \u0633\u064a\u0641\u062a\u0649 \u0633\u0648\u0631\u0633\",\"isPartOf\":{\"@id\":\"https:\\\/\\\/safetysource-eg.com\\\/en\\\/#website\"},\"primaryImageOfPage\":{\"@id\":\"https:\\\/\\\/safetysource-eg.com\\\/en\\\/product\\\/24-port-gigabit-smart-poe-switch-ds-3e1526p-si\\\/#primaryimage\"},\"image\":{\"@id\":\"https:\\\/\\\/safetysource-eg.com\\\/en\\\/product\\\/24-port-gigabit-smart-poe-switch-ds-3e1526p-si\\\/#primaryimage\"},\"thumbnailUrl\":\"https:\\\/\\\/safetysource-eg.com\\\/wp-content\\\/uploads\\\/2025\\\/06\\\/DS-3E1526P-SI_image_1.jpg\",\"datePublished\":\"2025-06-19T21:18:38+00:00\",\"dateModified\":\"2025-10-06T13:31:55+00:00\",\"description\":\"24 \u00d7 gigabit PoE ports, and 2 \u00d7 gigabit fiber optical portside 802.3at\\\/at standard for PoE ports. Network topology management,\",\"breadcrumb\":{\"@id\":\"https:\\\/\\\/safetysource-eg.com\\\/en\\\/product\\\/24-port-gigabit-smart-poe-switch-ds-3e1526p-si\\\/#breadcrumb\"},\"inLanguage\":\"en-US\",\"potentialAction\":[{\"@type\":\"ReadAction\",\"target\":[\"https:\\\/\\\/safetysource-eg.com\\\/en\\\/product\\\/24-port-gigabit-smart-poe-switch-ds-3e1526p-si\\\/\"]}]},{\"@type\":\"ImageObject\",\"inLanguage\":\"en-US\",\"@id\":\"https:\\\/\\\/safetysource-eg.com\\\/en\\\/product\\\/24-port-gigabit-smart-poe-switch-ds-3e1526p-si\\\/#primaryimage\",\"url\":\"https:\\\/\\\/safetysource-eg.com\\\/wp-content\\\/uploads\\\/2025\\\/06\\\/DS-3E1526P-SI_image_1.jpg\",\"contentUrl\":\"https:\\\/\\\/safetysource-eg.com\\\/wp-content\\\/uploads\\\/2025\\\/06\\\/DS-3E1526P-SI_image_1.jpg\",\"width\":1000,\"height\":1000},{\"@type\":\"BreadcrumbList\",\"@id\":\"https:\\\/\\\/safetysource-eg.com\\\/en\\\/product\\\/24-port-gigabit-smart-poe-switch-ds-3e1526p-si\\\/#breadcrumb\",\"itemListElement\":[{\"@type\":\"ListItem\",\"position\":1,\"name\":\"Home\",\"item\":\"https:\\\/\\\/safetysource-eg.com\\\/en\\\/\"},{\"@type\":\"ListItem\",\"position\":2,\"name\":\"Products\",\"item\":\"https:\\\/\\\/safetysource-eg.com\\\/en\\\/products\\\/\"},{\"@type\":\"ListItem\",\"position\":3,\"name\":\"24 Port Gigabit Smart POE Switch &#8211; DS-3E1526P-SI\"}]},{\"@type\":\"WebSite\",\"@id\":\"https:\\\/\\\/safetysource-eg.com\\\/en\\\/#website\",\"url\":\"https:\\\/\\\/safetysource-eg.com\\\/en\\\/\",\"name\":\"\u0633\u064a\u0641\u062a\u0649 \u0633\u0648\u0631\u0633\",\"description\":\"\u0623\u0646\u0638\u0645\u0629 \u0623\u0645\u0627\u0646 \u0630\u0643\u064a\u0629\",\"potentialAction\":[{\"@type\":\"SearchAction\",\"target\":{\"@type\":\"EntryPoint\",\"urlTemplate\":\"https:\\\/\\\/safetysource-eg.com\\\/en\\\/?s={search_term_string}\"},\"query-input\":{\"@type\":\"PropertyValueSpecification\",\"valueRequired\":true,\"valueName\":\"search_term_string\"}}],\"inLanguage\":\"en-US\"}]}<\/script>\n<!-- \/ Yoast SEO plugin. -->","yoast_head_json":{"title":"24 Port Gigabit Smart POE Switch - DS-3E1526P-SI - \u0633\u064a\u0641\u062a\u0649 \u0633\u0648\u0631\u0633","description":"24 \u00d7 gigabit PoE ports, and 2 \u00d7 gigabit fiber optical portside 802.3at\/at standard for PoE ports. Network topology management,","robots":{"index":"index","follow":"follow","max-snippet":"max-snippet:-1","max-image-preview":"max-image-preview:large","max-video-preview":"max-video-preview:-1"},"canonical":"https:\/\/safetysource-eg.com\/en\/product\/24-port-gigabit-smart-poe-switch-ds-3e1526p-si\/","og_locale":"en_US","og_type":"article","og_title":"24 Port Gigabit Smart POE Switch - DS-3E1526P-SI - \u0633\u064a\u0641\u062a\u0649 \u0633\u0648\u0631\u0633","og_description":"24 \u00d7 gigabit PoE ports, and 2 \u00d7 gigabit fiber optical portside 802.3at\/at standard for PoE ports. Network topology management,","og_url":"https:\/\/safetysource-eg.com\/en\/product\/24-port-gigabit-smart-poe-switch-ds-3e1526p-si\/","og_site_name":"\u0633\u064a\u0641\u062a\u0649 \u0633\u0648\u0631\u0633","article_modified_time":"2025-10-06T13:31:55+00:00","og_image":[{"width":1000,"height":1000,"url":"https:\/\/safetysource-eg.com\/wp-content\/uploads\/2025\/06\/DS-3E1526P-SI_image_1.jpg","type":"image\/jpeg"}],"twitter_card":"summary_large_image","twitter_misc":{"Est. reading time":"3 minutes"},"schema":{"@context":"https:\/\/schema.org","@graph":[{"@type":"WebPage","@id":"https:\/\/safetysource-eg.com\/en\/product\/24-port-gigabit-smart-poe-switch-ds-3e1526p-si\/","url":"https:\/\/safetysource-eg.com\/en\/product\/24-port-gigabit-smart-poe-switch-ds-3e1526p-si\/","name":"24 Port Gigabit Smart POE Switch - DS-3E1526P-SI - \u0633\u064a\u0641\u062a\u0649 \u0633\u0648\u0631\u0633","isPartOf":{"@id":"https:\/\/safetysource-eg.com\/en\/#website"},"primaryImageOfPage":{"@id":"https:\/\/safetysource-eg.com\/en\/product\/24-port-gigabit-smart-poe-switch-ds-3e1526p-si\/#primaryimage"},"image":{"@id":"https:\/\/safetysource-eg.com\/en\/product\/24-port-gigabit-smart-poe-switch-ds-3e1526p-si\/#primaryimage"},"thumbnailUrl":"https:\/\/safetysource-eg.com\/wp-content\/uploads\/2025\/06\/DS-3E1526P-SI_image_1.jpg","datePublished":"2025-06-19T21:18:38+00:00","dateModified":"2025-10-06T13:31:55+00:00","description":"24 \u00d7 gigabit PoE ports, and 2 \u00d7 gigabit fiber optical portside 802.3at\/at standard for PoE ports. Network topology management,","breadcrumb":{"@id":"https:\/\/safetysource-eg.com\/en\/product\/24-port-gigabit-smart-poe-switch-ds-3e1526p-si\/#breadcrumb"},"inLanguage":"en-US","potentialAction":[{"@type":"ReadAction","target":["https:\/\/safetysource-eg.com\/en\/product\/24-port-gigabit-smart-poe-switch-ds-3e1526p-si\/"]}]},{"@type":"ImageObject","inLanguage":"en-US","@id":"https:\/\/safetysource-eg.com\/en\/product\/24-port-gigabit-smart-poe-switch-ds-3e1526p-si\/#primaryimage","url":"https:\/\/safetysource-eg.com\/wp-content\/uploads\/2025\/06\/DS-3E1526P-SI_image_1.jpg","contentUrl":"https:\/\/safetysource-eg.com\/wp-content\/uploads\/2025\/06\/DS-3E1526P-SI_image_1.jpg","width":1000,"height":1000},{"@type":"BreadcrumbList","@id":"https:\/\/safetysource-eg.com\/en\/product\/24-port-gigabit-smart-poe-switch-ds-3e1526p-si\/#breadcrumb","itemListElement":[{"@type":"ListItem","position":1,"name":"Home","item":"https:\/\/safetysource-eg.com\/en\/"},{"@type":"ListItem","position":2,"name":"Products","item":"https:\/\/safetysource-eg.com\/en\/products\/"},{"@type":"ListItem","position":3,"name":"24 Port Gigabit Smart POE Switch &#8211; DS-3E1526P-SI"}]},{"@type":"WebSite","@id":"https:\/\/safetysource-eg.com\/en\/#website","url":"https:\/\/safetysource-eg.com\/en\/","name":"\u0633\u064a\u0641\u062a\u0649 \u0633\u0648\u0631\u0633","description":"\u0623\u0646\u0638\u0645\u0629 \u0623\u0645\u0627\u0646 \u0630\u0643\u064a\u0629","potentialAction":[{"@type":"SearchAction","target":{"@type":"EntryPoint","urlTemplate":"https:\/\/safetysource-eg.com\/en\/?s={search_term_string}"},"query-input":{"@type":"PropertyValueSpecification","valueRequired":true,"valueName":"search_term_string"}}],"inLanguage":"en-US"}]}},"_links":{"self":[{"href":"https:\/\/safetysource-eg.com\/en\/wp-json\/wp\/v2\/product\/18641","targetHints":{"allow":["GET"]}}],"collection":[{"href":"https:\/\/safetysource-eg.com\/en\/wp-json\/wp\/v2\/product"}],"about":[{"href":"https:\/\/safetysource-eg.com\/en\/wp-json\/wp\/v2\/types\/product"}],"wp:featuredmedia":[{"embeddable":true,"href":"https:\/\/safetysource-eg.com\/en\/wp-json\/wp\/v2\/media\/18609"}],"wp:attachment":[{"href":"https:\/\/safetysource-eg.com\/en\/wp-json\/wp\/v2\/media?parent=18641"}],"wp:term":[{"taxonomy":"product_brand","embeddable":true,"href":"https:\/\/safetysource-eg.com\/en\/wp-json\/wp\/v2\/product_brand?post=18641"},{"taxonomy":"product_cat","embeddable":true,"href":"https:\/\/safetysource-eg.com\/en\/wp-json\/wp\/v2\/product_cat?post=18641"},{"taxonomy":"product_tag","embeddable":true,"href":"https:\/\/safetysource-eg.com\/en\/wp-json\/wp\/v2\/product_tag?post=18641"}],"curies":[{"name":"wp","href":"https:\/\/api.w.org\/{rel}","templated":true}]}}