{"id":18643,"date":"2025-06-19T20:51:27","date_gmt":"2025-06-19T20:51:27","guid":{"rendered":"https:\/\/safetysource-eg.com\/product\/16-port-fast-ethernet-smart-poe-switch-ds-3e1318p-ei\/"},"modified":"2025-10-06T13:39:41","modified_gmt":"2025-10-06T13:39:41","slug":"16-port-fast-ethernet-smart-poe-switch-ds-3e1318p-ei","status":"publish","type":"product","link":"https:\/\/safetysource-eg.com\/en\/product\/16-port-fast-ethernet-smart-poe-switch-ds-3e1318p-ei\/","title":{"rendered":"16 Port Fast Ethernet Smart POE Switch &#8211; DS-3E1318P-EI"},"content":{"rendered":"<h2><span class=\"tech-specs-items-description__title--heading\">General<\/span><\/h2>\n<ul class=\"tech-specs-items-description\" data-target=\"General\">\n<li class=\"tech-specs-items-description-list\"><span class=\"tech-specs-items-description__title\">Shell: <\/span><span class=\"tech-specs-items-description__title-details\">Metal material<\/span><\/li>\n<li class=\"tech-specs-items-description-list\"><span class=\"tech-specs-items-description__title\">Net Weight: <\/span><span class=\"tech-specs-items-description__title-details\">2.59 kg (5.71 lb.)<\/span><\/li>\n<li class=\"tech-specs-items-description-list\"><span class=\"tech-specs-items-description__title\">Gross Weight: <\/span><span class=\"tech-specs-items-description__title-details\">3.68 kg (8.11 lb.)<\/span><\/li>\n<li class=\"tech-specs-items-description-list\"><span class=\"tech-specs-items-description__title\">Dimensions (W \u00d7 H \u00d7 D): <\/span><span class=\"tech-specs-items-description__title-details\">440.00 mm \u00d7 44.00 mm \u00d7 220.80 mm (17.32&#8221; \u00d7 1.73&#8221; \u00d7 8.69&#8221;)<\/span><\/li>\n<li class=\"tech-specs-items-description-list\"><span class=\"tech-specs-items-description__title\">Operating Temperature: <\/span><span class=\"tech-specs-items-description__title-details\">0 \u00b0C to 45 \u00b0C (0 \u00b0F to 113 \u00b0F)<\/span><\/li>\n<li class=\"tech-specs-items-description-list\"><span class=\"tech-specs-items-description__title\">Storage Temperature: <\/span><span class=\"tech-specs-items-description__title-details\">-40 \u00b0C to 85 \u00b0C (-40 \u00b0F to 185 \u00b0F)<\/span><\/li>\n<li class=\"tech-specs-items-description-list\"><span class=\"tech-specs-items-description__title\">Operating Humidity: <\/span><span class=\"tech-specs-items-description__title-details\">5% to 95% (no condensation)<\/span><\/li>\n<li class=\"tech-specs-items-description-list\"><span class=\"tech-specs-items-description__title\">Relative Humidity: <\/span><span class=\"tech-specs-items-description__title-details\">5% to 95% (no condensation)<\/span><\/li>\n<li class=\"tech-specs-items-description-list\"><span class=\"tech-specs-items-description__title\">Power Supply: <\/span><span class=\"tech-specs-items-description__title-details\">100-240 VAC, 50\/60 Hz, Max. 4 A<\/span><\/li>\n<li class=\"tech-specs-items-description-list\"><span class=\"tech-specs-items-description__title\">Installation Mode: <\/span><span class=\"tech-specs-items-description__title-details\">Rack (equipped with mounting ears)<\/span><\/li>\n<li class=\"tech-specs-items-description-list\"><span class=\"tech-specs-items-description__title\">Max. Power Consumption: <\/span><span class=\"tech-specs-items-description__title-details\">250 W<\/span><\/li>\n<li class=\"tech-specs-items-description-list\"><span class=\"tech-specs-items-description__title\">Power Consumption in Idle: <\/span><span class=\"tech-specs-items-description__title-details\">20 W<\/span><\/li>\n<li class=\"tech-specs-items-description-list\"><span class=\"tech-specs-items-description__title\">Surge Protection: <\/span><span class=\"tech-specs-items-description__title-details\">6 kV<\/span><\/li>\n<\/ul>\n<h2><span class=\"tech-specs-items-description__title--heading\">Network Parameters<\/span><\/h2>\n<ul class=\"tech-specs-items-description\" data-target=\"Network Parameters\">\n<li class=\"tech-specs-items-description-list\"><span class=\"tech-specs-items-description__title\">Ports: <\/span><span class=\"tech-specs-items-description__title-details\">16 \u00d7 10\/100 Mbps PoE port,2 \u00d7 Gigabit combo<\/span><\/li>\n<li class=\"tech-specs-items-description-list\"><span class=\"tech-specs-items-description__title\">MAC Address Table: <\/span><span class=\"tech-specs-items-description__title-details\">16 K<\/span><\/li>\n<li class=\"tech-specs-items-description-list\"><span class=\"tech-specs-items-description__title\">Switching Capacity: <\/span>Whole-Device Performance: 9.2 Gbps\n<p class=\"mb-p\">Port Performance: 7.2 Gbps<\/p>\n<\/li>\n<li class=\"tech-specs-items-description-list\"><span class=\"tech-specs-items-description__title\">Packet Forwarding Rate: <\/span>Whole-Device Performance: 6.84 Mpps\n<p class=\"mb-p\">Port Performance: 5.36 Mpps<\/p>\n<\/li>\n<li class=\"tech-specs-items-description-list\"><span class=\"tech-specs-items-description__title\">Internal Cache: <\/span><span class=\"tech-specs-items-description__title-details\">4 MITs<\/span><\/li>\n<\/ul>\n<h2><span class=\"tech-specs-items-description__title--heading\">PoE Power Supply<\/span><\/h2>\n<ul class=\"tech-specs-items-description\" data-target=\"PoE Power Supply\">\n<li class=\"tech-specs-items-description-list\"><span class=\"tech-specs-items-description__title\">PoE Standard: <\/span><span class=\"tech-specs-items-description__title-details\">IEEE 802.3af,IEEE 802.3at<\/span><\/li>\n<li class=\"tech-specs-items-description-list\"><span class=\"tech-specs-items-description__title\">PoE Power Pin: <\/span><span class=\"tech-specs-items-description__title-details\">8-pin power: 1\/2(-), 3\/6(+), 4\/5(+), 7\/8(-)<\/span><\/li>\n<li class=\"tech-specs-items-description-list\"><span class=\"tech-specs-items-description__title\">PoE Port: <\/span><span class=\"tech-specs-items-description__title-details\">PoE: Ports 1 to 16<\/span><\/li>\n<li class=\"tech-specs-items-description-list\"><span class=\"tech-specs-items-description__title\">Max. Port Power: <\/span><span class=\"tech-specs-items-description__title-details\">30 W<\/span><\/li>\n<li class=\"tech-specs-items-description-list\"><span class=\"tech-specs-items-description__title\">PoE Power Budget: <\/span><span class=\"tech-specs-items-description__title-details\">230 W<\/span><\/li>\n<\/ul>\n<h2><span class=\"tech-specs-items-description__title--heading\">Software Function<\/span><\/h2>\n<ul class=\"tech-specs-items-description\" data-target=\"Software Function\">\n<li class=\"tech-specs-items-description-list\"><span class=\"tech-specs-items-description__title\">Long Range<\/span>\n<p class=\"mb-p\">: Ports 1 to 16: up to 300 m.<\/p>\n<p class=\"mb-p\">Long range performance may vary depend on camera model or cable condition.<\/p>\n<\/li>\n<li class=\"tech-specs-items-description-list\"><span class=\"tech-specs-items-description__title\">VIP Port<\/span><span class=\"tech-specs-items-description__title-details\">Ports 1 to 8: data on VIP ports is preferentially forwarded when bandwidth resources are insufficient.<\/span><\/li>\n<li class=\"tech-specs-items-description-list\"><span class=\"tech-specs-items-description__title\">Port Isolation<\/span>\n<p class=\"mb-p\">Ports 1 to 16: port isolation mode to improve network security<\/p>\n<p class=\"mb-p\">Ports in an isolation group cannot communicate with each other, but they can communicate with ports outside the isolation group.<\/p>\n<\/li>\n<li class=\"tech-specs-items-description-list\"><span class=\"tech-specs-items-description__title\">PoE Watchdog: <\/span><span class=\"tech-specs-items-description__title-details\">Ports 1 to 16: auto detect and restart the cameras that do not respond.<\/span><\/li>\n<li class=\"tech-specs-items-description-list\"><span class=\"tech-specs-items-description__title\">Link Aggregation: <\/span>Link aggregation is used to aggregate multiple physical ports to form a logical port for load balancing, bandwidth expansion, and port protection.\n<p class=\"mb-p\">Support static link aggregation.<\/p>\n<p class=\"mb-p\">Support 1 aggregation groups.<\/p>\n<\/li>\n<li class=\"tech-specs-items-description-list\"><span class=\"tech-specs-items-description__title\">Loop Prevention: <\/span>Loop prevention is used to prevent the switching network from forming loops, which will seriously affect network communication. Disabled by default.\n<p class=\"mb-p\">Support 802.1D STP.<\/p>\n<p class=\"mb-p\">Support 802.1w RSTP.<\/p>\n<\/li>\n<li class=\"tech-specs-items-description-list\"><span class=\"tech-specs-items-description__title\">VLAN: <\/span>VLAN is used for network scale planning and network health improvement.\n<p class=\"mb-p\">Support 802.1Q.<\/p>\n<p class=\"mb-p\">Configurable VLAN ID from 1-4094.<\/p>\n<p class=\"mb-p\">Support Trunk, Access port mode.<\/p>\n<p class=\"mb-p\">Support Max. 4094 VLAN.<\/p>\n<\/li>\n<li class=\"tech-specs-items-description-list\"><span class=\"tech-specs-items-description__title\">HPP: <\/span>Support one-click activation and remote management via Hik-Partner Pro. Functions supported:\n<p class=\"mb-p\">1. Display the port rate.<\/p>\n<p class=\"mb-p\">2. Display the port bandwidth utilization rate.<\/p>\n<p class=\"mb-p\">3. Display the PoE power usage.<\/p>\n<p class=\"mb-p\">4. Display topology information.<\/p>\n<p class=\"mb-p\">5. Display the alarm status.<\/p>\n<p class=\"mb-p\">6. Restart ports and devices.<\/p>\n<p class=\"mb-p\">7. Enable port long-rage mode.<\/p>\n<p class=\"mb-p\">8. Remotely upgrade the device.<\/p>\n<\/li>\n<li class=\"tech-specs-items-description-list\"><span class=\"tech-specs-items-description__title\">System Maintenance: <\/span>Support device management via web.\n<p class=\"mb-p\">Support DHCP Client. Enabled by default for dynamic assignment of management IP addresses.<\/p>\n<p class=\"mb-p\">Support Super IP, which is a fixed IP address (10.180.190.200) for direct access.<\/p>\n<p class=\"mb-p\">Support management via Hik-Central Pro.<\/p>\n<p class=\"mb-p\">Support remote management via Hik-Partner Pro.<\/p>\n<p class=\"mb-p\">Support cable detection. Abnormal open circuits and short circuits as well as network cable length can be detected.<\/p>\n<p class=\"mb-p\">Supports 802.1ab LLDP for peer device discovery.<\/p>\n<p class=\"mb-p\">Support port mirroring for fault locating.<\/p>\n<\/li>\n<\/ul>\n<h2><span class=\"tech-specs-items-description__title--heading\">Approval<\/span><\/h2>\n<ul class=\"tech-specs-items-description\" data-target=\"Approval\">\n<li class=\"tech-specs-items-description-list\"><span class=\"tech-specs-items-description__title\">EMC: <\/span><span class=\"tech-specs-items-description__title-details\">CE-EMC (EN 55032: 2015+A11: 2020, EN IEC 61000-3-2: 2019, EN 61000-3-3: 2013+A1: 2019, EN 50130-4: 2011+A1: 2014, EN 55035: 2017+A11: 2020),IC (ICES-003: Issue 7:2020),RCM (AS\/NZS CISPR 32: 2015)<\/span><\/li>\n<li class=\"tech-specs-items-description-list\"><span class=\"tech-specs-items-description__title\">Safety: <\/span><span class=\"tech-specs-items-description__title-details\">CB (AMD1:2009, AMD2:2013, IEC 62368-1: 2014 (Second Edition)), CE-LVD (EN 62368-1: 2014+A11: 2017)<\/span><\/li>\n<li class=\"tech-specs-items-description-list\"><span class=\"tech-specs-items-description__title\">Chemistry: <\/span><span class=\"tech-specs-items-description__title-details\">CE-RoHS (2011\/65\/EU),WEEE (2012\/19\/EU),Reach (Regulation (EC) No.1907\/2006)<\/span><\/li>\n<\/ul>\n<div><\/div>\n<div>\n<div><\/div>\n<div><\/div>\n<div>\n<p><button class=\"btn\"><a href=\"https:\/\/assets.hikvision.com\/prd\/public\/all\/doc\/m000034940\/DS-3E1318P-EI-B_Datasheet_20240820.pdf?key=73a6b388fc2b27ce2fb5fe2015288e5b&amp;time=1759757791817\" target=\"_blank\" rel=\"noopener\">Download data sheet<\/a><\/button><\/p>\n<\/div>\n<p>&nbsp;<\/p>\n<div><\/div>\n<div><\/div>\n<div>\n<p><button class=\"btn\"><a href=\"https:\/\/assets.hikvision.com\/prd\/public\/all\/doc\/m000034940\/UD33606B-C_Smart-Managed-Switch_Quick-Start-Guide_V1.1_20240613.pdf?key=659680c33cb41cf2714fddeb3eb5f11d&amp;time=1759757810676\" target=\"_blank\" rel=\"noopener\">Quick Start Guide<\/a><\/button><\/p>\n<\/div>\n<p>&nbsp;<\/p>\n<div><\/div>\n<div><\/div>\n<div>\n<p><button class=\"btn\"><a href=\"https:\/\/assets.hikvision.com\/prd\/public\/all\/doc\/m000034940\/UD33916B_Smart-Managed-Switch-Web_User-Manual_V1.0_20240708.PDF?key=99afe07ccad0fcdbf61eb819de8f410b&amp;time=1759757834780\" target=\"_blank\" rel=\"noopener\">User manual<\/a><\/button><\/p>\n<\/div>\n<\/div>\n","protected":false},"excerpt":{"rendered":"<ul class=\"product_description_item-list\">\n<li class=\"product_description_item\">16 \u00d7 10\/100 Mbps PoE ports, 2 \u00d7 Gigabit combos.<\/li>\n<li class=\"product_description_item\">Total PoE Power Budget 230 W<\/li>\n<li class=\"product_description_item\">Support 802.1Q VLAN<\/li>\n<li class=\"product_description_item\">Support PoE watchdog to detect and restart the cameras that do not respond<\/li>\n<li class=\"product_description_item\">Support STP\/RSTP Loop prevention<\/li>\n<li class=\"product_description_item\">Support cable detection to locate failure<\/li>\n<li class=\"product_description_item\">Up to 300 m Long Range PoE Transmission<\/li>\n<li class=\"product_description_item\">6 kV Surge Protection<\/li>\n<\/ul>\n","protected":false},"featured_media":18607,"template":"","meta":{"_acf_changed":false},"product_brand":[297],"product_cat":[322,321],"product_tag":[],"class_list":{"0":"post-18643","1":"product","2":"type-product","3":"status-publish","4":"has-post-thumbnail","6":"product_brand-hikvision","7":"product_cat-networking-en","8":"product_cat-poe_switches-en","10":"first","11":"instock","12":"featured","13":"shipping-taxable","14":"product-type-simple"},"acf":[],"yoast_head":"<!-- This site is optimized with the Yoast SEO plugin v27.3 - https:\/\/yoast.com\/product\/yoast-seo-wordpress\/ -->\n<title>16 Port Fast Ethernet Smart POE Switch - DS-3E1318P-EI - \u0633\u064a\u0641\u062a\u0649 \u0633\u0648\u0631\u0633<\/title>\n<meta name=\"description\" content=\"16 \u00d7 10\/100 Mbps PoE ports, 2 \u00d7 Gigabit combos.Total PoE Power Budget 230 WSupport 802.1Q VLANSupport PoE watchdog to detect and restart\" \/>\n<meta name=\"robots\" content=\"index, follow, max-snippet:-1, max-image-preview:large, max-video-preview:-1\" \/>\n<link rel=\"canonical\" href=\"https:\/\/safetysource-eg.com\/en\/product\/16-port-fast-ethernet-smart-poe-switch-ds-3e1318p-ei\/\" \/>\n<meta property=\"og:locale\" content=\"en_US\" \/>\n<meta property=\"og:type\" content=\"article\" \/>\n<meta property=\"og:title\" content=\"16 Port Fast Ethernet Smart POE Switch - DS-3E1318P-EI - \u0633\u064a\u0641\u062a\u0649 \u0633\u0648\u0631\u0633\" \/>\n<meta property=\"og:description\" content=\"16 \u00d7 10\/100 Mbps PoE ports, 2 \u00d7 Gigabit combos.Total PoE Power Budget 230 WSupport 802.1Q VLANSupport PoE watchdog to detect and restart\" \/>\n<meta property=\"og:url\" content=\"https:\/\/safetysource-eg.com\/en\/product\/16-port-fast-ethernet-smart-poe-switch-ds-3e1318p-ei\/\" \/>\n<meta property=\"og:site_name\" content=\"\u0633\u064a\u0641\u062a\u0649 \u0633\u0648\u0631\u0633\" \/>\n<meta property=\"article:modified_time\" content=\"2025-10-06T13:39:41+00:00\" \/>\n<meta property=\"og:image\" content=\"https:\/\/safetysource-eg.com\/wp-content\/uploads\/2025\/06\/DS-3E1318P-EI_image_1.jpg\" \/>\n\t<meta property=\"og:image:width\" content=\"1000\" \/>\n\t<meta property=\"og:image:height\" content=\"1000\" \/>\n\t<meta property=\"og:image:type\" content=\"image\/jpeg\" \/>\n<meta name=\"twitter:card\" content=\"summary_large_image\" \/>\n<meta name=\"twitter:label1\" content=\"Est. reading time\" \/>\n\t<meta name=\"twitter:data1\" content=\"3 minutes\" \/>\n<script type=\"application\/ld+json\" class=\"yoast-schema-graph\">{\"@context\":\"https:\\\/\\\/schema.org\",\"@graph\":[{\"@type\":\"WebPage\",\"@id\":\"https:\\\/\\\/safetysource-eg.com\\\/en\\\/product\\\/16-port-fast-ethernet-smart-poe-switch-ds-3e1318p-ei\\\/\",\"url\":\"https:\\\/\\\/safetysource-eg.com\\\/en\\\/product\\\/16-port-fast-ethernet-smart-poe-switch-ds-3e1318p-ei\\\/\",\"name\":\"16 Port Fast Ethernet Smart POE Switch - DS-3E1318P-EI - \u0633\u064a\u0641\u062a\u0649 \u0633\u0648\u0631\u0633\",\"isPartOf\":{\"@id\":\"https:\\\/\\\/safetysource-eg.com\\\/en\\\/#website\"},\"primaryImageOfPage\":{\"@id\":\"https:\\\/\\\/safetysource-eg.com\\\/en\\\/product\\\/16-port-fast-ethernet-smart-poe-switch-ds-3e1318p-ei\\\/#primaryimage\"},\"image\":{\"@id\":\"https:\\\/\\\/safetysource-eg.com\\\/en\\\/product\\\/16-port-fast-ethernet-smart-poe-switch-ds-3e1318p-ei\\\/#primaryimage\"},\"thumbnailUrl\":\"https:\\\/\\\/safetysource-eg.com\\\/wp-content\\\/uploads\\\/2025\\\/06\\\/DS-3E1318P-EI_image_1.jpg\",\"datePublished\":\"2025-06-19T20:51:27+00:00\",\"dateModified\":\"2025-10-06T13:39:41+00:00\",\"description\":\"16 \u00d7 10\\\/100 Mbps PoE ports, 2 \u00d7 Gigabit combos.Total PoE Power Budget 230 WSupport 802.1Q VLANSupport PoE watchdog to detect and restart\",\"breadcrumb\":{\"@id\":\"https:\\\/\\\/safetysource-eg.com\\\/en\\\/product\\\/16-port-fast-ethernet-smart-poe-switch-ds-3e1318p-ei\\\/#breadcrumb\"},\"inLanguage\":\"en-US\",\"potentialAction\":[{\"@type\":\"ReadAction\",\"target\":[\"https:\\\/\\\/safetysource-eg.com\\\/en\\\/product\\\/16-port-fast-ethernet-smart-poe-switch-ds-3e1318p-ei\\\/\"]}]},{\"@type\":\"ImageObject\",\"inLanguage\":\"en-US\",\"@id\":\"https:\\\/\\\/safetysource-eg.com\\\/en\\\/product\\\/16-port-fast-ethernet-smart-poe-switch-ds-3e1318p-ei\\\/#primaryimage\",\"url\":\"https:\\\/\\\/safetysource-eg.com\\\/wp-content\\\/uploads\\\/2025\\\/06\\\/DS-3E1318P-EI_image_1.jpg\",\"contentUrl\":\"https:\\\/\\\/safetysource-eg.com\\\/wp-content\\\/uploads\\\/2025\\\/06\\\/DS-3E1318P-EI_image_1.jpg\",\"width\":1000,\"height\":1000},{\"@type\":\"BreadcrumbList\",\"@id\":\"https:\\\/\\\/safetysource-eg.com\\\/en\\\/product\\\/16-port-fast-ethernet-smart-poe-switch-ds-3e1318p-ei\\\/#breadcrumb\",\"itemListElement\":[{\"@type\":\"ListItem\",\"position\":1,\"name\":\"Home\",\"item\":\"https:\\\/\\\/safetysource-eg.com\\\/en\\\/\"},{\"@type\":\"ListItem\",\"position\":2,\"name\":\"Products\",\"item\":\"https:\\\/\\\/safetysource-eg.com\\\/en\\\/products\\\/\"},{\"@type\":\"ListItem\",\"position\":3,\"name\":\"16 Port Fast Ethernet Smart POE Switch &#8211; DS-3E1318P-EI\"}]},{\"@type\":\"WebSite\",\"@id\":\"https:\\\/\\\/safetysource-eg.com\\\/en\\\/#website\",\"url\":\"https:\\\/\\\/safetysource-eg.com\\\/en\\\/\",\"name\":\"\u0633\u064a\u0641\u062a\u0649 \u0633\u0648\u0631\u0633\",\"description\":\"\u0623\u0646\u0638\u0645\u0629 \u0623\u0645\u0627\u0646 \u0630\u0643\u064a\u0629\",\"potentialAction\":[{\"@type\":\"SearchAction\",\"target\":{\"@type\":\"EntryPoint\",\"urlTemplate\":\"https:\\\/\\\/safetysource-eg.com\\\/en\\\/?s={search_term_string}\"},\"query-input\":{\"@type\":\"PropertyValueSpecification\",\"valueRequired\":true,\"valueName\":\"search_term_string\"}}],\"inLanguage\":\"en-US\"}]}<\/script>\n<!-- \/ Yoast SEO plugin. -->","yoast_head_json":{"title":"16 Port Fast Ethernet Smart POE Switch - DS-3E1318P-EI - \u0633\u064a\u0641\u062a\u0649 \u0633\u0648\u0631\u0633","description":"16 \u00d7 10\/100 Mbps PoE ports, 2 \u00d7 Gigabit combos.Total PoE Power Budget 230 WSupport 802.1Q VLANSupport PoE watchdog to detect and restart","robots":{"index":"index","follow":"follow","max-snippet":"max-snippet:-1","max-image-preview":"max-image-preview:large","max-video-preview":"max-video-preview:-1"},"canonical":"https:\/\/safetysource-eg.com\/en\/product\/16-port-fast-ethernet-smart-poe-switch-ds-3e1318p-ei\/","og_locale":"en_US","og_type":"article","og_title":"16 Port Fast Ethernet Smart POE Switch - DS-3E1318P-EI - \u0633\u064a\u0641\u062a\u0649 \u0633\u0648\u0631\u0633","og_description":"16 \u00d7 10\/100 Mbps PoE ports, 2 \u00d7 Gigabit combos.Total PoE Power Budget 230 WSupport 802.1Q VLANSupport PoE watchdog to detect and restart","og_url":"https:\/\/safetysource-eg.com\/en\/product\/16-port-fast-ethernet-smart-poe-switch-ds-3e1318p-ei\/","og_site_name":"\u0633\u064a\u0641\u062a\u0649 \u0633\u0648\u0631\u0633","article_modified_time":"2025-10-06T13:39:41+00:00","og_image":[{"width":1000,"height":1000,"url":"https:\/\/safetysource-eg.com\/wp-content\/uploads\/2025\/06\/DS-3E1318P-EI_image_1.jpg","type":"image\/jpeg"}],"twitter_card":"summary_large_image","twitter_misc":{"Est. reading time":"3 minutes"},"schema":{"@context":"https:\/\/schema.org","@graph":[{"@type":"WebPage","@id":"https:\/\/safetysource-eg.com\/en\/product\/16-port-fast-ethernet-smart-poe-switch-ds-3e1318p-ei\/","url":"https:\/\/safetysource-eg.com\/en\/product\/16-port-fast-ethernet-smart-poe-switch-ds-3e1318p-ei\/","name":"16 Port Fast Ethernet Smart POE Switch - DS-3E1318P-EI - \u0633\u064a\u0641\u062a\u0649 \u0633\u0648\u0631\u0633","isPartOf":{"@id":"https:\/\/safetysource-eg.com\/en\/#website"},"primaryImageOfPage":{"@id":"https:\/\/safetysource-eg.com\/en\/product\/16-port-fast-ethernet-smart-poe-switch-ds-3e1318p-ei\/#primaryimage"},"image":{"@id":"https:\/\/safetysource-eg.com\/en\/product\/16-port-fast-ethernet-smart-poe-switch-ds-3e1318p-ei\/#primaryimage"},"thumbnailUrl":"https:\/\/safetysource-eg.com\/wp-content\/uploads\/2025\/06\/DS-3E1318P-EI_image_1.jpg","datePublished":"2025-06-19T20:51:27+00:00","dateModified":"2025-10-06T13:39:41+00:00","description":"16 \u00d7 10\/100 Mbps PoE ports, 2 \u00d7 Gigabit combos.Total PoE Power Budget 230 WSupport 802.1Q VLANSupport PoE watchdog to detect and restart","breadcrumb":{"@id":"https:\/\/safetysource-eg.com\/en\/product\/16-port-fast-ethernet-smart-poe-switch-ds-3e1318p-ei\/#breadcrumb"},"inLanguage":"en-US","potentialAction":[{"@type":"ReadAction","target":["https:\/\/safetysource-eg.com\/en\/product\/16-port-fast-ethernet-smart-poe-switch-ds-3e1318p-ei\/"]}]},{"@type":"ImageObject","inLanguage":"en-US","@id":"https:\/\/safetysource-eg.com\/en\/product\/16-port-fast-ethernet-smart-poe-switch-ds-3e1318p-ei\/#primaryimage","url":"https:\/\/safetysource-eg.com\/wp-content\/uploads\/2025\/06\/DS-3E1318P-EI_image_1.jpg","contentUrl":"https:\/\/safetysource-eg.com\/wp-content\/uploads\/2025\/06\/DS-3E1318P-EI_image_1.jpg","width":1000,"height":1000},{"@type":"BreadcrumbList","@id":"https:\/\/safetysource-eg.com\/en\/product\/16-port-fast-ethernet-smart-poe-switch-ds-3e1318p-ei\/#breadcrumb","itemListElement":[{"@type":"ListItem","position":1,"name":"Home","item":"https:\/\/safetysource-eg.com\/en\/"},{"@type":"ListItem","position":2,"name":"Products","item":"https:\/\/safetysource-eg.com\/en\/products\/"},{"@type":"ListItem","position":3,"name":"16 Port Fast Ethernet Smart POE Switch &#8211; DS-3E1318P-EI"}]},{"@type":"WebSite","@id":"https:\/\/safetysource-eg.com\/en\/#website","url":"https:\/\/safetysource-eg.com\/en\/","name":"\u0633\u064a\u0641\u062a\u0649 \u0633\u0648\u0631\u0633","description":"\u0623\u0646\u0638\u0645\u0629 \u0623\u0645\u0627\u0646 \u0630\u0643\u064a\u0629","potentialAction":[{"@type":"SearchAction","target":{"@type":"EntryPoint","urlTemplate":"https:\/\/safetysource-eg.com\/en\/?s={search_term_string}"},"query-input":{"@type":"PropertyValueSpecification","valueRequired":true,"valueName":"search_term_string"}}],"inLanguage":"en-US"}]}},"_links":{"self":[{"href":"https:\/\/safetysource-eg.com\/en\/wp-json\/wp\/v2\/product\/18643","targetHints":{"allow":["GET"]}}],"collection":[{"href":"https:\/\/safetysource-eg.com\/en\/wp-json\/wp\/v2\/product"}],"about":[{"href":"https:\/\/safetysource-eg.com\/en\/wp-json\/wp\/v2\/types\/product"}],"wp:featuredmedia":[{"embeddable":true,"href":"https:\/\/safetysource-eg.com\/en\/wp-json\/wp\/v2\/media\/18607"}],"wp:attachment":[{"href":"https:\/\/safetysource-eg.com\/en\/wp-json\/wp\/v2\/media?parent=18643"}],"wp:term":[{"taxonomy":"product_brand","embeddable":true,"href":"https:\/\/safetysource-eg.com\/en\/wp-json\/wp\/v2\/product_brand?post=18643"},{"taxonomy":"product_cat","embeddable":true,"href":"https:\/\/safetysource-eg.com\/en\/wp-json\/wp\/v2\/product_cat?post=18643"},{"taxonomy":"product_tag","embeddable":true,"href":"https:\/\/safetysource-eg.com\/en\/wp-json\/wp\/v2\/product_tag?post=18643"}],"curies":[{"name":"wp","href":"https:\/\/api.w.org\/{rel}","templated":true}]}}