{"id":18652,"date":"2025-06-19T14:17:29","date_gmt":"2025-06-19T14:17:29","guid":{"rendered":"https:\/\/safetysource-eg.com\/product\/5-port-gigabit-unmanaged-switch-ds-3e0505-e\/"},"modified":"2025-10-06T15:23:41","modified_gmt":"2025-10-06T15:23:41","slug":"5-port-gigabit-unmanaged-switch-ds-3e0505-e","status":"publish","type":"product","link":"https:\/\/safetysource-eg.com\/en\/product\/5-port-gigabit-unmanaged-switch-ds-3e0505-e\/","title":{"rendered":"5 Port Gigabit Unmanaged Switch &#8211; DS-3E0505-E"},"content":{"rendered":"<h2><span class=\"tech-specs-items-description__title--heading\">General<\/span><\/h2>\n<ul class=\"tech-specs-items-description\" data-target=\"General\">\n<li class=\"tech-specs-items-description-list\"><span class=\"tech-specs-items-description__title\">Shell: <\/span><span class=\"tech-specs-items-description__title-details\">Metal material, fan-free design<\/span><\/li>\n<li class=\"tech-specs-items-description-list\"><span class=\"tech-specs-items-description__title\">Net Weight: <\/span><span class=\"tech-specs-items-description__title-details\">0.15 kg (0.3 lb.)<\/span><\/li>\n<li class=\"tech-specs-items-description-list\"><span class=\"tech-specs-items-description__title\">Gross Weight: <\/span><span class=\"tech-specs-items-description__title-details\">0.28 kg (0.61 lb.)<\/span><\/li>\n<li class=\"tech-specs-items-description-list\"><span class=\"tech-specs-items-description__title\">Dimensions (W \u00d7 H \u00d7 D): <\/span><span class=\"tech-specs-items-description__title-details\">103 mm \u00d7 25.6 mm \u00d7 61.1 mm (4.1&#8221; \u00d7 1.0&#8221; \u00d7 2.4&#8221;)<\/span><\/li>\n<li class=\"tech-specs-items-description-list\"><span class=\"tech-specs-items-description__title\">Operating Temperature: <\/span><span class=\"tech-specs-items-description__title-details\">0 \u00b0C to 40 \u00b0C (32 \u00b0F to 104 \u00b0F)<\/span><\/li>\n<li class=\"tech-specs-items-description-list\"><span class=\"tech-specs-items-description__title\">Storage Temperature: <\/span><span class=\"tech-specs-items-description__title-details\">\u201340\u02daC to 85\u02daC (\u201340\u02daF to 185\u02daF)<\/span><\/li>\n<li class=\"tech-specs-items-description-list\"><span class=\"tech-specs-items-description__title\">Operating Humidity: <\/span><span class=\"tech-specs-items-description__title-details\">5% to 95% (no condensation)<\/span><\/li>\n<li class=\"tech-specs-items-description-list\"><span class=\"tech-specs-items-description__title\">Relative Humidity: <\/span><span class=\"tech-specs-items-description__title-details\">5% to 95% (no condensation)<\/span><\/li>\n<li class=\"tech-specs-items-description-list\"><span class=\"tech-specs-items-description__title\">Power Supply: <\/span><span class=\"tech-specs-items-description__title-details\">5 VDC, 1 A<\/span><\/li>\n<li class=\"tech-specs-items-description-list\"><span class=\"tech-specs-items-description__title\">Installation Mode: <\/span><span class=\"tech-specs-items-description__title-details\">Metal material, fan-free design<\/span><\/li>\n<\/ul>\n<h2><span class=\"tech-specs-items-description__title--heading\">Network Parameters<\/span><\/h2>\n<ul class=\"tech-specs-items-description\" data-target=\"Network Parameters\">\n<li class=\"tech-specs-items-description-list\"><span class=\"tech-specs-items-description__title\">Ports: <\/span><span class=\"tech-specs-items-description__title-details\">5 \u00d7 Gigabit RJ45 port<\/span><\/li>\n<li class=\"tech-specs-items-description-list\"><span class=\"tech-specs-items-description__title\">MAC Address Table; <\/span><span class=\"tech-specs-items-description__title-details\">2 K<\/span><\/li>\n<li class=\"tech-specs-items-description-list\"><span class=\"tech-specs-items-description__title\">Switching Capacity: <\/span><span class=\"tech-specs-items-description__title-details\">10 Gbps<\/span><\/li>\n<li class=\"tech-specs-items-description-list\"><span class=\"tech-specs-items-description__title\">Packet Forwarding Rate: <\/span><span class=\"tech-specs-items-description__title-details\">7.44 Mpps<\/span><\/li>\n<li class=\"tech-specs-items-description-list\"><span class=\"tech-specs-items-description__title\">Internal Cache: <\/span><span class=\"tech-specs-items-description__title-details\">1 MITs<\/span><\/li>\n<\/ul>\n<h2><span class=\"tech-specs-items-description__title--heading\">Approval<\/span><\/h2>\n<ul class=\"tech-specs-items-description\" data-target=\"Approval\">\n<li class=\"tech-specs-items-description-list\"><span class=\"tech-specs-items-description__title\">EMC: <\/span><span class=\"tech-specs-items-description__title-details\">FCC (47 CFR Part 15, Subpart B),CE-EMC (EN 55032: 2015+A11: 2020, EN IEC 61000-3-2: 2019, EN 61000-3-3: 2013+A1: 2019, EN 50130-4: 2011+A1: 2014, EN 55035: 2017+A11: 2020),IC (ICES-003: Issue 7:2020),RCM (AS\/NZS CISPR 32: 2015)<\/span><\/li>\n<li class=\"tech-specs-items-description-list\"><span class=\"tech-specs-items-description__title\">Safety: <\/span><span class=\"tech-specs-items-description__title-details\">UL (UL 60950-1),CB (AMD1:2009, AMD2:2013, IEC 62368-1: 2014 (Second Edition), CE-LVD (EN 62368-1: 2014+A11: 2017)<\/span><\/li>\n<li class=\"tech-specs-items-description-list\"><span class=\"tech-specs-items-description__title\">Chemistry: <\/span><span class=\"tech-specs-items-description__title-details\">CE-RoHS (2011\/65\/EU),WEEE (2012\/19\/EU),Reach (Regulation (EC) No.1907\/2006)<\/span><\/li>\n<\/ul>\n<div><\/div>\n<div>\n<div><\/div>\n<div><\/div>\n<div>\n<p><button class=\"btn\"><a href=\"https:\/\/assets.hikvision.com\/prd\/public\/all\/doc\/m000018733\/DS-3E0505-E_Datasheet_20240308.pdf?key=ed44d7e35b19bf2c4fa916b7d0a8a57a&amp;time=1759764081643\" target=\"_blank\" rel=\"noopener\">Download data sheet<\/a><\/button><\/p>\n<\/div>\n<p>&nbsp;<\/p>\n<div><\/div>\n<\/div>\n","protected":false},"excerpt":{"rendered":"<ul class=\"product_description_item-list\">\n<li class=\"product_description_item\">5 x Gigabit Ethernet port<\/li>\n<li class=\"product_description_item\">Supports IEEE 802.3, IEEE 802.3u and IEEE 802.3x<\/li>\n<li class=\"product_description_item\">Gigabit network access<\/li>\n<li class=\"product_description_item\">Wire-speed forwarding and non-blocking design<\/li>\n<li class=\"product_description_item\">Store-and-forward switching<\/li>\n<li class=\"product_description_item\">Solid high-strength metal shell<\/li>\n<li class=\"product_description_item\">Fan-free design with high reliability<\/li>\n<\/ul>\n","protected":false},"featured_media":18594,"template":"","meta":{"_acf_changed":false},"product_brand":[297],"product_cat":[322,321],"product_tag":[],"class_list":{"0":"post-18652","1":"product","2":"type-product","3":"status-publish","4":"has-post-thumbnail","6":"product_brand-hikvision","7":"product_cat-networking-en","8":"product_cat-poe_switches-en","10":"first","11":"instock","12":"featured","13":"shipping-taxable","14":"product-type-simple"},"acf":[],"yoast_head":"<!-- This site is optimized with the Yoast SEO plugin v27.3 - https:\/\/yoast.com\/product\/yoast-seo-wordpress\/ -->\n<title>5 Port Gigabit Unmanaged Switch - DS-3E0505-E - \u0633\u064a\u0641\u062a\u0649 \u0633\u0648\u0631\u0633<\/title>\n<meta name=\"description\" content=\"5 x Gigabit Ethernet port Supports IEEE 802.3, IEEE 802.3u and IEEE 802.3xGigabit network access Wire-speed forwarding and non-blocking design\" \/>\n<meta name=\"robots\" content=\"index, follow, max-snippet:-1, max-image-preview:large, max-video-preview:-1\" \/>\n<link rel=\"canonical\" href=\"https:\/\/safetysource-eg.com\/en\/product\/5-port-gigabit-unmanaged-switch-ds-3e0505-e\/\" \/>\n<meta property=\"og:locale\" content=\"en_US\" \/>\n<meta property=\"og:type\" content=\"article\" \/>\n<meta property=\"og:title\" content=\"5 Port Gigabit Unmanaged Switch - DS-3E0505-E - \u0633\u064a\u0641\u062a\u0649 \u0633\u0648\u0631\u0633\" \/>\n<meta property=\"og:description\" content=\"5 x Gigabit Ethernet port Supports IEEE 802.3, IEEE 802.3u and IEEE 802.3xGigabit network access Wire-speed forwarding and non-blocking design\" \/>\n<meta property=\"og:url\" content=\"https:\/\/safetysource-eg.com\/en\/product\/5-port-gigabit-unmanaged-switch-ds-3e0505-e\/\" \/>\n<meta property=\"og:site_name\" content=\"\u0633\u064a\u0641\u062a\u0649 \u0633\u0648\u0631\u0633\" \/>\n<meta property=\"article:modified_time\" content=\"2025-10-06T15:23:41+00:00\" \/>\n<meta property=\"og:image\" content=\"https:\/\/safetysource-eg.com\/wp-content\/uploads\/2025\/06\/DS-3E0505-E_image_1.jpg\" \/>\n\t<meta property=\"og:image:width\" content=\"1000\" \/>\n\t<meta property=\"og:image:height\" content=\"1000\" \/>\n\t<meta property=\"og:image:type\" content=\"image\/jpeg\" \/>\n<meta name=\"twitter:card\" content=\"summary_large_image\" \/>\n<meta name=\"twitter:label1\" content=\"Est. reading time\" \/>\n\t<meta name=\"twitter:data1\" content=\"1 minute\" \/>\n<script type=\"application\/ld+json\" class=\"yoast-schema-graph\">{\"@context\":\"https:\\\/\\\/schema.org\",\"@graph\":[{\"@type\":\"WebPage\",\"@id\":\"https:\\\/\\\/safetysource-eg.com\\\/en\\\/product\\\/5-port-gigabit-unmanaged-switch-ds-3e0505-e\\\/\",\"url\":\"https:\\\/\\\/safetysource-eg.com\\\/en\\\/product\\\/5-port-gigabit-unmanaged-switch-ds-3e0505-e\\\/\",\"name\":\"5 Port Gigabit Unmanaged Switch - DS-3E0505-E - \u0633\u064a\u0641\u062a\u0649 \u0633\u0648\u0631\u0633\",\"isPartOf\":{\"@id\":\"https:\\\/\\\/safetysource-eg.com\\\/en\\\/#website\"},\"primaryImageOfPage\":{\"@id\":\"https:\\\/\\\/safetysource-eg.com\\\/en\\\/product\\\/5-port-gigabit-unmanaged-switch-ds-3e0505-e\\\/#primaryimage\"},\"image\":{\"@id\":\"https:\\\/\\\/safetysource-eg.com\\\/en\\\/product\\\/5-port-gigabit-unmanaged-switch-ds-3e0505-e\\\/#primaryimage\"},\"thumbnailUrl\":\"https:\\\/\\\/safetysource-eg.com\\\/wp-content\\\/uploads\\\/2025\\\/06\\\/DS-3E0505-E_image_1.jpg\",\"datePublished\":\"2025-06-19T14:17:29+00:00\",\"dateModified\":\"2025-10-06T15:23:41+00:00\",\"description\":\"5 x Gigabit Ethernet port Supports IEEE 802.3, IEEE 802.3u and IEEE 802.3xGigabit network access Wire-speed forwarding and non-blocking design\",\"breadcrumb\":{\"@id\":\"https:\\\/\\\/safetysource-eg.com\\\/en\\\/product\\\/5-port-gigabit-unmanaged-switch-ds-3e0505-e\\\/#breadcrumb\"},\"inLanguage\":\"en-US\",\"potentialAction\":[{\"@type\":\"ReadAction\",\"target\":[\"https:\\\/\\\/safetysource-eg.com\\\/en\\\/product\\\/5-port-gigabit-unmanaged-switch-ds-3e0505-e\\\/\"]}]},{\"@type\":\"ImageObject\",\"inLanguage\":\"en-US\",\"@id\":\"https:\\\/\\\/safetysource-eg.com\\\/en\\\/product\\\/5-port-gigabit-unmanaged-switch-ds-3e0505-e\\\/#primaryimage\",\"url\":\"https:\\\/\\\/safetysource-eg.com\\\/wp-content\\\/uploads\\\/2025\\\/06\\\/DS-3E0505-E_image_1.jpg\",\"contentUrl\":\"https:\\\/\\\/safetysource-eg.com\\\/wp-content\\\/uploads\\\/2025\\\/06\\\/DS-3E0505-E_image_1.jpg\",\"width\":1000,\"height\":1000},{\"@type\":\"BreadcrumbList\",\"@id\":\"https:\\\/\\\/safetysource-eg.com\\\/en\\\/product\\\/5-port-gigabit-unmanaged-switch-ds-3e0505-e\\\/#breadcrumb\",\"itemListElement\":[{\"@type\":\"ListItem\",\"position\":1,\"name\":\"Home\",\"item\":\"https:\\\/\\\/safetysource-eg.com\\\/en\\\/\"},{\"@type\":\"ListItem\",\"position\":2,\"name\":\"Products\",\"item\":\"https:\\\/\\\/safetysource-eg.com\\\/en\\\/products\\\/\"},{\"@type\":\"ListItem\",\"position\":3,\"name\":\"5 Port Gigabit Unmanaged Switch &#8211; DS-3E0505-E\"}]},{\"@type\":\"WebSite\",\"@id\":\"https:\\\/\\\/safetysource-eg.com\\\/en\\\/#website\",\"url\":\"https:\\\/\\\/safetysource-eg.com\\\/en\\\/\",\"name\":\"\u0633\u064a\u0641\u062a\u0649 \u0633\u0648\u0631\u0633\",\"description\":\"\u0623\u0646\u0638\u0645\u0629 \u0623\u0645\u0627\u0646 \u0630\u0643\u064a\u0629\",\"potentialAction\":[{\"@type\":\"SearchAction\",\"target\":{\"@type\":\"EntryPoint\",\"urlTemplate\":\"https:\\\/\\\/safetysource-eg.com\\\/en\\\/?s={search_term_string}\"},\"query-input\":{\"@type\":\"PropertyValueSpecification\",\"valueRequired\":true,\"valueName\":\"search_term_string\"}}],\"inLanguage\":\"en-US\"}]}<\/script>\n<!-- \/ Yoast SEO plugin. -->","yoast_head_json":{"title":"5 Port Gigabit Unmanaged Switch - DS-3E0505-E - \u0633\u064a\u0641\u062a\u0649 \u0633\u0648\u0631\u0633","description":"5 x Gigabit Ethernet port Supports IEEE 802.3, IEEE 802.3u and IEEE 802.3xGigabit network access Wire-speed forwarding and non-blocking design","robots":{"index":"index","follow":"follow","max-snippet":"max-snippet:-1","max-image-preview":"max-image-preview:large","max-video-preview":"max-video-preview:-1"},"canonical":"https:\/\/safetysource-eg.com\/en\/product\/5-port-gigabit-unmanaged-switch-ds-3e0505-e\/","og_locale":"en_US","og_type":"article","og_title":"5 Port Gigabit Unmanaged Switch - DS-3E0505-E - \u0633\u064a\u0641\u062a\u0649 \u0633\u0648\u0631\u0633","og_description":"5 x Gigabit Ethernet port Supports IEEE 802.3, IEEE 802.3u and IEEE 802.3xGigabit network access Wire-speed forwarding and non-blocking design","og_url":"https:\/\/safetysource-eg.com\/en\/product\/5-port-gigabit-unmanaged-switch-ds-3e0505-e\/","og_site_name":"\u0633\u064a\u0641\u062a\u0649 \u0633\u0648\u0631\u0633","article_modified_time":"2025-10-06T15:23:41+00:00","og_image":[{"width":1000,"height":1000,"url":"https:\/\/safetysource-eg.com\/wp-content\/uploads\/2025\/06\/DS-3E0505-E_image_1.jpg","type":"image\/jpeg"}],"twitter_card":"summary_large_image","twitter_misc":{"Est. reading time":"1 minute"},"schema":{"@context":"https:\/\/schema.org","@graph":[{"@type":"WebPage","@id":"https:\/\/safetysource-eg.com\/en\/product\/5-port-gigabit-unmanaged-switch-ds-3e0505-e\/","url":"https:\/\/safetysource-eg.com\/en\/product\/5-port-gigabit-unmanaged-switch-ds-3e0505-e\/","name":"5 Port Gigabit Unmanaged Switch - DS-3E0505-E - \u0633\u064a\u0641\u062a\u0649 \u0633\u0648\u0631\u0633","isPartOf":{"@id":"https:\/\/safetysource-eg.com\/en\/#website"},"primaryImageOfPage":{"@id":"https:\/\/safetysource-eg.com\/en\/product\/5-port-gigabit-unmanaged-switch-ds-3e0505-e\/#primaryimage"},"image":{"@id":"https:\/\/safetysource-eg.com\/en\/product\/5-port-gigabit-unmanaged-switch-ds-3e0505-e\/#primaryimage"},"thumbnailUrl":"https:\/\/safetysource-eg.com\/wp-content\/uploads\/2025\/06\/DS-3E0505-E_image_1.jpg","datePublished":"2025-06-19T14:17:29+00:00","dateModified":"2025-10-06T15:23:41+00:00","description":"5 x Gigabit Ethernet port Supports IEEE 802.3, IEEE 802.3u and IEEE 802.3xGigabit network access Wire-speed forwarding and non-blocking design","breadcrumb":{"@id":"https:\/\/safetysource-eg.com\/en\/product\/5-port-gigabit-unmanaged-switch-ds-3e0505-e\/#breadcrumb"},"inLanguage":"en-US","potentialAction":[{"@type":"ReadAction","target":["https:\/\/safetysource-eg.com\/en\/product\/5-port-gigabit-unmanaged-switch-ds-3e0505-e\/"]}]},{"@type":"ImageObject","inLanguage":"en-US","@id":"https:\/\/safetysource-eg.com\/en\/product\/5-port-gigabit-unmanaged-switch-ds-3e0505-e\/#primaryimage","url":"https:\/\/safetysource-eg.com\/wp-content\/uploads\/2025\/06\/DS-3E0505-E_image_1.jpg","contentUrl":"https:\/\/safetysource-eg.com\/wp-content\/uploads\/2025\/06\/DS-3E0505-E_image_1.jpg","width":1000,"height":1000},{"@type":"BreadcrumbList","@id":"https:\/\/safetysource-eg.com\/en\/product\/5-port-gigabit-unmanaged-switch-ds-3e0505-e\/#breadcrumb","itemListElement":[{"@type":"ListItem","position":1,"name":"Home","item":"https:\/\/safetysource-eg.com\/en\/"},{"@type":"ListItem","position":2,"name":"Products","item":"https:\/\/safetysource-eg.com\/en\/products\/"},{"@type":"ListItem","position":3,"name":"5 Port Gigabit Unmanaged Switch &#8211; DS-3E0505-E"}]},{"@type":"WebSite","@id":"https:\/\/safetysource-eg.com\/en\/#website","url":"https:\/\/safetysource-eg.com\/en\/","name":"\u0633\u064a\u0641\u062a\u0649 \u0633\u0648\u0631\u0633","description":"\u0623\u0646\u0638\u0645\u0629 \u0623\u0645\u0627\u0646 \u0630\u0643\u064a\u0629","potentialAction":[{"@type":"SearchAction","target":{"@type":"EntryPoint","urlTemplate":"https:\/\/safetysource-eg.com\/en\/?s={search_term_string}"},"query-input":{"@type":"PropertyValueSpecification","valueRequired":true,"valueName":"search_term_string"}}],"inLanguage":"en-US"}]}},"_links":{"self":[{"href":"https:\/\/safetysource-eg.com\/en\/wp-json\/wp\/v2\/product\/18652","targetHints":{"allow":["GET"]}}],"collection":[{"href":"https:\/\/safetysource-eg.com\/en\/wp-json\/wp\/v2\/product"}],"about":[{"href":"https:\/\/safetysource-eg.com\/en\/wp-json\/wp\/v2\/types\/product"}],"wp:featuredmedia":[{"embeddable":true,"href":"https:\/\/safetysource-eg.com\/en\/wp-json\/wp\/v2\/media\/18594"}],"wp:attachment":[{"href":"https:\/\/safetysource-eg.com\/en\/wp-json\/wp\/v2\/media?parent=18652"}],"wp:term":[{"taxonomy":"product_brand","embeddable":true,"href":"https:\/\/safetysource-eg.com\/en\/wp-json\/wp\/v2\/product_brand?post=18652"},{"taxonomy":"product_cat","embeddable":true,"href":"https:\/\/safetysource-eg.com\/en\/wp-json\/wp\/v2\/product_cat?post=18652"},{"taxonomy":"product_tag","embeddable":true,"href":"https:\/\/safetysource-eg.com\/en\/wp-json\/wp\/v2\/product_tag?post=18652"}],"curies":[{"name":"wp","href":"https:\/\/api.w.org\/{rel}","templated":true}]}}