{"id":18655,"date":"2025-06-19T12:40:12","date_gmt":"2025-06-19T12:40:12","guid":{"rendered":"https:\/\/safetysource-eg.com\/product\/8-port-fast-ethernet-unmanaged-poe-switch-ds-3e0310p-e-m\/"},"modified":"2025-09-26T18:20:49","modified_gmt":"2025-09-26T18:20:49","slug":"8-port-fast-ethernet-unmanaged-poe-switch-ds-3e0310p-e-m","status":"publish","type":"product","link":"https:\/\/safetysource-eg.com\/en\/product\/8-port-fast-ethernet-unmanaged-poe-switch-ds-3e0310p-e-m\/","title":{"rendered":"8 Port Fast Ethernet Unmanaged POE Switch &#8211; DS-3E0310P-E\/M"},"content":{"rendered":"<h2><span class=\"tech-specs-items-description__title--heading\">General<\/span><\/h2>\n<ul class=\"tech-specs-items-description\" data-target=\"General\">\n<li class=\"tech-specs-items-description-list\"><span class=\"tech-specs-items-description__title\">Shell: <\/span><span class=\"tech-specs-items-description__title-details\">Metal material<\/span><\/li>\n<li class=\"tech-specs-items-description-list\"><span class=\"tech-specs-items-description__title\">Net Weight: <\/span><span class=\"tech-specs-items-description__title-details\">0.555 kg (1.22 lb.)<\/span><\/li>\n<li class=\"tech-specs-items-description-list\"><span class=\"tech-specs-items-description__title\">Gross Weight: <\/span><span class=\"tech-specs-items-description__title-details\">1.20 kg (2.65 lb.)<\/span><\/li>\n<li class=\"tech-specs-items-description-list\"><span class=\"tech-specs-items-description__title\">Dimensions (W \u00d7 H \u00d7 D): <\/span><span class=\"tech-specs-items-description__title-details\">217.6 mm \u00d7 103.35 mm \u00d7 27.8 mm (8.57&#8221; \u00d7 4.07&#8221; \u00d7 1.09&#8221;)<\/span><\/li>\n<li class=\"tech-specs-items-description-list\"><span class=\"tech-specs-items-description__title\">Operating Temperature: <\/span><span class=\"tech-specs-items-description__title-details\">0 \u00b0C to 40 \u00b0C (32 \u00b0F to 104 \u00b0F)<\/span><\/li>\n<li class=\"tech-specs-items-description-list\"><span class=\"tech-specs-items-description__title\">Storage Temperature: <\/span><span class=\"tech-specs-items-description__title-details\">\u201340 \u00b0C to 85 \u00b0C (\u201340 \u00b0F to 185 \u00b0F)<\/span><\/li>\n<li class=\"tech-specs-items-description-list\"><span class=\"tech-specs-items-description__title\">Operating Humidity: <\/span><span class=\"tech-specs-items-description__title-details\">5% to 95% (no condensation)<\/span><\/li>\n<li class=\"tech-specs-items-description-list\"><span class=\"tech-specs-items-description__title\">Relative Humidity: <\/span><span class=\"tech-specs-items-description__title-details\">5% to 95% (no condensation)<\/span><\/li>\n<li class=\"tech-specs-items-description-list\"><span class=\"tech-specs-items-description__title\">Power Supply: <\/span><span class=\"tech-specs-items-description__title-details\">48 VDC, 1.35 A<\/span><\/li>\n<li class=\"tech-specs-items-description-list\"><span class=\"tech-specs-items-description__title\">Max. Power Consumption: <\/span><span class=\"tech-specs-items-description__title-details\">65 W<\/span><\/li>\n<li class=\"tech-specs-items-description-list\"><span class=\"tech-specs-items-description__title\">Power Consumption in Idle: <\/span><span class=\"tech-specs-items-description__title-details\">5 W<\/span><\/li>\n<li class=\"tech-specs-items-description-list\"><span class=\"tech-specs-items-description__title\">Installation Mode: <\/span><span class=\"tech-specs-items-description__title-details\">Desk-Mounted, Wall-Mounted<\/span><\/li>\n<li class=\"tech-specs-items-description-list\"><span class=\"tech-specs-items-description__title\">Surge Protection: <\/span><span class=\"tech-specs-items-description__title-details\">6 KV<\/span><\/li>\n<\/ul>\n<h2><span class=\"tech-specs-items-description__title--heading\">Network Parameters<\/span><\/h2>\n<ul class=\"tech-specs-items-description\" data-target=\"Network Parameters\">\n<li class=\"tech-specs-items-description-list\"><span class=\"tech-specs-items-description__title\">Ports: <\/span><span class=\"tech-specs-items-description__title-details\">8 \u00d7 10\/100 Mbps PoE port,2 \u00d7 Gigabit RJ45 port<\/span><\/li>\n<li class=\"tech-specs-items-description-list\"><span class=\"tech-specs-items-description__title\">MAC Address Table: <\/span><span class=\"tech-specs-items-description__title-details\">8 K<\/span><\/li>\n<li class=\"tech-specs-items-description-list\"><span class=\"tech-specs-items-description__title\">Switching Capacity: <\/span><span class=\"tech-specs-items-description__title-details\">5.6 Gbps<\/span><\/li>\n<li class=\"tech-specs-items-description-list\"><span class=\"tech-specs-items-description__title\">Packet Forwarding Rate: <\/span><span class=\"tech-specs-items-description__title-details\">4.17 Mpps<\/span><\/li>\n<li class=\"tech-specs-items-description-list\"><span class=\"tech-specs-items-description__title\">Internal Cache: <\/span><span class=\"tech-specs-items-description__title-details\">4 MITs<\/span><\/li>\n<\/ul>\n<h2><span class=\"tech-specs-items-description__title--heading\">PoE Power Supply<\/span><\/h2>\n<ul class=\"tech-specs-items-description\" data-target=\"PoE Power Supply\">\n<li class=\"tech-specs-items-description-list\"><span class=\"tech-specs-items-description__title\">PoE Standard: <\/span><span class=\"tech-specs-items-description__title-details\">IEEE 802.3af;IEEE 802.3at<\/span><\/li>\n<li class=\"tech-specs-items-description-list\"><span class=\"tech-specs-items-description__title\">PoE Power Pin: <\/span><span class=\"tech-specs-items-description__title-details\">8-pin power: 1\/2(-), 3\/6(+), 4\/5(+), 7\/8(-)<\/span><\/li>\n<li class=\"tech-specs-items-description-list\"><span class=\"tech-specs-items-description__title\">PoE Port: <\/span><span class=\"tech-specs-items-description__title-details\">PoE: Ports 1 to 8<\/span><\/li>\n<li class=\"tech-specs-items-description-list\"><span class=\"tech-specs-items-description__title\">Max. Port Power: <\/span><span class=\"tech-specs-items-description__title-details\">30 W<\/span><\/li>\n<li class=\"tech-specs-items-description-list\"><span class=\"tech-specs-items-description__title\">PoE Power Budget: <\/span><span class=\"tech-specs-items-description__title-details\">60 W<\/span><\/li>\n<\/ul>\n<h2><span class=\"tech-specs-items-description__title--heading\">Dialing Function<\/span><\/h2>\n<ul class=\"tech-specs-items-description\" data-target=\"Dialing Function\">\n<li class=\"tech-specs-items-description-list\"><span class=\"tech-specs-items-description__title\">Long Range: <\/span>Ports 1 to 8 : up to 300 m.\n<p class=\"mb-p\">Long range performance may vary depend on camera model or cable condition.<\/p>\n<\/li>\n<\/ul>\n<h2><span class=\"tech-specs-items-description__title--heading\">Approval<\/span><\/h2>\n<ul class=\"tech-specs-items-description\" data-target=\"Approval\">\n<li class=\"tech-specs-items-description-list\"><span class=\"tech-specs-items-description__title\">EMC<\/span><span class=\"tech-specs-items-description__title-details\">FCC (47 CFR Part 15, Subpart B),CE-EMC (EN 55032: 2015+A11: 2020, EN IEC 61000-3-2: 2019, EN 61000-3-3: 2013+A1: 2019, EN 50130-4: 2011+A1: 2014, EN 55035: 2017+A11: 2020),IC (ICES-003: Issue 7:2020),RCM (AS\/NZS CISPR 32: 2015)<\/span><\/li>\n<li class=\"tech-specs-items-description-list\"><span class=\"tech-specs-items-description__title\">Safety: <\/span><span class=\"tech-specs-items-description__title-details\">UL (UL 60950-1),CB (AMD1:2009, AMD2:2013, IEC 62368-1: 2014 (Second Edition), CE-LVD (EN 62368-1: 2014+A11: 2017)<\/span><\/li>\n<li class=\"tech-specs-items-description-list\"><span class=\"tech-specs-items-description__title\">Chemistry: <\/span>CE-RoHS (201165EU);\n<p class=\"mb-p\">WEEE (201219EU);<\/p>\n<p class=\"mb-p\">Reach (Regulation (EC) No.19072006)<\/p>\n<\/li>\n<\/ul>\n","protected":false},"excerpt":{"rendered":"<ul class=\"product_description_item-list\">\n<li class=\"product_description_item\">8 \u00d7 10\/100 Mbps PoE port, and 2 \u00d7 Gigabit RJ45 port.<\/li>\n<li class=\"product_description_item\">IEEE 802.3at\/af standard for PoE ports (Max. 60 W PoE output).<\/li>\n<li class=\"product_description_item\">IEEE 802.3, IEEE 802.3u, IEEE 802.3x, IEEE 802.3z and IEEE 802.3ab standard.<\/li>\n<li class=\"product_description_item\">6 KV surge protection for PoE ports.<\/li>\n<li class=\"product_description_item\">Up to 300 m long-range transmission.<\/li>\n<li class=\"product_description_item\">Wire-speed forwarding.<\/li>\n<li class=\"product_description_item\">Store-and-forward switching.<\/li>\n<li class=\"product_description_item\">Solid high-strength metal shell.<\/li>\n<li class=\"product_description_item\">Reliable fan-free design.<\/li>\n<li class=\"product_description_item\"><\/li>\n<\/ul>\n","protected":false},"featured_media":18590,"template":"","meta":{"_acf_changed":false},"product_brand":[297],"product_cat":[322,321],"product_tag":[],"class_list":{"0":"post-18655","1":"product","2":"type-product","3":"status-publish","4":"has-post-thumbnail","6":"product_brand-hikvision","7":"product_cat-networking-en","8":"product_cat-poe_switches-en","10":"first","11":"instock","12":"featured","13":"shipping-taxable","14":"product-type-simple"},"acf":[],"yoast_head":"<!-- This site is optimized with the Yoast SEO plugin v27.3 - https:\/\/yoast.com\/product\/yoast-seo-wordpress\/ -->\n<title>8 Port Fast Ethernet Unmanaged POE Switch - DS-3E0310P-E\/M - \u0633\u064a\u0641\u062a\u0649 \u0633\u0648\u0631\u0633<\/title>\n<meta name=\"description\" content=\"8 \u00d7 10\/100 Mbps PoE port, and 2 \u00d7 Gigabit RJ45 port.IEEE 802.3at\/af standard for PoE ports (Max. 60 W PoE output).IEEE 802.3, IEEE 802.3u\" \/>\n<meta name=\"robots\" content=\"index, follow, max-snippet:-1, max-image-preview:large, max-video-preview:-1\" \/>\n<link rel=\"canonical\" href=\"https:\/\/safetysource-eg.com\/en\/product\/8-port-fast-ethernet-unmanaged-poe-switch-ds-3e0310p-e-m\/\" \/>\n<meta property=\"og:locale\" content=\"en_US\" \/>\n<meta property=\"og:type\" content=\"article\" \/>\n<meta property=\"og:title\" content=\"8 Port Fast Ethernet Unmanaged POE Switch - DS-3E0310P-E\/M - \u0633\u064a\u0641\u062a\u0649 \u0633\u0648\u0631\u0633\" \/>\n<meta property=\"og:description\" content=\"8 \u00d7 10\/100 Mbps PoE port, and 2 \u00d7 Gigabit RJ45 port.IEEE 802.3at\/af standard for PoE ports (Max. 60 W PoE output).IEEE 802.3, IEEE 802.3u\" \/>\n<meta property=\"og:url\" content=\"https:\/\/safetysource-eg.com\/en\/product\/8-port-fast-ethernet-unmanaged-poe-switch-ds-3e0310p-e-m\/\" \/>\n<meta property=\"og:site_name\" content=\"\u0633\u064a\u0641\u062a\u0649 \u0633\u0648\u0631\u0633\" \/>\n<meta property=\"article:modified_time\" content=\"2025-09-26T18:20:49+00:00\" \/>\n<meta property=\"og:image\" content=\"https:\/\/safetysource-eg.com\/wp-content\/uploads\/2025\/06\/DS-3E0310P-E_M_image_1.jpg\" \/>\n\t<meta property=\"og:image:width\" content=\"1000\" \/>\n\t<meta property=\"og:image:height\" content=\"1000\" \/>\n\t<meta property=\"og:image:type\" content=\"image\/jpeg\" \/>\n<meta name=\"twitter:card\" content=\"summary_large_image\" \/>\n<meta name=\"twitter:label1\" content=\"Est. reading time\" \/>\n\t<meta name=\"twitter:data1\" content=\"2 minutes\" \/>\n<script type=\"application\/ld+json\" class=\"yoast-schema-graph\">{\"@context\":\"https:\\\/\\\/schema.org\",\"@graph\":[{\"@type\":\"WebPage\",\"@id\":\"https:\\\/\\\/safetysource-eg.com\\\/en\\\/product\\\/8-port-fast-ethernet-unmanaged-poe-switch-ds-3e0310p-e-m\\\/\",\"url\":\"https:\\\/\\\/safetysource-eg.com\\\/en\\\/product\\\/8-port-fast-ethernet-unmanaged-poe-switch-ds-3e0310p-e-m\\\/\",\"name\":\"8 Port Fast Ethernet Unmanaged POE Switch - DS-3E0310P-E\\\/M - \u0633\u064a\u0641\u062a\u0649 \u0633\u0648\u0631\u0633\",\"isPartOf\":{\"@id\":\"https:\\\/\\\/safetysource-eg.com\\\/en\\\/#website\"},\"primaryImageOfPage\":{\"@id\":\"https:\\\/\\\/safetysource-eg.com\\\/en\\\/product\\\/8-port-fast-ethernet-unmanaged-poe-switch-ds-3e0310p-e-m\\\/#primaryimage\"},\"image\":{\"@id\":\"https:\\\/\\\/safetysource-eg.com\\\/en\\\/product\\\/8-port-fast-ethernet-unmanaged-poe-switch-ds-3e0310p-e-m\\\/#primaryimage\"},\"thumbnailUrl\":\"https:\\\/\\\/safetysource-eg.com\\\/wp-content\\\/uploads\\\/2025\\\/06\\\/DS-3E0310P-E_M_image_1.jpg\",\"datePublished\":\"2025-06-19T12:40:12+00:00\",\"dateModified\":\"2025-09-26T18:20:49+00:00\",\"description\":\"8 \u00d7 10\\\/100 Mbps PoE port, and 2 \u00d7 Gigabit RJ45 port.IEEE 802.3at\\\/af standard for PoE ports (Max. 60 W PoE output).IEEE 802.3, IEEE 802.3u\",\"breadcrumb\":{\"@id\":\"https:\\\/\\\/safetysource-eg.com\\\/en\\\/product\\\/8-port-fast-ethernet-unmanaged-poe-switch-ds-3e0310p-e-m\\\/#breadcrumb\"},\"inLanguage\":\"en-US\",\"potentialAction\":[{\"@type\":\"ReadAction\",\"target\":[\"https:\\\/\\\/safetysource-eg.com\\\/en\\\/product\\\/8-port-fast-ethernet-unmanaged-poe-switch-ds-3e0310p-e-m\\\/\"]}]},{\"@type\":\"ImageObject\",\"inLanguage\":\"en-US\",\"@id\":\"https:\\\/\\\/safetysource-eg.com\\\/en\\\/product\\\/8-port-fast-ethernet-unmanaged-poe-switch-ds-3e0310p-e-m\\\/#primaryimage\",\"url\":\"https:\\\/\\\/safetysource-eg.com\\\/wp-content\\\/uploads\\\/2025\\\/06\\\/DS-3E0310P-E_M_image_1.jpg\",\"contentUrl\":\"https:\\\/\\\/safetysource-eg.com\\\/wp-content\\\/uploads\\\/2025\\\/06\\\/DS-3E0310P-E_M_image_1.jpg\",\"width\":1000,\"height\":1000},{\"@type\":\"BreadcrumbList\",\"@id\":\"https:\\\/\\\/safetysource-eg.com\\\/en\\\/product\\\/8-port-fast-ethernet-unmanaged-poe-switch-ds-3e0310p-e-m\\\/#breadcrumb\",\"itemListElement\":[{\"@type\":\"ListItem\",\"position\":1,\"name\":\"Home\",\"item\":\"https:\\\/\\\/safetysource-eg.com\\\/en\\\/\"},{\"@type\":\"ListItem\",\"position\":2,\"name\":\"Products\",\"item\":\"https:\\\/\\\/safetysource-eg.com\\\/en\\\/products\\\/\"},{\"@type\":\"ListItem\",\"position\":3,\"name\":\"8 Port Fast Ethernet Unmanaged POE Switch &#8211; DS-3E0310P-E\\\/M\"}]},{\"@type\":\"WebSite\",\"@id\":\"https:\\\/\\\/safetysource-eg.com\\\/en\\\/#website\",\"url\":\"https:\\\/\\\/safetysource-eg.com\\\/en\\\/\",\"name\":\"\u0633\u064a\u0641\u062a\u0649 \u0633\u0648\u0631\u0633\",\"description\":\"\u0623\u0646\u0638\u0645\u0629 \u0623\u0645\u0627\u0646 \u0630\u0643\u064a\u0629\",\"potentialAction\":[{\"@type\":\"SearchAction\",\"target\":{\"@type\":\"EntryPoint\",\"urlTemplate\":\"https:\\\/\\\/safetysource-eg.com\\\/en\\\/?s={search_term_string}\"},\"query-input\":{\"@type\":\"PropertyValueSpecification\",\"valueRequired\":true,\"valueName\":\"search_term_string\"}}],\"inLanguage\":\"en-US\"}]}<\/script>\n<!-- \/ Yoast SEO plugin. -->","yoast_head_json":{"title":"8 Port Fast Ethernet Unmanaged POE Switch - DS-3E0310P-E\/M - \u0633\u064a\u0641\u062a\u0649 \u0633\u0648\u0631\u0633","description":"8 \u00d7 10\/100 Mbps PoE port, and 2 \u00d7 Gigabit RJ45 port.IEEE 802.3at\/af standard for PoE ports (Max. 60 W PoE output).IEEE 802.3, IEEE 802.3u","robots":{"index":"index","follow":"follow","max-snippet":"max-snippet:-1","max-image-preview":"max-image-preview:large","max-video-preview":"max-video-preview:-1"},"canonical":"https:\/\/safetysource-eg.com\/en\/product\/8-port-fast-ethernet-unmanaged-poe-switch-ds-3e0310p-e-m\/","og_locale":"en_US","og_type":"article","og_title":"8 Port Fast Ethernet Unmanaged POE Switch - DS-3E0310P-E\/M - \u0633\u064a\u0641\u062a\u0649 \u0633\u0648\u0631\u0633","og_description":"8 \u00d7 10\/100 Mbps PoE port, and 2 \u00d7 Gigabit RJ45 port.IEEE 802.3at\/af standard for PoE ports (Max. 60 W PoE output).IEEE 802.3, IEEE 802.3u","og_url":"https:\/\/safetysource-eg.com\/en\/product\/8-port-fast-ethernet-unmanaged-poe-switch-ds-3e0310p-e-m\/","og_site_name":"\u0633\u064a\u0641\u062a\u0649 \u0633\u0648\u0631\u0633","article_modified_time":"2025-09-26T18:20:49+00:00","og_image":[{"width":1000,"height":1000,"url":"https:\/\/safetysource-eg.com\/wp-content\/uploads\/2025\/06\/DS-3E0310P-E_M_image_1.jpg","type":"image\/jpeg"}],"twitter_card":"summary_large_image","twitter_misc":{"Est. reading time":"2 minutes"},"schema":{"@context":"https:\/\/schema.org","@graph":[{"@type":"WebPage","@id":"https:\/\/safetysource-eg.com\/en\/product\/8-port-fast-ethernet-unmanaged-poe-switch-ds-3e0310p-e-m\/","url":"https:\/\/safetysource-eg.com\/en\/product\/8-port-fast-ethernet-unmanaged-poe-switch-ds-3e0310p-e-m\/","name":"8 Port Fast Ethernet Unmanaged POE Switch - DS-3E0310P-E\/M - \u0633\u064a\u0641\u062a\u0649 \u0633\u0648\u0631\u0633","isPartOf":{"@id":"https:\/\/safetysource-eg.com\/en\/#website"},"primaryImageOfPage":{"@id":"https:\/\/safetysource-eg.com\/en\/product\/8-port-fast-ethernet-unmanaged-poe-switch-ds-3e0310p-e-m\/#primaryimage"},"image":{"@id":"https:\/\/safetysource-eg.com\/en\/product\/8-port-fast-ethernet-unmanaged-poe-switch-ds-3e0310p-e-m\/#primaryimage"},"thumbnailUrl":"https:\/\/safetysource-eg.com\/wp-content\/uploads\/2025\/06\/DS-3E0310P-E_M_image_1.jpg","datePublished":"2025-06-19T12:40:12+00:00","dateModified":"2025-09-26T18:20:49+00:00","description":"8 \u00d7 10\/100 Mbps PoE port, and 2 \u00d7 Gigabit RJ45 port.IEEE 802.3at\/af standard for PoE ports (Max. 60 W PoE output).IEEE 802.3, IEEE 802.3u","breadcrumb":{"@id":"https:\/\/safetysource-eg.com\/en\/product\/8-port-fast-ethernet-unmanaged-poe-switch-ds-3e0310p-e-m\/#breadcrumb"},"inLanguage":"en-US","potentialAction":[{"@type":"ReadAction","target":["https:\/\/safetysource-eg.com\/en\/product\/8-port-fast-ethernet-unmanaged-poe-switch-ds-3e0310p-e-m\/"]}]},{"@type":"ImageObject","inLanguage":"en-US","@id":"https:\/\/safetysource-eg.com\/en\/product\/8-port-fast-ethernet-unmanaged-poe-switch-ds-3e0310p-e-m\/#primaryimage","url":"https:\/\/safetysource-eg.com\/wp-content\/uploads\/2025\/06\/DS-3E0310P-E_M_image_1.jpg","contentUrl":"https:\/\/safetysource-eg.com\/wp-content\/uploads\/2025\/06\/DS-3E0310P-E_M_image_1.jpg","width":1000,"height":1000},{"@type":"BreadcrumbList","@id":"https:\/\/safetysource-eg.com\/en\/product\/8-port-fast-ethernet-unmanaged-poe-switch-ds-3e0310p-e-m\/#breadcrumb","itemListElement":[{"@type":"ListItem","position":1,"name":"Home","item":"https:\/\/safetysource-eg.com\/en\/"},{"@type":"ListItem","position":2,"name":"Products","item":"https:\/\/safetysource-eg.com\/en\/products\/"},{"@type":"ListItem","position":3,"name":"8 Port Fast Ethernet Unmanaged POE Switch &#8211; DS-3E0310P-E\/M"}]},{"@type":"WebSite","@id":"https:\/\/safetysource-eg.com\/en\/#website","url":"https:\/\/safetysource-eg.com\/en\/","name":"\u0633\u064a\u0641\u062a\u0649 \u0633\u0648\u0631\u0633","description":"\u0623\u0646\u0638\u0645\u0629 \u0623\u0645\u0627\u0646 \u0630\u0643\u064a\u0629","potentialAction":[{"@type":"SearchAction","target":{"@type":"EntryPoint","urlTemplate":"https:\/\/safetysource-eg.com\/en\/?s={search_term_string}"},"query-input":{"@type":"PropertyValueSpecification","valueRequired":true,"valueName":"search_term_string"}}],"inLanguage":"en-US"}]}},"_links":{"self":[{"href":"https:\/\/safetysource-eg.com\/en\/wp-json\/wp\/v2\/product\/18655","targetHints":{"allow":["GET"]}}],"collection":[{"href":"https:\/\/safetysource-eg.com\/en\/wp-json\/wp\/v2\/product"}],"about":[{"href":"https:\/\/safetysource-eg.com\/en\/wp-json\/wp\/v2\/types\/product"}],"wp:featuredmedia":[{"embeddable":true,"href":"https:\/\/safetysource-eg.com\/en\/wp-json\/wp\/v2\/media\/18590"}],"wp:attachment":[{"href":"https:\/\/safetysource-eg.com\/en\/wp-json\/wp\/v2\/media?parent=18655"}],"wp:term":[{"taxonomy":"product_brand","embeddable":true,"href":"https:\/\/safetysource-eg.com\/en\/wp-json\/wp\/v2\/product_brand?post=18655"},{"taxonomy":"product_cat","embeddable":true,"href":"https:\/\/safetysource-eg.com\/en\/wp-json\/wp\/v2\/product_cat?post=18655"},{"taxonomy":"product_tag","embeddable":true,"href":"https:\/\/safetysource-eg.com\/en\/wp-json\/wp\/v2\/product_tag?post=18655"}],"curies":[{"name":"wp","href":"https:\/\/api.w.org\/{rel}","templated":true}]}}