{"id":18679,"date":"2025-06-17T20:27:37","date_gmt":"2025-06-17T20:27:37","guid":{"rendered":"https:\/\/safetysource-eg.com\/product\/value-series-face-access-terminal-ds-k1t342efwx-e1\/"},"modified":"2025-09-15T11:12:59","modified_gmt":"2025-09-15T11:12:59","slug":"value-series-face-access-terminal-ds-k1t342efwx-e1","status":"publish","type":"product","link":"https:\/\/safetysource-eg.com\/en\/product\/value-series-face-access-terminal-ds-k1t342efwx-e1\/","title":{"rendered":"Value Series Face Access Terminal &#8211; DS-K1T342EFWX-E1"},"content":{"rendered":"<h2><span class=\"tech-specs-items-description__title--heading\">System<\/span><\/h2>\n<ul class=\"tech-specs-items-description\" data-target=\"System\">\n<li class=\"tech-specs-items-description-list\"><span class=\"tech-specs-items-description__title\">Operating system: <\/span><span class=\"tech-specs-items-description__title-details\">Linux<\/span><\/li>\n<\/ul>\n<h2><span class=\"tech-specs-items-description__title--heading\">Display<\/span><\/h2>\n<ul class=\"tech-specs-items-description\" data-target=\"Display\">\n<li class=\"tech-specs-items-description-list\"><span class=\"tech-specs-items-description__title\">Dimensions: <\/span><span class=\"tech-specs-items-description__title-details\">4.3-inch<\/span><\/li>\n<li class=\"tech-specs-items-description-list\"><span class=\"tech-specs-items-description__title\">Resolution<\/span><span class=\"tech-specs-items-description__title-details\">272 \u00d7 480<\/span><\/li>\n<li class=\"tech-specs-items-description-list\"><span class=\"tech-specs-items-description__title\">Type<\/span><span class=\"tech-specs-items-description__title-details\">LCD<\/span><\/li>\n<li class=\"tech-specs-items-description-list\"><span class=\"tech-specs-items-description__title\">Operation method: Capacitive<\/span><span class=\"tech-specs-items-description__title-details\">\u00a0touch screen<\/span><\/li>\n<\/ul>\n<h2><span class=\"tech-specs-items-description__title--heading\">Video<\/span><\/h2>\n<ul class=\"tech-specs-items-description\" data-target=\"Video\">\n<li class=\"tech-specs-items-description-list\"><span class=\"tech-specs-items-description__title\">Pixel: <\/span><span class=\"tech-specs-items-description__title-details\">2 MP<\/span><\/li>\n<li class=\"tech-specs-items-description-list\"><span class=\"tech-specs-items-description__title\">Lens: <\/span><span class=\"tech-specs-items-description__title-details\">\u00d7 2<\/span><\/li>\n<li class=\"tech-specs-items-description-list\"><span class=\"tech-specs-items-description__title\">Video standard: <\/span><span class=\"tech-specs-items-description__title-details\">PAL (Default) and NTSC<\/span><\/li>\n<\/ul>\n<h2><span class=\"tech-specs-items-description__title--heading\">Network<\/span><\/h2>\n<ul class=\"tech-specs-items-description\" data-target=\"Network\">\n<li class=\"tech-specs-items-description-list\"><span class=\"tech-specs-items-description__title\">Wired network: <\/span><span class=\"tech-specs-items-description__title-details\">10 M\/100 M self-adaptive<\/span><\/li>\n<li class=\"tech-specs-items-description-list\"><span class=\"tech-specs-items-description__title\">Wi-Fi: <\/span><span class=\"tech-specs-items-description__title-details\">Support<\/span><\/li>\n<\/ul>\n<h2><span class=\"tech-specs-items-description__title--heading\">Interface<\/span><\/h2>\n<ul class=\"tech-specs-items-description\" data-target=\"Interface\">\n<li class=\"tech-specs-items-description-list\"><span class=\"tech-specs-items-description__title\">PoE: <\/span><span class=\"tech-specs-items-description__title-details\">IEEE802.3at, standard PoE<\/span><\/li>\n<li class=\"tech-specs-items-description-list\"><span class=\"tech-specs-items-description__title\">Network interface: <\/span><span class=\"tech-specs-items-description__title-details\">1<\/span><\/li>\n<li class=\"tech-specs-items-description-list\"><span class=\"tech-specs-items-description__title\">RS-485<\/span><span class=\"tech-specs-items-description__title-details\">1<\/span><\/li>\n<li class=\"tech-specs-items-description-list\"><span class=\"tech-specs-items-description__title\">Wiegand: <\/span><span class=\"tech-specs-items-description__title-details\">1<\/span><\/li>\n<li class=\"tech-specs-items-description-list\"><span class=\"tech-specs-items-description__title\">Lock output: <\/span><span class=\"tech-specs-items-description__title-details\">1<\/span><\/li>\n<li class=\"tech-specs-items-description-list\"><span class=\"tech-specs-items-description__title\">Exit button: <\/span><span class=\"tech-specs-items-description__title-details\">1<\/span><\/li>\n<li class=\"tech-specs-items-description-list\"><span class=\"tech-specs-items-description__title\">Door contact input: <\/span><span class=\"tech-specs-items-description__title-details\">1<\/span><\/li>\n<li class=\"tech-specs-items-description-list\"><span class=\"tech-specs-items-description__title\">TAMPER: <\/span><span class=\"tech-specs-items-description__title-details\">1<\/span><\/li>\n<li class=\"tech-specs-items-description-list\"><span class=\"tech-specs-items-description__title\">USB: <\/span><span class=\"tech-specs-items-description__title-details\">1<\/span><\/li>\n<\/ul>\n<h2><span class=\"tech-specs-items-description__title--heading\">Capacity<\/span><\/h2>\n<ul class=\"tech-specs-items-description\" data-target=\"Capacity\">\n<li class=\"tech-specs-items-description-list\"><span class=\"tech-specs-items-description__title\">Card capacity: <\/span><span class=\"tech-specs-items-description__title-details\">3,000<\/span><\/li>\n<li class=\"tech-specs-items-description-list\"><span class=\"tech-specs-items-description__title\">Face capacity: <\/span><span class=\"tech-specs-items-description__title-details\">1,500<\/span><\/li>\n<li class=\"tech-specs-items-description-list\"><span class=\"tech-specs-items-description__title\">Fingerprint capacity: <\/span><span class=\"tech-specs-items-description__title-details\">3,000<\/span><\/li>\n<li class=\"tech-specs-items-description-list\"><span class=\"tech-specs-items-description__title\">Event capacity: <\/span><span class=\"tech-specs-items-description__title-details\">150,000<\/span><\/li>\n<\/ul>\n<h2><span class=\"tech-specs-items-description__title--heading\">Authentication<\/span><\/h2>\n<ul class=\"tech-specs-items-description\" data-target=\"Authentication\">\n<li class=\"tech-specs-items-description-list\"><span class=\"tech-specs-items-description__title\">Card type: <\/span><span class=\"tech-specs-items-description__title-details\">EM card<\/span><\/li>\n<li class=\"tech-specs-items-description-list\"><span class=\"tech-specs-items-description__title\">Card reading frequency: <\/span><span class=\"tech-specs-items-description__title-details\">125 KHz<\/span><\/li>\n<li class=\"tech-specs-items-description-list\"><span class=\"tech-specs-items-description__title\">Face recognition duration<\/span><span class=\"tech-specs-items-description__title-details\">\uff1c 0.2 s<\/span><\/li>\n<li class=\"tech-specs-items-description-list\"><span class=\"tech-specs-items-description__title\">Face recognition accuracy rate<\/span><span class=\"tech-specs-items-description__title-details\">\uff1e 99%<\/span><\/li>\n<li class=\"tech-specs-items-description-list\"><span class=\"tech-specs-items-description__title\">Face recognition distance: <\/span><span class=\"tech-specs-items-description__title-details\">0.3 to 1.5 m<\/span><\/li>\n<li class=\"tech-specs-items-description-list\"><span class=\"tech-specs-items-description__title\">Fingerprint recognition duration<\/span><span class=\"tech-specs-items-description__title-details\">\uff1c1 s<\/span><\/li>\n<\/ul>\n<h2><span class=\"tech-specs-items-description__title--heading\">General<\/span><\/h2>\n<ul class=\"tech-specs-items-description\" data-target=\"General\">\n<li class=\"tech-specs-items-description-list\"><span class=\"tech-specs-items-description__title\">Power supply<\/span>\n<p class=\"mb-p\">Power input: Power interface (power adapter included, 12 VDC\/1 A) or PoE (37 to 57 VDC\/0.6 A)<\/p>\n<p class=\"mb-p\">Power output: Power supply for door lock, 12 VDC\/1 A (only when the device is powered by PoE supporting powering supply for door lock)<\/p>\n<\/li>\n<li class=\"tech-specs-items-description-list\"><span class=\"tech-specs-items-description__title\">Working temperature: <\/span><span class=\"tech-specs-items-description__title-details\">-30 \u00b0C to 60 \u00b0C (-22 \u00b0F to 140 \u00b0F)<\/span><\/li>\n<li class=\"tech-specs-items-description-list\"><span class=\"tech-specs-items-description__title\">Working humidity: <\/span><span class=\"tech-specs-items-description__title-details\">0 to 90% (No condensing)<\/span><\/li>\n<li class=\"tech-specs-items-description-list\"><span class=\"tech-specs-items-description__title\">Dimensions: <\/span><span class=\"tech-specs-items-description__title-details\">91.3 mm \u00d7 181.3 mm \u00d7 24.5 mm (3.59&#8243; \u00d7 7.14&#8243; \u00d7 0.96&#8243;)<\/span><\/li>\n<li class=\"tech-specs-items-description-list\"><span class=\"tech-specs-items-description__title\">Installation: <\/span><span class=\"tech-specs-items-description__title-details\">Wall Mounting<\/span><\/li>\n<li class=\"tech-specs-items-description-list\"><span class=\"tech-specs-items-description__title\">Protective level: <\/span><span class=\"tech-specs-items-description__title-details\">IP65<\/span><\/li>\n<li class=\"tech-specs-items-description-list\"><span class=\"tech-specs-items-description__title\">Language: <\/span><span class=\"tech-specs-items-description__title-details\">English, Spanish (South America), Arabic, Thai, Indonesian, Russian, Vietnamese, Portuguese (Brazil), Korean<\/span><\/li>\n<li class=\"tech-specs-items-description-list\"><span class=\"tech-specs-items-description__title\">Weight<\/span>\n<p class=\"mb-p\">Gross weight: 0.93 kg (2.05 lbs)<\/p>\n<p class=\"mb-p\">Net weight: 0.36 kg (0.79 lbs)<\/p>\n<\/li>\n<\/ul>\n<h2><span class=\"tech-specs-items-description__title--heading\">Function<\/span><\/h2>\n<ul class=\"tech-specs-items-description\" data-target=\"Function\">\n<li class=\"tech-specs-items-description-list\"><span class=\"tech-specs-items-description__title\">Face anti-spoofing: <\/span><span class=\"tech-specs-items-description__title-details\">Support<\/span><\/li>\n<li class=\"tech-specs-items-description-list\"><span class=\"tech-specs-items-description__title\">Audio prompt: <\/span><span class=\"tech-specs-items-description__title-details\">Support<\/span><\/li>\n<li class=\"tech-specs-items-description-list\"><span class=\"tech-specs-items-description__title\">Time synchronization: <\/span><span class=\"tech-specs-items-description__title-details\">Support<\/span><\/li>\n<\/ul>\n","protected":false},"excerpt":{"rendered":"<ul class=\"product_description_item-list\">\n<li class=\"product_description_item\">Max.1500 faces capacity, Max.3000 fingerprints capacity, and Max.3000 cards<\/li>\n<li class=\"product_description_item\">Face Recognition Terminal, 4.3-inch LCD touch screen, 2 Mega pixel wide-angle lens, built-in EM card reading module<\/li>\n<li class=\"product_description_item\">Two-way audio with client software, indoor station, and main station; Supports TCP\/IP, Wi-Fi<\/li>\n<li class=\"product_description_item\">Supports ISAPI, ISUP5.0<\/li>\n<li class=\"product_description_item\">Configuration via the web client<\/li>\n<li class=\"product_description_item\">Face Recognition Distance: 0.3 m to 1.5 m; Duration \uff1c 0.2 s\/User; Accuracy rate \u2265 99%<\/li>\n<li class=\"product_description_item\">Supports face with mask recognition<\/li>\n<li class=\"product_description_item\">Powers supply by standard PoE and at the same time powers supply for door lock (12 VDC\/1 A)<\/li>\n<li class=\"product_description_item\">Supports platform-applied personal PIN and device-set personal PIN<\/li>\n<\/ul>\n","protected":false},"featured_media":18550,"template":"","meta":{"_acf_changed":false},"product_brand":[297],"product_cat":[318,317],"product_tag":[],"class_list":{"0":"post-18679","1":"product","2":"type-product","3":"status-publish","4":"has-post-thumbnail","6":"product_brand-hikvision","7":"product_cat-access-control-terminals-en","8":"product_cat-face-recognition-terminals-en","10":"first","11":"instock","12":"featured","13":"shipping-taxable","14":"product-type-simple"},"acf":[],"yoast_head":"<!-- This site is optimized with the Yoast SEO plugin v27.3 - https:\/\/yoast.com\/product\/yoast-seo-wordpress\/ -->\n<title>Value Series Face Access Terminal - DS-K1T342EFWX-E1 - \u0633\u064a\u0641\u062a\u0649 \u0633\u0648\u0631\u0633<\/title>\n<meta name=\"description\" content=\"Deep learning algorithm, 4.3-inch capacitive touch screen, 2 MP wide-angle dual-lens, 3,000 face capacity, 3,000 card capacity, and 150,000 event capacity\" \/>\n<meta name=\"robots\" content=\"index, follow, max-snippet:-1, max-image-preview:large, max-video-preview:-1\" \/>\n<link rel=\"canonical\" href=\"https:\/\/safetysource-eg.com\/en\/product\/value-series-face-access-terminal-ds-k1t342efwx-e1\/\" \/>\n<meta property=\"og:locale\" content=\"en_US\" \/>\n<meta property=\"og:type\" content=\"article\" \/>\n<meta property=\"og:title\" content=\"Value Series Face Access Terminal - DS-K1T342EFWX-E1 - \u0633\u064a\u0641\u062a\u0649 \u0633\u0648\u0631\u0633\" \/>\n<meta property=\"og:description\" content=\"Deep learning algorithm, 4.3-inch capacitive touch screen, 2 MP wide-angle dual-lens, 3,000 face capacity, 3,000 card capacity, and 150,000 event capacity\" \/>\n<meta property=\"og:url\" content=\"https:\/\/safetysource-eg.com\/en\/product\/value-series-face-access-terminal-ds-k1t342efwx-e1\/\" \/>\n<meta property=\"og:site_name\" content=\"\u0633\u064a\u0641\u062a\u0649 \u0633\u0648\u0631\u0633\" \/>\n<meta property=\"article:modified_time\" content=\"2025-09-15T11:12:59+00:00\" \/>\n<meta property=\"og:image\" content=\"https:\/\/safetysource-eg.com\/wp-content\/uploads\/2025\/06\/safetySource-product-Face-Recognition-Terminal-DS-K1T342MFWX-E1.jpg\" \/>\n\t<meta property=\"og:image:width\" content=\"1000\" \/>\n\t<meta property=\"og:image:height\" content=\"1000\" \/>\n\t<meta property=\"og:image:type\" content=\"image\/jpeg\" \/>\n<meta name=\"twitter:card\" content=\"summary_large_image\" \/>\n<meta name=\"twitter:label1\" content=\"Est. reading time\" \/>\n\t<meta name=\"twitter:data1\" content=\"2 minutes\" \/>\n<script type=\"application\/ld+json\" class=\"yoast-schema-graph\">{\"@context\":\"https:\\\/\\\/schema.org\",\"@graph\":[{\"@type\":\"WebPage\",\"@id\":\"https:\\\/\\\/safetysource-eg.com\\\/en\\\/product\\\/value-series-face-access-terminal-ds-k1t342efwx-e1\\\/\",\"url\":\"https:\\\/\\\/safetysource-eg.com\\\/en\\\/product\\\/value-series-face-access-terminal-ds-k1t342efwx-e1\\\/\",\"name\":\"Value Series Face Access Terminal - DS-K1T342EFWX-E1 - \u0633\u064a\u0641\u062a\u0649 \u0633\u0648\u0631\u0633\",\"isPartOf\":{\"@id\":\"https:\\\/\\\/safetysource-eg.com\\\/en\\\/#website\"},\"primaryImageOfPage\":{\"@id\":\"https:\\\/\\\/safetysource-eg.com\\\/en\\\/product\\\/value-series-face-access-terminal-ds-k1t342efwx-e1\\\/#primaryimage\"},\"image\":{\"@id\":\"https:\\\/\\\/safetysource-eg.com\\\/en\\\/product\\\/value-series-face-access-terminal-ds-k1t342efwx-e1\\\/#primaryimage\"},\"thumbnailUrl\":\"https:\\\/\\\/safetysource-eg.com\\\/wp-content\\\/uploads\\\/2025\\\/06\\\/safetySource-product-Value-Series-Face-Access-Terminal-DS-K1T342EFWX.jpg\",\"datePublished\":\"2025-06-17T20:27:37+00:00\",\"dateModified\":\"2025-09-15T11:12:59+00:00\",\"description\":\"Deep learning algorithm, 4.3-inch capacitive touch screen, 2 MP wide-angle dual-lens, 3,000 face capacity, 3,000 card capacity, and 150,000 event capacity\",\"breadcrumb\":{\"@id\":\"https:\\\/\\\/safetysource-eg.com\\\/en\\\/product\\\/value-series-face-access-terminal-ds-k1t342efwx-e1\\\/#breadcrumb\"},\"inLanguage\":\"en-US\",\"potentialAction\":[{\"@type\":\"ReadAction\",\"target\":[\"https:\\\/\\\/safetysource-eg.com\\\/en\\\/product\\\/value-series-face-access-terminal-ds-k1t342efwx-e1\\\/\"]}]},{\"@type\":\"ImageObject\",\"inLanguage\":\"en-US\",\"@id\":\"https:\\\/\\\/safetysource-eg.com\\\/en\\\/product\\\/value-series-face-access-terminal-ds-k1t342efwx-e1\\\/#primaryimage\",\"url\":\"https:\\\/\\\/safetysource-eg.com\\\/wp-content\\\/uploads\\\/2025\\\/06\\\/safetySource-product-Value-Series-Face-Access-Terminal-DS-K1T342EFWX.jpg\",\"contentUrl\":\"https:\\\/\\\/safetysource-eg.com\\\/wp-content\\\/uploads\\\/2025\\\/06\\\/safetySource-product-Value-Series-Face-Access-Terminal-DS-K1T342EFWX.jpg\",\"width\":1000,\"height\":1000},{\"@type\":\"BreadcrumbList\",\"@id\":\"https:\\\/\\\/safetysource-eg.com\\\/en\\\/product\\\/value-series-face-access-terminal-ds-k1t342efwx-e1\\\/#breadcrumb\",\"itemListElement\":[{\"@type\":\"ListItem\",\"position\":1,\"name\":\"Home\",\"item\":\"https:\\\/\\\/safetysource-eg.com\\\/en\\\/\"},{\"@type\":\"ListItem\",\"position\":2,\"name\":\"Products\",\"item\":\"https:\\\/\\\/safetysource-eg.com\\\/en\\\/products\\\/\"},{\"@type\":\"ListItem\",\"position\":3,\"name\":\"Value Series Face Access Terminal &#8211; DS-K1T342EFWX-E1\"}]},{\"@type\":\"WebSite\",\"@id\":\"https:\\\/\\\/safetysource-eg.com\\\/en\\\/#website\",\"url\":\"https:\\\/\\\/safetysource-eg.com\\\/en\\\/\",\"name\":\"\u0633\u064a\u0641\u062a\u0649 \u0633\u0648\u0631\u0633\",\"description\":\"\u0623\u0646\u0638\u0645\u0629 \u0623\u0645\u0627\u0646 \u0630\u0643\u064a\u0629\",\"potentialAction\":[{\"@type\":\"SearchAction\",\"target\":{\"@type\":\"EntryPoint\",\"urlTemplate\":\"https:\\\/\\\/safetysource-eg.com\\\/en\\\/?s={search_term_string}\"},\"query-input\":{\"@type\":\"PropertyValueSpecification\",\"valueRequired\":true,\"valueName\":\"search_term_string\"}}],\"inLanguage\":\"en-US\"}]}<\/script>\n<!-- \/ Yoast SEO plugin. -->","yoast_head_json":{"title":"Value Series Face Access Terminal - DS-K1T342EFWX-E1 - \u0633\u064a\u0641\u062a\u0649 \u0633\u0648\u0631\u0633","description":"Deep learning algorithm, 4.3-inch capacitive touch screen, 2 MP wide-angle dual-lens, 3,000 face capacity, 3,000 card capacity, and 150,000 event capacity","robots":{"index":"index","follow":"follow","max-snippet":"max-snippet:-1","max-image-preview":"max-image-preview:large","max-video-preview":"max-video-preview:-1"},"canonical":"https:\/\/safetysource-eg.com\/en\/product\/value-series-face-access-terminal-ds-k1t342efwx-e1\/","og_locale":"en_US","og_type":"article","og_title":"Value Series Face Access Terminal - DS-K1T342EFWX-E1 - \u0633\u064a\u0641\u062a\u0649 \u0633\u0648\u0631\u0633","og_description":"Deep learning algorithm, 4.3-inch capacitive touch screen, 2 MP wide-angle dual-lens, 3,000 face capacity, 3,000 card capacity, and 150,000 event capacity","og_url":"https:\/\/safetysource-eg.com\/en\/product\/value-series-face-access-terminal-ds-k1t342efwx-e1\/","og_site_name":"\u0633\u064a\u0641\u062a\u0649 \u0633\u0648\u0631\u0633","article_modified_time":"2025-09-15T11:12:59+00:00","og_image":[{"width":1000,"height":1000,"url":"https:\/\/safetysource-eg.com\/wp-content\/uploads\/2025\/06\/safetySource-product-Face-Recognition-Terminal-DS-K1T342MFWX-E1.jpg","type":"image\/jpeg"}],"twitter_card":"summary_large_image","twitter_misc":{"Est. reading time":"2 minutes"},"schema":{"@context":"https:\/\/schema.org","@graph":[{"@type":"WebPage","@id":"https:\/\/safetysource-eg.com\/en\/product\/value-series-face-access-terminal-ds-k1t342efwx-e1\/","url":"https:\/\/safetysource-eg.com\/en\/product\/value-series-face-access-terminal-ds-k1t342efwx-e1\/","name":"Value Series Face Access Terminal - DS-K1T342EFWX-E1 - \u0633\u064a\u0641\u062a\u0649 \u0633\u0648\u0631\u0633","isPartOf":{"@id":"https:\/\/safetysource-eg.com\/en\/#website"},"primaryImageOfPage":{"@id":"https:\/\/safetysource-eg.com\/en\/product\/value-series-face-access-terminal-ds-k1t342efwx-e1\/#primaryimage"},"image":{"@id":"https:\/\/safetysource-eg.com\/en\/product\/value-series-face-access-terminal-ds-k1t342efwx-e1\/#primaryimage"},"thumbnailUrl":"https:\/\/safetysource-eg.com\/wp-content\/uploads\/2025\/06\/safetySource-product-Value-Series-Face-Access-Terminal-DS-K1T342EFWX.jpg","datePublished":"2025-06-17T20:27:37+00:00","dateModified":"2025-09-15T11:12:59+00:00","description":"Deep learning algorithm, 4.3-inch capacitive touch screen, 2 MP wide-angle dual-lens, 3,000 face capacity, 3,000 card capacity, and 150,000 event capacity","breadcrumb":{"@id":"https:\/\/safetysource-eg.com\/en\/product\/value-series-face-access-terminal-ds-k1t342efwx-e1\/#breadcrumb"},"inLanguage":"en-US","potentialAction":[{"@type":"ReadAction","target":["https:\/\/safetysource-eg.com\/en\/product\/value-series-face-access-terminal-ds-k1t342efwx-e1\/"]}]},{"@type":"ImageObject","inLanguage":"en-US","@id":"https:\/\/safetysource-eg.com\/en\/product\/value-series-face-access-terminal-ds-k1t342efwx-e1\/#primaryimage","url":"https:\/\/safetysource-eg.com\/wp-content\/uploads\/2025\/06\/safetySource-product-Value-Series-Face-Access-Terminal-DS-K1T342EFWX.jpg","contentUrl":"https:\/\/safetysource-eg.com\/wp-content\/uploads\/2025\/06\/safetySource-product-Value-Series-Face-Access-Terminal-DS-K1T342EFWX.jpg","width":1000,"height":1000},{"@type":"BreadcrumbList","@id":"https:\/\/safetysource-eg.com\/en\/product\/value-series-face-access-terminal-ds-k1t342efwx-e1\/#breadcrumb","itemListElement":[{"@type":"ListItem","position":1,"name":"Home","item":"https:\/\/safetysource-eg.com\/en\/"},{"@type":"ListItem","position":2,"name":"Products","item":"https:\/\/safetysource-eg.com\/en\/products\/"},{"@type":"ListItem","position":3,"name":"Value Series Face Access Terminal &#8211; DS-K1T342EFWX-E1"}]},{"@type":"WebSite","@id":"https:\/\/safetysource-eg.com\/en\/#website","url":"https:\/\/safetysource-eg.com\/en\/","name":"\u0633\u064a\u0641\u062a\u0649 \u0633\u0648\u0631\u0633","description":"\u0623\u0646\u0638\u0645\u0629 \u0623\u0645\u0627\u0646 \u0630\u0643\u064a\u0629","potentialAction":[{"@type":"SearchAction","target":{"@type":"EntryPoint","urlTemplate":"https:\/\/safetysource-eg.com\/en\/?s={search_term_string}"},"query-input":{"@type":"PropertyValueSpecification","valueRequired":true,"valueName":"search_term_string"}}],"inLanguage":"en-US"}]}},"_links":{"self":[{"href":"https:\/\/safetysource-eg.com\/en\/wp-json\/wp\/v2\/product\/18679","targetHints":{"allow":["GET"]}}],"collection":[{"href":"https:\/\/safetysource-eg.com\/en\/wp-json\/wp\/v2\/product"}],"about":[{"href":"https:\/\/safetysource-eg.com\/en\/wp-json\/wp\/v2\/types\/product"}],"wp:featuredmedia":[{"embeddable":true,"href":"https:\/\/safetysource-eg.com\/en\/wp-json\/wp\/v2\/media\/18550"}],"wp:attachment":[{"href":"https:\/\/safetysource-eg.com\/en\/wp-json\/wp\/v2\/media?parent=18679"}],"wp:term":[{"taxonomy":"product_brand","embeddable":true,"href":"https:\/\/safetysource-eg.com\/en\/wp-json\/wp\/v2\/product_brand?post=18679"},{"taxonomy":"product_cat","embeddable":true,"href":"https:\/\/safetysource-eg.com\/en\/wp-json\/wp\/v2\/product_cat?post=18679"},{"taxonomy":"product_tag","embeddable":true,"href":"https:\/\/safetysource-eg.com\/en\/wp-json\/wp\/v2\/product_tag?post=18679"}],"curies":[{"name":"wp","href":"https:\/\/api.w.org\/{rel}","templated":true}]}}