{"id":18680,"date":"2025-06-17T20:11:25","date_gmt":"2025-06-17T20:11:25","guid":{"rendered":"https:\/\/safetysource-eg.com\/product\/value-series-face-access-terminal-ds-k1t342efwx\/"},"modified":"2025-09-15T23:47:45","modified_gmt":"2025-09-15T23:47:45","slug":"value-series-face-access-terminal-ds-k1t342efwx","status":"publish","type":"product","link":"https:\/\/safetysource-eg.com\/en\/product\/value-series-face-access-terminal-ds-k1t342efwx\/","title":{"rendered":"Value Series Face Access Terminal &#8211; DS-K1T342EFWX"},"content":{"rendered":"<h2><span class=\"tech-specs-items-description__title--heading\">Display<\/span><\/h2>\n<ul class=\"tech-specs-items-description\" data-target=\"Display\">\n<li class=\"tech-specs-items-description-list\"><span class=\"tech-specs-items-description__title\">Screen size: <\/span><span class=\"tech-specs-items-description__title-details\">4.3 inch<\/span><\/li>\n<li class=\"tech-specs-items-description-list\"><span class=\"tech-specs-items-description__title\">Operation method: Capacitive<\/span><span class=\"tech-specs-items-description__title-details\">\u00a0touch screen<\/span><\/li>\n<li class=\"tech-specs-items-description-list\"><span class=\"tech-specs-items-description__title\">Type: <\/span><span class=\"tech-specs-items-description__title-details\">LCD<\/span><\/li>\n<\/ul>\n<h2><span class=\"tech-specs-items-description__title--heading\">Video<\/span><\/h2>\n<ul class=\"tech-specs-items-description\" data-target=\"Video\">\n<li class=\"tech-specs-items-description-list\"><span class=\"tech-specs-items-description__title\">Lens: <\/span><span class=\"tech-specs-items-description__title-details\">2<\/span><\/li>\n<li class=\"tech-specs-items-description-list\"><span class=\"tech-specs-items-description__title\">Resolution: <\/span><span class=\"tech-specs-items-description__title-details\">2 MP<\/span><\/li>\n<\/ul>\n<h2><span class=\"tech-specs-items-description__title--heading\">Audio<\/span><\/h2>\n<ul class=\"tech-specs-items-description\" data-target=\"Audio\">\n<li class=\"tech-specs-items-description-list\"><span class=\"tech-specs-items-description__title\">Audio quality: <\/span><span class=\"tech-specs-items-description__title-details\">Noise suppression and echo cancellation<\/span><\/li>\n<\/ul>\n<h2><span class=\"tech-specs-items-description__title--heading\">Network<\/span><\/h2>\n<ul class=\"tech-specs-items-description\" data-target=\"Network\">\n<li class=\"tech-specs-items-description-list\"><span class=\"tech-specs-items-description__title\">Wired network: <\/span><span class=\"tech-specs-items-description__title-details\">Support<\/span><\/li>\n<li class=\"tech-specs-items-description-list\"><span class=\"tech-specs-items-description__title\">Wi-Fi: <\/span><span class=\"tech-specs-items-description__title-details\">Support, 2.4 G, 802.11b\/g\/n<\/span><\/li>\n<\/ul>\n<h2><span class=\"tech-specs-items-description__title--heading\">Interface<\/span><\/h2>\n<ul class=\"tech-specs-items-description\" data-target=\"Interface\">\n<li class=\"tech-specs-items-description-list\"><span class=\"tech-specs-items-description__title\">Network interface: <\/span><span class=\"tech-specs-items-description__title-details\">1 RJ-45, 10\/100\/1000 M self-adaptive<\/span><\/li>\n<li class=\"tech-specs-items-description-list\"><span class=\"tech-specs-items-description__title\">Lock control: <\/span><span class=\"tech-specs-items-description__title-details\">1<\/span><\/li>\n<li class=\"tech-specs-items-description-list\"><span class=\"tech-specs-items-description__title\">Exit button: <\/span><span class=\"tech-specs-items-description__title-details\">1<\/span><\/li>\n<li class=\"tech-specs-items-description-list\"><span class=\"tech-specs-items-description__title\">Door contact input: <\/span><span class=\"tech-specs-items-description__title-details\">1<\/span><\/li>\n<li class=\"tech-specs-items-description-list\"><span class=\"tech-specs-items-description__title\">TAMPER: <\/span><span class=\"tech-specs-items-description__title-details\">1<\/span><\/li>\n<li class=\"tech-specs-items-description-list\"><span class=\"tech-specs-items-description__title\">RS-485<\/span><span class=\"tech-specs-items-description__title-details\">1 RS-485 (Half duplex, HIKVISION)<\/span><\/li>\n<li class=\"tech-specs-items-description-list\"><span class=\"tech-specs-items-description__title\">Wiegand: <\/span><span class=\"tech-specs-items-description__title-details\">1 Wiegand(Hik 26bit,Hik 34bit)<\/span><\/li>\n<li class=\"tech-specs-items-description-list\"><span class=\"tech-specs-items-description__title\">USB: <\/span><span class=\"tech-specs-items-description__title-details\">1<\/span><\/li>\n<\/ul>\n<h2><span class=\"tech-specs-items-description__title--heading\">Authentication<\/span><\/h2>\n<ul class=\"tech-specs-items-description\" data-target=\"Authentication\">\n<li class=\"tech-specs-items-description-list\"><span class=\"tech-specs-items-description__title\">Card type: <\/span><span class=\"tech-specs-items-description__title-details\">EM card<\/span><\/li>\n<li class=\"tech-specs-items-description-list\"><span class=\"tech-specs-items-description__title\">Card reading frequency: <\/span><span class=\"tech-specs-items-description__title-details\">125 KHz<\/span><\/li>\n<\/ul>\n<h2><span class=\"tech-specs-items-description__title--heading\">General<\/span><\/h2>\n<ul class=\"tech-specs-items-description\" data-target=\"General\">\n<li class=\"tech-specs-items-description-list\"><span class=\"tech-specs-items-description__title\">Power supply: <\/span><span class=\"tech-specs-items-description__title-details\">12 VDC, 1 A (power adapter included)<\/span><\/li>\n<li class=\"tech-specs-items-description-list\"><span class=\"tech-specs-items-description__title\">Working temperature: <\/span><span class=\"tech-specs-items-description__title-details\">-30 \u00b0C to 60 \u00b0C (-22 \u00b0F to 140 \u00b0F)<\/span><\/li>\n<li class=\"tech-specs-items-description-list\"><span class=\"tech-specs-items-description__title\">Working humidity: <\/span><span class=\"tech-specs-items-description__title-details\">0 to 90% (No condensing)<\/span><\/li>\n<li class=\"tech-specs-items-description-list\"><span class=\"tech-specs-items-description__title\">Dimensions: <\/span><span class=\"tech-specs-items-description__title-details\">91.3 mm \u00d7 181.3 mm \u00d7 24.5 mm (3.59&#8243; \u00d7 7.14&#8243; \u00d7 0.96&#8243;)<\/span><\/li>\n<li class=\"tech-specs-items-description-list\"><span class=\"tech-specs-items-description__title\">Installation: <\/span><span class=\"tech-specs-items-description__title-details\">Wall mounting<\/span><\/li>\n<li class=\"tech-specs-items-description-list\"><span class=\"tech-specs-items-description__title\">Weight<\/span>\n<p class=\"mb-p\">Gross weight: 0.93 kg (2.05 lb)<\/p>\n<p class=\"mb-p\">Net weight: 0.36 kg (0.79 lb)<\/p>\n<\/li>\n<li class=\"tech-specs-items-description-list\"><span class=\"tech-specs-items-description__title\">Language: <\/span><span class=\"tech-specs-items-description__title-details\">English, Spanish (South America), Arabic, Thai, Indonesian, Russian, Vietnamese, Portuguese (Brazil), Korean<\/span><\/li>\n<li class=\"tech-specs-items-description-list\"><span class=\"tech-specs-items-description__title\">Platform: <\/span><span class=\"tech-specs-items-description__title-details\">Hik-ProConnect and HikCentral Professional<\/span><\/li>\n<\/ul>\n<h2><span class=\"tech-specs-items-description__title--heading\">Function<\/span><\/h2>\n<ul class=\"tech-specs-items-description\" data-target=\"Function\">\n<li class=\"tech-specs-items-description-list\"><span class=\"tech-specs-items-description__title\">Face anti-spoofing: <\/span><span class=\"tech-specs-items-description__title-details\">Support<\/span><\/li>\n<\/ul>\n","protected":false},"excerpt":{"rendered":"<ul class=\"product_description_item-list\">\n<li class=\"product_description_item\">Max.1500 faces capacity, Max.3000 fingerprints capacity, and Max.3000 cards<\/li>\n<li class=\"product_description_item\">Face Recognition Terminal, 4.3-inch LCD touch screen,2 megapixel wide-angle lens, Built-in EM card reading module<\/li>\n<li class=\"product_description_item\">Two-way audio with client software, indoor station, and main station; Supports TCP\/IP, Wi-Fi<\/li>\n<li class=\"product_description_item\">Supports ISAPI, ISUP5.0<\/li>\n<li class=\"product_description_item\">Configuration via the web client<\/li>\n<li class=\"product_description_item\">Face Recognition Distance: 0.3 m to 1.5 m<\/li>\n<li class=\"product_description_item\">Duration \uff1c 0.2 s\/User<\/li>\n<li class=\"product_description_item\">Accuracy rate \u2265 99%<\/li>\n<li class=\"product_description_item\">Supports mask recognition<\/li>\n<\/ul>\n","protected":false},"featured_media":18550,"template":"","meta":{"_acf_changed":false},"product_brand":[297],"product_cat":[318,317],"product_tag":[],"class_list":{"0":"post-18680","1":"product","2":"type-product","3":"status-publish","4":"has-post-thumbnail","6":"product_brand-hikvision","7":"product_cat-access-control-terminals-en","8":"product_cat-face-recognition-terminals-en","10":"first","11":"instock","12":"featured","13":"shipping-taxable","14":"product-type-simple"},"acf":[],"yoast_head":"<!-- This site is optimized with the Yoast SEO plugin v27.3 - https:\/\/yoast.com\/product\/yoast-seo-wordpress\/ -->\n<title>Value Series Face Access Terminal - DS-K1T342EFWX - \u0633\u064a\u0641\u062a\u0649 \u0633\u0648\u0631\u0633<\/title>\n<meta name=\"description\" content=\"Deep learning algorithm, 4.3-inch capacitive touch screen, 2 MP wide-angle dual-lens, 3,000 face capacity, 3,000 card capacity, and 150,000 event capacity\" \/>\n<meta name=\"robots\" content=\"index, follow, max-snippet:-1, max-image-preview:large, max-video-preview:-1\" \/>\n<link rel=\"canonical\" href=\"https:\/\/safetysource-eg.com\/en\/product\/value-series-face-access-terminal-ds-k1t342efwx\/\" \/>\n<meta property=\"og:locale\" content=\"en_US\" \/>\n<meta property=\"og:type\" content=\"article\" \/>\n<meta property=\"og:title\" content=\"Value Series Face Access Terminal - DS-K1T342EFWX - \u0633\u064a\u0641\u062a\u0649 \u0633\u0648\u0631\u0633\" \/>\n<meta property=\"og:description\" content=\"Deep learning algorithm, 4.3-inch capacitive touch screen, 2 MP wide-angle dual-lens, 3,000 face capacity, 3,000 card capacity, and 150,000 event capacity\" \/>\n<meta property=\"og:url\" content=\"https:\/\/safetysource-eg.com\/en\/product\/value-series-face-access-terminal-ds-k1t342efwx\/\" \/>\n<meta property=\"og:site_name\" content=\"\u0633\u064a\u0641\u062a\u0649 \u0633\u0648\u0631\u0633\" \/>\n<meta property=\"article:modified_time\" content=\"2025-09-15T23:47:45+00:00\" \/>\n<meta property=\"og:image\" content=\"https:\/\/safetysource-eg.com\/wp-content\/uploads\/2025\/06\/safetySource-product-Value-Series-Face-Access-Terminal-DS-K1T342EFWX.jpg\" \/>\n\t<meta property=\"og:image:width\" content=\"1000\" \/>\n\t<meta property=\"og:image:height\" content=\"1000\" \/>\n\t<meta property=\"og:image:type\" content=\"image\/jpeg\" \/>\n<meta name=\"twitter:card\" content=\"summary_large_image\" \/>\n<meta name=\"twitter:label1\" content=\"Est. reading time\" \/>\n\t<meta name=\"twitter:data1\" content=\"1 minute\" \/>\n<script type=\"application\/ld+json\" class=\"yoast-schema-graph\">{\"@context\":\"https:\\\/\\\/schema.org\",\"@graph\":[{\"@type\":\"WebPage\",\"@id\":\"https:\\\/\\\/safetysource-eg.com\\\/en\\\/product\\\/value-series-face-access-terminal-ds-k1t342efwx\\\/\",\"url\":\"https:\\\/\\\/safetysource-eg.com\\\/en\\\/product\\\/value-series-face-access-terminal-ds-k1t342efwx\\\/\",\"name\":\"Value Series Face Access Terminal - DS-K1T342EFWX - \u0633\u064a\u0641\u062a\u0649 \u0633\u0648\u0631\u0633\",\"isPartOf\":{\"@id\":\"https:\\\/\\\/safetysource-eg.com\\\/en\\\/#website\"},\"primaryImageOfPage\":{\"@id\":\"https:\\\/\\\/safetysource-eg.com\\\/en\\\/product\\\/value-series-face-access-terminal-ds-k1t342efwx\\\/#primaryimage\"},\"image\":{\"@id\":\"https:\\\/\\\/safetysource-eg.com\\\/en\\\/product\\\/value-series-face-access-terminal-ds-k1t342efwx\\\/#primaryimage\"},\"thumbnailUrl\":\"https:\\\/\\\/safetysource-eg.com\\\/wp-content\\\/uploads\\\/2025\\\/06\\\/safetySource-product-Value-Series-Face-Access-Terminal-DS-K1T342EFWX.jpg\",\"datePublished\":\"2025-06-17T20:11:25+00:00\",\"dateModified\":\"2025-09-15T23:47:45+00:00\",\"description\":\"Deep learning algorithm, 4.3-inch capacitive touch screen, 2 MP wide-angle dual-lens, 3,000 face capacity, 3,000 card capacity, and 150,000 event capacity\",\"breadcrumb\":{\"@id\":\"https:\\\/\\\/safetysource-eg.com\\\/en\\\/product\\\/value-series-face-access-terminal-ds-k1t342efwx\\\/#breadcrumb\"},\"inLanguage\":\"en-US\",\"potentialAction\":[{\"@type\":\"ReadAction\",\"target\":[\"https:\\\/\\\/safetysource-eg.com\\\/en\\\/product\\\/value-series-face-access-terminal-ds-k1t342efwx\\\/\"]}]},{\"@type\":\"ImageObject\",\"inLanguage\":\"en-US\",\"@id\":\"https:\\\/\\\/safetysource-eg.com\\\/en\\\/product\\\/value-series-face-access-terminal-ds-k1t342efwx\\\/#primaryimage\",\"url\":\"https:\\\/\\\/safetysource-eg.com\\\/wp-content\\\/uploads\\\/2025\\\/06\\\/safetySource-product-Value-Series-Face-Access-Terminal-DS-K1T342EFWX.jpg\",\"contentUrl\":\"https:\\\/\\\/safetysource-eg.com\\\/wp-content\\\/uploads\\\/2025\\\/06\\\/safetySource-product-Value-Series-Face-Access-Terminal-DS-K1T342EFWX.jpg\",\"width\":1000,\"height\":1000},{\"@type\":\"BreadcrumbList\",\"@id\":\"https:\\\/\\\/safetysource-eg.com\\\/en\\\/product\\\/value-series-face-access-terminal-ds-k1t342efwx\\\/#breadcrumb\",\"itemListElement\":[{\"@type\":\"ListItem\",\"position\":1,\"name\":\"Home\",\"item\":\"https:\\\/\\\/safetysource-eg.com\\\/en\\\/\"},{\"@type\":\"ListItem\",\"position\":2,\"name\":\"Products\",\"item\":\"https:\\\/\\\/safetysource-eg.com\\\/en\\\/products\\\/\"},{\"@type\":\"ListItem\",\"position\":3,\"name\":\"Value Series Face Access Terminal &#8211; DS-K1T342EFWX\"}]},{\"@type\":\"WebSite\",\"@id\":\"https:\\\/\\\/safetysource-eg.com\\\/en\\\/#website\",\"url\":\"https:\\\/\\\/safetysource-eg.com\\\/en\\\/\",\"name\":\"\u0633\u064a\u0641\u062a\u0649 \u0633\u0648\u0631\u0633\",\"description\":\"\u0623\u0646\u0638\u0645\u0629 \u0623\u0645\u0627\u0646 \u0630\u0643\u064a\u0629\",\"potentialAction\":[{\"@type\":\"SearchAction\",\"target\":{\"@type\":\"EntryPoint\",\"urlTemplate\":\"https:\\\/\\\/safetysource-eg.com\\\/en\\\/?s={search_term_string}\"},\"query-input\":{\"@type\":\"PropertyValueSpecification\",\"valueRequired\":true,\"valueName\":\"search_term_string\"}}],\"inLanguage\":\"en-US\"}]}<\/script>\n<!-- \/ Yoast SEO plugin. -->","yoast_head_json":{"title":"Value Series Face Access Terminal - DS-K1T342EFWX - \u0633\u064a\u0641\u062a\u0649 \u0633\u0648\u0631\u0633","description":"Deep learning algorithm, 4.3-inch capacitive touch screen, 2 MP wide-angle dual-lens, 3,000 face capacity, 3,000 card capacity, and 150,000 event capacity","robots":{"index":"index","follow":"follow","max-snippet":"max-snippet:-1","max-image-preview":"max-image-preview:large","max-video-preview":"max-video-preview:-1"},"canonical":"https:\/\/safetysource-eg.com\/en\/product\/value-series-face-access-terminal-ds-k1t342efwx\/","og_locale":"en_US","og_type":"article","og_title":"Value Series Face Access Terminal - DS-K1T342EFWX - \u0633\u064a\u0641\u062a\u0649 \u0633\u0648\u0631\u0633","og_description":"Deep learning algorithm, 4.3-inch capacitive touch screen, 2 MP wide-angle dual-lens, 3,000 face capacity, 3,000 card capacity, and 150,000 event capacity","og_url":"https:\/\/safetysource-eg.com\/en\/product\/value-series-face-access-terminal-ds-k1t342efwx\/","og_site_name":"\u0633\u064a\u0641\u062a\u0649 \u0633\u0648\u0631\u0633","article_modified_time":"2025-09-15T23:47:45+00:00","og_image":[{"width":1000,"height":1000,"url":"https:\/\/safetysource-eg.com\/wp-content\/uploads\/2025\/06\/safetySource-product-Value-Series-Face-Access-Terminal-DS-K1T342EFWX.jpg","type":"image\/jpeg"}],"twitter_card":"summary_large_image","twitter_misc":{"Est. reading time":"1 minute"},"schema":{"@context":"https:\/\/schema.org","@graph":[{"@type":"WebPage","@id":"https:\/\/safetysource-eg.com\/en\/product\/value-series-face-access-terminal-ds-k1t342efwx\/","url":"https:\/\/safetysource-eg.com\/en\/product\/value-series-face-access-terminal-ds-k1t342efwx\/","name":"Value Series Face Access Terminal - DS-K1T342EFWX - \u0633\u064a\u0641\u062a\u0649 \u0633\u0648\u0631\u0633","isPartOf":{"@id":"https:\/\/safetysource-eg.com\/en\/#website"},"primaryImageOfPage":{"@id":"https:\/\/safetysource-eg.com\/en\/product\/value-series-face-access-terminal-ds-k1t342efwx\/#primaryimage"},"image":{"@id":"https:\/\/safetysource-eg.com\/en\/product\/value-series-face-access-terminal-ds-k1t342efwx\/#primaryimage"},"thumbnailUrl":"https:\/\/safetysource-eg.com\/wp-content\/uploads\/2025\/06\/safetySource-product-Value-Series-Face-Access-Terminal-DS-K1T342EFWX.jpg","datePublished":"2025-06-17T20:11:25+00:00","dateModified":"2025-09-15T23:47:45+00:00","description":"Deep learning algorithm, 4.3-inch capacitive touch screen, 2 MP wide-angle dual-lens, 3,000 face capacity, 3,000 card capacity, and 150,000 event capacity","breadcrumb":{"@id":"https:\/\/safetysource-eg.com\/en\/product\/value-series-face-access-terminal-ds-k1t342efwx\/#breadcrumb"},"inLanguage":"en-US","potentialAction":[{"@type":"ReadAction","target":["https:\/\/safetysource-eg.com\/en\/product\/value-series-face-access-terminal-ds-k1t342efwx\/"]}]},{"@type":"ImageObject","inLanguage":"en-US","@id":"https:\/\/safetysource-eg.com\/en\/product\/value-series-face-access-terminal-ds-k1t342efwx\/#primaryimage","url":"https:\/\/safetysource-eg.com\/wp-content\/uploads\/2025\/06\/safetySource-product-Value-Series-Face-Access-Terminal-DS-K1T342EFWX.jpg","contentUrl":"https:\/\/safetysource-eg.com\/wp-content\/uploads\/2025\/06\/safetySource-product-Value-Series-Face-Access-Terminal-DS-K1T342EFWX.jpg","width":1000,"height":1000},{"@type":"BreadcrumbList","@id":"https:\/\/safetysource-eg.com\/en\/product\/value-series-face-access-terminal-ds-k1t342efwx\/#breadcrumb","itemListElement":[{"@type":"ListItem","position":1,"name":"Home","item":"https:\/\/safetysource-eg.com\/en\/"},{"@type":"ListItem","position":2,"name":"Products","item":"https:\/\/safetysource-eg.com\/en\/products\/"},{"@type":"ListItem","position":3,"name":"Value Series Face Access Terminal &#8211; DS-K1T342EFWX"}]},{"@type":"WebSite","@id":"https:\/\/safetysource-eg.com\/en\/#website","url":"https:\/\/safetysource-eg.com\/en\/","name":"\u0633\u064a\u0641\u062a\u0649 \u0633\u0648\u0631\u0633","description":"\u0623\u0646\u0638\u0645\u0629 \u0623\u0645\u0627\u0646 \u0630\u0643\u064a\u0629","potentialAction":[{"@type":"SearchAction","target":{"@type":"EntryPoint","urlTemplate":"https:\/\/safetysource-eg.com\/en\/?s={search_term_string}"},"query-input":{"@type":"PropertyValueSpecification","valueRequired":true,"valueName":"search_term_string"}}],"inLanguage":"en-US"}]}},"_links":{"self":[{"href":"https:\/\/safetysource-eg.com\/en\/wp-json\/wp\/v2\/product\/18680","targetHints":{"allow":["GET"]}}],"collection":[{"href":"https:\/\/safetysource-eg.com\/en\/wp-json\/wp\/v2\/product"}],"about":[{"href":"https:\/\/safetysource-eg.com\/en\/wp-json\/wp\/v2\/types\/product"}],"wp:featuredmedia":[{"embeddable":true,"href":"https:\/\/safetysource-eg.com\/en\/wp-json\/wp\/v2\/media\/18550"}],"wp:attachment":[{"href":"https:\/\/safetysource-eg.com\/en\/wp-json\/wp\/v2\/media?parent=18680"}],"wp:term":[{"taxonomy":"product_brand","embeddable":true,"href":"https:\/\/safetysource-eg.com\/en\/wp-json\/wp\/v2\/product_brand?post=18680"},{"taxonomy":"product_cat","embeddable":true,"href":"https:\/\/safetysource-eg.com\/en\/wp-json\/wp\/v2\/product_cat?post=18680"},{"taxonomy":"product_tag","embeddable":true,"href":"https:\/\/safetysource-eg.com\/en\/wp-json\/wp\/v2\/product_tag?post=18680"}],"curies":[{"name":"wp","href":"https:\/\/api.w.org\/{rel}","templated":true}]}}