{"id":18681,"date":"2025-06-17T20:09:41","date_gmt":"2025-06-17T20:09:41","guid":{"rendered":"https:\/\/safetysource-eg.com\/product\/value-magnetic-locks-ds-k4h255-lz\/"},"modified":"2025-09-10T13:53:09","modified_gmt":"2025-09-10T13:53:09","slug":"value-magnetic-locks-ds-k4h255-lz","status":"publish","type":"product","link":"https:\/\/safetysource-eg.com\/en\/product\/value-magnetic-locks-ds-k4h255-lz\/","title":{"rendered":"Value Magnetic Locks &#8211; DS-K4H255-LZ"},"content":{"rendered":"<h2><span class=\"tech-specs-items-description__title--heading\">General<\/span><\/h2>\n<ul class=\"tech-specs-items-description\" data-target=\"General\">\n<li class=\"tech-specs-items-description-list\"><span class=\"tech-specs-items-description__title\">Dimensions: <\/span>L-bracket: 250 mm \u00d7 46 mm \u00d7 30 mm (9.8&#8243; \u00d7 1.8\\&#8221; \u00d7 1.2\\&#8221;)\n<p class=\"mb-p\">Z-bracket: 180 mm \u00d7 47 mm \u00d7 47 mm (7.1 \u00d7 1.9\\&#8221; \u00d7 1.9\\&#8221;)&#8221;<\/p>\n<\/li>\n<li class=\"tech-specs-items-description-list\"><span class=\"tech-specs-items-description__title\">Weight<\/span><span class=\"tech-specs-items-description__title-details\">: .5 kg (1.1 lb.)<\/span><\/li>\n<li class=\"tech-specs-items-description-list\"><span class=\"tech-specs-items-description__title\">Material: <\/span><span class=\"tech-specs-items-description__title-details\">High strength aluminum alloy surface sandblasting oxidation<\/span><\/li>\n<li class=\"tech-specs-items-description-list\"><span class=\"tech-specs-items-description__title\">Door type: <\/span><span class=\"tech-specs-items-description__title-details\">Wooden Door, Glass Door, Metal Door<\/span><\/li>\n<\/ul>\n<h2><span class=\"tech-specs-items-description__title--heading\">Bracket of Magnetic Lock\/General<\/span><\/h2>\n<ul class=\"tech-specs-items-description\" data-target=\"Bracket of Magnetic Lock\/General\">\n<li class=\"tech-specs-items-description-list\"><span class=\"tech-specs-items-description__title\">Suitable Door: <\/span><span class=\"tech-specs-items-description__title-details\">Wooden Door, Glass Door, Metal Door<\/span><\/li>\n<\/ul>\n","protected":false},"excerpt":{"rendered":"<ul class=\"product_description_item-list\">\n<li class=\"product_description_item\">Bracket for DS-K4H255S<\/li>\n<li class=\"product_description_item\">L bracket is used for fixed lock body<\/li>\n<li class=\"product_description_item\">Z bracket is used for suction plate fixed, is equipped with antiskid and structure adjustment<\/li>\n<\/ul>\n","protected":false},"featured_media":18551,"template":"","meta":{"_acf_changed":false},"product_brand":[297],"product_cat":[318,319,323],"product_tag":[],"class_list":{"0":"post-18681","1":"product","2":"type-product","3":"status-publish","4":"has-post-thumbnail","6":"product_brand-hikvision","7":"product_cat-access-control-terminals-en","8":"product_cat-access-control-accessories-en","9":"product_cat-accessories-en","11":"first","12":"instock","13":"featured","14":"shipping-taxable","15":"product-type-simple"},"acf":[],"yoast_head":"<!-- This site is optimized with the Yoast SEO plugin v27.3 - https:\/\/yoast.com\/product\/yoast-seo-wordpress\/ -->\n<title>Value Magnetic Locks - DS-K4H255-LZ - \u0633\u064a\u0641\u062a\u0649 \u0633\u0648\u0631\u0633<\/title>\n<meta name=\"description\" content=\"Bracket for DS-K4H255SL bracket is used for fixed lock bodyZ bracket is used for suction plate fixed,is equipped with antiskid and structure adjustment\" \/>\n<meta name=\"robots\" content=\"index, follow, max-snippet:-1, max-image-preview:large, max-video-preview:-1\" \/>\n<link rel=\"canonical\" href=\"https:\/\/safetysource-eg.com\/en\/product\/value-magnetic-locks-ds-k4h255-lz\/\" \/>\n<meta property=\"og:locale\" content=\"en_US\" \/>\n<meta property=\"og:type\" content=\"article\" \/>\n<meta property=\"og:title\" content=\"Value Magnetic Locks - DS-K4H255-LZ - \u0633\u064a\u0641\u062a\u0649 \u0633\u0648\u0631\u0633\" \/>\n<meta property=\"og:description\" content=\"Bracket for DS-K4H255SL bracket is used for fixed lock bodyZ bracket is used for suction plate fixed,is equipped with antiskid and structure adjustment\" \/>\n<meta property=\"og:url\" content=\"https:\/\/safetysource-eg.com\/en\/product\/value-magnetic-locks-ds-k4h255-lz\/\" \/>\n<meta property=\"og:site_name\" content=\"\u0633\u064a\u0641\u062a\u0649 \u0633\u0648\u0631\u0633\" \/>\n<meta property=\"article:modified_time\" content=\"2025-09-10T13:53:09+00:00\" \/>\n<meta property=\"og:image\" content=\"https:\/\/safetysource-eg.com\/wp-content\/uploads\/2025\/06\/DS-K4H255-LZ_image_1.jpg\" \/>\n\t<meta property=\"og:image:width\" content=\"1000\" \/>\n\t<meta property=\"og:image:height\" content=\"1000\" \/>\n\t<meta property=\"og:image:type\" content=\"image\/jpeg\" \/>\n<meta name=\"twitter:card\" content=\"summary_large_image\" \/>\n<meta name=\"twitter:label1\" content=\"Est. reading time\" \/>\n\t<meta name=\"twitter:data1\" content=\"1 minute\" \/>\n<script type=\"application\/ld+json\" class=\"yoast-schema-graph\">{\"@context\":\"https:\\\/\\\/schema.org\",\"@graph\":[{\"@type\":\"WebPage\",\"@id\":\"https:\\\/\\\/safetysource-eg.com\\\/en\\\/product\\\/value-magnetic-locks-ds-k4h255-lz\\\/\",\"url\":\"https:\\\/\\\/safetysource-eg.com\\\/en\\\/product\\\/value-magnetic-locks-ds-k4h255-lz\\\/\",\"name\":\"Value Magnetic Locks - DS-K4H255-LZ - \u0633\u064a\u0641\u062a\u0649 \u0633\u0648\u0631\u0633\",\"isPartOf\":{\"@id\":\"https:\\\/\\\/safetysource-eg.com\\\/en\\\/#website\"},\"primaryImageOfPage\":{\"@id\":\"https:\\\/\\\/safetysource-eg.com\\\/en\\\/product\\\/value-magnetic-locks-ds-k4h255-lz\\\/#primaryimage\"},\"image\":{\"@id\":\"https:\\\/\\\/safetysource-eg.com\\\/en\\\/product\\\/value-magnetic-locks-ds-k4h255-lz\\\/#primaryimage\"},\"thumbnailUrl\":\"https:\\\/\\\/safetysource-eg.com\\\/wp-content\\\/uploads\\\/2025\\\/06\\\/DS-K4H255-LZ_image_1.jpg\",\"datePublished\":\"2025-06-17T20:09:41+00:00\",\"dateModified\":\"2025-09-10T13:53:09+00:00\",\"description\":\"Bracket for DS-K4H255SL bracket is used for fixed lock bodyZ bracket is used for suction plate fixed,is equipped with antiskid and structure adjustment\",\"breadcrumb\":{\"@id\":\"https:\\\/\\\/safetysource-eg.com\\\/en\\\/product\\\/value-magnetic-locks-ds-k4h255-lz\\\/#breadcrumb\"},\"inLanguage\":\"en-US\",\"potentialAction\":[{\"@type\":\"ReadAction\",\"target\":[\"https:\\\/\\\/safetysource-eg.com\\\/en\\\/product\\\/value-magnetic-locks-ds-k4h255-lz\\\/\"]}]},{\"@type\":\"ImageObject\",\"inLanguage\":\"en-US\",\"@id\":\"https:\\\/\\\/safetysource-eg.com\\\/en\\\/product\\\/value-magnetic-locks-ds-k4h255-lz\\\/#primaryimage\",\"url\":\"https:\\\/\\\/safetysource-eg.com\\\/wp-content\\\/uploads\\\/2025\\\/06\\\/DS-K4H255-LZ_image_1.jpg\",\"contentUrl\":\"https:\\\/\\\/safetysource-eg.com\\\/wp-content\\\/uploads\\\/2025\\\/06\\\/DS-K4H255-LZ_image_1.jpg\",\"width\":1000,\"height\":1000},{\"@type\":\"BreadcrumbList\",\"@id\":\"https:\\\/\\\/safetysource-eg.com\\\/en\\\/product\\\/value-magnetic-locks-ds-k4h255-lz\\\/#breadcrumb\",\"itemListElement\":[{\"@type\":\"ListItem\",\"position\":1,\"name\":\"Home\",\"item\":\"https:\\\/\\\/safetysource-eg.com\\\/en\\\/\"},{\"@type\":\"ListItem\",\"position\":2,\"name\":\"Products\",\"item\":\"https:\\\/\\\/safetysource-eg.com\\\/en\\\/products\\\/\"},{\"@type\":\"ListItem\",\"position\":3,\"name\":\"Value Magnetic Locks &#8211; DS-K4H255-LZ\"}]},{\"@type\":\"WebSite\",\"@id\":\"https:\\\/\\\/safetysource-eg.com\\\/en\\\/#website\",\"url\":\"https:\\\/\\\/safetysource-eg.com\\\/en\\\/\",\"name\":\"\u0633\u064a\u0641\u062a\u0649 \u0633\u0648\u0631\u0633\",\"description\":\"\u0623\u0646\u0638\u0645\u0629 \u0623\u0645\u0627\u0646 \u0630\u0643\u064a\u0629\",\"potentialAction\":[{\"@type\":\"SearchAction\",\"target\":{\"@type\":\"EntryPoint\",\"urlTemplate\":\"https:\\\/\\\/safetysource-eg.com\\\/en\\\/?s={search_term_string}\"},\"query-input\":{\"@type\":\"PropertyValueSpecification\",\"valueRequired\":true,\"valueName\":\"search_term_string\"}}],\"inLanguage\":\"en-US\"}]}<\/script>\n<!-- \/ Yoast SEO plugin. -->","yoast_head_json":{"title":"Value Magnetic Locks - DS-K4H255-LZ - \u0633\u064a\u0641\u062a\u0649 \u0633\u0648\u0631\u0633","description":"Bracket for DS-K4H255SL bracket is used for fixed lock bodyZ bracket is used for suction plate fixed,is equipped with antiskid and structure adjustment","robots":{"index":"index","follow":"follow","max-snippet":"max-snippet:-1","max-image-preview":"max-image-preview:large","max-video-preview":"max-video-preview:-1"},"canonical":"https:\/\/safetysource-eg.com\/en\/product\/value-magnetic-locks-ds-k4h255-lz\/","og_locale":"en_US","og_type":"article","og_title":"Value Magnetic Locks - DS-K4H255-LZ - \u0633\u064a\u0641\u062a\u0649 \u0633\u0648\u0631\u0633","og_description":"Bracket for DS-K4H255SL bracket is used for fixed lock bodyZ bracket is used for suction plate fixed,is equipped with antiskid and structure adjustment","og_url":"https:\/\/safetysource-eg.com\/en\/product\/value-magnetic-locks-ds-k4h255-lz\/","og_site_name":"\u0633\u064a\u0641\u062a\u0649 \u0633\u0648\u0631\u0633","article_modified_time":"2025-09-10T13:53:09+00:00","og_image":[{"width":1000,"height":1000,"url":"https:\/\/safetysource-eg.com\/wp-content\/uploads\/2025\/06\/DS-K4H255-LZ_image_1.jpg","type":"image\/jpeg"}],"twitter_card":"summary_large_image","twitter_misc":{"Est. reading time":"1 minute"},"schema":{"@context":"https:\/\/schema.org","@graph":[{"@type":"WebPage","@id":"https:\/\/safetysource-eg.com\/en\/product\/value-magnetic-locks-ds-k4h255-lz\/","url":"https:\/\/safetysource-eg.com\/en\/product\/value-magnetic-locks-ds-k4h255-lz\/","name":"Value Magnetic Locks - DS-K4H255-LZ - \u0633\u064a\u0641\u062a\u0649 \u0633\u0648\u0631\u0633","isPartOf":{"@id":"https:\/\/safetysource-eg.com\/en\/#website"},"primaryImageOfPage":{"@id":"https:\/\/safetysource-eg.com\/en\/product\/value-magnetic-locks-ds-k4h255-lz\/#primaryimage"},"image":{"@id":"https:\/\/safetysource-eg.com\/en\/product\/value-magnetic-locks-ds-k4h255-lz\/#primaryimage"},"thumbnailUrl":"https:\/\/safetysource-eg.com\/wp-content\/uploads\/2025\/06\/DS-K4H255-LZ_image_1.jpg","datePublished":"2025-06-17T20:09:41+00:00","dateModified":"2025-09-10T13:53:09+00:00","description":"Bracket for DS-K4H255SL bracket is used for fixed lock bodyZ bracket is used for suction plate fixed,is equipped with antiskid and structure adjustment","breadcrumb":{"@id":"https:\/\/safetysource-eg.com\/en\/product\/value-magnetic-locks-ds-k4h255-lz\/#breadcrumb"},"inLanguage":"en-US","potentialAction":[{"@type":"ReadAction","target":["https:\/\/safetysource-eg.com\/en\/product\/value-magnetic-locks-ds-k4h255-lz\/"]}]},{"@type":"ImageObject","inLanguage":"en-US","@id":"https:\/\/safetysource-eg.com\/en\/product\/value-magnetic-locks-ds-k4h255-lz\/#primaryimage","url":"https:\/\/safetysource-eg.com\/wp-content\/uploads\/2025\/06\/DS-K4H255-LZ_image_1.jpg","contentUrl":"https:\/\/safetysource-eg.com\/wp-content\/uploads\/2025\/06\/DS-K4H255-LZ_image_1.jpg","width":1000,"height":1000},{"@type":"BreadcrumbList","@id":"https:\/\/safetysource-eg.com\/en\/product\/value-magnetic-locks-ds-k4h255-lz\/#breadcrumb","itemListElement":[{"@type":"ListItem","position":1,"name":"Home","item":"https:\/\/safetysource-eg.com\/en\/"},{"@type":"ListItem","position":2,"name":"Products","item":"https:\/\/safetysource-eg.com\/en\/products\/"},{"@type":"ListItem","position":3,"name":"Value Magnetic Locks &#8211; DS-K4H255-LZ"}]},{"@type":"WebSite","@id":"https:\/\/safetysource-eg.com\/en\/#website","url":"https:\/\/safetysource-eg.com\/en\/","name":"\u0633\u064a\u0641\u062a\u0649 \u0633\u0648\u0631\u0633","description":"\u0623\u0646\u0638\u0645\u0629 \u0623\u0645\u0627\u0646 \u0630\u0643\u064a\u0629","potentialAction":[{"@type":"SearchAction","target":{"@type":"EntryPoint","urlTemplate":"https:\/\/safetysource-eg.com\/en\/?s={search_term_string}"},"query-input":{"@type":"PropertyValueSpecification","valueRequired":true,"valueName":"search_term_string"}}],"inLanguage":"en-US"}]}},"_links":{"self":[{"href":"https:\/\/safetysource-eg.com\/en\/wp-json\/wp\/v2\/product\/18681","targetHints":{"allow":["GET"]}}],"collection":[{"href":"https:\/\/safetysource-eg.com\/en\/wp-json\/wp\/v2\/product"}],"about":[{"href":"https:\/\/safetysource-eg.com\/en\/wp-json\/wp\/v2\/types\/product"}],"wp:featuredmedia":[{"embeddable":true,"href":"https:\/\/safetysource-eg.com\/en\/wp-json\/wp\/v2\/media\/18551"}],"wp:attachment":[{"href":"https:\/\/safetysource-eg.com\/en\/wp-json\/wp\/v2\/media?parent=18681"}],"wp:term":[{"taxonomy":"product_brand","embeddable":true,"href":"https:\/\/safetysource-eg.com\/en\/wp-json\/wp\/v2\/product_brand?post=18681"},{"taxonomy":"product_cat","embeddable":true,"href":"https:\/\/safetysource-eg.com\/en\/wp-json\/wp\/v2\/product_cat?post=18681"},{"taxonomy":"product_tag","embeddable":true,"href":"https:\/\/safetysource-eg.com\/en\/wp-json\/wp\/v2\/product_tag?post=18681"}],"curies":[{"name":"wp","href":"https:\/\/api.w.org\/{rel}","templated":true}]}}