{"id":18689,"date":"2025-06-17T18:32:21","date_gmt":"2025-06-17T18:32:21","guid":{"rendered":"https:\/\/safetysource-eg.com\/product\/pro-flap-barriers-ds-k3y501sx-3\/"},"modified":"2025-09-15T10:01:04","modified_gmt":"2025-09-15T10:01:04","slug":"pro-flap-barriers-ds-k3y501sx-3","status":"publish","type":"product","link":"https:\/\/safetysource-eg.com\/en\/product\/pro-flap-barriers-ds-k3y501sx-3\/","title":{"rendered":"Pro Flap Barriers &#8211; DS-K3Y501SX"},"content":{"rendered":"<h2><span class=\"tech-specs-items-description__title--heading\">System<\/span><\/h2>\n<ul class=\"tech-specs-items-description\" data-target=\"System\">\n<li class=\"tech-specs-items-description-list\"><span class=\"tech-specs-items-description__title\">Motor: <\/span><span class=\"tech-specs-items-description__title-details\">Servo motor<\/span><\/li>\n<li class=\"tech-specs-items-description-list\"><span class=\"tech-specs-items-description__title\">MCBF: <\/span><span class=\"tech-specs-items-description__title-details\">\u2265 6 million times<\/span><\/li>\n<li class=\"tech-specs-items-description-list\"><span class=\"tech-specs-items-description__title\">IR light detectors: <\/span><span class=\"tech-specs-items-description__title-details\">12 pairs<\/span><\/li>\n<\/ul>\n<h2><span class=\"tech-specs-items-description__title--heading\">Interface<\/span><\/h2>\n<ul class=\"tech-specs-items-description\" data-target=\"Interface\">\n<li class=\"tech-specs-items-description-list\"><span class=\"tech-specs-items-description__title\">Network interface: <\/span><span class=\"tech-specs-items-description__title-details\">1<\/span><\/li>\n<li class=\"tech-specs-items-description-list\"><span class=\"tech-specs-items-description__title\">Lock control: <\/span><span class=\"tech-specs-items-description__title-details\">2<\/span><\/li>\n<li class=\"tech-specs-items-description-list\"><span class=\"tech-specs-items-description__title\">RS-485: <\/span><span class=\"tech-specs-items-description__title-details\">4<\/span><\/li>\n<li class=\"tech-specs-items-description-list\"><span class=\"tech-specs-items-description__title\">RS-232: <\/span><span class=\"tech-specs-items-description__title-details\">4<\/span><\/li>\n<\/ul>\n<h2><span class=\"tech-specs-items-description__title--heading\">Capacity<\/span><\/h2>\n<ul class=\"tech-specs-items-description\" data-target=\"Capacity\">\n<li class=\"tech-specs-items-description-list\"><span class=\"tech-specs-items-description__title\">Card capacity: <\/span><span class=\"tech-specs-items-description__title-details\">60,000<\/span><\/li>\n<li class=\"tech-specs-items-description-list\"><span class=\"tech-specs-items-description__title\">Event capacity: <\/span><span class=\"tech-specs-items-description__title-details\">180,000<\/span><\/li>\n<\/ul>\n<h2><span class=\"tech-specs-items-description__title--heading\">General<\/span><\/h2>\n<ul class=\"tech-specs-items-description\" data-target=\"General\">\n<li class=\"tech-specs-items-description-list\"><span class=\"tech-specs-items-description__title\">Throughput<\/span>\n<p class=\"mb-p\">: 30 to 60 persons per minute<\/p>\n<p class=\"mb-p\">The actual throughput is affected by the person passing rate and passing method.<\/p>\n<\/li>\n<li class=\"tech-specs-items-description-list\"><span class=\"tech-specs-items-description__title\">Lane width: <\/span><span class=\"tech-specs-items-description__title-details\">600 mm (23.62&#8243;)<\/span><\/li>\n<li class=\"tech-specs-items-description-list\"><span class=\"tech-specs-items-description__title\">Barrier material: <\/span><span class=\"tech-specs-items-description__title-details\">Acrylic<\/span><\/li>\n<li class=\"tech-specs-items-description-list\"><span class=\"tech-specs-items-description__title\">Pedestal material: <\/span><span class=\"tech-specs-items-description__title-details\">SUS304 stainless steel<\/span><\/li>\n<li class=\"tech-specs-items-description-list\"><span class=\"tech-specs-items-description__title\">Working temperature: <\/span><span class=\"tech-specs-items-description__title-details\">-20 \u00b0C to 70 \u00b0C (-4 \u00b0F to 158 \u00b0F)<\/span><\/li>\n<li class=\"tech-specs-items-description-list\"><span class=\"tech-specs-items-description__title\">Working humidity: <\/span><span class=\"tech-specs-items-description__title-details\">0% to 95% (No condensing)<\/span><\/li>\n<li class=\"tech-specs-items-description-list\"><span class=\"tech-specs-items-description__title\">Dimensions<\/span>\n<p class=\"mb-p\">: Without package: 300 mm \u00d7 1010 mm \u00d7 1406.8 mm (11.81&#8243; \u00d7 39.76&#8243; \u00d7 55.38&#8243;)<\/p>\n<p class=\"mb-p\">With package: 490 mm \u00d7 1160 mm \u00d7 1640 mm (19.29 \u00d7 45.67&#8243; \u00d7 64.57&#8243;)&#8221;<\/p>\n<\/li>\n<li class=\"tech-specs-items-description-list\"><span class=\"tech-specs-items-description__title\">Weight: <\/span><span class=\"tech-specs-items-description__title-details\">Without packaging: 74 kg (left and right)\/90 kg (middle) (163 lb.\/198 lb.) With packaging: 99 kg (left and right)\/115 kg (middle) (218 lb.\/254 lb.)<\/span><\/li>\n<\/ul>\n<h2><span class=\"tech-specs-items-description__title--heading\">Configuration<\/span><\/h2>\n<ul class=\"tech-specs-items-description\" data-target=\"Configuration\">\n<li class=\"tech-specs-items-description-list\"><span class=\"tech-specs-items-description__title\">Lane width: <\/span><span class=\"tech-specs-items-description__title-details\">600 mm<\/span><\/li>\n<li class=\"tech-specs-items-description-list\"><span class=\"tech-specs-items-description__title\">Pedestal length: <\/span><span class=\"tech-specs-items-description__title-details\">1410 mm<\/span><\/li>\n<li class=\"tech-specs-items-description-list\"><span class=\"tech-specs-items-description__title\">Module selection: <\/span><span class=\"tech-specs-items-description__title-details\">YES<\/span><\/li>\n<li class=\"tech-specs-items-description-list\"><span class=\"tech-specs-items-description__title\">Pedestal width: <\/span><span class=\"tech-specs-items-description__title-details\">300 mm<\/span><\/li>\n<li class=\"tech-specs-items-description-list\"><span class=\"tech-specs-items-description__title\">Wall distance: <\/span><span class=\"tech-specs-items-description__title-details\">130 mm<\/span><\/li>\n<li class=\"tech-specs-items-description-list\"><span class=\"tech-specs-items-description__title\">Base: <\/span><span class=\"tech-specs-items-description__title-details\">YES<\/span><\/li>\n<li class=\"tech-specs-items-description-list\"><span class=\"tech-specs-items-description__title\">Barrier material: <\/span><span class=\"tech-specs-items-description__title-details\">Acrylic<\/span><\/li>\n<li class=\"tech-specs-items-description-list\"><span class=\"tech-specs-items-description__title\">Application environment: <\/span><span class=\"tech-specs-items-description__title-details\">Indoor and outdoor<\/span><\/li>\n<li class=\"tech-specs-items-description-list\"><span class=\"tech-specs-items-description__title\">Authentication mode: Card; Face<\/span><\/li>\n<li class=\"tech-specs-items-description-list\"><span class=\"tech-specs-items-description__title\">Card type: <\/span><span class=\"tech-specs-items-description__title-details\">EM;M1<\/span><\/li>\n<li class=\"tech-specs-items-description-list\"><span class=\"tech-specs-items-description__title\">Recommended width: <\/span><span class=\"tech-specs-items-description__title-details\">600 mm<\/span><\/li>\n<li class=\"tech-specs-items-description-list\"><span class=\"tech-specs-items-description__title\">Base model: <\/span><span class=\"tech-specs-items-description__title-details\">DS-Y501-BASE<\/span><\/li>\n<li class=\"tech-specs-items-description-list\"><span class=\"tech-specs-items-description__title\">Product type: <\/span><span class=\"tech-specs-items-description__title-details\">Flap barrier<\/span><\/li>\n<li class=\"tech-specs-items-description-list\"><span class=\"tech-specs-items-description__title\">Remote controller type: <\/span><span class=\"tech-specs-items-description__title-details\">433Mhz;868Mhz<\/span><\/li>\n<li class=\"tech-specs-items-description-list\"><span class=\"tech-specs-items-description__title\">Convert Face: <\/span><span class=\"tech-specs-items-description__title-details\">NO<\/span><\/li>\n<li class=\"tech-specs-items-description-list\"><span class=\"tech-specs-items-description__title\">Door wing gap: <\/span><span class=\"tech-specs-items-description__title-details\">Default:50mm<\/span><\/li>\n<\/ul>\n","protected":false},"excerpt":{"rendered":"<ul class=\"product_description_item-list\">\n<li class=\"product_description_item\">Permissions validation and anti-tailgating.<\/li>\n<li class=\"product_description_item\">Remaining open\/closed mode selectable.<\/li>\n<li class=\"product_description_item\">The barrier will be open or stop working when people are nipped.<\/li>\n<li class=\"product_description_item\">Self-detection, Self-diagnostics, and automatic alarm .<\/li>\n<li class=\"product_description_item\">Audible and visual alarm will be triggered when detecting intrusion, tailgating reverse passing, and climbing over barrier.<\/li>\n<li class=\"product_description_item\">TCP\/IP network communication: The communication data is specially encrypted to relieve the concern of privacy leak.<\/li>\n<li class=\"product_description_item\">LED indicates the entrance\/exit and passing status.<\/li>\n<li class=\"product_description_item\">Fire alarm passing: When the fire alarm is triggered, the barrier will be open automatically for emergency evacuation.<\/li>\n<\/ul>\n","protected":false},"featured_media":18543,"template":"","meta":{"_acf_changed":false},"product_brand":[297],"product_cat":[324,325],"product_tag":[],"class_list":{"0":"post-18689","1":"product","2":"type-product","3":"status-publish","4":"has-post-thumbnail","6":"product_brand-hikvision","7":"product_cat-speed-gates-en","8":"product_cat-turnstile-en","10":"first","11":"instock","12":"featured","13":"shipping-taxable","14":"product-type-simple"},"acf":[],"yoast_head":"<!-- This site is optimized with the Yoast SEO plugin v27.3 - https:\/\/yoast.com\/product\/yoast-seo-wordpress\/ -->\n<title>Pro Flap Barriers - DS-K3Y501SX - \u0633\u064a\u0641\u062a\u0649 \u0633\u0648\u0631\u0633<\/title>\n<meta name=\"description\" content=\"Permissions validation and anti-tailgating.Remaining open\/closed mode selectable.The barrier will be open or stop working when people are nipped.\" \/>\n<meta name=\"robots\" content=\"index, follow, max-snippet:-1, max-image-preview:large, max-video-preview:-1\" \/>\n<link rel=\"canonical\" href=\"https:\/\/safetysource-eg.com\/en\/product\/pro-flap-barriers-ds-k3y501sx-3\/\" \/>\n<meta property=\"og:locale\" content=\"en_US\" \/>\n<meta property=\"og:type\" content=\"article\" \/>\n<meta property=\"og:title\" content=\"Pro Flap Barriers - DS-K3Y501SX - \u0633\u064a\u0641\u062a\u0649 \u0633\u0648\u0631\u0633\" \/>\n<meta property=\"og:description\" content=\"Permissions validation and anti-tailgating.Remaining open\/closed mode selectable.The barrier will be open or stop working when people are nipped.\" \/>\n<meta property=\"og:url\" content=\"https:\/\/safetysource-eg.com\/en\/product\/pro-flap-barriers-ds-k3y501sx-3\/\" \/>\n<meta property=\"og:site_name\" content=\"\u0633\u064a\u0641\u062a\u0649 \u0633\u0648\u0631\u0633\" \/>\n<meta property=\"article:modified_time\" content=\"2025-09-15T10:01:04+00:00\" \/>\n<meta property=\"og:image\" content=\"https:\/\/safetysource-eg.com\/wp-content\/uploads\/2025\/06\/DS-K3Y501SX_image_1.jpg\" \/>\n\t<meta property=\"og:image:width\" content=\"1000\" \/>\n\t<meta property=\"og:image:height\" content=\"1000\" \/>\n\t<meta property=\"og:image:type\" content=\"image\/jpeg\" \/>\n<meta name=\"twitter:card\" content=\"summary_large_image\" \/>\n<meta name=\"twitter:label1\" content=\"Est. reading time\" \/>\n\t<meta name=\"twitter:data1\" content=\"2 minutes\" \/>\n<script type=\"application\/ld+json\" class=\"yoast-schema-graph\">{\"@context\":\"https:\\\/\\\/schema.org\",\"@graph\":[{\"@type\":\"WebPage\",\"@id\":\"https:\\\/\\\/safetysource-eg.com\\\/en\\\/product\\\/pro-flap-barriers-ds-k3y501sx-3\\\/\",\"url\":\"https:\\\/\\\/safetysource-eg.com\\\/en\\\/product\\\/pro-flap-barriers-ds-k3y501sx-3\\\/\",\"name\":\"Pro Flap Barriers - DS-K3Y501SX - \u0633\u064a\u0641\u062a\u0649 \u0633\u0648\u0631\u0633\",\"isPartOf\":{\"@id\":\"https:\\\/\\\/safetysource-eg.com\\\/en\\\/#website\"},\"primaryImageOfPage\":{\"@id\":\"https:\\\/\\\/safetysource-eg.com\\\/en\\\/product\\\/pro-flap-barriers-ds-k3y501sx-3\\\/#primaryimage\"},\"image\":{\"@id\":\"https:\\\/\\\/safetysource-eg.com\\\/en\\\/product\\\/pro-flap-barriers-ds-k3y501sx-3\\\/#primaryimage\"},\"thumbnailUrl\":\"https:\\\/\\\/safetysource-eg.com\\\/wp-content\\\/uploads\\\/2025\\\/06\\\/DS-K3Y501SX_image_1.jpg\",\"datePublished\":\"2025-06-17T18:32:21+00:00\",\"dateModified\":\"2025-09-15T10:01:04+00:00\",\"description\":\"Permissions validation and anti-tailgating.Remaining open\\\/closed mode selectable.The barrier will be open or stop working when people are nipped.\",\"breadcrumb\":{\"@id\":\"https:\\\/\\\/safetysource-eg.com\\\/en\\\/product\\\/pro-flap-barriers-ds-k3y501sx-3\\\/#breadcrumb\"},\"inLanguage\":\"en-US\",\"potentialAction\":[{\"@type\":\"ReadAction\",\"target\":[\"https:\\\/\\\/safetysource-eg.com\\\/en\\\/product\\\/pro-flap-barriers-ds-k3y501sx-3\\\/\"]}]},{\"@type\":\"ImageObject\",\"inLanguage\":\"en-US\",\"@id\":\"https:\\\/\\\/safetysource-eg.com\\\/en\\\/product\\\/pro-flap-barriers-ds-k3y501sx-3\\\/#primaryimage\",\"url\":\"https:\\\/\\\/safetysource-eg.com\\\/wp-content\\\/uploads\\\/2025\\\/06\\\/DS-K3Y501SX_image_1.jpg\",\"contentUrl\":\"https:\\\/\\\/safetysource-eg.com\\\/wp-content\\\/uploads\\\/2025\\\/06\\\/DS-K3Y501SX_image_1.jpg\",\"width\":1000,\"height\":1000},{\"@type\":\"BreadcrumbList\",\"@id\":\"https:\\\/\\\/safetysource-eg.com\\\/en\\\/product\\\/pro-flap-barriers-ds-k3y501sx-3\\\/#breadcrumb\",\"itemListElement\":[{\"@type\":\"ListItem\",\"position\":1,\"name\":\"Home\",\"item\":\"https:\\\/\\\/safetysource-eg.com\\\/en\\\/\"},{\"@type\":\"ListItem\",\"position\":2,\"name\":\"Products\",\"item\":\"https:\\\/\\\/safetysource-eg.com\\\/en\\\/products\\\/\"},{\"@type\":\"ListItem\",\"position\":3,\"name\":\"Pro Flap Barriers &#8211; DS-K3Y501SX\"}]},{\"@type\":\"WebSite\",\"@id\":\"https:\\\/\\\/safetysource-eg.com\\\/en\\\/#website\",\"url\":\"https:\\\/\\\/safetysource-eg.com\\\/en\\\/\",\"name\":\"\u0633\u064a\u0641\u062a\u0649 \u0633\u0648\u0631\u0633\",\"description\":\"\u0623\u0646\u0638\u0645\u0629 \u0623\u0645\u0627\u0646 \u0630\u0643\u064a\u0629\",\"potentialAction\":[{\"@type\":\"SearchAction\",\"target\":{\"@type\":\"EntryPoint\",\"urlTemplate\":\"https:\\\/\\\/safetysource-eg.com\\\/en\\\/?s={search_term_string}\"},\"query-input\":{\"@type\":\"PropertyValueSpecification\",\"valueRequired\":true,\"valueName\":\"search_term_string\"}}],\"inLanguage\":\"en-US\"}]}<\/script>\n<!-- \/ Yoast SEO plugin. -->","yoast_head_json":{"title":"Pro Flap Barriers - DS-K3Y501SX - \u0633\u064a\u0641\u062a\u0649 \u0633\u0648\u0631\u0633","description":"Permissions validation and anti-tailgating.Remaining open\/closed mode selectable.The barrier will be open or stop working when people are nipped.","robots":{"index":"index","follow":"follow","max-snippet":"max-snippet:-1","max-image-preview":"max-image-preview:large","max-video-preview":"max-video-preview:-1"},"canonical":"https:\/\/safetysource-eg.com\/en\/product\/pro-flap-barriers-ds-k3y501sx-3\/","og_locale":"en_US","og_type":"article","og_title":"Pro Flap Barriers - DS-K3Y501SX - \u0633\u064a\u0641\u062a\u0649 \u0633\u0648\u0631\u0633","og_description":"Permissions validation and anti-tailgating.Remaining open\/closed mode selectable.The barrier will be open or stop working when people are nipped.","og_url":"https:\/\/safetysource-eg.com\/en\/product\/pro-flap-barriers-ds-k3y501sx-3\/","og_site_name":"\u0633\u064a\u0641\u062a\u0649 \u0633\u0648\u0631\u0633","article_modified_time":"2025-09-15T10:01:04+00:00","og_image":[{"width":1000,"height":1000,"url":"https:\/\/safetysource-eg.com\/wp-content\/uploads\/2025\/06\/DS-K3Y501SX_image_1.jpg","type":"image\/jpeg"}],"twitter_card":"summary_large_image","twitter_misc":{"Est. reading time":"2 minutes"},"schema":{"@context":"https:\/\/schema.org","@graph":[{"@type":"WebPage","@id":"https:\/\/safetysource-eg.com\/en\/product\/pro-flap-barriers-ds-k3y501sx-3\/","url":"https:\/\/safetysource-eg.com\/en\/product\/pro-flap-barriers-ds-k3y501sx-3\/","name":"Pro Flap Barriers - DS-K3Y501SX - \u0633\u064a\u0641\u062a\u0649 \u0633\u0648\u0631\u0633","isPartOf":{"@id":"https:\/\/safetysource-eg.com\/en\/#website"},"primaryImageOfPage":{"@id":"https:\/\/safetysource-eg.com\/en\/product\/pro-flap-barriers-ds-k3y501sx-3\/#primaryimage"},"image":{"@id":"https:\/\/safetysource-eg.com\/en\/product\/pro-flap-barriers-ds-k3y501sx-3\/#primaryimage"},"thumbnailUrl":"https:\/\/safetysource-eg.com\/wp-content\/uploads\/2025\/06\/DS-K3Y501SX_image_1.jpg","datePublished":"2025-06-17T18:32:21+00:00","dateModified":"2025-09-15T10:01:04+00:00","description":"Permissions validation and anti-tailgating.Remaining open\/closed mode selectable.The barrier will be open or stop working when people are nipped.","breadcrumb":{"@id":"https:\/\/safetysource-eg.com\/en\/product\/pro-flap-barriers-ds-k3y501sx-3\/#breadcrumb"},"inLanguage":"en-US","potentialAction":[{"@type":"ReadAction","target":["https:\/\/safetysource-eg.com\/en\/product\/pro-flap-barriers-ds-k3y501sx-3\/"]}]},{"@type":"ImageObject","inLanguage":"en-US","@id":"https:\/\/safetysource-eg.com\/en\/product\/pro-flap-barriers-ds-k3y501sx-3\/#primaryimage","url":"https:\/\/safetysource-eg.com\/wp-content\/uploads\/2025\/06\/DS-K3Y501SX_image_1.jpg","contentUrl":"https:\/\/safetysource-eg.com\/wp-content\/uploads\/2025\/06\/DS-K3Y501SX_image_1.jpg","width":1000,"height":1000},{"@type":"BreadcrumbList","@id":"https:\/\/safetysource-eg.com\/en\/product\/pro-flap-barriers-ds-k3y501sx-3\/#breadcrumb","itemListElement":[{"@type":"ListItem","position":1,"name":"Home","item":"https:\/\/safetysource-eg.com\/en\/"},{"@type":"ListItem","position":2,"name":"Products","item":"https:\/\/safetysource-eg.com\/en\/products\/"},{"@type":"ListItem","position":3,"name":"Pro Flap Barriers &#8211; DS-K3Y501SX"}]},{"@type":"WebSite","@id":"https:\/\/safetysource-eg.com\/en\/#website","url":"https:\/\/safetysource-eg.com\/en\/","name":"\u0633\u064a\u0641\u062a\u0649 \u0633\u0648\u0631\u0633","description":"\u0623\u0646\u0638\u0645\u0629 \u0623\u0645\u0627\u0646 \u0630\u0643\u064a\u0629","potentialAction":[{"@type":"SearchAction","target":{"@type":"EntryPoint","urlTemplate":"https:\/\/safetysource-eg.com\/en\/?s={search_term_string}"},"query-input":{"@type":"PropertyValueSpecification","valueRequired":true,"valueName":"search_term_string"}}],"inLanguage":"en-US"}]}},"_links":{"self":[{"href":"https:\/\/safetysource-eg.com\/en\/wp-json\/wp\/v2\/product\/18689","targetHints":{"allow":["GET"]}}],"collection":[{"href":"https:\/\/safetysource-eg.com\/en\/wp-json\/wp\/v2\/product"}],"about":[{"href":"https:\/\/safetysource-eg.com\/en\/wp-json\/wp\/v2\/types\/product"}],"wp:featuredmedia":[{"embeddable":true,"href":"https:\/\/safetysource-eg.com\/en\/wp-json\/wp\/v2\/media\/18543"}],"wp:attachment":[{"href":"https:\/\/safetysource-eg.com\/en\/wp-json\/wp\/v2\/media?parent=18689"}],"wp:term":[{"taxonomy":"product_brand","embeddable":true,"href":"https:\/\/safetysource-eg.com\/en\/wp-json\/wp\/v2\/product_brand?post=18689"},{"taxonomy":"product_cat","embeddable":true,"href":"https:\/\/safetysource-eg.com\/en\/wp-json\/wp\/v2\/product_cat?post=18689"},{"taxonomy":"product_tag","embeddable":true,"href":"https:\/\/safetysource-eg.com\/en\/wp-json\/wp\/v2\/product_tag?post=18689"}],"curies":[{"name":"wp","href":"https:\/\/api.w.org\/{rel}","templated":true}]}}