{"id":18698,"date":"2025-06-17T12:59:23","date_gmt":"2025-06-17T12:59:23","guid":{"rendered":"https:\/\/safetysource-eg.com\/product\/fixed-base-fixed-base\/"},"modified":"2025-08-24T14:53:14","modified_gmt":"2025-08-24T14:53:14","slug":"fixed-base-fixed-base","status":"publish","type":"product","link":"https:\/\/safetysource-eg.com\/en\/product\/fixed-base-fixed-base\/","title":{"rendered":"Fixed Base &#8211; Fixed Base"},"content":{"rendered":"<h2><span class=\"tech-specs-items-description__title--heading\">General<\/span><\/h2>\n<ul class=\"tech-specs-items-description\" data-target=\"General\">\n<li class=\"tech-specs-items-description-list\"><span class=\"tech-specs-items-description__title\">Lane width: <\/span><span class=\"tech-specs-items-description__title-details\">650mm\/750mm\/900mm\/950mm<\/span><\/li>\n<li class=\"tech-specs-items-description-list\"><span class=\"tech-specs-items-description__title\">Dimensions<\/span>\n<p class=\"mb-p\">: -S: (Without packaging)<\/p>\n<p class=\"mb-p\">650: 943 mm \u00d7 1475 mm \u00d7 35 mm (37.1 \u00d7 58.1&#8243; \u00d7 1.4&#8243;)<\/p>\n<p class=\"mb-p\">750: 1043 mm \u00d7 1475 mm \u00d7 35 mm (41.1 \u00d7 58.1&#8243; \u00d7 1.4&#8243;)<\/p>\n<p class=\"mb-p\">900: 1193 mm \u00d7 1475 mm \u00d7 35 mm (47.0 \u00d7 58.1&#8243; \u00d7 1.4&#8243;)<\/p>\n<p class=\"mb-p\">950: 1243 mm \u00d7 1475 mm \u00d7 35 mm (48.9 \u00d7 58.1&#8243; \u00d7 1.4&#8243;)<\/p>\n<p class=\"mb-p\">-M: (Without packaging)<\/p>\n<p class=\"mb-p\">650: 797 mm \u00d7 1475 mm \u00d7 35 mm (31.4 \u00d7 58.1&#8243; \u00d7 1.4&#8243;)<\/p>\n<p class=\"mb-p\">750: 897 mm \u00d7 1475 mm \u00d7 35 mm (35.3 \u00d7 58.1&#8243; \u00d7 1.4&#8243;)<\/p>\n<p class=\"mb-p\">900: 1047 mm \u00d7 1475 mm \u00d7 35 mm (41.2 \u00d7 58.1&#8243; \u00d7 1.4&#8243;)<\/p>\n<p class=\"mb-p\">950: 1097 mm \u00d7 1475 mm \u00d7 35 mm (43.2 \u00d7 58.1&#8243; \u00d7 1.4&#8243;)&#8221;<\/p>\n<\/li>\n<li class=\"tech-specs-items-description-list\"><span class=\"tech-specs-items-description__title\">Weight: <\/span><span class=\"tech-specs-items-description__title-details\">Reserved<\/span><\/li>\n<li class=\"tech-specs-items-description-list\"><span class=\"tech-specs-items-description__title\">Material<\/span>\n<p class=\"mb-p\">: Pedestal installation area: SUS304<\/p>\n<p class=\"mb-p\">Lane: Aluminum plate (with pattern)<\/p>\n<p class=\"mb-p\">Framework: Galvanization panel<\/p>\n<\/li>\n<\/ul>\n","protected":false},"excerpt":{"rendered":"<ul class=\"product_description_item-list\">\n<li class=\"product_description_item\">Fixed base for DS-K3B220LX series and DS-K3B220X series<\/li>\n<li class=\"product_description_item\">-S for single lane with 2 pedestal , -M for extend more lanes<\/li>\n<\/ul>\n","protected":false},"featured_media":18539,"template":"","meta":{"_acf_changed":false},"product_brand":[297],"product_cat":[324,325],"product_tag":[],"class_list":{"0":"post-18698","1":"product","2":"type-product","3":"status-publish","4":"has-post-thumbnail","6":"product_brand-hikvision","7":"product_cat-speed-gates-en","8":"product_cat-turnstile-en","10":"first","11":"instock","12":"featured","13":"shipping-taxable","14":"product-type-simple"},"acf":[],"yoast_head":"<!-- This site is optimized with the Yoast SEO plugin v27.3 - https:\/\/yoast.com\/product\/yoast-seo-wordpress\/ -->\n<title>Fixed Base - Fixed Base - \u0633\u064a\u0641\u062a\u0649 \u0633\u0648\u0631\u0633<\/title>\n<meta name=\"description\" content=\"Fixed base for DS-K3B220LX series and DS-K3B220X series-S for single lane with 2 pedestal Fixed base for DS-K3B220LX series and DS-K3B220X series-S\" \/>\n<meta name=\"robots\" content=\"index, follow, max-snippet:-1, max-image-preview:large, max-video-preview:-1\" \/>\n<link rel=\"canonical\" href=\"https:\/\/safetysource-eg.com\/en\/product\/fixed-base-fixed-base\/\" \/>\n<meta property=\"og:locale\" content=\"en_US\" \/>\n<meta property=\"og:type\" content=\"article\" \/>\n<meta property=\"og:title\" content=\"Fixed Base - Fixed Base - \u0633\u064a\u0641\u062a\u0649 \u0633\u0648\u0631\u0633\" \/>\n<meta property=\"og:description\" content=\"Fixed base for DS-K3B220LX series and DS-K3B220X series-S for single lane with 2 pedestal Fixed base for DS-K3B220LX series and DS-K3B220X series-S\" \/>\n<meta property=\"og:url\" content=\"https:\/\/safetysource-eg.com\/en\/product\/fixed-base-fixed-base\/\" \/>\n<meta property=\"og:site_name\" content=\"\u0633\u064a\u0641\u062a\u0649 \u0633\u0648\u0631\u0633\" \/>\n<meta property=\"article:modified_time\" content=\"2025-08-24T14:53:14+00:00\" \/>\n<meta property=\"og:image\" content=\"https:\/\/safetysource-eg.com\/wp-content\/uploads\/2025\/06\/DS-K3B220X-BASE_image_1-2.jpg\" \/>\n\t<meta property=\"og:image:width\" content=\"1000\" \/>\n\t<meta property=\"og:image:height\" content=\"1000\" \/>\n\t<meta property=\"og:image:type\" content=\"image\/jpeg\" \/>\n<meta name=\"twitter:card\" content=\"summary_large_image\" \/>\n<meta name=\"twitter:label1\" content=\"Est. reading time\" \/>\n\t<meta name=\"twitter:data1\" content=\"1 minute\" \/>\n<script type=\"application\/ld+json\" class=\"yoast-schema-graph\">{\"@context\":\"https:\\\/\\\/schema.org\",\"@graph\":[{\"@type\":\"WebPage\",\"@id\":\"https:\\\/\\\/safetysource-eg.com\\\/en\\\/product\\\/fixed-base-fixed-base\\\/\",\"url\":\"https:\\\/\\\/safetysource-eg.com\\\/en\\\/product\\\/fixed-base-fixed-base\\\/\",\"name\":\"Fixed Base - Fixed Base - \u0633\u064a\u0641\u062a\u0649 \u0633\u0648\u0631\u0633\",\"isPartOf\":{\"@id\":\"https:\\\/\\\/safetysource-eg.com\\\/en\\\/#website\"},\"primaryImageOfPage\":{\"@id\":\"https:\\\/\\\/safetysource-eg.com\\\/en\\\/product\\\/fixed-base-fixed-base\\\/#primaryimage\"},\"image\":{\"@id\":\"https:\\\/\\\/safetysource-eg.com\\\/en\\\/product\\\/fixed-base-fixed-base\\\/#primaryimage\"},\"thumbnailUrl\":\"https:\\\/\\\/safetysource-eg.com\\\/wp-content\\\/uploads\\\/2025\\\/06\\\/DS-K3B220X-BASE_image_1-2.jpg\",\"datePublished\":\"2025-06-17T12:59:23+00:00\",\"dateModified\":\"2025-08-24T14:53:14+00:00\",\"description\":\"Fixed base for DS-K3B220LX series and DS-K3B220X series-S for single lane with 2 pedestal Fixed base for DS-K3B220LX series and DS-K3B220X series-S\",\"breadcrumb\":{\"@id\":\"https:\\\/\\\/safetysource-eg.com\\\/en\\\/product\\\/fixed-base-fixed-base\\\/#breadcrumb\"},\"inLanguage\":\"en-US\",\"potentialAction\":[{\"@type\":\"ReadAction\",\"target\":[\"https:\\\/\\\/safetysource-eg.com\\\/en\\\/product\\\/fixed-base-fixed-base\\\/\"]}]},{\"@type\":\"ImageObject\",\"inLanguage\":\"en-US\",\"@id\":\"https:\\\/\\\/safetysource-eg.com\\\/en\\\/product\\\/fixed-base-fixed-base\\\/#primaryimage\",\"url\":\"https:\\\/\\\/safetysource-eg.com\\\/wp-content\\\/uploads\\\/2025\\\/06\\\/DS-K3B220X-BASE_image_1-2.jpg\",\"contentUrl\":\"https:\\\/\\\/safetysource-eg.com\\\/wp-content\\\/uploads\\\/2025\\\/06\\\/DS-K3B220X-BASE_image_1-2.jpg\",\"width\":1000,\"height\":1000},{\"@type\":\"BreadcrumbList\",\"@id\":\"https:\\\/\\\/safetysource-eg.com\\\/en\\\/product\\\/fixed-base-fixed-base\\\/#breadcrumb\",\"itemListElement\":[{\"@type\":\"ListItem\",\"position\":1,\"name\":\"Home\",\"item\":\"https:\\\/\\\/safetysource-eg.com\\\/en\\\/\"},{\"@type\":\"ListItem\",\"position\":2,\"name\":\"Products\",\"item\":\"https:\\\/\\\/safetysource-eg.com\\\/en\\\/products\\\/\"},{\"@type\":\"ListItem\",\"position\":3,\"name\":\"Fixed Base &#8211; Fixed Base\"}]},{\"@type\":\"WebSite\",\"@id\":\"https:\\\/\\\/safetysource-eg.com\\\/en\\\/#website\",\"url\":\"https:\\\/\\\/safetysource-eg.com\\\/en\\\/\",\"name\":\"\u0633\u064a\u0641\u062a\u0649 \u0633\u0648\u0631\u0633\",\"description\":\"\u0623\u0646\u0638\u0645\u0629 \u0623\u0645\u0627\u0646 \u0630\u0643\u064a\u0629\",\"potentialAction\":[{\"@type\":\"SearchAction\",\"target\":{\"@type\":\"EntryPoint\",\"urlTemplate\":\"https:\\\/\\\/safetysource-eg.com\\\/en\\\/?s={search_term_string}\"},\"query-input\":{\"@type\":\"PropertyValueSpecification\",\"valueRequired\":true,\"valueName\":\"search_term_string\"}}],\"inLanguage\":\"en-US\"}]}<\/script>\n<!-- \/ Yoast SEO plugin. -->","yoast_head_json":{"title":"Fixed Base - Fixed Base - \u0633\u064a\u0641\u062a\u0649 \u0633\u0648\u0631\u0633","description":"Fixed base for DS-K3B220LX series and DS-K3B220X series-S for single lane with 2 pedestal Fixed base for DS-K3B220LX series and DS-K3B220X series-S","robots":{"index":"index","follow":"follow","max-snippet":"max-snippet:-1","max-image-preview":"max-image-preview:large","max-video-preview":"max-video-preview:-1"},"canonical":"https:\/\/safetysource-eg.com\/en\/product\/fixed-base-fixed-base\/","og_locale":"en_US","og_type":"article","og_title":"Fixed Base - Fixed Base - \u0633\u064a\u0641\u062a\u0649 \u0633\u0648\u0631\u0633","og_description":"Fixed base for DS-K3B220LX series and DS-K3B220X series-S for single lane with 2 pedestal Fixed base for DS-K3B220LX series and DS-K3B220X series-S","og_url":"https:\/\/safetysource-eg.com\/en\/product\/fixed-base-fixed-base\/","og_site_name":"\u0633\u064a\u0641\u062a\u0649 \u0633\u0648\u0631\u0633","article_modified_time":"2025-08-24T14:53:14+00:00","og_image":[{"width":1000,"height":1000,"url":"https:\/\/safetysource-eg.com\/wp-content\/uploads\/2025\/06\/DS-K3B220X-BASE_image_1-2.jpg","type":"image\/jpeg"}],"twitter_card":"summary_large_image","twitter_misc":{"Est. reading time":"1 minute"},"schema":{"@context":"https:\/\/schema.org","@graph":[{"@type":"WebPage","@id":"https:\/\/safetysource-eg.com\/en\/product\/fixed-base-fixed-base\/","url":"https:\/\/safetysource-eg.com\/en\/product\/fixed-base-fixed-base\/","name":"Fixed Base - Fixed Base - \u0633\u064a\u0641\u062a\u0649 \u0633\u0648\u0631\u0633","isPartOf":{"@id":"https:\/\/safetysource-eg.com\/en\/#website"},"primaryImageOfPage":{"@id":"https:\/\/safetysource-eg.com\/en\/product\/fixed-base-fixed-base\/#primaryimage"},"image":{"@id":"https:\/\/safetysource-eg.com\/en\/product\/fixed-base-fixed-base\/#primaryimage"},"thumbnailUrl":"https:\/\/safetysource-eg.com\/wp-content\/uploads\/2025\/06\/DS-K3B220X-BASE_image_1-2.jpg","datePublished":"2025-06-17T12:59:23+00:00","dateModified":"2025-08-24T14:53:14+00:00","description":"Fixed base for DS-K3B220LX series and DS-K3B220X series-S for single lane with 2 pedestal Fixed base for DS-K3B220LX series and DS-K3B220X series-S","breadcrumb":{"@id":"https:\/\/safetysource-eg.com\/en\/product\/fixed-base-fixed-base\/#breadcrumb"},"inLanguage":"en-US","potentialAction":[{"@type":"ReadAction","target":["https:\/\/safetysource-eg.com\/en\/product\/fixed-base-fixed-base\/"]}]},{"@type":"ImageObject","inLanguage":"en-US","@id":"https:\/\/safetysource-eg.com\/en\/product\/fixed-base-fixed-base\/#primaryimage","url":"https:\/\/safetysource-eg.com\/wp-content\/uploads\/2025\/06\/DS-K3B220X-BASE_image_1-2.jpg","contentUrl":"https:\/\/safetysource-eg.com\/wp-content\/uploads\/2025\/06\/DS-K3B220X-BASE_image_1-2.jpg","width":1000,"height":1000},{"@type":"BreadcrumbList","@id":"https:\/\/safetysource-eg.com\/en\/product\/fixed-base-fixed-base\/#breadcrumb","itemListElement":[{"@type":"ListItem","position":1,"name":"Home","item":"https:\/\/safetysource-eg.com\/en\/"},{"@type":"ListItem","position":2,"name":"Products","item":"https:\/\/safetysource-eg.com\/en\/products\/"},{"@type":"ListItem","position":3,"name":"Fixed Base &#8211; Fixed Base"}]},{"@type":"WebSite","@id":"https:\/\/safetysource-eg.com\/en\/#website","url":"https:\/\/safetysource-eg.com\/en\/","name":"\u0633\u064a\u0641\u062a\u0649 \u0633\u0648\u0631\u0633","description":"\u0623\u0646\u0638\u0645\u0629 \u0623\u0645\u0627\u0646 \u0630\u0643\u064a\u0629","potentialAction":[{"@type":"SearchAction","target":{"@type":"EntryPoint","urlTemplate":"https:\/\/safetysource-eg.com\/en\/?s={search_term_string}"},"query-input":{"@type":"PropertyValueSpecification","valueRequired":true,"valueName":"search_term_string"}}],"inLanguage":"en-US"}]}},"_links":{"self":[{"href":"https:\/\/safetysource-eg.com\/en\/wp-json\/wp\/v2\/product\/18698","targetHints":{"allow":["GET"]}}],"collection":[{"href":"https:\/\/safetysource-eg.com\/en\/wp-json\/wp\/v2\/product"}],"about":[{"href":"https:\/\/safetysource-eg.com\/en\/wp-json\/wp\/v2\/types\/product"}],"wp:featuredmedia":[{"embeddable":true,"href":"https:\/\/safetysource-eg.com\/en\/wp-json\/wp\/v2\/media\/18539"}],"wp:attachment":[{"href":"https:\/\/safetysource-eg.com\/en\/wp-json\/wp\/v2\/media?parent=18698"}],"wp:term":[{"taxonomy":"product_brand","embeddable":true,"href":"https:\/\/safetysource-eg.com\/en\/wp-json\/wp\/v2\/product_brand?post=18698"},{"taxonomy":"product_cat","embeddable":true,"href":"https:\/\/safetysource-eg.com\/en\/wp-json\/wp\/v2\/product_cat?post=18698"},{"taxonomy":"product_tag","embeddable":true,"href":"https:\/\/safetysource-eg.com\/en\/wp-json\/wp\/v2\/product_tag?post=18698"}],"curies":[{"name":"wp","href":"https:\/\/api.w.org\/{rel}","templated":true}]}}