{"id":18710,"date":"2025-06-16T13:31:41","date_gmt":"2025-06-16T13:31:41","guid":{"rendered":"https:\/\/safetysource-eg.com\/product\/pro-series-bolt-electric-lock-ds-k4t100\/"},"modified":"2025-09-18T10:06:16","modified_gmt":"2025-09-18T10:06:16","slug":"pro-series-bolt-electric-lock-ds-k4t100","status":"publish","type":"product","link":"https:\/\/safetysource-eg.com\/en\/product\/pro-series-bolt-electric-lock-ds-k4t100\/","title":{"rendered":"Pro Series Bolt Electric Lock &#8211; DS-K4T100"},"content":{"rendered":"<p>&nbsp;<\/p>\n<h2><span class=\"tech-specs-items-description__title--heading\">General<\/span><\/h2>\n<ul class=\"tech-specs-items-description\" data-target=\"General\">\n<li class=\"tech-specs-items-description-list\"><span class=\"tech-specs-items-description__title\">Power supply: <\/span><span class=\"tech-specs-items-description__title-details\">12 VDC+10 %, 900 mA (startup current), 100 mA (standby)<\/span><\/li>\n<li class=\"tech-specs-items-description-list\"><span class=\"tech-specs-items-description__title\">Working temperature: <\/span><span class=\"tech-specs-items-description__title-details\">-10 \u00b0C to 55 \u00b0C (14 \u00b0F to 131 \u00b0F)<\/span><\/li>\n<li class=\"tech-specs-items-description-list\"><span class=\"tech-specs-items-description__title\">Working humidity: <\/span><span class=\"tech-specs-items-description__title-details\">0 to 95 % (relative humidity)<\/span><\/li>\n<li class=\"tech-specs-items-description-list\"><span class=\"tech-specs-items-description__title\">Dimensions<\/span>\n<p class=\"mb-p\">: Lock Body: 205 mm \u00d7 35 mm \u00d7 40 mm (8.07&#8243; \u00d7 1.38\\&#8221; \u00d7 1.57\\&#8221;)<\/p>\n<p class=\"mb-p\">Armature Plate: 90 mm \u00d7 25 mm \u00d7 2 mm (3.54 \u00d7 0.98\\&#8221; \u00d7 0.07\\&#8221;)<\/p>\n<p class=\"mb-p\">Bolt: 16 mm \u00d7 16 mm (0.63 \u00d7 0.63\\&#8221;)&#8221;<\/p>\n<\/li>\n<li class=\"tech-specs-items-description-list\"><span class=\"tech-specs-items-description__title\">Material: <\/span><span class=\"tech-specs-items-description__title-details\">Bolt: polished and brushed stainless steel<\/span><\/li>\n<li class=\"tech-specs-items-description-list\"><span class=\"tech-specs-items-description__title\">Thrust: <\/span><span class=\"tech-specs-items-description__title-details\">Max. 800 kg (1764 lb)<\/span><\/li>\n<li class=\"tech-specs-items-description-list\"><span class=\"tech-specs-items-description__title\">Door type: <\/span><span class=\"tech-specs-items-description__title-details\">Glass door, wooden door, metal door, fireproof door<\/span><\/li>\n<li class=\"tech-specs-items-description-list\"><span class=\"tech-specs-items-description__title\">Signal output: <\/span><span class=\"tech-specs-items-description__title-details\">Signal output NC, COM contact of door status<\/span><\/li>\n<li class=\"tech-specs-items-description-list\"><span class=\"tech-specs-items-description__title\">Magnetic induction distance: <\/span><span class=\"tech-specs-items-description__title-details\">8 mm (0.31&#8243;)<\/span><\/li>\n<li class=\"tech-specs-items-description-list\"><span class=\"tech-specs-items-description__title\">Delay duration: <\/span><span class=\"tech-specs-items-description__title-details\">0\/3\/6\/9 s optional<\/span><\/li>\n<\/ul>\n<h2><\/h2>\n<p>&nbsp;<\/p>\n<p>&nbsp;<\/p>\n<p>&nbsp;<\/p>\n","protected":false},"excerpt":{"rendered":"<ul class=\"product_description_item-list\">\n<li class=\"product_description_item\">Electric bolt, polished and brushed stainless steel, upport thrust of 800kg<\/li>\n<li class=\"product_description_item\">Working current: 900mA(Startup current), 100mA (standby), 12VDC + 10%<\/li>\n<li class=\"product_description_item\">Capable of 500,000 locking operations<\/li>\n<li class=\"product_description_item\">Suitable for wooden door, glass door, metal door and fireproof door<\/li>\n<li class=\"product_description_item\">Signal output of door lock status.<\/li>\n<\/ul>\n","protected":false},"featured_media":18529,"template":"","meta":{"_acf_changed":false},"product_brand":[297],"product_cat":[319,323],"product_tag":[],"class_list":{"0":"post-18710","1":"product","2":"type-product","3":"status-publish","4":"has-post-thumbnail","6":"product_brand-hikvision","7":"product_cat-access-control-accessories-en","8":"product_cat-accessories-en","10":"first","11":"instock","12":"featured","13":"shipping-taxable","14":"product-type-simple"},"acf":[],"yoast_head":"<!-- This site is optimized with the Yoast SEO plugin v27.3 - https:\/\/yoast.com\/product\/yoast-seo-wordpress\/ -->\n<title>Pro Series Bolt Electric Lock - DS-K4T100 - \u0633\u064a\u0641\u062a\u0649 \u0633\u0648\u0631\u0633<\/title>\n<meta name=\"description\" content=\"Electric bolt, polished and brushed stainless steel, upport thrust of 800kgWorking current: 900mA(Startup current), 100mA (standby), 12VDC + 10%\" \/>\n<meta name=\"robots\" content=\"index, follow, max-snippet:-1, max-image-preview:large, max-video-preview:-1\" \/>\n<link rel=\"canonical\" href=\"https:\/\/safetysource-eg.com\/en\/product\/pro-series-bolt-electric-lock-ds-k4t100\/\" \/>\n<meta property=\"og:locale\" content=\"en_US\" \/>\n<meta property=\"og:type\" content=\"article\" \/>\n<meta property=\"og:title\" content=\"Pro Series Bolt Electric Lock - DS-K4T100 - \u0633\u064a\u0641\u062a\u0649 \u0633\u0648\u0631\u0633\" \/>\n<meta property=\"og:description\" content=\"Electric bolt, polished and brushed stainless steel, upport thrust of 800kgWorking current: 900mA(Startup current), 100mA (standby), 12VDC + 10%\" \/>\n<meta property=\"og:url\" content=\"https:\/\/safetysource-eg.com\/en\/product\/pro-series-bolt-electric-lock-ds-k4t100\/\" \/>\n<meta property=\"og:site_name\" content=\"\u0633\u064a\u0641\u062a\u0649 \u0633\u0648\u0631\u0633\" \/>\n<meta property=\"article:modified_time\" content=\"2025-09-18T10:06:16+00:00\" \/>\n<meta property=\"og:image\" content=\"https:\/\/safetysource-eg.com\/wp-content\/uploads\/2025\/06\/DS-K4T100_image_1-1.jpg\" \/>\n\t<meta property=\"og:image:width\" content=\"1000\" \/>\n\t<meta property=\"og:image:height\" content=\"1000\" \/>\n\t<meta property=\"og:image:type\" content=\"image\/jpeg\" \/>\n<meta name=\"twitter:card\" content=\"summary_large_image\" \/>\n<meta name=\"twitter:label1\" content=\"Est. reading time\" \/>\n\t<meta name=\"twitter:data1\" content=\"1 minute\" \/>\n<script type=\"application\/ld+json\" class=\"yoast-schema-graph\">{\"@context\":\"https:\\\/\\\/schema.org\",\"@graph\":[{\"@type\":\"WebPage\",\"@id\":\"https:\\\/\\\/safetysource-eg.com\\\/en\\\/product\\\/pro-series-bolt-electric-lock-ds-k4t100\\\/\",\"url\":\"https:\\\/\\\/safetysource-eg.com\\\/en\\\/product\\\/pro-series-bolt-electric-lock-ds-k4t100\\\/\",\"name\":\"Pro Series Bolt Electric Lock - DS-K4T100 - \u0633\u064a\u0641\u062a\u0649 \u0633\u0648\u0631\u0633\",\"isPartOf\":{\"@id\":\"https:\\\/\\\/safetysource-eg.com\\\/en\\\/#website\"},\"primaryImageOfPage\":{\"@id\":\"https:\\\/\\\/safetysource-eg.com\\\/en\\\/product\\\/pro-series-bolt-electric-lock-ds-k4t100\\\/#primaryimage\"},\"image\":{\"@id\":\"https:\\\/\\\/safetysource-eg.com\\\/en\\\/product\\\/pro-series-bolt-electric-lock-ds-k4t100\\\/#primaryimage\"},\"thumbnailUrl\":\"https:\\\/\\\/safetysource-eg.com\\\/wp-content\\\/uploads\\\/2025\\\/06\\\/DS-K4T100_image_1.jpg\",\"datePublished\":\"2025-06-16T13:31:41+00:00\",\"dateModified\":\"2025-09-18T10:06:16+00:00\",\"description\":\"Electric bolt, polished and brushed stainless steel, upport thrust of 800kgWorking current: 900mA(Startup current), 100mA (standby), 12VDC + 10%\",\"breadcrumb\":{\"@id\":\"https:\\\/\\\/safetysource-eg.com\\\/en\\\/product\\\/pro-series-bolt-electric-lock-ds-k4t100\\\/#breadcrumb\"},\"inLanguage\":\"en-US\",\"potentialAction\":[{\"@type\":\"ReadAction\",\"target\":[\"https:\\\/\\\/safetysource-eg.com\\\/en\\\/product\\\/pro-series-bolt-electric-lock-ds-k4t100\\\/\"]}]},{\"@type\":\"ImageObject\",\"inLanguage\":\"en-US\",\"@id\":\"https:\\\/\\\/safetysource-eg.com\\\/en\\\/product\\\/pro-series-bolt-electric-lock-ds-k4t100\\\/#primaryimage\",\"url\":\"https:\\\/\\\/safetysource-eg.com\\\/wp-content\\\/uploads\\\/2025\\\/06\\\/DS-K4T100_image_1.jpg\",\"contentUrl\":\"https:\\\/\\\/safetysource-eg.com\\\/wp-content\\\/uploads\\\/2025\\\/06\\\/DS-K4T100_image_1.jpg\",\"width\":1000,\"height\":1000},{\"@type\":\"BreadcrumbList\",\"@id\":\"https:\\\/\\\/safetysource-eg.com\\\/en\\\/product\\\/pro-series-bolt-electric-lock-ds-k4t100\\\/#breadcrumb\",\"itemListElement\":[{\"@type\":\"ListItem\",\"position\":1,\"name\":\"Home\",\"item\":\"https:\\\/\\\/safetysource-eg.com\\\/en\\\/\"},{\"@type\":\"ListItem\",\"position\":2,\"name\":\"Products\",\"item\":\"https:\\\/\\\/safetysource-eg.com\\\/en\\\/products\\\/\"},{\"@type\":\"ListItem\",\"position\":3,\"name\":\"Pro Series Bolt Electric Lock &#8211; DS-K4T100\"}]},{\"@type\":\"WebSite\",\"@id\":\"https:\\\/\\\/safetysource-eg.com\\\/en\\\/#website\",\"url\":\"https:\\\/\\\/safetysource-eg.com\\\/en\\\/\",\"name\":\"\u0633\u064a\u0641\u062a\u0649 \u0633\u0648\u0631\u0633\",\"description\":\"\u0623\u0646\u0638\u0645\u0629 \u0623\u0645\u0627\u0646 \u0630\u0643\u064a\u0629\",\"potentialAction\":[{\"@type\":\"SearchAction\",\"target\":{\"@type\":\"EntryPoint\",\"urlTemplate\":\"https:\\\/\\\/safetysource-eg.com\\\/en\\\/?s={search_term_string}\"},\"query-input\":{\"@type\":\"PropertyValueSpecification\",\"valueRequired\":true,\"valueName\":\"search_term_string\"}}],\"inLanguage\":\"en-US\"}]}<\/script>\n<!-- \/ Yoast SEO plugin. -->","yoast_head_json":{"title":"Pro Series Bolt Electric Lock - DS-K4T100 - \u0633\u064a\u0641\u062a\u0649 \u0633\u0648\u0631\u0633","description":"Electric bolt, polished and brushed stainless steel, upport thrust of 800kgWorking current: 900mA(Startup current), 100mA (standby), 12VDC + 10%","robots":{"index":"index","follow":"follow","max-snippet":"max-snippet:-1","max-image-preview":"max-image-preview:large","max-video-preview":"max-video-preview:-1"},"canonical":"https:\/\/safetysource-eg.com\/en\/product\/pro-series-bolt-electric-lock-ds-k4t100\/","og_locale":"en_US","og_type":"article","og_title":"Pro Series Bolt Electric Lock - DS-K4T100 - \u0633\u064a\u0641\u062a\u0649 \u0633\u0648\u0631\u0633","og_description":"Electric bolt, polished and brushed stainless steel, upport thrust of 800kgWorking current: 900mA(Startup current), 100mA (standby), 12VDC + 10%","og_url":"https:\/\/safetysource-eg.com\/en\/product\/pro-series-bolt-electric-lock-ds-k4t100\/","og_site_name":"\u0633\u064a\u0641\u062a\u0649 \u0633\u0648\u0631\u0633","article_modified_time":"2025-09-18T10:06:16+00:00","og_image":[{"width":1000,"height":1000,"url":"https:\/\/safetysource-eg.com\/wp-content\/uploads\/2025\/06\/DS-K4T100_image_1-1.jpg","type":"image\/jpeg"}],"twitter_card":"summary_large_image","twitter_misc":{"Est. reading time":"1 minute"},"schema":{"@context":"https:\/\/schema.org","@graph":[{"@type":"WebPage","@id":"https:\/\/safetysource-eg.com\/en\/product\/pro-series-bolt-electric-lock-ds-k4t100\/","url":"https:\/\/safetysource-eg.com\/en\/product\/pro-series-bolt-electric-lock-ds-k4t100\/","name":"Pro Series Bolt Electric Lock - DS-K4T100 - \u0633\u064a\u0641\u062a\u0649 \u0633\u0648\u0631\u0633","isPartOf":{"@id":"https:\/\/safetysource-eg.com\/en\/#website"},"primaryImageOfPage":{"@id":"https:\/\/safetysource-eg.com\/en\/product\/pro-series-bolt-electric-lock-ds-k4t100\/#primaryimage"},"image":{"@id":"https:\/\/safetysource-eg.com\/en\/product\/pro-series-bolt-electric-lock-ds-k4t100\/#primaryimage"},"thumbnailUrl":"https:\/\/safetysource-eg.com\/wp-content\/uploads\/2025\/06\/DS-K4T100_image_1.jpg","datePublished":"2025-06-16T13:31:41+00:00","dateModified":"2025-09-18T10:06:16+00:00","description":"Electric bolt, polished and brushed stainless steel, upport thrust of 800kgWorking current: 900mA(Startup current), 100mA (standby), 12VDC + 10%","breadcrumb":{"@id":"https:\/\/safetysource-eg.com\/en\/product\/pro-series-bolt-electric-lock-ds-k4t100\/#breadcrumb"},"inLanguage":"en-US","potentialAction":[{"@type":"ReadAction","target":["https:\/\/safetysource-eg.com\/en\/product\/pro-series-bolt-electric-lock-ds-k4t100\/"]}]},{"@type":"ImageObject","inLanguage":"en-US","@id":"https:\/\/safetysource-eg.com\/en\/product\/pro-series-bolt-electric-lock-ds-k4t100\/#primaryimage","url":"https:\/\/safetysource-eg.com\/wp-content\/uploads\/2025\/06\/DS-K4T100_image_1.jpg","contentUrl":"https:\/\/safetysource-eg.com\/wp-content\/uploads\/2025\/06\/DS-K4T100_image_1.jpg","width":1000,"height":1000},{"@type":"BreadcrumbList","@id":"https:\/\/safetysource-eg.com\/en\/product\/pro-series-bolt-electric-lock-ds-k4t100\/#breadcrumb","itemListElement":[{"@type":"ListItem","position":1,"name":"Home","item":"https:\/\/safetysource-eg.com\/en\/"},{"@type":"ListItem","position":2,"name":"Products","item":"https:\/\/safetysource-eg.com\/en\/products\/"},{"@type":"ListItem","position":3,"name":"Pro Series Bolt Electric Lock &#8211; DS-K4T100"}]},{"@type":"WebSite","@id":"https:\/\/safetysource-eg.com\/en\/#website","url":"https:\/\/safetysource-eg.com\/en\/","name":"\u0633\u064a\u0641\u062a\u0649 \u0633\u0648\u0631\u0633","description":"\u0623\u0646\u0638\u0645\u0629 \u0623\u0645\u0627\u0646 \u0630\u0643\u064a\u0629","potentialAction":[{"@type":"SearchAction","target":{"@type":"EntryPoint","urlTemplate":"https:\/\/safetysource-eg.com\/en\/?s={search_term_string}"},"query-input":{"@type":"PropertyValueSpecification","valueRequired":true,"valueName":"search_term_string"}}],"inLanguage":"en-US"}]}},"_links":{"self":[{"href":"https:\/\/safetysource-eg.com\/en\/wp-json\/wp\/v2\/product\/18710","targetHints":{"allow":["GET"]}}],"collection":[{"href":"https:\/\/safetysource-eg.com\/en\/wp-json\/wp\/v2\/product"}],"about":[{"href":"https:\/\/safetysource-eg.com\/en\/wp-json\/wp\/v2\/types\/product"}],"wp:featuredmedia":[{"embeddable":true,"href":"https:\/\/safetysource-eg.com\/en\/wp-json\/wp\/v2\/media\/18529"}],"wp:attachment":[{"href":"https:\/\/safetysource-eg.com\/en\/wp-json\/wp\/v2\/media?parent=18710"}],"wp:term":[{"taxonomy":"product_brand","embeddable":true,"href":"https:\/\/safetysource-eg.com\/en\/wp-json\/wp\/v2\/product_brand?post=18710"},{"taxonomy":"product_cat","embeddable":true,"href":"https:\/\/safetysource-eg.com\/en\/wp-json\/wp\/v2\/product_cat?post=18710"},{"taxonomy":"product_tag","embeddable":true,"href":"https:\/\/safetysource-eg.com\/en\/wp-json\/wp\/v2\/product_tag?post=18710"}],"curies":[{"name":"wp","href":"https:\/\/api.w.org\/{rel}","templated":true}]}}