{"id":18720,"date":"2025-06-15T20:13:17","date_gmt":"2025-06-15T20:13:17","guid":{"rendered":"https:\/\/safetysource-eg.com\/product\/k1t8003-value-series-fingerprint-time-attendance-terminal-ds-k1t8003mf\/"},"modified":"2025-09-19T12:56:34","modified_gmt":"2025-09-19T12:56:34","slug":"k1t8003-value-series-fingerprint-time-attendance-terminal-ds-k1t8003mf","status":"publish","type":"product","link":"https:\/\/safetysource-eg.com\/en\/product\/k1t8003-value-series-fingerprint-time-attendance-terminal-ds-k1t8003mf\/","title":{"rendered":"K1T8003 Value Series Fingerprint Time Attendance Terminal &#8211; DS-K1T8003MF"},"content":{"rendered":"<h2><span class=\"tech-specs-items-description__title--heading\">Display<\/span><\/h2>\n<ul class=\"tech-specs-items-description\" data-target=\"Display\">\n<li class=\"tech-specs-items-description-list\"><span class=\"tech-specs-items-description__title\">Screen size: <\/span><span class=\"tech-specs-items-description__title-details\">2.4-inch<\/span><\/li>\n<li class=\"tech-specs-items-description-list\"><span class=\"tech-specs-items-description__title\">Type: <\/span><span class=\"tech-specs-items-description__title-details\">LCD-TFT display screen<\/span><\/li>\n<\/ul>\n<h2><span class=\"tech-specs-items-description__title--heading\">Audio<\/span><\/h2>\n<ul class=\"tech-specs-items-description\" data-target=\"Audio\">\n<li class=\"tech-specs-items-description-list\"><span class=\"tech-specs-items-description__title\">Audio output: <\/span><span class=\"tech-specs-items-description__title-details\">1 loudspeaker, 1 buzzer<\/span><\/li>\n<\/ul>\n<h2><span class=\"tech-specs-items-description__title--heading\">Network<\/span><\/h2>\n<ul class=\"tech-specs-items-description\" data-target=\"Network\">\n<li class=\"tech-specs-items-description-list\"><span class=\"tech-specs-items-description__title\">Wired network: <\/span><span class=\"tech-specs-items-description__title-details\">TCP\/IP, 10\/100Mbps, self-adaptive<\/span><\/li>\n<li class=\"tech-specs-items-description-list\"><span class=\"tech-specs-items-description__title\">Communication protocol: <\/span><span class=\"tech-specs-items-description__title-details\">TCP\/IP, ISUP<\/span><\/li>\n<\/ul>\n<h2><span class=\"tech-specs-items-description__title--heading\">Interface<\/span><\/h2>\n<ul class=\"tech-specs-items-description\" data-target=\"Interface\">\n<li class=\"tech-specs-items-description-list\"><span class=\"tech-specs-items-description__title\">Network interface: <\/span><span class=\"tech-specs-items-description__title-details\">1<\/span><\/li>\n<li class=\"tech-specs-items-description-list\"><span class=\"tech-specs-items-description__title\">Lock control: <\/span><span class=\"tech-specs-items-description__title-details\">1<\/span><\/li>\n<li class=\"tech-specs-items-description-list\"><span class=\"tech-specs-items-description__title\">Exit button: <\/span><span class=\"tech-specs-items-description__title-details\">1<\/span><\/li>\n<li class=\"tech-specs-items-description-list\"><span class=\"tech-specs-items-description__title\">Door contact input: <\/span><span class=\"tech-specs-items-description__title-details\">1<\/span><\/li>\n<li class=\"tech-specs-items-description-list\"><span class=\"tech-specs-items-description__title\">TAMPER: <\/span><span class=\"tech-specs-items-description__title-details\">1<\/span><\/li>\n<li class=\"tech-specs-items-description-list\"><span class=\"tech-specs-items-description__title\">USB: <\/span><span class=\"tech-specs-items-description__title-details\">1<\/span><\/li>\n<\/ul>\n<h2><span class=\"tech-specs-items-description__title--heading\">Capacity<\/span><\/h2>\n<ul class=\"tech-specs-items-description\" data-target=\"Capacity\">\n<li class=\"tech-specs-items-description-list\"><span class=\"tech-specs-items-description__title\">Card capacity: <\/span><span class=\"tech-specs-items-description__title-details\">1000<\/span><\/li>\n<li class=\"tech-specs-items-description-list\"><span class=\"tech-specs-items-description__title\">Fingerprint capacity: <\/span><span class=\"tech-specs-items-description__title-details\">1000<\/span><\/li>\n<li class=\"tech-specs-items-description-list\"><span class=\"tech-specs-items-description__title\">Event capacity: <\/span><span class=\"tech-specs-items-description__title-details\">100,000<\/span><\/li>\n<\/ul>\n<h2><span class=\"tech-specs-items-description__title--heading\">Authentication<\/span><\/h2>\n<ul class=\"tech-specs-items-description\" data-target=\"Authentication\">\n<li class=\"tech-specs-items-description-list\"><span class=\"tech-specs-items-description__title\">Card type: <\/span><span class=\"tech-specs-items-description__title-details\">M1 card<\/span><\/li>\n<li class=\"tech-specs-items-description-list\"><span class=\"tech-specs-items-description__title\">Card reading distance: <\/span><span class=\"tech-specs-items-description__title-details\">0 to 5 cm<\/span><\/li>\n<li class=\"tech-specs-items-description-list\"><span class=\"tech-specs-items-description__title\">Fingerprint module: <\/span><span class=\"tech-specs-items-description__title-details\">Optical fingerprint module<\/span><\/li>\n<li class=\"tech-specs-items-description-list\"><span class=\"tech-specs-items-description__title\">Fingerprint comparing mode: <\/span><span class=\"tech-specs-items-description__title-details\">1:1 and 1:N<\/span><\/li>\n<li class=\"tech-specs-items-description-list\"><span class=\"tech-specs-items-description__title\">Fingerprint recognition duration: <\/span><span class=\"tech-specs-items-description__title-details\">\uff1c 1 s<\/span><\/li>\n<li>duration<\/li>\n<\/ul>\n<h2><span class=\"tech-specs-items-description__title--heading\">General<\/span><\/h2>\n<ul class=\"tech-specs-items-description\" data-target=\"General\">\n<li class=\"tech-specs-items-description-list\"><span class=\"tech-specs-items-description__title\">Power supply: <\/span><span class=\"tech-specs-items-description__title-details\">12 VDC\/1 A<\/span><\/li>\n<li class=\"tech-specs-items-description-list\"><span class=\"tech-specs-items-description__title\">Working temperature: <\/span><span class=\"tech-specs-items-description__title-details\">-10 \u00b0C to +55 \u00b0C (14 \u00b0F to +131 \u00b0F)<\/span><\/li>\n<li class=\"tech-specs-items-description-list\"><span class=\"tech-specs-items-description__title\">Working humidity: <\/span><span class=\"tech-specs-items-description__title-details\">10% to 90% (no condensing)<\/span><\/li>\n<li class=\"tech-specs-items-description-list\"><span class=\"tech-specs-items-description__title\">Color: <\/span><span class=\"tech-specs-items-description__title-details\">Silver<\/span><\/li>\n<li class=\"tech-specs-items-description-list\"><span class=\"tech-specs-items-description__title\">Dimensions: <\/span><span class=\"tech-specs-items-description__title-details\">140 mm \u00d7 155 mm \u00d7 30 mm (5.51&#8243; \u00d7 6.01&#8243; \u00d7 1.18&#8243;)<\/span><\/li>\n<li class=\"tech-specs-items-description-list\"><span class=\"tech-specs-items-description__title\">Self Service Reports (SSR): <\/span><span class=\"tech-specs-items-description__title-details\">Stand-alone operation, calculate attendance data and export reports via USB interface<\/span><\/li>\n<li class=\"tech-specs-items-description-list\"><span class=\"tech-specs-items-description__title\">Installation: <\/span><span class=\"tech-specs-items-description__title-details\">Wall mounting<\/span><\/li>\n<li class=\"tech-specs-items-description-list\"><span class=\"tech-specs-items-description__title\">Weight<\/span>\n<p class=\"mb-p\">Gross weight: 0.78 kg (1.72 lbs.)<\/p>\n<p class=\"mb-p\">Net weight: 0.22 kg (0.48 lbs.)<\/p>\n<\/li>\n<\/ul>\n<p>&nbsp;<\/p>\n<p>&nbsp;<\/p>\n<p>&nbsp;<\/p>\n","protected":false},"excerpt":{"rendered":"<ul class=\"product_description_item-list\">\n<li class=\"product_description_item\">2.4-inch LCD Display Fingerprint Access Control Terminal, Built-in Mifare card reading module<\/li>\n<li class=\"product_description_item\">Communication: TCP\/IP\uff0cISUP5.0 \uff1b 1000 users, 1000 fingerprints\uff0c1000 card and Max. 100,000 event records<\/li>\n<li class=\"product_description_item\">Support Access Control and Time Attendance Function, Optical Fingerprint Module<\/li>\n<li class=\"product_description_item\">Remotely opens door via Hik-Connect mobile client Tamper alarm.<\/li>\n<\/ul>\n","protected":false},"featured_media":18497,"template":"","meta":{"_acf_changed":false},"product_brand":[297],"product_cat":[318,326],"product_tag":[],"class_list":{"0":"post-18720","1":"product","2":"type-product","3":"status-publish","4":"has-post-thumbnail","6":"product_brand-hikvision","7":"product_cat-access-control-terminals-en","8":"product_cat-finger-print-terminals-en","10":"first","11":"instock","12":"featured","13":"shipping-taxable","14":"product-type-simple"},"acf":[],"yoast_head":"<!-- This site is optimized with the Yoast SEO plugin v27.3 - https:\/\/yoast.com\/product\/yoast-seo-wordpress\/ -->\n<title>K1T8003 Value Series Fingerprint Time Attendance Terminal - DS-K1T8003MF - \u0633\u064a\u0641\u062a\u0649 \u0633\u0648\u0631\u0633<\/title>\n<meta name=\"description\" content=\"2.4-inch LCD Display Fingerprint Access Control Terminal, Built-in Milare card reading module Communication: TCP\/IP\uff0cISUP5.0 \uff1b\" \/>\n<meta name=\"robots\" content=\"index, follow, max-snippet:-1, max-image-preview:large, max-video-preview:-1\" \/>\n<link rel=\"canonical\" href=\"https:\/\/safetysource-eg.com\/en\/product\/k1t8003-value-series-fingerprint-time-attendance-terminal-ds-k1t8003mf\/\" \/>\n<meta property=\"og:locale\" content=\"en_US\" \/>\n<meta property=\"og:type\" content=\"article\" \/>\n<meta property=\"og:title\" content=\"K1T8003 Value Series Fingerprint Time Attendance Terminal - DS-K1T8003MF - \u0633\u064a\u0641\u062a\u0649 \u0633\u0648\u0631\u0633\" \/>\n<meta property=\"og:description\" content=\"2.4-inch LCD Display Fingerprint Access Control Terminal, Built-in Milare card reading module Communication: TCP\/IP\uff0cISUP5.0 \uff1b\" \/>\n<meta property=\"og:url\" content=\"https:\/\/safetysource-eg.com\/en\/product\/k1t8003-value-series-fingerprint-time-attendance-terminal-ds-k1t8003mf\/\" \/>\n<meta property=\"og:site_name\" content=\"\u0633\u064a\u0641\u062a\u0649 \u0633\u0648\u0631\u0633\" \/>\n<meta property=\"article:modified_time\" content=\"2025-09-19T12:56:34+00:00\" \/>\n<meta property=\"og:image\" content=\"https:\/\/safetysource-eg.com\/wp-content\/uploads\/2025\/06\/DS-K1A8503MF-B-K1A8503-Value-Series-Fingerprint-Time-Attendance-Terminal.jpg\" \/>\n\t<meta property=\"og:image:width\" content=\"1000\" \/>\n\t<meta property=\"og:image:height\" content=\"1000\" \/>\n\t<meta property=\"og:image:type\" content=\"image\/jpeg\" \/>\n<meta name=\"twitter:card\" content=\"summary_large_image\" \/>\n<meta name=\"twitter:label1\" content=\"Est. reading time\" \/>\n\t<meta name=\"twitter:data1\" content=\"1 minute\" \/>\n<script type=\"application\/ld+json\" class=\"yoast-schema-graph\">{\"@context\":\"https:\\\/\\\/schema.org\",\"@graph\":[{\"@type\":\"WebPage\",\"@id\":\"https:\\\/\\\/safetysource-eg.com\\\/en\\\/product\\\/k1t8003-value-series-fingerprint-time-attendance-terminal-ds-k1t8003mf\\\/\",\"url\":\"https:\\\/\\\/safetysource-eg.com\\\/en\\\/product\\\/k1t8003-value-series-fingerprint-time-attendance-terminal-ds-k1t8003mf\\\/\",\"name\":\"K1T8003 Value Series Fingerprint Time Attendance Terminal - DS-K1T8003MF - \u0633\u064a\u0641\u062a\u0649 \u0633\u0648\u0631\u0633\",\"isPartOf\":{\"@id\":\"https:\\\/\\\/safetysource-eg.com\\\/en\\\/#website\"},\"primaryImageOfPage\":{\"@id\":\"https:\\\/\\\/safetysource-eg.com\\\/en\\\/product\\\/k1t8003-value-series-fingerprint-time-attendance-terminal-ds-k1t8003mf\\\/#primaryimage\"},\"image\":{\"@id\":\"https:\\\/\\\/safetysource-eg.com\\\/en\\\/product\\\/k1t8003-value-series-fingerprint-time-attendance-terminal-ds-k1t8003mf\\\/#primaryimage\"},\"thumbnailUrl\":\"https:\\\/\\\/safetysource-eg.com\\\/wp-content\\\/uploads\\\/2025\\\/06\\\/DS-K1A8503MF-B-K1A8503-Value-Series-Fingerprint-Time-Attendance-Terminal.jpg\",\"datePublished\":\"2025-06-15T20:13:17+00:00\",\"dateModified\":\"2025-09-19T12:56:34+00:00\",\"description\":\"2.4-inch LCD Display Fingerprint Access Control Terminal, Built-in Milare card reading module Communication: TCP\\\/IP\uff0cISUP5.0 \uff1b\",\"breadcrumb\":{\"@id\":\"https:\\\/\\\/safetysource-eg.com\\\/en\\\/product\\\/k1t8003-value-series-fingerprint-time-attendance-terminal-ds-k1t8003mf\\\/#breadcrumb\"},\"inLanguage\":\"en-US\",\"potentialAction\":[{\"@type\":\"ReadAction\",\"target\":[\"https:\\\/\\\/safetysource-eg.com\\\/en\\\/product\\\/k1t8003-value-series-fingerprint-time-attendance-terminal-ds-k1t8003mf\\\/\"]}]},{\"@type\":\"ImageObject\",\"inLanguage\":\"en-US\",\"@id\":\"https:\\\/\\\/safetysource-eg.com\\\/en\\\/product\\\/k1t8003-value-series-fingerprint-time-attendance-terminal-ds-k1t8003mf\\\/#primaryimage\",\"url\":\"https:\\\/\\\/safetysource-eg.com\\\/wp-content\\\/uploads\\\/2025\\\/06\\\/DS-K1A8503MF-B-K1A8503-Value-Series-Fingerprint-Time-Attendance-Terminal.jpg\",\"contentUrl\":\"https:\\\/\\\/safetysource-eg.com\\\/wp-content\\\/uploads\\\/2025\\\/06\\\/DS-K1A8503MF-B-K1A8503-Value-Series-Fingerprint-Time-Attendance-Terminal.jpg\",\"width\":1000,\"height\":1000,\"caption\":\"K1A8503 Value Series Fingerprint Time Attendance Terminal\"},{\"@type\":\"BreadcrumbList\",\"@id\":\"https:\\\/\\\/safetysource-eg.com\\\/en\\\/product\\\/k1t8003-value-series-fingerprint-time-attendance-terminal-ds-k1t8003mf\\\/#breadcrumb\",\"itemListElement\":[{\"@type\":\"ListItem\",\"position\":1,\"name\":\"Home\",\"item\":\"https:\\\/\\\/safetysource-eg.com\\\/en\\\/\"},{\"@type\":\"ListItem\",\"position\":2,\"name\":\"Products\",\"item\":\"https:\\\/\\\/safetysource-eg.com\\\/en\\\/products\\\/\"},{\"@type\":\"ListItem\",\"position\":3,\"name\":\"K1T8003 Value Series Fingerprint Time Attendance Terminal &#8211; DS-K1T8003MF\"}]},{\"@type\":\"WebSite\",\"@id\":\"https:\\\/\\\/safetysource-eg.com\\\/en\\\/#website\",\"url\":\"https:\\\/\\\/safetysource-eg.com\\\/en\\\/\",\"name\":\"\u0633\u064a\u0641\u062a\u0649 \u0633\u0648\u0631\u0633\",\"description\":\"\u0623\u0646\u0638\u0645\u0629 \u0623\u0645\u0627\u0646 \u0630\u0643\u064a\u0629\",\"potentialAction\":[{\"@type\":\"SearchAction\",\"target\":{\"@type\":\"EntryPoint\",\"urlTemplate\":\"https:\\\/\\\/safetysource-eg.com\\\/en\\\/?s={search_term_string}\"},\"query-input\":{\"@type\":\"PropertyValueSpecification\",\"valueRequired\":true,\"valueName\":\"search_term_string\"}}],\"inLanguage\":\"en-US\"}]}<\/script>\n<!-- \/ Yoast SEO plugin. -->","yoast_head_json":{"title":"K1T8003 Value Series Fingerprint Time Attendance Terminal - DS-K1T8003MF - \u0633\u064a\u0641\u062a\u0649 \u0633\u0648\u0631\u0633","description":"2.4-inch LCD Display Fingerprint Access Control Terminal, Built-in Milare card reading module Communication: TCP\/IP\uff0cISUP5.0 \uff1b","robots":{"index":"index","follow":"follow","max-snippet":"max-snippet:-1","max-image-preview":"max-image-preview:large","max-video-preview":"max-video-preview:-1"},"canonical":"https:\/\/safetysource-eg.com\/en\/product\/k1t8003-value-series-fingerprint-time-attendance-terminal-ds-k1t8003mf\/","og_locale":"en_US","og_type":"article","og_title":"K1T8003 Value Series Fingerprint Time Attendance Terminal - DS-K1T8003MF - \u0633\u064a\u0641\u062a\u0649 \u0633\u0648\u0631\u0633","og_description":"2.4-inch LCD Display Fingerprint Access Control Terminal, Built-in Milare card reading module Communication: TCP\/IP\uff0cISUP5.0 \uff1b","og_url":"https:\/\/safetysource-eg.com\/en\/product\/k1t8003-value-series-fingerprint-time-attendance-terminal-ds-k1t8003mf\/","og_site_name":"\u0633\u064a\u0641\u062a\u0649 \u0633\u0648\u0631\u0633","article_modified_time":"2025-09-19T12:56:34+00:00","og_image":[{"width":1000,"height":1000,"url":"https:\/\/safetysource-eg.com\/wp-content\/uploads\/2025\/06\/DS-K1A8503MF-B-K1A8503-Value-Series-Fingerprint-Time-Attendance-Terminal.jpg","type":"image\/jpeg"}],"twitter_card":"summary_large_image","twitter_misc":{"Est. reading time":"1 minute"},"schema":{"@context":"https:\/\/schema.org","@graph":[{"@type":"WebPage","@id":"https:\/\/safetysource-eg.com\/en\/product\/k1t8003-value-series-fingerprint-time-attendance-terminal-ds-k1t8003mf\/","url":"https:\/\/safetysource-eg.com\/en\/product\/k1t8003-value-series-fingerprint-time-attendance-terminal-ds-k1t8003mf\/","name":"K1T8003 Value Series Fingerprint Time Attendance Terminal - DS-K1T8003MF - \u0633\u064a\u0641\u062a\u0649 \u0633\u0648\u0631\u0633","isPartOf":{"@id":"https:\/\/safetysource-eg.com\/en\/#website"},"primaryImageOfPage":{"@id":"https:\/\/safetysource-eg.com\/en\/product\/k1t8003-value-series-fingerprint-time-attendance-terminal-ds-k1t8003mf\/#primaryimage"},"image":{"@id":"https:\/\/safetysource-eg.com\/en\/product\/k1t8003-value-series-fingerprint-time-attendance-terminal-ds-k1t8003mf\/#primaryimage"},"thumbnailUrl":"https:\/\/safetysource-eg.com\/wp-content\/uploads\/2025\/06\/DS-K1A8503MF-B-K1A8503-Value-Series-Fingerprint-Time-Attendance-Terminal.jpg","datePublished":"2025-06-15T20:13:17+00:00","dateModified":"2025-09-19T12:56:34+00:00","description":"2.4-inch LCD Display Fingerprint Access Control Terminal, Built-in Milare card reading module Communication: TCP\/IP\uff0cISUP5.0 \uff1b","breadcrumb":{"@id":"https:\/\/safetysource-eg.com\/en\/product\/k1t8003-value-series-fingerprint-time-attendance-terminal-ds-k1t8003mf\/#breadcrumb"},"inLanguage":"en-US","potentialAction":[{"@type":"ReadAction","target":["https:\/\/safetysource-eg.com\/en\/product\/k1t8003-value-series-fingerprint-time-attendance-terminal-ds-k1t8003mf\/"]}]},{"@type":"ImageObject","inLanguage":"en-US","@id":"https:\/\/safetysource-eg.com\/en\/product\/k1t8003-value-series-fingerprint-time-attendance-terminal-ds-k1t8003mf\/#primaryimage","url":"https:\/\/safetysource-eg.com\/wp-content\/uploads\/2025\/06\/DS-K1A8503MF-B-K1A8503-Value-Series-Fingerprint-Time-Attendance-Terminal.jpg","contentUrl":"https:\/\/safetysource-eg.com\/wp-content\/uploads\/2025\/06\/DS-K1A8503MF-B-K1A8503-Value-Series-Fingerprint-Time-Attendance-Terminal.jpg","width":1000,"height":1000,"caption":"K1A8503 Value Series Fingerprint Time Attendance Terminal"},{"@type":"BreadcrumbList","@id":"https:\/\/safetysource-eg.com\/en\/product\/k1t8003-value-series-fingerprint-time-attendance-terminal-ds-k1t8003mf\/#breadcrumb","itemListElement":[{"@type":"ListItem","position":1,"name":"Home","item":"https:\/\/safetysource-eg.com\/en\/"},{"@type":"ListItem","position":2,"name":"Products","item":"https:\/\/safetysource-eg.com\/en\/products\/"},{"@type":"ListItem","position":3,"name":"K1T8003 Value Series Fingerprint Time Attendance Terminal &#8211; DS-K1T8003MF"}]},{"@type":"WebSite","@id":"https:\/\/safetysource-eg.com\/en\/#website","url":"https:\/\/safetysource-eg.com\/en\/","name":"\u0633\u064a\u0641\u062a\u0649 \u0633\u0648\u0631\u0633","description":"\u0623\u0646\u0638\u0645\u0629 \u0623\u0645\u0627\u0646 \u0630\u0643\u064a\u0629","potentialAction":[{"@type":"SearchAction","target":{"@type":"EntryPoint","urlTemplate":"https:\/\/safetysource-eg.com\/en\/?s={search_term_string}"},"query-input":{"@type":"PropertyValueSpecification","valueRequired":true,"valueName":"search_term_string"}}],"inLanguage":"en-US"}]}},"_links":{"self":[{"href":"https:\/\/safetysource-eg.com\/en\/wp-json\/wp\/v2\/product\/18720","targetHints":{"allow":["GET"]}}],"collection":[{"href":"https:\/\/safetysource-eg.com\/en\/wp-json\/wp\/v2\/product"}],"about":[{"href":"https:\/\/safetysource-eg.com\/en\/wp-json\/wp\/v2\/types\/product"}],"wp:featuredmedia":[{"embeddable":true,"href":"https:\/\/safetysource-eg.com\/en\/wp-json\/wp\/v2\/media\/18497"}],"wp:attachment":[{"href":"https:\/\/safetysource-eg.com\/en\/wp-json\/wp\/v2\/media?parent=18720"}],"wp:term":[{"taxonomy":"product_brand","embeddable":true,"href":"https:\/\/safetysource-eg.com\/en\/wp-json\/wp\/v2\/product_brand?post=18720"},{"taxonomy":"product_cat","embeddable":true,"href":"https:\/\/safetysource-eg.com\/en\/wp-json\/wp\/v2\/product_cat?post=18720"},{"taxonomy":"product_tag","embeddable":true,"href":"https:\/\/safetysource-eg.com\/en\/wp-json\/wp\/v2\/product_tag?post=18720"}],"curies":[{"name":"wp","href":"https:\/\/api.w.org\/{rel}","templated":true}]}}