{"id":18722,"date":"2025-06-15T18:10:04","date_gmt":"2025-06-15T18:10:04","guid":{"rendered":"https:\/\/safetysource-eg.com\/product\/ultra-series-wall-mounted-face-access-terminal-ds-k1t680dw\/"},"modified":"2025-09-19T13:03:04","modified_gmt":"2025-09-19T13:03:04","slug":"ultra-series-wall-mounted-face-access-terminal-ds-k1t680dw","status":"publish","type":"product","link":"https:\/\/safetysource-eg.com\/en\/product\/ultra-series-wall-mounted-face-access-terminal-ds-k1t680dw\/","title":{"rendered":"Ultra Series Wall-Mounted Face Access Terminal &#8211; DS-K1T680DW"},"content":{"rendered":"<p>&nbsp;<\/p>\n<h2><span class=\"tech-specs-items-description__title--heading\">Display<\/span><\/h2>\n<ul class=\"tech-specs-items-description\" data-target=\"Display\">\n<li class=\"tech-specs-items-description-list\"><span class=\"tech-specs-items-description__title\">Screen size: <\/span><span class=\"tech-specs-items-description__title-details\">8 inch<\/span><\/li>\n<li class=\"tech-specs-items-description-list\"><span class=\"tech-specs-items-description__title\">Operation method: <\/span><span class=\"tech-specs-items-description__title-details\">Capacitive touch screen<\/span><\/li>\n<li class=\"tech-specs-items-description-list\"><span class=\"tech-specs-items-description__title\">Type: <\/span><span class=\"tech-specs-items-description__title-details\">LCD<\/span><\/li>\n<\/ul>\n<h2><span class=\"tech-specs-items-description__title--heading\">Video<\/span><\/h2>\n<ul class=\"tech-specs-items-description\" data-target=\"Video\">\n<li class=\"tech-specs-items-description-list\"><span class=\"tech-specs-items-description__title\">Lens: <\/span><span class=\"tech-specs-items-description__title-details\">2<\/span><\/li>\n<li class=\"tech-specs-items-description-list\"><span class=\"tech-specs-items-description__title\">Resolution: <\/span><span class=\"tech-specs-items-description__title-details\">2 MP<\/span><\/li>\n<li class=\"tech-specs-items-description-list\"><span class=\"tech-specs-items-description__title\">FOV: <\/span><span class=\"tech-specs-items-description__title-details\">HFOV = 88\u00b0; VFOV = 44\u00b0; DFOV =108\u00b0<\/span><\/li>\n<\/ul>\n<h2><span class=\"tech-specs-items-description__title--heading\">Network<\/span><\/h2>\n<ul class=\"tech-specs-items-description\" data-target=\"Network\">\n<li class=\"tech-specs-items-description-list\"><span class=\"tech-specs-items-description__title\">Wired network: <\/span><span class=\"tech-specs-items-description__title-details\">Support<\/span><\/li>\n<li class=\"tech-specs-items-description-list\"><span class=\"tech-specs-items-description__title\">Wi-Fi: <\/span><span class=\"tech-specs-items-description__title-details\">Support, 2.4 G, 802.11b\/g\/n<\/span><\/li>\n<\/ul>\n<h2><span class=\"tech-specs-items-description__title--heading\">Interface<\/span><\/h2>\n<ul class=\"tech-specs-items-description\" data-target=\"Interface\">\n<li class=\"tech-specs-items-description-list\"><span class=\"tech-specs-items-description__title\">Network interface: <\/span><span class=\"tech-specs-items-description__title-details\">1 RJ-45, 10\/100\/1000 M self-adaptive<\/span><\/li>\n<li class=\"tech-specs-items-description-list\"><span class=\"tech-specs-items-description__title\">Lock control: <\/span><span class=\"tech-specs-items-description__title-details\">1<\/span><\/li>\n<li class=\"tech-specs-items-description-list\"><span class=\"tech-specs-items-description__title\">Exit button: <\/span><span class=\"tech-specs-items-description__title-details\">1<\/span><\/li>\n<li class=\"tech-specs-items-description-list\"><span class=\"tech-specs-items-description__title\">Door contact input: <\/span><span class=\"tech-specs-items-description__title-details\">1<\/span><\/li>\n<li class=\"tech-specs-items-description-list\"><span class=\"tech-specs-items-description__title\">Alarm input: <\/span><span class=\"tech-specs-items-description__title-details\">2<\/span><\/li>\n<li class=\"tech-specs-items-description-list\"><span class=\"tech-specs-items-description__title\">Alarm output: <\/span><span class=\"tech-specs-items-description__title-details\">1<\/span><\/li>\n<li class=\"tech-specs-items-description-list\"><span class=\"tech-specs-items-description__title\">TAMPER: <\/span><span class=\"tech-specs-items-description__title-details\">1<\/span><\/li>\n<li class=\"tech-specs-items-description-list\"><span class=\"tech-specs-items-description__title\">RS-485: <\/span><span class=\"tech-specs-items-description__title-details\">1 RS-485 (Half duplex, HIKVISION)<\/span><\/li>\n<li class=\"tech-specs-items-description-list\"><span class=\"tech-specs-items-description__title\">Wiegand: <\/span><span class=\"tech-specs-items-description__title-details\">1 Wiegand(Hik 26bit,Hik 34bit)<\/span><\/li>\n<li class=\"tech-specs-items-description-list\"><span class=\"tech-specs-items-description__title\">USB: <\/span><span class=\"tech-specs-items-description__title-details\">1<\/span><\/li>\n<\/ul>\n<h2><span class=\"tech-specs-items-description__title--heading\">General<\/span><\/h2>\n<ul class=\"tech-specs-items-description\" data-target=\"Interface\">\n<li class=\"tech-specs-items-description-list\"><span class=\"tech-specs-items-description__title\">Power supply: <\/span><span class=\"tech-specs-items-description__title-details\">12 VDC to 24 VDC, 3 A<\/span><\/li>\n<li class=\"tech-specs-items-description-list\"><span class=\"tech-specs-items-description__title\">Working temperature: <\/span><span class=\"tech-specs-items-description__title-details\">-30 \u00b0C to 60 \u00b0C (-22 \u00b0F to 140 \u00b0F)<\/span><\/li>\n<li class=\"tech-specs-items-description-list\"><span class=\"tech-specs-items-description__title\">Working humidity: <\/span><span class=\"tech-specs-items-description__title-details\">0 to 90% (No condensing)<\/span><\/li>\n<li class=\"tech-specs-items-description-list\"><span class=\"tech-specs-items-description__title\">Protective level: <\/span><span class=\"tech-specs-items-description__title-details\">IP65<\/span><\/li>\n<li class=\"tech-specs-items-description-list\"><span class=\"tech-specs-items-description__title\">Dimensions: <\/span><span class=\"tech-specs-items-description__title-details\">127.3 mm \u00d7 232.1 mm \u00d7 23.5 mm (5.0&#8221; \u00d7 9.1&#8221; \u00d7 0.9&#8221; )<\/span><\/li>\n<\/ul>\n<ul class=\"tech-specs-items-description\" data-target=\"General\">\n<li class=\"tech-specs-items-description-list\" style=\"list-style-type: none;\"><\/li>\n<\/ul>\n<h2><span class=\"tech-specs-items-description__title--heading\">Function<\/span><\/h2>\n<ul class=\"tech-specs-items-description\" data-target=\"Function\">\n<li class=\"tech-specs-items-description-list\"><span class=\"tech-specs-items-description__title\">Hik-Connect: <\/span><span class=\"tech-specs-items-description__title-details\">Support<\/span><\/li>\n<li class=\"tech-specs-items-description-list\"><span class=\"tech-specs-items-description__title\">Language: <\/span><span class=\"tech-specs-items-description__title-details\">English, Thai, Brazilian Portuguese, Russian, Spanish, Arabic, Japanese, Ukrainian, and Indonesian<\/span><\/li>\n<li class=\"tech-specs-items-description-list\"><span class=\"tech-specs-items-description__title\">QR code recognition: <\/span><span class=\"tech-specs-items-description__title-details\">Support. The dimension of the recognized QR code picture should be larger than 6 cm \u00d7 6 cm.<\/span><\/li>\n<li class=\"tech-specs-items-description-list\"><span class=\"tech-specs-items-description__title\">Face anti-spoofing: <\/span><span class=\"tech-specs-items-description__title-details\">Support<\/span><\/li>\n<\/ul>\n","protected":false},"excerpt":{"rendered":"<ul class=\"product_description_item-list\">\n<li class=\"product_description_item\">8-inch touch screen with bezel-less design<\/li>\n<li class=\"product_description_item\">Presents card on the screen to authenticate<\/li>\n<li class=\"product_description_item\">Face recognition distance: 0.3 m to 3 m, duration \uff1c 0.2 s\/User, accuracy rate \u2265 99%<\/li>\n<li class=\"product_description_item\">100,000 face capacity, 100,000 card capacity (Felica, DESFire, M1), and 150,000 event capacity<\/li>\n<li class=\"product_description_item\">Supports ISAPI, ISUP 5.0, Wiegand, RS-485, TCP\/IP, Wi-Fi<\/li>\n<li class=\"product_description_item\">Two-way audio with indoor station and main station<\/li>\n<li class=\"product_description_item\">Configuration via the web client and mobile client<\/li>\n<li class=\"product_description_item\">Customizes attendance status name<\/li>\n<\/ul>\n","protected":false},"featured_media":18514,"template":"","meta":{"_acf_changed":false},"product_brand":[297],"product_cat":[318,317],"product_tag":[],"class_list":{"0":"post-18722","1":"product","2":"type-product","3":"status-publish","4":"has-post-thumbnail","6":"product_brand-hikvision","7":"product_cat-access-control-terminals-en","8":"product_cat-face-recognition-terminals-en","10":"first","11":"instock","12":"featured","13":"shipping-taxable","14":"product-type-simple"},"acf":[],"yoast_head":"<!-- This site is optimized with the Yoast SEO plugin v27.3 - https:\/\/yoast.com\/product\/yoast-seo-wordpress\/ -->\n<title>Ultra Series Wall-Mounted Face Access Terminal - DS-K1T680DW - \u0633\u064a\u0641\u062a\u0649 \u0633\u0648\u0631\u0633<\/title>\n<meta name=\"description\" content=\"8-inch touch screen with bezel-less design Presents card on the screen to authenticate Face recognition distance: 0.3 m to 3 m, duration\" \/>\n<meta name=\"robots\" content=\"index, follow, max-snippet:-1, max-image-preview:large, max-video-preview:-1\" \/>\n<link rel=\"canonical\" href=\"https:\/\/safetysource-eg.com\/en\/product\/ultra-series-wall-mounted-face-access-terminal-ds-k1t680dw\/\" \/>\n<meta property=\"og:locale\" content=\"en_US\" \/>\n<meta property=\"og:type\" content=\"article\" \/>\n<meta property=\"og:title\" content=\"Ultra Series Wall-Mounted Face Access Terminal - DS-K1T680DW - \u0633\u064a\u0641\u062a\u0649 \u0633\u0648\u0631\u0633\" \/>\n<meta property=\"og:description\" content=\"8-inch touch screen with bezel-less design Presents card on the screen to authenticate Face recognition distance: 0.3 m to 3 m, duration\" \/>\n<meta property=\"og:url\" content=\"https:\/\/safetysource-eg.com\/en\/product\/ultra-series-wall-mounted-face-access-terminal-ds-k1t680dw\/\" \/>\n<meta property=\"og:site_name\" content=\"\u0633\u064a\u0641\u062a\u0649 \u0633\u0648\u0631\u0633\" \/>\n<meta property=\"article:modified_time\" content=\"2025-09-19T13:03:04+00:00\" \/>\n<meta property=\"og:image\" content=\"https:\/\/safetysource-eg.com\/wp-content\/uploads\/2025\/06\/DS-K1T680DW_image_1-1.jpg\" \/>\n\t<meta property=\"og:image:width\" content=\"1000\" \/>\n\t<meta property=\"og:image:height\" content=\"1000\" \/>\n\t<meta property=\"og:image:type\" content=\"image\/jpeg\" \/>\n<meta name=\"twitter:card\" content=\"summary_large_image\" \/>\n<meta name=\"twitter:label1\" content=\"Est. reading time\" \/>\n\t<meta name=\"twitter:data1\" content=\"1 minute\" \/>\n<script type=\"application\/ld+json\" class=\"yoast-schema-graph\">{\"@context\":\"https:\\\/\\\/schema.org\",\"@graph\":[{\"@type\":\"WebPage\",\"@id\":\"https:\\\/\\\/safetysource-eg.com\\\/en\\\/product\\\/ultra-series-wall-mounted-face-access-terminal-ds-k1t680dw\\\/\",\"url\":\"https:\\\/\\\/safetysource-eg.com\\\/en\\\/product\\\/ultra-series-wall-mounted-face-access-terminal-ds-k1t680dw\\\/\",\"name\":\"Ultra Series Wall-Mounted Face Access Terminal - DS-K1T680DW - \u0633\u064a\u0641\u062a\u0649 \u0633\u0648\u0631\u0633\",\"isPartOf\":{\"@id\":\"https:\\\/\\\/safetysource-eg.com\\\/en\\\/#website\"},\"primaryImageOfPage\":{\"@id\":\"https:\\\/\\\/safetysource-eg.com\\\/en\\\/product\\\/ultra-series-wall-mounted-face-access-terminal-ds-k1t680dw\\\/#primaryimage\"},\"image\":{\"@id\":\"https:\\\/\\\/safetysource-eg.com\\\/en\\\/product\\\/ultra-series-wall-mounted-face-access-terminal-ds-k1t680dw\\\/#primaryimage\"},\"thumbnailUrl\":\"https:\\\/\\\/safetysource-eg.com\\\/wp-content\\\/uploads\\\/2025\\\/06\\\/DS-K1T680DW_image_1-1.jpg\",\"datePublished\":\"2025-06-15T18:10:04+00:00\",\"dateModified\":\"2025-09-19T13:03:04+00:00\",\"description\":\"8-inch touch screen with bezel-less design Presents card on the screen to authenticate Face recognition distance: 0.3 m to 3 m, duration\",\"breadcrumb\":{\"@id\":\"https:\\\/\\\/safetysource-eg.com\\\/en\\\/product\\\/ultra-series-wall-mounted-face-access-terminal-ds-k1t680dw\\\/#breadcrumb\"},\"inLanguage\":\"en-US\",\"potentialAction\":[{\"@type\":\"ReadAction\",\"target\":[\"https:\\\/\\\/safetysource-eg.com\\\/en\\\/product\\\/ultra-series-wall-mounted-face-access-terminal-ds-k1t680dw\\\/\"]}]},{\"@type\":\"ImageObject\",\"inLanguage\":\"en-US\",\"@id\":\"https:\\\/\\\/safetysource-eg.com\\\/en\\\/product\\\/ultra-series-wall-mounted-face-access-terminal-ds-k1t680dw\\\/#primaryimage\",\"url\":\"https:\\\/\\\/safetysource-eg.com\\\/wp-content\\\/uploads\\\/2025\\\/06\\\/DS-K1T680DW_image_1-1.jpg\",\"contentUrl\":\"https:\\\/\\\/safetysource-eg.com\\\/wp-content\\\/uploads\\\/2025\\\/06\\\/DS-K1T680DW_image_1-1.jpg\",\"width\":1000,\"height\":1000},{\"@type\":\"BreadcrumbList\",\"@id\":\"https:\\\/\\\/safetysource-eg.com\\\/en\\\/product\\\/ultra-series-wall-mounted-face-access-terminal-ds-k1t680dw\\\/#breadcrumb\",\"itemListElement\":[{\"@type\":\"ListItem\",\"position\":1,\"name\":\"Home\",\"item\":\"https:\\\/\\\/safetysource-eg.com\\\/en\\\/\"},{\"@type\":\"ListItem\",\"position\":2,\"name\":\"Products\",\"item\":\"https:\\\/\\\/safetysource-eg.com\\\/en\\\/products\\\/\"},{\"@type\":\"ListItem\",\"position\":3,\"name\":\"Ultra Series Wall-Mounted Face Access Terminal &#8211; DS-K1T680DW\"}]},{\"@type\":\"WebSite\",\"@id\":\"https:\\\/\\\/safetysource-eg.com\\\/en\\\/#website\",\"url\":\"https:\\\/\\\/safetysource-eg.com\\\/en\\\/\",\"name\":\"\u0633\u064a\u0641\u062a\u0649 \u0633\u0648\u0631\u0633\",\"description\":\"\u0623\u0646\u0638\u0645\u0629 \u0623\u0645\u0627\u0646 \u0630\u0643\u064a\u0629\",\"potentialAction\":[{\"@type\":\"SearchAction\",\"target\":{\"@type\":\"EntryPoint\",\"urlTemplate\":\"https:\\\/\\\/safetysource-eg.com\\\/en\\\/?s={search_term_string}\"},\"query-input\":{\"@type\":\"PropertyValueSpecification\",\"valueRequired\":true,\"valueName\":\"search_term_string\"}}],\"inLanguage\":\"en-US\"}]}<\/script>\n<!-- \/ Yoast SEO plugin. -->","yoast_head_json":{"title":"Ultra Series Wall-Mounted Face Access Terminal - DS-K1T680DW - \u0633\u064a\u0641\u062a\u0649 \u0633\u0648\u0631\u0633","description":"8-inch touch screen with bezel-less design Presents card on the screen to authenticate Face recognition distance: 0.3 m to 3 m, duration","robots":{"index":"index","follow":"follow","max-snippet":"max-snippet:-1","max-image-preview":"max-image-preview:large","max-video-preview":"max-video-preview:-1"},"canonical":"https:\/\/safetysource-eg.com\/en\/product\/ultra-series-wall-mounted-face-access-terminal-ds-k1t680dw\/","og_locale":"en_US","og_type":"article","og_title":"Ultra Series Wall-Mounted Face Access Terminal - DS-K1T680DW - \u0633\u064a\u0641\u062a\u0649 \u0633\u0648\u0631\u0633","og_description":"8-inch touch screen with bezel-less design Presents card on the screen to authenticate Face recognition distance: 0.3 m to 3 m, duration","og_url":"https:\/\/safetysource-eg.com\/en\/product\/ultra-series-wall-mounted-face-access-terminal-ds-k1t680dw\/","og_site_name":"\u0633\u064a\u0641\u062a\u0649 \u0633\u0648\u0631\u0633","article_modified_time":"2025-09-19T13:03:04+00:00","og_image":[{"width":1000,"height":1000,"url":"https:\/\/safetysource-eg.com\/wp-content\/uploads\/2025\/06\/DS-K1T680DW_image_1-1.jpg","type":"image\/jpeg"}],"twitter_card":"summary_large_image","twitter_misc":{"Est. reading time":"1 minute"},"schema":{"@context":"https:\/\/schema.org","@graph":[{"@type":"WebPage","@id":"https:\/\/safetysource-eg.com\/en\/product\/ultra-series-wall-mounted-face-access-terminal-ds-k1t680dw\/","url":"https:\/\/safetysource-eg.com\/en\/product\/ultra-series-wall-mounted-face-access-terminal-ds-k1t680dw\/","name":"Ultra Series Wall-Mounted Face Access Terminal - DS-K1T680DW - \u0633\u064a\u0641\u062a\u0649 \u0633\u0648\u0631\u0633","isPartOf":{"@id":"https:\/\/safetysource-eg.com\/en\/#website"},"primaryImageOfPage":{"@id":"https:\/\/safetysource-eg.com\/en\/product\/ultra-series-wall-mounted-face-access-terminal-ds-k1t680dw\/#primaryimage"},"image":{"@id":"https:\/\/safetysource-eg.com\/en\/product\/ultra-series-wall-mounted-face-access-terminal-ds-k1t680dw\/#primaryimage"},"thumbnailUrl":"https:\/\/safetysource-eg.com\/wp-content\/uploads\/2025\/06\/DS-K1T680DW_image_1-1.jpg","datePublished":"2025-06-15T18:10:04+00:00","dateModified":"2025-09-19T13:03:04+00:00","description":"8-inch touch screen with bezel-less design Presents card on the screen to authenticate Face recognition distance: 0.3 m to 3 m, duration","breadcrumb":{"@id":"https:\/\/safetysource-eg.com\/en\/product\/ultra-series-wall-mounted-face-access-terminal-ds-k1t680dw\/#breadcrumb"},"inLanguage":"en-US","potentialAction":[{"@type":"ReadAction","target":["https:\/\/safetysource-eg.com\/en\/product\/ultra-series-wall-mounted-face-access-terminal-ds-k1t680dw\/"]}]},{"@type":"ImageObject","inLanguage":"en-US","@id":"https:\/\/safetysource-eg.com\/en\/product\/ultra-series-wall-mounted-face-access-terminal-ds-k1t680dw\/#primaryimage","url":"https:\/\/safetysource-eg.com\/wp-content\/uploads\/2025\/06\/DS-K1T680DW_image_1-1.jpg","contentUrl":"https:\/\/safetysource-eg.com\/wp-content\/uploads\/2025\/06\/DS-K1T680DW_image_1-1.jpg","width":1000,"height":1000},{"@type":"BreadcrumbList","@id":"https:\/\/safetysource-eg.com\/en\/product\/ultra-series-wall-mounted-face-access-terminal-ds-k1t680dw\/#breadcrumb","itemListElement":[{"@type":"ListItem","position":1,"name":"Home","item":"https:\/\/safetysource-eg.com\/en\/"},{"@type":"ListItem","position":2,"name":"Products","item":"https:\/\/safetysource-eg.com\/en\/products\/"},{"@type":"ListItem","position":3,"name":"Ultra Series Wall-Mounted Face Access Terminal &#8211; DS-K1T680DW"}]},{"@type":"WebSite","@id":"https:\/\/safetysource-eg.com\/en\/#website","url":"https:\/\/safetysource-eg.com\/en\/","name":"\u0633\u064a\u0641\u062a\u0649 \u0633\u0648\u0631\u0633","description":"\u0623\u0646\u0638\u0645\u0629 \u0623\u0645\u0627\u0646 \u0630\u0643\u064a\u0629","potentialAction":[{"@type":"SearchAction","target":{"@type":"EntryPoint","urlTemplate":"https:\/\/safetysource-eg.com\/en\/?s={search_term_string}"},"query-input":{"@type":"PropertyValueSpecification","valueRequired":true,"valueName":"search_term_string"}}],"inLanguage":"en-US"}]}},"_links":{"self":[{"href":"https:\/\/safetysource-eg.com\/en\/wp-json\/wp\/v2\/product\/18722","targetHints":{"allow":["GET"]}}],"collection":[{"href":"https:\/\/safetysource-eg.com\/en\/wp-json\/wp\/v2\/product"}],"about":[{"href":"https:\/\/safetysource-eg.com\/en\/wp-json\/wp\/v2\/types\/product"}],"wp:featuredmedia":[{"embeddable":true,"href":"https:\/\/safetysource-eg.com\/en\/wp-json\/wp\/v2\/media\/18514"}],"wp:attachment":[{"href":"https:\/\/safetysource-eg.com\/en\/wp-json\/wp\/v2\/media?parent=18722"}],"wp:term":[{"taxonomy":"product_brand","embeddable":true,"href":"https:\/\/safetysource-eg.com\/en\/wp-json\/wp\/v2\/product_brand?post=18722"},{"taxonomy":"product_cat","embeddable":true,"href":"https:\/\/safetysource-eg.com\/en\/wp-json\/wp\/v2\/product_cat?post=18722"},{"taxonomy":"product_tag","embeddable":true,"href":"https:\/\/safetysource-eg.com\/en\/wp-json\/wp\/v2\/product_tag?post=18722"}],"curies":[{"name":"wp","href":"https:\/\/api.w.org\/{rel}","templated":true}]}}