{"id":18744,"date":"2025-06-13T13:25:36","date_gmt":"2025-06-13T13:25:36","guid":{"rendered":"https:\/\/safetysource-eg.com\/product\/fingerprint-reader-ds-k1201amf\/"},"modified":"2025-10-20T18:03:38","modified_gmt":"2025-10-20T18:03:38","slug":"fingerprint-reader-ds-k1201amf","status":"publish","type":"product","link":"https:\/\/safetysource-eg.com\/en\/product\/fingerprint-reader-ds-k1201amf\/","title":{"rendered":"Fingerprint Reader &#8211; DS-K1201AMF"},"content":{"rendered":"<div class=\"tech-specs-items-wrap\"><\/div>\n<div>\n<h2><span class=\"tech-specs-items-description__title--heading\">Interface<\/span><\/h2>\n<ul class=\"tech-specs-items-description\" data-target=\"Interface\">\n<li class=\"tech-specs-items-description-list\"><span class=\"tech-specs-items-description__title\">TAMPER: <\/span><span class=\"tech-specs-items-description__title-details\">1<\/span><\/li>\n<\/ul>\n<h2><span class=\"tech-specs-items-description__title--heading\">Authentication<\/span><\/h2>\n<ul class=\"tech-specs-items-description\" data-target=\"Authentication\">\n<li class=\"tech-specs-items-description-list\"><span class=\"tech-specs-items-description__title\">Fingerprint module: <\/span><span class=\"tech-specs-items-description__title-details\">Optical fingerprint module<\/span><\/li>\n<li class=\"tech-specs-items-description-list\"><span class=\"tech-specs-items-description__title\">Fingerprint comparing mode: <\/span><span class=\"tech-specs-items-description__title-details\">1:1\/1:N<\/span><\/li>\n<li class=\"tech-specs-items-description-list\"><span class=\"tech-specs-items-description__title\">Card type: <\/span><span class=\"tech-specs-items-description__title-details\">EM card<\/span><\/li>\n<\/ul>\n<h2><span class=\"tech-specs-items-description__title--heading\">General<\/span><\/h2>\n<ul class=\"tech-specs-items-description\" data-target=\"General\">\n<li class=\"tech-specs-items-description-list\"><span class=\"tech-specs-items-description__title\">Power supply: <\/span><span class=\"tech-specs-items-description__title-details\">12 VDC \u00b1 10%<\/span><\/li>\n<li class=\"tech-specs-items-description-list\"><span class=\"tech-specs-items-description__title\">Power consumption: <\/span><span class=\"tech-specs-items-description__title-details\">\u2264 1.6 W<\/span><\/li>\n<li class=\"tech-specs-items-description-list\"><span class=\"tech-specs-items-description__title\">Working temperature: <\/span><span class=\"tech-specs-items-description__title-details\">-40 \u00b0C to 70 \u00b0C (-40 \u00b0F to 158 \u00b0F)<\/span><\/li>\n<li class=\"tech-specs-items-description-list\"><span class=\"tech-specs-items-description__title\">Working humidity: <\/span><span class=\"tech-specs-items-description__title-details\">10% to 90% (no condensing)<\/span><\/li>\n<li class=\"tech-specs-items-description-list\"><span class=\"tech-specs-items-description__title\">Dimensions: <\/span><span class=\"tech-specs-items-description__title-details\">62 mm \u00d7 132 mm \u00d7 44 mm (2.44&#8243; \u00d7 5.20&#8243; \u00d7 1.73&#8243;)<\/span><\/li>\n<li class=\"tech-specs-items-description-list\"><span class=\"tech-specs-items-description__title\">Installation: <\/span><span class=\"tech-specs-items-description__title-details\">Surface mounting<\/span><\/li>\n<li class=\"tech-specs-items-description-list\"><span class=\"tech-specs-items-description__title\">Buzzer: <\/span><span class=\"tech-specs-items-description__title-details\">Support<\/span><\/li>\n<\/ul>\n<\/div>\n","protected":false},"excerpt":{"rendered":"<ul class=\"product_description_item-list\">\n<li class=\"product_description_item\">A group of messy code encrypted data for the security of fingerprint storage<\/li>\n<li class=\"product_description_item\">Supports RS-485 communication with 19200bps-N-8-1 transmission rate. There is are CRC test for the protocol<\/li>\n<li class=\"product_description_item\">Supports EM card reading<\/li>\n<li class=\"product_description_item\">Card induction distance is 30 mm to 100 mm<\/li>\n<li class=\"product_description_item\">Supports multiple authentication modes (card, fingerprint, and card + fingerprint)<\/li>\n<li class=\"product_description_item\">Optical CMOS fingerprint module. The characters of the fingerprint can be exported to the card reader<\/li>\n<li class=\"product_description_item\">Max. 5000 fingerprints storage<\/li>\n<li class=\"product_description_item\">Adopts the optical fingerprint module, supporting 1:N mode (fingerprint, card + fingerprint) and 1:1 mode (card + fingerprint)<\/li>\n<li class=\"product_description_item\">Fingerprint comparison time: 1:1 \u2264 1 s, 1:1000 \u2264 1 s; FRR \u2264 0.01%, FAR \u2264 0.001%<\/li>\n<li class=\"product_description_item\">The communication circuit is designed with optical coupling isolation and a noise suppression function<\/li>\n<li class=\"product_description_item\">Built-in buzzer for status indication<\/li>\n<li class=\"product_description_item\">Accurate data and time display provided by the built-in electronic clock and watchdog program to ensure the basic function of the terminal<\/li>\n<li class=\"product_description_item\">Tamper-proof function<\/li>\n<\/ul>\n","protected":false},"featured_media":18493,"template":"","meta":{"_acf_changed":false},"product_brand":[297],"product_cat":[318,326],"product_tag":[],"class_list":{"0":"post-18744","1":"product","2":"type-product","3":"status-publish","4":"has-post-thumbnail","6":"product_brand-hikvision","7":"product_cat-access-control-terminals-en","8":"product_cat-finger-print-terminals-en","10":"first","11":"instock","12":"featured","13":"shipping-taxable","14":"product-type-simple"},"acf":[],"yoast_head":"<!-- This site is optimized with the Yoast SEO plugin v27.3 - https:\/\/yoast.com\/product\/yoast-seo-wordpress\/ -->\n<title>Fingerprint Reader - DS-K1201AMF - \u0633\u064a\u0641\u062a\u0649 \u0633\u0648\u0631\u0633<\/title>\n<meta name=\"description\" content=\"Supports multiple authentication modes (card, fingerprint, and card + fingerprint)Optical CMOS fingerprint module. Supports EM card reading\" \/>\n<meta name=\"robots\" content=\"index, follow, max-snippet:-1, max-image-preview:large, max-video-preview:-1\" \/>\n<link rel=\"canonical\" href=\"https:\/\/safetysource-eg.com\/en\/product\/fingerprint-reader-ds-k1201amf\/\" \/>\n<meta property=\"og:locale\" content=\"en_US\" \/>\n<meta property=\"og:type\" content=\"article\" \/>\n<meta property=\"og:title\" content=\"Fingerprint Reader - DS-K1201AMF - \u0633\u064a\u0641\u062a\u0649 \u0633\u0648\u0631\u0633\" \/>\n<meta property=\"og:description\" content=\"Supports multiple authentication modes (card, fingerprint, and card + fingerprint)Optical CMOS fingerprint module. Supports EM card reading\" \/>\n<meta property=\"og:url\" content=\"https:\/\/safetysource-eg.com\/en\/product\/fingerprint-reader-ds-k1201amf\/\" \/>\n<meta property=\"og:site_name\" content=\"\u0633\u064a\u0641\u062a\u0649 \u0633\u0648\u0631\u0633\" \/>\n<meta property=\"article:modified_time\" content=\"2025-10-20T18:03:38+00:00\" \/>\n<meta property=\"og:image\" content=\"https:\/\/safetysource-eg.com\/wp-content\/uploads\/2025\/06\/DS-K1201AEF.jpg\" \/>\n\t<meta property=\"og:image:width\" content=\"1000\" \/>\n\t<meta property=\"og:image:height\" content=\"1000\" \/>\n\t<meta property=\"og:image:type\" content=\"image\/jpeg\" \/>\n<meta name=\"twitter:card\" content=\"summary_large_image\" \/>\n<meta name=\"twitter:label1\" content=\"Est. reading time\" \/>\n\t<meta name=\"twitter:data1\" content=\"1 minute\" \/>\n<script type=\"application\/ld+json\" class=\"yoast-schema-graph\">{\"@context\":\"https:\\\/\\\/schema.org\",\"@graph\":[{\"@type\":\"WebPage\",\"@id\":\"https:\\\/\\\/safetysource-eg.com\\\/en\\\/product\\\/fingerprint-reader-ds-k1201amf\\\/\",\"url\":\"https:\\\/\\\/safetysource-eg.com\\\/en\\\/product\\\/fingerprint-reader-ds-k1201amf\\\/\",\"name\":\"Fingerprint Reader - DS-K1201AMF - \u0633\u064a\u0641\u062a\u0649 \u0633\u0648\u0631\u0633\",\"isPartOf\":{\"@id\":\"https:\\\/\\\/safetysource-eg.com\\\/en\\\/#website\"},\"primaryImageOfPage\":{\"@id\":\"https:\\\/\\\/safetysource-eg.com\\\/en\\\/product\\\/fingerprint-reader-ds-k1201amf\\\/#primaryimage\"},\"image\":{\"@id\":\"https:\\\/\\\/safetysource-eg.com\\\/en\\\/product\\\/fingerprint-reader-ds-k1201amf\\\/#primaryimage\"},\"thumbnailUrl\":\"https:\\\/\\\/safetysource-eg.com\\\/wp-content\\\/uploads\\\/2025\\\/06\\\/DS-K1201AEF.jpg\",\"datePublished\":\"2025-06-13T13:25:36+00:00\",\"dateModified\":\"2025-10-20T18:03:38+00:00\",\"description\":\"Supports multiple authentication modes (card, fingerprint, and card + fingerprint)Optical CMOS fingerprint module. Supports EM card reading\",\"breadcrumb\":{\"@id\":\"https:\\\/\\\/safetysource-eg.com\\\/en\\\/product\\\/fingerprint-reader-ds-k1201amf\\\/#breadcrumb\"},\"inLanguage\":\"en-US\",\"potentialAction\":[{\"@type\":\"ReadAction\",\"target\":[\"https:\\\/\\\/safetysource-eg.com\\\/en\\\/product\\\/fingerprint-reader-ds-k1201amf\\\/\"]}]},{\"@type\":\"ImageObject\",\"inLanguage\":\"en-US\",\"@id\":\"https:\\\/\\\/safetysource-eg.com\\\/en\\\/product\\\/fingerprint-reader-ds-k1201amf\\\/#primaryimage\",\"url\":\"https:\\\/\\\/safetysource-eg.com\\\/wp-content\\\/uploads\\\/2025\\\/06\\\/DS-K1201AEF.jpg\",\"contentUrl\":\"https:\\\/\\\/safetysource-eg.com\\\/wp-content\\\/uploads\\\/2025\\\/06\\\/DS-K1201AEF.jpg\",\"width\":1000,\"height\":1000},{\"@type\":\"BreadcrumbList\",\"@id\":\"https:\\\/\\\/safetysource-eg.com\\\/en\\\/product\\\/fingerprint-reader-ds-k1201amf\\\/#breadcrumb\",\"itemListElement\":[{\"@type\":\"ListItem\",\"position\":1,\"name\":\"Home\",\"item\":\"https:\\\/\\\/safetysource-eg.com\\\/en\\\/\"},{\"@type\":\"ListItem\",\"position\":2,\"name\":\"Products\",\"item\":\"https:\\\/\\\/safetysource-eg.com\\\/en\\\/products\\\/\"},{\"@type\":\"ListItem\",\"position\":3,\"name\":\"Fingerprint Reader &#8211; DS-K1201AMF\"}]},{\"@type\":\"WebSite\",\"@id\":\"https:\\\/\\\/safetysource-eg.com\\\/en\\\/#website\",\"url\":\"https:\\\/\\\/safetysource-eg.com\\\/en\\\/\",\"name\":\"\u0633\u064a\u0641\u062a\u0649 \u0633\u0648\u0631\u0633\",\"description\":\"\u0623\u0646\u0638\u0645\u0629 \u0623\u0645\u0627\u0646 \u0630\u0643\u064a\u0629\",\"potentialAction\":[{\"@type\":\"SearchAction\",\"target\":{\"@type\":\"EntryPoint\",\"urlTemplate\":\"https:\\\/\\\/safetysource-eg.com\\\/en\\\/?s={search_term_string}\"},\"query-input\":{\"@type\":\"PropertyValueSpecification\",\"valueRequired\":true,\"valueName\":\"search_term_string\"}}],\"inLanguage\":\"en-US\"}]}<\/script>\n<!-- \/ Yoast SEO plugin. -->","yoast_head_json":{"title":"Fingerprint Reader - DS-K1201AMF - \u0633\u064a\u0641\u062a\u0649 \u0633\u0648\u0631\u0633","description":"Supports multiple authentication modes (card, fingerprint, and card + fingerprint)Optical CMOS fingerprint module. Supports EM card reading","robots":{"index":"index","follow":"follow","max-snippet":"max-snippet:-1","max-image-preview":"max-image-preview:large","max-video-preview":"max-video-preview:-1"},"canonical":"https:\/\/safetysource-eg.com\/en\/product\/fingerprint-reader-ds-k1201amf\/","og_locale":"en_US","og_type":"article","og_title":"Fingerprint Reader - DS-K1201AMF - \u0633\u064a\u0641\u062a\u0649 \u0633\u0648\u0631\u0633","og_description":"Supports multiple authentication modes (card, fingerprint, and card + fingerprint)Optical CMOS fingerprint module. Supports EM card reading","og_url":"https:\/\/safetysource-eg.com\/en\/product\/fingerprint-reader-ds-k1201amf\/","og_site_name":"\u0633\u064a\u0641\u062a\u0649 \u0633\u0648\u0631\u0633","article_modified_time":"2025-10-20T18:03:38+00:00","og_image":[{"width":1000,"height":1000,"url":"https:\/\/safetysource-eg.com\/wp-content\/uploads\/2025\/06\/DS-K1201AEF.jpg","type":"image\/jpeg"}],"twitter_card":"summary_large_image","twitter_misc":{"Est. reading time":"1 minute"},"schema":{"@context":"https:\/\/schema.org","@graph":[{"@type":"WebPage","@id":"https:\/\/safetysource-eg.com\/en\/product\/fingerprint-reader-ds-k1201amf\/","url":"https:\/\/safetysource-eg.com\/en\/product\/fingerprint-reader-ds-k1201amf\/","name":"Fingerprint Reader - DS-K1201AMF - \u0633\u064a\u0641\u062a\u0649 \u0633\u0648\u0631\u0633","isPartOf":{"@id":"https:\/\/safetysource-eg.com\/en\/#website"},"primaryImageOfPage":{"@id":"https:\/\/safetysource-eg.com\/en\/product\/fingerprint-reader-ds-k1201amf\/#primaryimage"},"image":{"@id":"https:\/\/safetysource-eg.com\/en\/product\/fingerprint-reader-ds-k1201amf\/#primaryimage"},"thumbnailUrl":"https:\/\/safetysource-eg.com\/wp-content\/uploads\/2025\/06\/DS-K1201AEF.jpg","datePublished":"2025-06-13T13:25:36+00:00","dateModified":"2025-10-20T18:03:38+00:00","description":"Supports multiple authentication modes (card, fingerprint, and card + fingerprint)Optical CMOS fingerprint module. Supports EM card reading","breadcrumb":{"@id":"https:\/\/safetysource-eg.com\/en\/product\/fingerprint-reader-ds-k1201amf\/#breadcrumb"},"inLanguage":"en-US","potentialAction":[{"@type":"ReadAction","target":["https:\/\/safetysource-eg.com\/en\/product\/fingerprint-reader-ds-k1201amf\/"]}]},{"@type":"ImageObject","inLanguage":"en-US","@id":"https:\/\/safetysource-eg.com\/en\/product\/fingerprint-reader-ds-k1201amf\/#primaryimage","url":"https:\/\/safetysource-eg.com\/wp-content\/uploads\/2025\/06\/DS-K1201AEF.jpg","contentUrl":"https:\/\/safetysource-eg.com\/wp-content\/uploads\/2025\/06\/DS-K1201AEF.jpg","width":1000,"height":1000},{"@type":"BreadcrumbList","@id":"https:\/\/safetysource-eg.com\/en\/product\/fingerprint-reader-ds-k1201amf\/#breadcrumb","itemListElement":[{"@type":"ListItem","position":1,"name":"Home","item":"https:\/\/safetysource-eg.com\/en\/"},{"@type":"ListItem","position":2,"name":"Products","item":"https:\/\/safetysource-eg.com\/en\/products\/"},{"@type":"ListItem","position":3,"name":"Fingerprint Reader &#8211; DS-K1201AMF"}]},{"@type":"WebSite","@id":"https:\/\/safetysource-eg.com\/en\/#website","url":"https:\/\/safetysource-eg.com\/en\/","name":"\u0633\u064a\u0641\u062a\u0649 \u0633\u0648\u0631\u0633","description":"\u0623\u0646\u0638\u0645\u0629 \u0623\u0645\u0627\u0646 \u0630\u0643\u064a\u0629","potentialAction":[{"@type":"SearchAction","target":{"@type":"EntryPoint","urlTemplate":"https:\/\/safetysource-eg.com\/en\/?s={search_term_string}"},"query-input":{"@type":"PropertyValueSpecification","valueRequired":true,"valueName":"search_term_string"}}],"inLanguage":"en-US"}]}},"_links":{"self":[{"href":"https:\/\/safetysource-eg.com\/en\/wp-json\/wp\/v2\/product\/18744","targetHints":{"allow":["GET"]}}],"collection":[{"href":"https:\/\/safetysource-eg.com\/en\/wp-json\/wp\/v2\/product"}],"about":[{"href":"https:\/\/safetysource-eg.com\/en\/wp-json\/wp\/v2\/types\/product"}],"wp:featuredmedia":[{"embeddable":true,"href":"https:\/\/safetysource-eg.com\/en\/wp-json\/wp\/v2\/media\/18493"}],"wp:attachment":[{"href":"https:\/\/safetysource-eg.com\/en\/wp-json\/wp\/v2\/media?parent=18744"}],"wp:term":[{"taxonomy":"product_brand","embeddable":true,"href":"https:\/\/safetysource-eg.com\/en\/wp-json\/wp\/v2\/product_brand?post=18744"},{"taxonomy":"product_cat","embeddable":true,"href":"https:\/\/safetysource-eg.com\/en\/wp-json\/wp\/v2\/product_cat?post=18744"},{"taxonomy":"product_tag","embeddable":true,"href":"https:\/\/safetysource-eg.com\/en\/wp-json\/wp\/v2\/product_tag?post=18744"}],"curies":[{"name":"wp","href":"https:\/\/api.w.org\/{rel}","templated":true}]}}