{"id":18749,"date":"2025-06-12T15:25:51","date_gmt":"2025-06-12T15:25:51","guid":{"rendered":"https:\/\/safetysource-eg.com\/product\/pro-1108a-series-card-reader-ds-k1108adk\/"},"modified":"2025-10-20T19:14:07","modified_gmt":"2025-10-20T19:14:07","slug":"pro-1108a-series-card-reader-ds-k1108adk","status":"publish","type":"product","link":"https:\/\/safetysource-eg.com\/en\/product\/pro-1108a-series-card-reader-ds-k1108adk\/","title":{"rendered":"Pro 1108A Series Card Reader &#8211; DS-K1108ADK"},"content":{"rendered":"<div class=\"tech-specs-items-wrap\">\n<h2><span class=\"tech-specs-items-description__title--heading\">Authentication<\/span><\/h2>\n<ul class=\"tech-specs-items-description\" data-target=\"Authentication\">\n<li class=\"tech-specs-items-description-list\"><span class=\"tech-specs-items-description__title\">Card radio frequency standard <\/span><span class=\"tech-specs-items-description__title-details\">ISO 14443-A<\/span><\/li>\n<\/ul>\n<h2><span class=\"tech-specs-items-description__title--heading\">General<\/span><\/h2>\n<ul class=\"tech-specs-items-description\" data-target=\"General\">\n<li class=\"tech-specs-items-description-list\"><span class=\"tech-specs-items-description__title\">Power supply 12<\/span><span class=\"tech-specs-items-description__title-details\">\u00a0VDC, 2 W<\/span><\/li>\n<li class=\"tech-specs-items-description-list\"><span class=\"tech-specs-items-description__title\">Power consumption <\/span><span class=\"tech-specs-items-description__title-details\">\u2264 2 W<\/span><\/li>\n<li class=\"tech-specs-items-description-list\"><span class=\"tech-specs-items-description__title\">Working temperature<\/span><span class=\"tech-specs-items-description__title-details\">-20 \u00b0C to 65 \u00b0C (-4 \u00b0F to 149 \u00b0F)<\/span><\/li>\n<li class=\"tech-specs-items-description-list\"><span class=\"tech-specs-items-description__title\">Working humidity <\/span><span class=\"tech-specs-items-description__title-details\">10% to 90% (no condensing)<\/span><\/li>\n<li class=\"tech-specs-items-description-list\"><span class=\"tech-specs-items-description__title\">Dimensions<\/span><span class=\"tech-specs-items-description__title-details\">123 mm \u00d7 88 mm \u00d7 21 mm (4.84&#8243; \u00d7 3.46&#8243; \u00d7 0.83&#8243;)<\/span><\/li>\n<li class=\"tech-specs-items-description-list\"><span class=\"tech-specs-items-description__title\">Installation<\/span><span class=\"tech-specs-items-description__title-details\">Wall mounting<\/span><\/li>\n<li class=\"tech-specs-items-description-list\"><span class=\"tech-specs-items-description__title\">Weight<\/span>\n<p class=\"mb-p\">Gross weight: 0.37 kg (0.82 lb)<\/p>\n<p class=\"mb-p\">Net weight: 0.14 kg (0.31 lb)<\/p>\n<\/li>\n<li class=\"tech-specs-items-description-list\"><span class=\"tech-specs-items-description__title\">Keypad<\/span>\n<p class=\"mb-p\">DS-K1108AE\/DS-K1108AM\/DS-K1108AD: No keypad<\/p>\n<p class=\"mb-p\">DS-K1108AEK\/DS-K1108AMK\/DS-K1108ADK: With keypad<\/p>\n<\/li>\n<li class=\"tech-specs-items-description-list\"><span class=\"tech-specs-items-description__title\">Buzzer<\/span><span class=\"tech-specs-items-description__title-details\">Beeper<\/span><\/li>\n<\/ul>\n<h2><span class=\"tech-specs-items-description__title--heading\">Function<\/span><\/h2>\n<ul class=\"tech-specs-items-description\" data-target=\"Function\">\n<li class=\"tech-specs-items-description-list\"><span class=\"tech-specs-items-description__title\">ID settings via<\/span><span class=\"tech-specs-items-description__title-details\">\u00a0DIP switch<\/span><\/li>\n<\/ul>\n<\/div>\n<div><\/div>\n","protected":false},"excerpt":{"rendered":"<ul class=\"product_description_item-list\">\n<li class=\"product_description_item\">Supports RS-485, Wiegand (W26, W34) protocol, and OSDP protocol<\/li>\n<li class=\"product_description_item\">Supports reading EM card (Frequency: 125 KHz) (DS-K1108AE\/DS-K1108AEK\uff09<\/li>\n<li class=\"product_description_item\">Supports reading M1 card (Frequency: 13.56 MHz). Supports reading Desfire&amp;Felica card (DS-K1108AD\/DS-K1108ADK)<\/li>\n<li class=\"product_description_item\">Tamper-proof function<\/li>\n<li class=\"product_description_item\">Built-in buzzer for status indication<\/li>\n<\/ul>\n","protected":false},"featured_media":18489,"template":"","meta":{"_acf_changed":false},"product_brand":[297],"product_cat":[318,328],"product_tag":[],"class_list":{"0":"post-18749","1":"product","2":"type-product","3":"status-publish","4":"has-post-thumbnail","6":"product_brand-hikvision","7":"product_cat-access-control-terminals-en","8":"product_cat-card-readers-en","10":"first","11":"instock","12":"featured","13":"shipping-taxable","14":"product-type-simple"},"acf":[],"yoast_head":"<!-- This site is optimized with the Yoast SEO plugin v27.3 - https:\/\/yoast.com\/product\/yoast-seo-wordpress\/ -->\n<title>Pro 1108A Series Card Reader - DS-K1108ADK - \u0633\u064a\u0641\u062a\u0649 \u0633\u0648\u0631\u0633<\/title>\n<meta name=\"description\" content=\"Supports reading EM card (Frequency: 125 KHz) (DS-K1108AE\/DS-K1108AEK\uff09Supports reading M1 card (Frequency: 13.56 MHz). Supports reading Desfire&amp;Felica card\" \/>\n<meta name=\"robots\" content=\"index, follow, max-snippet:-1, max-image-preview:large, max-video-preview:-1\" \/>\n<link rel=\"canonical\" href=\"https:\/\/safetysource-eg.com\/en\/product\/pro-1108a-series-card-reader-ds-k1108adk\/\" \/>\n<meta property=\"og:locale\" content=\"en_US\" \/>\n<meta property=\"og:type\" content=\"article\" \/>\n<meta property=\"og:title\" content=\"Pro 1108A Series Card Reader - DS-K1108ADK - \u0633\u064a\u0641\u062a\u0649 \u0633\u0648\u0631\u0633\" \/>\n<meta property=\"og:description\" content=\"Supports reading EM card (Frequency: 125 KHz) (DS-K1108AE\/DS-K1108AEK\uff09Supports reading M1 card (Frequency: 13.56 MHz). Supports reading Desfire&amp;Felica card\" \/>\n<meta property=\"og:url\" content=\"https:\/\/safetysource-eg.com\/en\/product\/pro-1108a-series-card-reader-ds-k1108adk\/\" \/>\n<meta property=\"og:site_name\" content=\"\u0633\u064a\u0641\u062a\u0649 \u0633\u0648\u0631\u0633\" \/>\n<meta property=\"article:modified_time\" content=\"2025-10-20T19:14:07+00:00\" \/>\n<meta property=\"og:image\" content=\"https:\/\/safetysource-eg.com\/wp-content\/uploads\/2025\/06\/DS-K1108A.jpg\" \/>\n\t<meta property=\"og:image:width\" content=\"1000\" \/>\n\t<meta property=\"og:image:height\" content=\"1000\" \/>\n\t<meta property=\"og:image:type\" content=\"image\/jpeg\" \/>\n<meta name=\"twitter:card\" content=\"summary_large_image\" \/>\n<meta name=\"twitter:label1\" content=\"Est. reading time\" \/>\n\t<meta name=\"twitter:data1\" content=\"1 minute\" \/>\n<script type=\"application\/ld+json\" class=\"yoast-schema-graph\">{\"@context\":\"https:\\\/\\\/schema.org\",\"@graph\":[{\"@type\":\"WebPage\",\"@id\":\"https:\\\/\\\/safetysource-eg.com\\\/en\\\/product\\\/pro-1108a-series-card-reader-ds-k1108adk\\\/\",\"url\":\"https:\\\/\\\/safetysource-eg.com\\\/en\\\/product\\\/pro-1108a-series-card-reader-ds-k1108adk\\\/\",\"name\":\"Pro 1108A Series Card Reader - DS-K1108ADK - \u0633\u064a\u0641\u062a\u0649 \u0633\u0648\u0631\u0633\",\"isPartOf\":{\"@id\":\"https:\\\/\\\/safetysource-eg.com\\\/en\\\/#website\"},\"primaryImageOfPage\":{\"@id\":\"https:\\\/\\\/safetysource-eg.com\\\/en\\\/product\\\/pro-1108a-series-card-reader-ds-k1108adk\\\/#primaryimage\"},\"image\":{\"@id\":\"https:\\\/\\\/safetysource-eg.com\\\/en\\\/product\\\/pro-1108a-series-card-reader-ds-k1108adk\\\/#primaryimage\"},\"thumbnailUrl\":\"https:\\\/\\\/safetysource-eg.com\\\/wp-content\\\/uploads\\\/2025\\\/06\\\/DS-K1108A.jpg\",\"datePublished\":\"2025-06-12T15:25:51+00:00\",\"dateModified\":\"2025-10-20T19:14:07+00:00\",\"description\":\"Supports reading EM card (Frequency: 125 KHz) (DS-K1108AE\\\/DS-K1108AEK\uff09Supports reading M1 card (Frequency: 13.56 MHz). Supports reading Desfire&Felica card\",\"breadcrumb\":{\"@id\":\"https:\\\/\\\/safetysource-eg.com\\\/en\\\/product\\\/pro-1108a-series-card-reader-ds-k1108adk\\\/#breadcrumb\"},\"inLanguage\":\"en-US\",\"potentialAction\":[{\"@type\":\"ReadAction\",\"target\":[\"https:\\\/\\\/safetysource-eg.com\\\/en\\\/product\\\/pro-1108a-series-card-reader-ds-k1108adk\\\/\"]}]},{\"@type\":\"ImageObject\",\"inLanguage\":\"en-US\",\"@id\":\"https:\\\/\\\/safetysource-eg.com\\\/en\\\/product\\\/pro-1108a-series-card-reader-ds-k1108adk\\\/#primaryimage\",\"url\":\"https:\\\/\\\/safetysource-eg.com\\\/wp-content\\\/uploads\\\/2025\\\/06\\\/DS-K1108A.jpg\",\"contentUrl\":\"https:\\\/\\\/safetysource-eg.com\\\/wp-content\\\/uploads\\\/2025\\\/06\\\/DS-K1108A.jpg\",\"width\":1000,\"height\":1000},{\"@type\":\"BreadcrumbList\",\"@id\":\"https:\\\/\\\/safetysource-eg.com\\\/en\\\/product\\\/pro-1108a-series-card-reader-ds-k1108adk\\\/#breadcrumb\",\"itemListElement\":[{\"@type\":\"ListItem\",\"position\":1,\"name\":\"Home\",\"item\":\"https:\\\/\\\/safetysource-eg.com\\\/en\\\/\"},{\"@type\":\"ListItem\",\"position\":2,\"name\":\"Products\",\"item\":\"https:\\\/\\\/safetysource-eg.com\\\/en\\\/products\\\/\"},{\"@type\":\"ListItem\",\"position\":3,\"name\":\"Pro 1108A Series Card Reader &#8211; DS-K1108ADK\"}]},{\"@type\":\"WebSite\",\"@id\":\"https:\\\/\\\/safetysource-eg.com\\\/en\\\/#website\",\"url\":\"https:\\\/\\\/safetysource-eg.com\\\/en\\\/\",\"name\":\"\u0633\u064a\u0641\u062a\u0649 \u0633\u0648\u0631\u0633\",\"description\":\"\u0623\u0646\u0638\u0645\u0629 \u0623\u0645\u0627\u0646 \u0630\u0643\u064a\u0629\",\"potentialAction\":[{\"@type\":\"SearchAction\",\"target\":{\"@type\":\"EntryPoint\",\"urlTemplate\":\"https:\\\/\\\/safetysource-eg.com\\\/en\\\/?s={search_term_string}\"},\"query-input\":{\"@type\":\"PropertyValueSpecification\",\"valueRequired\":true,\"valueName\":\"search_term_string\"}}],\"inLanguage\":\"en-US\"}]}<\/script>\n<!-- \/ Yoast SEO plugin. -->","yoast_head_json":{"title":"Pro 1108A Series Card Reader - DS-K1108ADK - \u0633\u064a\u0641\u062a\u0649 \u0633\u0648\u0631\u0633","description":"Supports reading EM card (Frequency: 125 KHz) (DS-K1108AE\/DS-K1108AEK\uff09Supports reading M1 card (Frequency: 13.56 MHz). Supports reading Desfire&Felica card","robots":{"index":"index","follow":"follow","max-snippet":"max-snippet:-1","max-image-preview":"max-image-preview:large","max-video-preview":"max-video-preview:-1"},"canonical":"https:\/\/safetysource-eg.com\/en\/product\/pro-1108a-series-card-reader-ds-k1108adk\/","og_locale":"en_US","og_type":"article","og_title":"Pro 1108A Series Card Reader - DS-K1108ADK - \u0633\u064a\u0641\u062a\u0649 \u0633\u0648\u0631\u0633","og_description":"Supports reading EM card (Frequency: 125 KHz) (DS-K1108AE\/DS-K1108AEK\uff09Supports reading M1 card (Frequency: 13.56 MHz). Supports reading Desfire&Felica card","og_url":"https:\/\/safetysource-eg.com\/en\/product\/pro-1108a-series-card-reader-ds-k1108adk\/","og_site_name":"\u0633\u064a\u0641\u062a\u0649 \u0633\u0648\u0631\u0633","article_modified_time":"2025-10-20T19:14:07+00:00","og_image":[{"width":1000,"height":1000,"url":"https:\/\/safetysource-eg.com\/wp-content\/uploads\/2025\/06\/DS-K1108A.jpg","type":"image\/jpeg"}],"twitter_card":"summary_large_image","twitter_misc":{"Est. reading time":"1 minute"},"schema":{"@context":"https:\/\/schema.org","@graph":[{"@type":"WebPage","@id":"https:\/\/safetysource-eg.com\/en\/product\/pro-1108a-series-card-reader-ds-k1108adk\/","url":"https:\/\/safetysource-eg.com\/en\/product\/pro-1108a-series-card-reader-ds-k1108adk\/","name":"Pro 1108A Series Card Reader - DS-K1108ADK - \u0633\u064a\u0641\u062a\u0649 \u0633\u0648\u0631\u0633","isPartOf":{"@id":"https:\/\/safetysource-eg.com\/en\/#website"},"primaryImageOfPage":{"@id":"https:\/\/safetysource-eg.com\/en\/product\/pro-1108a-series-card-reader-ds-k1108adk\/#primaryimage"},"image":{"@id":"https:\/\/safetysource-eg.com\/en\/product\/pro-1108a-series-card-reader-ds-k1108adk\/#primaryimage"},"thumbnailUrl":"https:\/\/safetysource-eg.com\/wp-content\/uploads\/2025\/06\/DS-K1108A.jpg","datePublished":"2025-06-12T15:25:51+00:00","dateModified":"2025-10-20T19:14:07+00:00","description":"Supports reading EM card (Frequency: 125 KHz) (DS-K1108AE\/DS-K1108AEK\uff09Supports reading M1 card (Frequency: 13.56 MHz). Supports reading Desfire&Felica card","breadcrumb":{"@id":"https:\/\/safetysource-eg.com\/en\/product\/pro-1108a-series-card-reader-ds-k1108adk\/#breadcrumb"},"inLanguage":"en-US","potentialAction":[{"@type":"ReadAction","target":["https:\/\/safetysource-eg.com\/en\/product\/pro-1108a-series-card-reader-ds-k1108adk\/"]}]},{"@type":"ImageObject","inLanguage":"en-US","@id":"https:\/\/safetysource-eg.com\/en\/product\/pro-1108a-series-card-reader-ds-k1108adk\/#primaryimage","url":"https:\/\/safetysource-eg.com\/wp-content\/uploads\/2025\/06\/DS-K1108A.jpg","contentUrl":"https:\/\/safetysource-eg.com\/wp-content\/uploads\/2025\/06\/DS-K1108A.jpg","width":1000,"height":1000},{"@type":"BreadcrumbList","@id":"https:\/\/safetysource-eg.com\/en\/product\/pro-1108a-series-card-reader-ds-k1108adk\/#breadcrumb","itemListElement":[{"@type":"ListItem","position":1,"name":"Home","item":"https:\/\/safetysource-eg.com\/en\/"},{"@type":"ListItem","position":2,"name":"Products","item":"https:\/\/safetysource-eg.com\/en\/products\/"},{"@type":"ListItem","position":3,"name":"Pro 1108A Series Card Reader &#8211; DS-K1108ADK"}]},{"@type":"WebSite","@id":"https:\/\/safetysource-eg.com\/en\/#website","url":"https:\/\/safetysource-eg.com\/en\/","name":"\u0633\u064a\u0641\u062a\u0649 \u0633\u0648\u0631\u0633","description":"\u0623\u0646\u0638\u0645\u0629 \u0623\u0645\u0627\u0646 \u0630\u0643\u064a\u0629","potentialAction":[{"@type":"SearchAction","target":{"@type":"EntryPoint","urlTemplate":"https:\/\/safetysource-eg.com\/en\/?s={search_term_string}"},"query-input":{"@type":"PropertyValueSpecification","valueRequired":true,"valueName":"search_term_string"}}],"inLanguage":"en-US"}]}},"_links":{"self":[{"href":"https:\/\/safetysource-eg.com\/en\/wp-json\/wp\/v2\/product\/18749","targetHints":{"allow":["GET"]}}],"collection":[{"href":"https:\/\/safetysource-eg.com\/en\/wp-json\/wp\/v2\/product"}],"about":[{"href":"https:\/\/safetysource-eg.com\/en\/wp-json\/wp\/v2\/types\/product"}],"wp:featuredmedia":[{"embeddable":true,"href":"https:\/\/safetysource-eg.com\/en\/wp-json\/wp\/v2\/media\/18489"}],"wp:attachment":[{"href":"https:\/\/safetysource-eg.com\/en\/wp-json\/wp\/v2\/media?parent=18749"}],"wp:term":[{"taxonomy":"product_brand","embeddable":true,"href":"https:\/\/safetysource-eg.com\/en\/wp-json\/wp\/v2\/product_brand?post=18749"},{"taxonomy":"product_cat","embeddable":true,"href":"https:\/\/safetysource-eg.com\/en\/wp-json\/wp\/v2\/product_cat?post=18749"},{"taxonomy":"product_tag","embeddable":true,"href":"https:\/\/safetysource-eg.com\/en\/wp-json\/wp\/v2\/product_tag?post=18749"}],"curies":[{"name":"wp","href":"https:\/\/api.w.org\/{rel}","templated":true}]}}