{"id":18758,"date":"2025-06-07T16:45:44","date_gmt":"2025-06-07T16:45:44","guid":{"rendered":"https:\/\/safetysource-eg.com\/product\/value-flap-barriers-ds-k3y411blx\/"},"modified":"2025-10-21T20:37:09","modified_gmt":"2025-10-21T20:37:09","slug":"value-flap-barriers-ds-k3y411blx","status":"publish","type":"product","link":"https:\/\/safetysource-eg.com\/en\/product\/value-flap-barriers-ds-k3y411blx\/","title":{"rendered":"Value Flap Barriers &#8211; DS-K3Y411BLX"},"content":{"rendered":"<div class=\"tech-specs-items-wrap\">\n<div class=\"tech-specs-items-description-container\">\n<div class=\"tech-specs-items-description-wrap\">\n<h2><span class=\"tech-specs-items-description__title--heading\">System<\/span><\/h2>\n<ul class=\"tech-specs-items-description\" data-target=\"System\">\n<li class=\"tech-specs-items-description-list\"><span class=\"tech-specs-items-description__title\">Motor: <\/span><span class=\"tech-specs-items-description__title-details\">BLDC motor<\/span><\/li>\n<li class=\"tech-specs-items-description-list\"><span class=\"tech-specs-items-description__title\">MCBF: <\/span><span class=\"tech-specs-items-description__title-details\">\u2265 3 million times<\/span><\/li>\n<li class=\"tech-specs-items-description-list\"><span class=\"tech-specs-items-description__title\">IR light detectors: <\/span><span class=\"tech-specs-items-description__title-details\">6 pairs<\/span><\/li>\n<\/ul>\n<h2><span class=\"tech-specs-items-description__title--heading\">Interface<\/span><\/h2>\n<ul class=\"tech-specs-items-description\" data-target=\"Interface\">\n<li class=\"tech-specs-items-description-list\"><span class=\"tech-specs-items-description__title\">Network interface: <\/span><span class=\"tech-specs-items-description__title-details\">0<\/span><\/li>\n<li class=\"tech-specs-items-description-list\"><span class=\"tech-specs-items-description__title\">Lock control: <\/span><span class=\"tech-specs-items-description__title-details\">0<\/span><\/li>\n<li class=\"tech-specs-items-description-list\"><strong><span class=\"tech-specs-items-description__title\">Exit button<\/span><\/strong>\n<p class=\"mb-p\">Main: 1<\/p>\n<p class=\"mb-p\">Sub: 1<\/p>\n<\/li>\n<li class=\"tech-specs-items-description-list\"><span class=\"tech-specs-items-description__title\">Alarm output: <\/span><span class=\"tech-specs-items-description__title-details\">0<\/span><\/li>\n<li class=\"tech-specs-items-description-list\"><span class=\"tech-specs-items-description__title\">RS-485<\/span>\n<p class=\"mb-p\">Main: 0<\/p>\n<p class=\"mb-p\">Sub: 0<\/p>\n<\/li>\n<li class=\"tech-specs-items-description-list\"><span class=\"tech-specs-items-description__title\">RS-232<\/span>\n<p class=\"mb-p\">Main: 0<\/p>\n<p class=\"mb-p\">Sub: 0<\/p>\n<\/li>\n<li class=\"tech-specs-items-description-list\"><span class=\"tech-specs-items-description__title\">Fire alarm input 1<\/span><\/li>\n<\/ul>\n<h2><span class=\"tech-specs-items-description__title--heading\">Capacity<\/span><\/h2>\n<ul class=\"tech-specs-items-description\" data-target=\"Capacity\">\n<li class=\"tech-specs-items-description-list\"><span class=\"tech-specs-items-description__title\">Card capacity: <\/span><span class=\"tech-specs-items-description__title-details\">500,000<\/span><\/li>\n<li class=\"tech-specs-items-description-list\"><span class=\"tech-specs-items-description__title\">Event capacity: <\/span><span class=\"tech-specs-items-description__title-details\">500,000<\/span><\/li>\n<\/ul>\n<h2><span class=\"tech-specs-items-description__title--heading\">General<\/span><\/h2>\n<ul class=\"tech-specs-items-description\" data-target=\"General\">\n<li class=\"tech-specs-items-description-list\"><span class=\"tech-specs-items-description__title\">Throughput<\/span>\n<p class=\"mb-p\">20 to 60 persons per minute<\/p>\n<p class=\"mb-p\">The actual throughput is affected by the person passing rate and passing method.<\/p>\n<\/li>\n<li class=\"tech-specs-items-description-list\"><span class=\"tech-specs-items-description__title\">Lane width: <\/span><span class=\"tech-specs-items-description__title-details\">550mm<\/span><\/li>\n<li class=\"tech-specs-items-description-list\"><span class=\"tech-specs-items-description__title\">Barrier material: <\/span><span class=\"tech-specs-items-description__title-details\">PMMA<\/span><\/li>\n<li class=\"tech-specs-items-description-list\"><span class=\"tech-specs-items-description__title\">Pedestal material SUS304<\/span><span class=\"tech-specs-items-description__title-details\"> <span class=\"tech-specs-items-description__title\">: <\/span>stainless steel 1.2 mm<\/span><\/li>\n<li class=\"tech-specs-items-description-list\"><strong><span class=\"tech-specs-items-description__title\">Power consumption<\/span><\/strong>\n<p class=\"mb-p\">Standby: 30 W<\/p>\n<p class=\"mb-p\">Working: 70 W<\/p>\n<p class=\"mb-p\">Peak: 120 W<\/p>\n<\/li>\n<li class=\"tech-specs-items-description-list\"><span class=\"tech-specs-items-description__title\">Working temperature<\/span><span class=\"tech-specs-items-description__title-details\">-20 \u00b0C to 70 \u00b0C (-4 \u00b0F to 158 \u00b0F)<\/span><\/li>\n<li class=\"tech-specs-items-description-list\"><span class=\"tech-specs-items-description__title\">Working humidity<\/span><span class=\"tech-specs-items-description__title-details\">10% to 95% (No condensing)<\/span><\/li>\n<li class=\"tech-specs-items-description-list\"><span class=\"tech-specs-items-description__title\">Dimensions<\/span>\n<p class=\"mb-p\">Without package: 1206 mm \u00d7 315.2 mm \u00d7 990 mm (47.48&#8243; \u00d7 12.41\\&#8221; \u00d7 38.98\\&#8221;)<\/p>\n<p class=\"mb-p\">With package: 1340 mm \u00d7 415 mm \u00d7 1090 mm (52.76 \u00d7 16.34\\&#8221; \u00d7 161.02\\&#8221;)&#8221;<\/p>\n<\/li>\n<li class=\"tech-specs-items-description-list\"><span class=\"tech-specs-items-description__title\">Installation<\/span><span class=\"tech-specs-items-description__title-details\">Use four M12 expansion screws<\/span><\/li>\n<li class=\"tech-specs-items-description-list\"><span class=\"tech-specs-items-description__title\">Weight<\/span>\n<p class=\"mb-p\">Net:<\/p>\n<p class=\"mb-p\">Left: 45.59 kg (99.21 lb)<\/p>\n<p class=\"mb-p\">Middle: 55.79 kg (123.00 lb)<\/p>\n<p class=\"mb-p\">Right: 48.33 kg(106.55 lb)<\/p>\n<p class=\"mb-p\">Gross:<\/p>\n<p class=\"mb-p\">Left: 82.72 kg (182.37 lb)<\/p>\n<p class=\"mb-p\">Middle: 93.10 kg (205.25 lb)<\/p>\n<p class=\"mb-p\">Right: 85.64 kg (188.80 lb)<\/p>\n<\/li>\n<li class=\"tech-specs-items-description-list\"><span class=\"tech-specs-items-description__title\">Power supply method: <\/span><span class=\"tech-specs-items-description__title-details\">100 to 240 VAC, 50 to 60 Hz<\/span><\/li>\n<\/ul>\n<p>&nbsp;<\/p>\n<\/div>\n<\/div>\n<\/div>\n<div><\/div>\n<div>\n<div><\/div>\n<div>\n<div><a class=\"technical-document-title text-grid-pdp-link hiknow-link at-download download-form\" href=\"https:\/\/enpinfodata.hikvision.com\/analysisQR\/showQR\/883f35a7\" target=\"_blank\" rel=\"noopener\" data-item-href=\"https:\/\/enpinfodata.hikvision.com\/analysisQR\/showQR\/883f35a7\" data-at-module=\"text grid::Installation Video\">Installation Video<\/a><\/div>\n<div><\/div>\n<div>\n<p><button class=\"btn\"><a href=\"https:\/\/enpinfodata.hikvision.com\/analysisQR\/showQR\/f79f8407\" target=\"_blank\" rel=\"noopener\">Quick Start Guide<\/a><\/button><\/p>\n<\/div>\n<div><\/div>\n<div>\n<div><\/div>\n<div>\n<p><button class=\"btn\"><a href=\"https:\/\/enpinfodata.hikvision.com\/analysisQR\/showQR\/9caa02ab\" target=\"_blank\" rel=\"noopener\">User manual<\/a><\/button><\/p>\n<\/div>\n<p>&nbsp;<\/p>\n<div id=\"Quick Start Guide\" class=\"technical-document\" data-maincategory=\"Quick Start Guide\">\n<div class=\"technical-item\">\n<div><\/div>\n<div>\n<p><button class=\"btn\"><a href=\"https:\/\/assets.hikvision.com\/prd\/public\/all\/doc\/m000110981\/DS-K3Y411BLX_Datasheet_20250507.pdf\" target=\"_blank\" rel=\"noopener\">Data Sheet<\/a><\/button><\/p>\n<\/div>\n<p>&nbsp;<\/p>\n<div id=\"Quick Start Guide\" class=\"technical-document\" data-maincategory=\"Quick Start Guide\">\n<div class=\"technical-item\"><\/div>\n<\/div>\n<\/div>\n<\/div>\n<\/div>\n<div id=\"User Manual\" class=\"technical-document\" data-maincategory=\"User Manual\">\n<div class=\"technical-item\"><\/div>\n<\/div>\n<\/div>\n<\/div>\n<div>\n<p>&nbsp;<\/p>\n<\/div>\n","protected":false},"excerpt":{"rendered":"<ul class=\"product_description_item-list\">\n<li class=\"product_description_item\">6 pairs of IR light detectors: Permissions validation and anti-tailgating.<\/li>\n<li class=\"product_description_item\">Self-detection, Self-diagnostics, and automatic alarm.<\/li>\n<li class=\"product_description_item\">The system will cancel the passing permission if a person does not pass through the lane within the valid passing duration.<\/li>\n<li class=\"product_description_item\">Door remaining open when fire alarm is triggered: The barrier will open automatically when the alarm is triggered.<\/li>\n<li class=\"product_description_item\">Applicable to indoor and outdoor scenes, whether it is scenic spots, gyms, or bus stations.<\/li>\n<li class=\"product_description_item\">Can be integrated with any 3rd access control system through the exit button interface.<\/li>\n<\/ul>\n<h2>Available models:<\/h2>\n<div class=\"content-list\">\n<div class=\"content-item\">DS-K3Y411BLX-L\/Pg-Dp55<\/div>\n<div class=\"content-item\">DS-K3Y411BLX-M\/Pg-Dp55<\/div>\n<div class=\"content-item\">DS-K3Y411BLX-R\/Pg-Dp55<\/div>\n<div class=\"content-item\">DS-K3Y411BLX-L\/Dp55<\/div>\n<div class=\"content-item\">DS-K3Y411BLX-M\/Dp55<\/div>\n<div class=\"content-item\">DS-K3Y411BLX-R\/Dp55<\/div>\n<\/div>\n","protected":false},"featured_media":18476,"template":"","meta":{"_acf_changed":false},"product_brand":[297],"product_cat":[324,325],"product_tag":[],"class_list":{"0":"post-18758","1":"product","2":"type-product","3":"status-publish","4":"has-post-thumbnail","6":"product_brand-hikvision","7":"product_cat-speed-gates-en","8":"product_cat-turnstile-en","10":"first","11":"instock","12":"featured","13":"shipping-taxable","14":"product-type-simple"},"acf":[],"yoast_head":"<!-- This site is optimized with the Yoast SEO plugin v27.3 - https:\/\/yoast.com\/product\/yoast-seo-wordpress\/ -->\n<title>Value Flap Barriers - DS-K3Y411BLX - \u0633\u064a\u0641\u062a\u0649 \u0633\u0648\u0631\u0633<\/title>\n<meta name=\"description\" content=\"Door remaining open when fire alarm triggered: The barrier will open automatically when alarm is triggered.Self-detection, Self-diagnostics, and alarm.\" \/>\n<meta name=\"robots\" content=\"index, follow, max-snippet:-1, max-image-preview:large, max-video-preview:-1\" \/>\n<link rel=\"canonical\" href=\"https:\/\/safetysource-eg.com\/en\/product\/value-flap-barriers-ds-k3y411blx\/\" \/>\n<meta property=\"og:locale\" content=\"en_US\" \/>\n<meta property=\"og:type\" content=\"article\" \/>\n<meta property=\"og:title\" content=\"Value Flap Barriers - DS-K3Y411BLX - \u0633\u064a\u0641\u062a\u0649 \u0633\u0648\u0631\u0633\" \/>\n<meta property=\"og:description\" content=\"Door remaining open when fire alarm triggered: The barrier will open automatically when alarm is triggered.Self-detection, Self-diagnostics, and alarm.\" \/>\n<meta property=\"og:url\" content=\"https:\/\/safetysource-eg.com\/en\/product\/value-flap-barriers-ds-k3y411blx\/\" \/>\n<meta property=\"og:site_name\" content=\"\u0633\u064a\u0641\u062a\u0649 \u0633\u0648\u0631\u0633\" \/>\n<meta property=\"article:modified_time\" content=\"2025-10-21T20:37:09+00:00\" \/>\n<meta property=\"og:image\" content=\"https:\/\/safetysource-eg.com\/wp-content\/uploads\/2025\/06\/Value-Flap-Barriers.jpg\" \/>\n\t<meta property=\"og:image:width\" content=\"1000\" \/>\n\t<meta property=\"og:image:height\" content=\"1000\" \/>\n\t<meta property=\"og:image:type\" content=\"image\/jpeg\" \/>\n<meta name=\"twitter:card\" content=\"summary_large_image\" \/>\n<meta name=\"twitter:label1\" content=\"Est. reading time\" \/>\n\t<meta name=\"twitter:data1\" content=\"2 minutes\" \/>\n<script type=\"application\/ld+json\" class=\"yoast-schema-graph\">{\"@context\":\"https:\\\/\\\/schema.org\",\"@graph\":[{\"@type\":\"WebPage\",\"@id\":\"https:\\\/\\\/safetysource-eg.com\\\/en\\\/product\\\/value-flap-barriers-ds-k3y411blx\\\/\",\"url\":\"https:\\\/\\\/safetysource-eg.com\\\/en\\\/product\\\/value-flap-barriers-ds-k3y411blx\\\/\",\"name\":\"Value Flap Barriers - DS-K3Y411BLX - \u0633\u064a\u0641\u062a\u0649 \u0633\u0648\u0631\u0633\",\"isPartOf\":{\"@id\":\"https:\\\/\\\/safetysource-eg.com\\\/en\\\/#website\"},\"primaryImageOfPage\":{\"@id\":\"https:\\\/\\\/safetysource-eg.com\\\/en\\\/product\\\/value-flap-barriers-ds-k3y411blx\\\/#primaryimage\"},\"image\":{\"@id\":\"https:\\\/\\\/safetysource-eg.com\\\/en\\\/product\\\/value-flap-barriers-ds-k3y411blx\\\/#primaryimage\"},\"thumbnailUrl\":\"https:\\\/\\\/safetysource-eg.com\\\/wp-content\\\/uploads\\\/2025\\\/06\\\/Value-Flap-Barriers.jpg\",\"datePublished\":\"2025-06-07T16:45:44+00:00\",\"dateModified\":\"2025-10-21T20:37:09+00:00\",\"description\":\"Door remaining open when fire alarm triggered: The barrier will open automatically when alarm is triggered.Self-detection, Self-diagnostics, and alarm.\",\"breadcrumb\":{\"@id\":\"https:\\\/\\\/safetysource-eg.com\\\/en\\\/product\\\/value-flap-barriers-ds-k3y411blx\\\/#breadcrumb\"},\"inLanguage\":\"en-US\",\"potentialAction\":[{\"@type\":\"ReadAction\",\"target\":[\"https:\\\/\\\/safetysource-eg.com\\\/en\\\/product\\\/value-flap-barriers-ds-k3y411blx\\\/\"]}]},{\"@type\":\"ImageObject\",\"inLanguage\":\"en-US\",\"@id\":\"https:\\\/\\\/safetysource-eg.com\\\/en\\\/product\\\/value-flap-barriers-ds-k3y411blx\\\/#primaryimage\",\"url\":\"https:\\\/\\\/safetysource-eg.com\\\/wp-content\\\/uploads\\\/2025\\\/06\\\/Value-Flap-Barriers.jpg\",\"contentUrl\":\"https:\\\/\\\/safetysource-eg.com\\\/wp-content\\\/uploads\\\/2025\\\/06\\\/Value-Flap-Barriers.jpg\",\"width\":1000,\"height\":1000},{\"@type\":\"BreadcrumbList\",\"@id\":\"https:\\\/\\\/safetysource-eg.com\\\/en\\\/product\\\/value-flap-barriers-ds-k3y411blx\\\/#breadcrumb\",\"itemListElement\":[{\"@type\":\"ListItem\",\"position\":1,\"name\":\"Home\",\"item\":\"https:\\\/\\\/safetysource-eg.com\\\/en\\\/\"},{\"@type\":\"ListItem\",\"position\":2,\"name\":\"Products\",\"item\":\"https:\\\/\\\/safetysource-eg.com\\\/en\\\/products\\\/\"},{\"@type\":\"ListItem\",\"position\":3,\"name\":\"Value Flap Barriers &#8211; DS-K3Y411BLX\"}]},{\"@type\":\"WebSite\",\"@id\":\"https:\\\/\\\/safetysource-eg.com\\\/en\\\/#website\",\"url\":\"https:\\\/\\\/safetysource-eg.com\\\/en\\\/\",\"name\":\"\u0633\u064a\u0641\u062a\u0649 \u0633\u0648\u0631\u0633\",\"description\":\"\u0623\u0646\u0638\u0645\u0629 \u0623\u0645\u0627\u0646 \u0630\u0643\u064a\u0629\",\"potentialAction\":[{\"@type\":\"SearchAction\",\"target\":{\"@type\":\"EntryPoint\",\"urlTemplate\":\"https:\\\/\\\/safetysource-eg.com\\\/en\\\/?s={search_term_string}\"},\"query-input\":{\"@type\":\"PropertyValueSpecification\",\"valueRequired\":true,\"valueName\":\"search_term_string\"}}],\"inLanguage\":\"en-US\"}]}<\/script>\n<!-- \/ Yoast SEO plugin. -->","yoast_head_json":{"title":"Value Flap Barriers - DS-K3Y411BLX - \u0633\u064a\u0641\u062a\u0649 \u0633\u0648\u0631\u0633","description":"Door remaining open when fire alarm triggered: The barrier will open automatically when alarm is triggered.Self-detection, Self-diagnostics, and alarm.","robots":{"index":"index","follow":"follow","max-snippet":"max-snippet:-1","max-image-preview":"max-image-preview:large","max-video-preview":"max-video-preview:-1"},"canonical":"https:\/\/safetysource-eg.com\/en\/product\/value-flap-barriers-ds-k3y411blx\/","og_locale":"en_US","og_type":"article","og_title":"Value Flap Barriers - DS-K3Y411BLX - \u0633\u064a\u0641\u062a\u0649 \u0633\u0648\u0631\u0633","og_description":"Door remaining open when fire alarm triggered: The barrier will open automatically when alarm is triggered.Self-detection, Self-diagnostics, and alarm.","og_url":"https:\/\/safetysource-eg.com\/en\/product\/value-flap-barriers-ds-k3y411blx\/","og_site_name":"\u0633\u064a\u0641\u062a\u0649 \u0633\u0648\u0631\u0633","article_modified_time":"2025-10-21T20:37:09+00:00","og_image":[{"width":1000,"height":1000,"url":"https:\/\/safetysource-eg.com\/wp-content\/uploads\/2025\/06\/Value-Flap-Barriers.jpg","type":"image\/jpeg"}],"twitter_card":"summary_large_image","twitter_misc":{"Est. reading time":"2 minutes"},"schema":{"@context":"https:\/\/schema.org","@graph":[{"@type":"WebPage","@id":"https:\/\/safetysource-eg.com\/en\/product\/value-flap-barriers-ds-k3y411blx\/","url":"https:\/\/safetysource-eg.com\/en\/product\/value-flap-barriers-ds-k3y411blx\/","name":"Value Flap Barriers - DS-K3Y411BLX - \u0633\u064a\u0641\u062a\u0649 \u0633\u0648\u0631\u0633","isPartOf":{"@id":"https:\/\/safetysource-eg.com\/en\/#website"},"primaryImageOfPage":{"@id":"https:\/\/safetysource-eg.com\/en\/product\/value-flap-barriers-ds-k3y411blx\/#primaryimage"},"image":{"@id":"https:\/\/safetysource-eg.com\/en\/product\/value-flap-barriers-ds-k3y411blx\/#primaryimage"},"thumbnailUrl":"https:\/\/safetysource-eg.com\/wp-content\/uploads\/2025\/06\/Value-Flap-Barriers.jpg","datePublished":"2025-06-07T16:45:44+00:00","dateModified":"2025-10-21T20:37:09+00:00","description":"Door remaining open when fire alarm triggered: The barrier will open automatically when alarm is triggered.Self-detection, Self-diagnostics, and alarm.","breadcrumb":{"@id":"https:\/\/safetysource-eg.com\/en\/product\/value-flap-barriers-ds-k3y411blx\/#breadcrumb"},"inLanguage":"en-US","potentialAction":[{"@type":"ReadAction","target":["https:\/\/safetysource-eg.com\/en\/product\/value-flap-barriers-ds-k3y411blx\/"]}]},{"@type":"ImageObject","inLanguage":"en-US","@id":"https:\/\/safetysource-eg.com\/en\/product\/value-flap-barriers-ds-k3y411blx\/#primaryimage","url":"https:\/\/safetysource-eg.com\/wp-content\/uploads\/2025\/06\/Value-Flap-Barriers.jpg","contentUrl":"https:\/\/safetysource-eg.com\/wp-content\/uploads\/2025\/06\/Value-Flap-Barriers.jpg","width":1000,"height":1000},{"@type":"BreadcrumbList","@id":"https:\/\/safetysource-eg.com\/en\/product\/value-flap-barriers-ds-k3y411blx\/#breadcrumb","itemListElement":[{"@type":"ListItem","position":1,"name":"Home","item":"https:\/\/safetysource-eg.com\/en\/"},{"@type":"ListItem","position":2,"name":"Products","item":"https:\/\/safetysource-eg.com\/en\/products\/"},{"@type":"ListItem","position":3,"name":"Value Flap Barriers &#8211; DS-K3Y411BLX"}]},{"@type":"WebSite","@id":"https:\/\/safetysource-eg.com\/en\/#website","url":"https:\/\/safetysource-eg.com\/en\/","name":"\u0633\u064a\u0641\u062a\u0649 \u0633\u0648\u0631\u0633","description":"\u0623\u0646\u0638\u0645\u0629 \u0623\u0645\u0627\u0646 \u0630\u0643\u064a\u0629","potentialAction":[{"@type":"SearchAction","target":{"@type":"EntryPoint","urlTemplate":"https:\/\/safetysource-eg.com\/en\/?s={search_term_string}"},"query-input":{"@type":"PropertyValueSpecification","valueRequired":true,"valueName":"search_term_string"}}],"inLanguage":"en-US"}]}},"_links":{"self":[{"href":"https:\/\/safetysource-eg.com\/en\/wp-json\/wp\/v2\/product\/18758","targetHints":{"allow":["GET"]}}],"collection":[{"href":"https:\/\/safetysource-eg.com\/en\/wp-json\/wp\/v2\/product"}],"about":[{"href":"https:\/\/safetysource-eg.com\/en\/wp-json\/wp\/v2\/types\/product"}],"wp:featuredmedia":[{"embeddable":true,"href":"https:\/\/safetysource-eg.com\/en\/wp-json\/wp\/v2\/media\/18476"}],"wp:attachment":[{"href":"https:\/\/safetysource-eg.com\/en\/wp-json\/wp\/v2\/media?parent=18758"}],"wp:term":[{"taxonomy":"product_brand","embeddable":true,"href":"https:\/\/safetysource-eg.com\/en\/wp-json\/wp\/v2\/product_brand?post=18758"},{"taxonomy":"product_cat","embeddable":true,"href":"https:\/\/safetysource-eg.com\/en\/wp-json\/wp\/v2\/product_cat?post=18758"},{"taxonomy":"product_tag","embeddable":true,"href":"https:\/\/safetysource-eg.com\/en\/wp-json\/wp\/v2\/product_tag?post=18758"}],"curies":[{"name":"wp","href":"https:\/\/api.w.org\/{rel}","templated":true}]}}