{"id":18769,"date":"2025-06-01T22:20:24","date_gmt":"2025-06-01T22:20:24","guid":{"rendered":"https:\/\/safetysource-eg.com\/product\/value-tripod-turnstile-ds-k3g301lx-r\/"},"modified":"2025-10-22T16:34:07","modified_gmt":"2025-10-22T16:34:07","slug":"value-tripod-turnstile-ds-k3g301lx-r","status":"publish","type":"product","link":"https:\/\/safetysource-eg.com\/en\/product\/value-tripod-turnstile-ds-k3g301lx-r\/","title":{"rendered":"Value Tripod Turnstile &#8211; DS-K3G301LX-R"},"content":{"rendered":"<div class=\"tech-specs-items-wrap\">\n<div class=\"tech-specs-items-description-container\">\n<div class=\"tech-specs-items-description-wrap\">\n<h2><span class=\"tech-specs-items-description__title--heading\">System<\/span><\/h2>\n<ul class=\"tech-specs-items-description\" data-target=\"System\">\n<li class=\"tech-specs-items-description-list\"><span class=\"tech-specs-items-description__title\">Motor: <\/span><span class=\"tech-specs-items-description__title-details\">NA<\/span><\/li>\n<li class=\"tech-specs-items-description-list\"><span class=\"tech-specs-items-description__title\">MCBF: <\/span><span class=\"tech-specs-items-description__title-details\">\u2265 2 million times<\/span><\/li>\n<\/ul>\n<h2><span class=\"tech-specs-items-description__title--heading\">Interface<\/span><\/h2>\n<ul class=\"tech-specs-items-description\" data-target=\"Interface\">\n<li class=\"tech-specs-items-description-list\"><span class=\"tech-specs-items-description__title\">Exit button<\/span>\n<p class=\"mb-p\">Main: 1<\/p>\n<p class=\"mb-p\">Sub: 1<\/p>\n<\/li>\n<li class=\"tech-specs-items-description-list\"><span class=\"tech-specs-items-description__title\">Fire alarm input: <\/span><span class=\"tech-specs-items-description__title-details\">1<\/span><\/li>\n<\/ul>\n<h2><span class=\"tech-specs-items-description__title--heading\">Hardware<\/span><\/h2>\n<ul class=\"tech-specs-items-description\" data-target=\"Hardware\">\n<li class=\"tech-specs-items-description-list\"><span class=\"tech-specs-items-description__title\">Access controller: <\/span><span class=\"tech-specs-items-description__title-details\">not supplied<\/span><\/li>\n<\/ul>\n<h2><span class=\"tech-specs-items-description__title--heading\">Function<\/span><\/h2>\n<ul class=\"tech-specs-items-description\" data-target=\"Function\">\n<li class=\"tech-specs-items-description-list\"><span class=\"tech-specs-items-description__title\">Keyfob: <\/span><span class=\"tech-specs-items-description__title-details\">Not support<\/span><\/li>\n<\/ul>\n<h2><span class=\"tech-specs-items-description__title--heading\">Gener al<\/span><\/h2>\n<ul class=\"tech-specs-items-description\" data-target=\"General\">\n<li class=\"tech-specs-items-description-list\"><span class=\"tech-specs-items-description__title\">Throughput<\/span>\n<p class=\"mb-p\">25 to 60 persons per minute<\/p>\n<p class=\"mb-p\">The actual throughput is affected by the person passing rate and passing method.<\/p>\n<\/li>\n<li class=\"tech-specs-items-description-list\"><span class=\"tech-specs-items-description__title\">Lane width: <\/span><span class=\"tech-specs-items-description__title-details\">550 mm (21.65&#8243;)<\/span><\/li>\n<li class=\"tech-specs-items-description-list\"><span class=\"tech-specs-items-description__title\">Barrier material: <\/span><span class=\"tech-specs-items-description__title-details\">SUS304 stainless pipe<\/span><\/li>\n<li class=\"tech-specs-items-description-list\"><span class=\"tech-specs-items-description__title\">Pedestal material: <\/span><span class=\"tech-specs-items-description__title-details\">SUS304 stainless steel 1.0 mm (mostly)<\/span><\/li>\n<li class=\"tech-specs-items-description-list\"><span class=\"tech-specs-items-description__title\">Indicator: <\/span><span class=\"tech-specs-items-description__title-details\">Lane status indicator except Pg models.<\/span><\/li>\n<li class=\"tech-specs-items-description-list\"><span class=\"tech-specs-items-description__title\">Power consumption<\/span>\n<p class=\"mb-p\">Standby: 25 W<\/p>\n<p class=\"mb-p\">Working: 35 W<\/p>\n<p class=\"mb-p\">Peak: 45 W<\/p>\n<\/li>\n<li class=\"tech-specs-items-description-list\"><span class=\"tech-specs-items-description__title\">Working temperature: <\/span><span class=\"tech-specs-items-description__title-details\">-20 \u00b0C to 65 \u00b0C (-4 \u00b0F to 149 \u00b0F)<\/span><\/li>\n<li class=\"tech-specs-items-description-list\"><span class=\"tech-specs-items-description__title\">Working humidity: <\/span><span class=\"tech-specs-items-description__title-details\">0% to 95% (No condensing)<\/span><\/li>\n<li class=\"tech-specs-items-description-list\"><span class=\"tech-specs-items-description__title\">Protective level: <\/span><span class=\"tech-specs-items-description__title-details\">IPX4<\/span><\/li>\n<li class=\"tech-specs-items-description-list\"><span class=\"tech-specs-items-description__title\">Dimensions<\/span>\n<p class=\"mb-p\">Without package: 1200 mm \u00d7 233 mm \u00d7 1000 mm (47.2&#8243; \u00d7 9.2\\&#8221; \u00d7 39.4\\&#8221;)<\/p>\n<p class=\"mb-p\">With package: 1350 mm \u00d7 410 mm \u00d7 1120 mm (53.1 \u00d7 16.1\\&#8221; \u00d7 44.1\\&#8221;)&#8221;<\/p>\n<\/li>\n<li class=\"tech-specs-items-description-list\"><span class=\"tech-specs-items-description__title\">Weight<\/span><span class=\"tech-specs-items-description__title-details\">Net: 30.58 kg (67.41 lb); Gross: 37.8 kg (83.33 lb)<\/span><\/li>\n<li class=\"tech-specs-items-description-list\"><span class=\"tech-specs-items-description__title\">Approval: <\/span><span class=\"tech-specs-items-description__title-details\">CE\/CB\/RoHS\/REACH\/WEEE<\/span><\/li>\n<li class=\"tech-specs-items-description-list\"><span class=\"tech-specs-items-description__title\">Power supply method<\/span><span class=\"tech-specs-items-description__title-details\">Power supply: 100 to 120 VAC~ \/ 200 to 240 VAC~, 50\/60 Hz, 0.5 A to 1 A,Adapter: 100 to 240 VAC~, 50\/60 Hz, 0.5 A to 1 A<\/span><\/li>\n<li class=\"tech-specs-items-description-list\"><span class=\"tech-specs-items-description__title\">Door open duration: <\/span><span class=\"tech-specs-items-description__title-details\">5 to 60 sec<\/span><\/li>\n<li class=\"tech-specs-items-description-list\"><span class=\"tech-specs-items-description__title\">Power supply for face recognition module: <\/span><span class=\"tech-specs-items-description__title-details\">Support<\/span><\/li>\n<\/ul>\n<h2><span class=\"tech-specs-items-description__title--heading\">Configuration<\/span><\/h2>\n<ul class=\"tech-specs-items-description\" data-target=\"Configuration\">\n<li class=\"tech-specs-items-description-list\"><span class=\"tech-specs-items-description__title\">Module selection: <\/span><span class=\"tech-specs-items-description__title-details\">NO<\/span><\/li>\n<\/ul>\n<p>&nbsp;<\/p>\n<p>&nbsp;<\/p>\n<\/div>\n<\/div>\n<\/div>\n<div><\/div>\n<div>\n<div><\/div>\n<div><\/div>\n<div>\n<p><button class=\"btn\"><a href=\"https:\/\/assets.hikvision.com\/prd\/public\/all\/doc\/m000130808\/DS-K3G301LX_Datasheet_20240226.pdf\" target=\"_blank\" rel=\"noopener\">Download data sheet<\/a><\/button><\/p>\n<\/div>\n<p>&nbsp;<\/p>\n<div><\/div>\n<div><\/div>\n<div>\n<p><button class=\"btn\"><a href=\"https:\/\/enpinfodata.hikvision.com\/analysisQR\/showQR\/b7fcfa4d\" target=\"_blank\" rel=\"noopener\">Quick Start Guide<\/a><\/button><\/p>\n<\/div>\n<div>\n<div><\/div>\n<div><\/div>\n<div>\n<p><button class=\"btn\"><a href=\"https:\/\/pinfo.hikvision.com\/hkwsen\/unzip\/20240830163253_54822_doc\/\" target=\"_blank\" rel=\"noopener\">User manual<\/a><\/button><\/p>\n<\/div>\n<\/div>\n<div>\n<p>&nbsp;<\/p>\n<\/div>\n<\/div>\n<div>\n<p>&nbsp;<\/p>\n<\/div>\n","protected":false},"excerpt":{"rendered":"<ul class=\"product_description_item-list\">\n<li class=\"product_description_item\">Bidirectional (Entering\/Exiting) lane.<\/li>\n<li class=\"product_description_item\">Supports I\/O connection for 3rd access system integration.<\/li>\n<li class=\"product_description_item\">For the &#8220;Pg&#8221; type, the face recognition terminal needs to be purchased separately.<\/li>\n<li class=\"product_description_item\">Fire alarm passing: When triggered, the arms will be dropped automatically for emergency evacuation.<\/li>\n<li class=\"product_description_item\">High-brightness LED indicates the entrance\/exit and passing status.<\/li>\n<\/ul>\n<h2>Available models:<\/h2>\n<ul>\n<li class=\"content-item\">\n<div class=\"content-item\">DS-K3G301LX-R<\/div>\n<\/li>\n<\/ul>\n","protected":false},"featured_media":18438,"template":"","meta":{"_acf_changed":false},"product_brand":[297],"product_cat":[325,338],"product_tag":[],"class_list":{"0":"post-18769","1":"product","2":"type-product","3":"status-publish","4":"has-post-thumbnail","6":"product_brand-hikvision","7":"product_cat-turnstile-en","8":"product_cat-turnstiles-en","10":"first","11":"instock","12":"featured","13":"shipping-taxable","14":"product-type-simple"},"acf":[],"yoast_head":"<!-- This site is optimized with the Yoast SEO plugin v27.3 - https:\/\/yoast.com\/product\/yoast-seo-wordpress\/ -->\n<title>Value Tripod Turnstile - DS-K3G301LX-R - \u0633\u064a\u0641\u062a\u0649 \u0633\u0648\u0631\u0633<\/title>\n<meta name=\"description\" content=\"6 pairs of IR light detectors: Permissions validation and anti-tailgatingLED light indicates passing direction, Self-detection, Self-diagnostics, and alarm\" \/>\n<meta name=\"robots\" content=\"index, follow, max-snippet:-1, max-image-preview:large, max-video-preview:-1\" \/>\n<link rel=\"canonical\" href=\"https:\/\/safetysource-eg.com\/en\/product\/value-tripod-turnstile-ds-k3g301lx-r\/\" \/>\n<meta property=\"og:locale\" content=\"en_US\" \/>\n<meta property=\"og:type\" content=\"article\" \/>\n<meta property=\"og:title\" content=\"Value Tripod Turnstile - DS-K3G301LX-R - \u0633\u064a\u0641\u062a\u0649 \u0633\u0648\u0631\u0633\" \/>\n<meta property=\"og:description\" content=\"6 pairs of IR light detectors: Permissions validation and anti-tailgatingLED light indicates passing direction, Self-detection, Self-diagnostics, and alarm\" \/>\n<meta property=\"og:url\" content=\"https:\/\/safetysource-eg.com\/en\/product\/value-tripod-turnstile-ds-k3g301lx-r\/\" \/>\n<meta property=\"og:site_name\" content=\"\u0633\u064a\u0641\u062a\u0649 \u0633\u0648\u0631\u0633\" \/>\n<meta property=\"article:modified_time\" content=\"2025-10-22T16:34:07+00:00\" \/>\n<meta property=\"og:image\" content=\"https:\/\/safetysource-eg.com\/wp-content\/uploads\/2025\/06\/DS-K3G301LX_image_2.jpg\" \/>\n\t<meta property=\"og:image:width\" content=\"800\" \/>\n\t<meta property=\"og:image:height\" content=\"800\" \/>\n\t<meta property=\"og:image:type\" content=\"image\/jpeg\" \/>\n<meta name=\"twitter:card\" content=\"summary_large_image\" \/>\n<meta name=\"twitter:label1\" content=\"Est. reading time\" \/>\n\t<meta name=\"twitter:data1\" content=\"2 minutes\" \/>\n<script type=\"application\/ld+json\" class=\"yoast-schema-graph\">{\"@context\":\"https:\\\/\\\/schema.org\",\"@graph\":[{\"@type\":\"WebPage\",\"@id\":\"https:\\\/\\\/safetysource-eg.com\\\/en\\\/product\\\/value-tripod-turnstile-ds-k3g301lx-r\\\/\",\"url\":\"https:\\\/\\\/safetysource-eg.com\\\/en\\\/product\\\/value-tripod-turnstile-ds-k3g301lx-r\\\/\",\"name\":\"Value Tripod Turnstile - DS-K3G301LX-R - \u0633\u064a\u0641\u062a\u0649 \u0633\u0648\u0631\u0633\",\"isPartOf\":{\"@id\":\"https:\\\/\\\/safetysource-eg.com\\\/en\\\/#website\"},\"primaryImageOfPage\":{\"@id\":\"https:\\\/\\\/safetysource-eg.com\\\/en\\\/product\\\/value-tripod-turnstile-ds-k3g301lx-r\\\/#primaryimage\"},\"image\":{\"@id\":\"https:\\\/\\\/safetysource-eg.com\\\/en\\\/product\\\/value-tripod-turnstile-ds-k3g301lx-r\\\/#primaryimage\"},\"thumbnailUrl\":\"https:\\\/\\\/safetysource-eg.com\\\/wp-content\\\/uploads\\\/2025\\\/06\\\/DS-K3G301LX_image_2.jpg\",\"datePublished\":\"2025-06-01T22:20:24+00:00\",\"dateModified\":\"2025-10-22T16:34:07+00:00\",\"description\":\"6 pairs of IR light detectors: Permissions validation and anti-tailgatingLED light indicates passing direction, Self-detection, Self-diagnostics, and alarm\",\"breadcrumb\":{\"@id\":\"https:\\\/\\\/safetysource-eg.com\\\/en\\\/product\\\/value-tripod-turnstile-ds-k3g301lx-r\\\/#breadcrumb\"},\"inLanguage\":\"en-US\",\"potentialAction\":[{\"@type\":\"ReadAction\",\"target\":[\"https:\\\/\\\/safetysource-eg.com\\\/en\\\/product\\\/value-tripod-turnstile-ds-k3g301lx-r\\\/\"]}]},{\"@type\":\"ImageObject\",\"inLanguage\":\"en-US\",\"@id\":\"https:\\\/\\\/safetysource-eg.com\\\/en\\\/product\\\/value-tripod-turnstile-ds-k3g301lx-r\\\/#primaryimage\",\"url\":\"https:\\\/\\\/safetysource-eg.com\\\/wp-content\\\/uploads\\\/2025\\\/06\\\/DS-K3G301LX_image_2.jpg\",\"contentUrl\":\"https:\\\/\\\/safetysource-eg.com\\\/wp-content\\\/uploads\\\/2025\\\/06\\\/DS-K3G301LX_image_2.jpg\",\"width\":800,\"height\":800},{\"@type\":\"BreadcrumbList\",\"@id\":\"https:\\\/\\\/safetysource-eg.com\\\/en\\\/product\\\/value-tripod-turnstile-ds-k3g301lx-r\\\/#breadcrumb\",\"itemListElement\":[{\"@type\":\"ListItem\",\"position\":1,\"name\":\"Home\",\"item\":\"https:\\\/\\\/safetysource-eg.com\\\/en\\\/\"},{\"@type\":\"ListItem\",\"position\":2,\"name\":\"Products\",\"item\":\"https:\\\/\\\/safetysource-eg.com\\\/en\\\/products\\\/\"},{\"@type\":\"ListItem\",\"position\":3,\"name\":\"Value Tripod Turnstile &#8211; DS-K3G301LX-R\"}]},{\"@type\":\"WebSite\",\"@id\":\"https:\\\/\\\/safetysource-eg.com\\\/en\\\/#website\",\"url\":\"https:\\\/\\\/safetysource-eg.com\\\/en\\\/\",\"name\":\"\u0633\u064a\u0641\u062a\u0649 \u0633\u0648\u0631\u0633\",\"description\":\"\u0623\u0646\u0638\u0645\u0629 \u0623\u0645\u0627\u0646 \u0630\u0643\u064a\u0629\",\"potentialAction\":[{\"@type\":\"SearchAction\",\"target\":{\"@type\":\"EntryPoint\",\"urlTemplate\":\"https:\\\/\\\/safetysource-eg.com\\\/en\\\/?s={search_term_string}\"},\"query-input\":{\"@type\":\"PropertyValueSpecification\",\"valueRequired\":true,\"valueName\":\"search_term_string\"}}],\"inLanguage\":\"en-US\"}]}<\/script>\n<!-- \/ Yoast SEO plugin. -->","yoast_head_json":{"title":"Value Tripod Turnstile - DS-K3G301LX-R - \u0633\u064a\u0641\u062a\u0649 \u0633\u0648\u0631\u0633","description":"6 pairs of IR light detectors: Permissions validation and anti-tailgatingLED light indicates passing direction, Self-detection, Self-diagnostics, and alarm","robots":{"index":"index","follow":"follow","max-snippet":"max-snippet:-1","max-image-preview":"max-image-preview:large","max-video-preview":"max-video-preview:-1"},"canonical":"https:\/\/safetysource-eg.com\/en\/product\/value-tripod-turnstile-ds-k3g301lx-r\/","og_locale":"en_US","og_type":"article","og_title":"Value Tripod Turnstile - DS-K3G301LX-R - \u0633\u064a\u0641\u062a\u0649 \u0633\u0648\u0631\u0633","og_description":"6 pairs of IR light detectors: Permissions validation and anti-tailgatingLED light indicates passing direction, Self-detection, Self-diagnostics, and alarm","og_url":"https:\/\/safetysource-eg.com\/en\/product\/value-tripod-turnstile-ds-k3g301lx-r\/","og_site_name":"\u0633\u064a\u0641\u062a\u0649 \u0633\u0648\u0631\u0633","article_modified_time":"2025-10-22T16:34:07+00:00","og_image":[{"width":800,"height":800,"url":"https:\/\/safetysource-eg.com\/wp-content\/uploads\/2025\/06\/DS-K3G301LX_image_2.jpg","type":"image\/jpeg"}],"twitter_card":"summary_large_image","twitter_misc":{"Est. reading time":"2 minutes"},"schema":{"@context":"https:\/\/schema.org","@graph":[{"@type":"WebPage","@id":"https:\/\/safetysource-eg.com\/en\/product\/value-tripod-turnstile-ds-k3g301lx-r\/","url":"https:\/\/safetysource-eg.com\/en\/product\/value-tripod-turnstile-ds-k3g301lx-r\/","name":"Value Tripod Turnstile - DS-K3G301LX-R - \u0633\u064a\u0641\u062a\u0649 \u0633\u0648\u0631\u0633","isPartOf":{"@id":"https:\/\/safetysource-eg.com\/en\/#website"},"primaryImageOfPage":{"@id":"https:\/\/safetysource-eg.com\/en\/product\/value-tripod-turnstile-ds-k3g301lx-r\/#primaryimage"},"image":{"@id":"https:\/\/safetysource-eg.com\/en\/product\/value-tripod-turnstile-ds-k3g301lx-r\/#primaryimage"},"thumbnailUrl":"https:\/\/safetysource-eg.com\/wp-content\/uploads\/2025\/06\/DS-K3G301LX_image_2.jpg","datePublished":"2025-06-01T22:20:24+00:00","dateModified":"2025-10-22T16:34:07+00:00","description":"6 pairs of IR light detectors: Permissions validation and anti-tailgatingLED light indicates passing direction, Self-detection, Self-diagnostics, and alarm","breadcrumb":{"@id":"https:\/\/safetysource-eg.com\/en\/product\/value-tripod-turnstile-ds-k3g301lx-r\/#breadcrumb"},"inLanguage":"en-US","potentialAction":[{"@type":"ReadAction","target":["https:\/\/safetysource-eg.com\/en\/product\/value-tripod-turnstile-ds-k3g301lx-r\/"]}]},{"@type":"ImageObject","inLanguage":"en-US","@id":"https:\/\/safetysource-eg.com\/en\/product\/value-tripod-turnstile-ds-k3g301lx-r\/#primaryimage","url":"https:\/\/safetysource-eg.com\/wp-content\/uploads\/2025\/06\/DS-K3G301LX_image_2.jpg","contentUrl":"https:\/\/safetysource-eg.com\/wp-content\/uploads\/2025\/06\/DS-K3G301LX_image_2.jpg","width":800,"height":800},{"@type":"BreadcrumbList","@id":"https:\/\/safetysource-eg.com\/en\/product\/value-tripod-turnstile-ds-k3g301lx-r\/#breadcrumb","itemListElement":[{"@type":"ListItem","position":1,"name":"Home","item":"https:\/\/safetysource-eg.com\/en\/"},{"@type":"ListItem","position":2,"name":"Products","item":"https:\/\/safetysource-eg.com\/en\/products\/"},{"@type":"ListItem","position":3,"name":"Value Tripod Turnstile &#8211; DS-K3G301LX-R"}]},{"@type":"WebSite","@id":"https:\/\/safetysource-eg.com\/en\/#website","url":"https:\/\/safetysource-eg.com\/en\/","name":"\u0633\u064a\u0641\u062a\u0649 \u0633\u0648\u0631\u0633","description":"\u0623\u0646\u0638\u0645\u0629 \u0623\u0645\u0627\u0646 \u0630\u0643\u064a\u0629","potentialAction":[{"@type":"SearchAction","target":{"@type":"EntryPoint","urlTemplate":"https:\/\/safetysource-eg.com\/en\/?s={search_term_string}"},"query-input":{"@type":"PropertyValueSpecification","valueRequired":true,"valueName":"search_term_string"}}],"inLanguage":"en-US"}]}},"_links":{"self":[{"href":"https:\/\/safetysource-eg.com\/en\/wp-json\/wp\/v2\/product\/18769","targetHints":{"allow":["GET"]}}],"collection":[{"href":"https:\/\/safetysource-eg.com\/en\/wp-json\/wp\/v2\/product"}],"about":[{"href":"https:\/\/safetysource-eg.com\/en\/wp-json\/wp\/v2\/types\/product"}],"wp:featuredmedia":[{"embeddable":true,"href":"https:\/\/safetysource-eg.com\/en\/wp-json\/wp\/v2\/media\/18438"}],"wp:attachment":[{"href":"https:\/\/safetysource-eg.com\/en\/wp-json\/wp\/v2\/media?parent=18769"}],"wp:term":[{"taxonomy":"product_brand","embeddable":true,"href":"https:\/\/safetysource-eg.com\/en\/wp-json\/wp\/v2\/product_brand?post=18769"},{"taxonomy":"product_cat","embeddable":true,"href":"https:\/\/safetysource-eg.com\/en\/wp-json\/wp\/v2\/product_cat?post=18769"},{"taxonomy":"product_tag","embeddable":true,"href":"https:\/\/safetysource-eg.com\/en\/wp-json\/wp\/v2\/product_tag?post=18769"}],"curies":[{"name":"wp","href":"https:\/\/api.w.org\/{rel}","templated":true}]}}