{"id":18771,"date":"2025-06-01T20:46:24","date_gmt":"2025-06-01T20:46:24","guid":{"rendered":"https:\/\/safetysource-eg.com\/product\/30-series-straight-pole-barrier-gate\/"},"modified":"2025-10-22T16:47:21","modified_gmt":"2025-10-22T16:47:21","slug":"30-series-straight-pole-barrier-gate","status":"publish","type":"product","link":"https:\/\/safetysource-eg.com\/en\/product\/30-series-straight-pole-barrier-gate\/","title":{"rendered":"30 Series Straight Pole Barrier Gate With LED Light Bar &#8211; DS-TMG300-D\/A"},"content":{"rendered":"<div class=\"tech-specs-items-wrap\">\n<div class=\"tech-specs-items-description-container\">\n<div class=\"tech-specs-items-description-wrap\">\n<h2><span class=\"tech-specs-items-description__title--heading\">Barrier Housing<\/span><\/h2>\n<ul class=\"tech-specs-items-description\" data-target=\"Barrier Housing\">\n<li class=\"tech-specs-items-description-list\"><span class=\"tech-specs-items-description__title\">Barrier Housing Material: <\/span><span class=\"tech-specs-items-description__title-details\">Cold-rolled sheet<\/span><\/li>\n<li class=\"tech-specs-items-description-list\"><span class=\"tech-specs-items-description__title\">Barrier Housing Thickness: <\/span><span class=\"tech-specs-items-description__title-details\">1.2 mm<\/span><\/li>\n<li class=\"tech-specs-items-description-list\"><span class=\"tech-specs-items-description__title\">Barrier Housing Door Thickness: <\/span><span class=\"tech-specs-items-description__title-details\">1.0 mm<\/span><\/li>\n<li class=\"tech-specs-items-description-list\"><span class=\"tech-specs-items-description__title\">Barrier Housing Color: <\/span><span class=\"tech-specs-items-description__title-details\">Black background with sliver pattern<\/span><\/li>\n<li class=\"tech-specs-items-description-list\"><span class=\"tech-specs-items-description__title\">Barrier Housing Door Color: <\/span><span class=\"tech-specs-items-description__title-details\">Black background with sliver pattern<\/span><\/li>\n<li class=\"tech-specs-items-description-list\"><span class=\"tech-specs-items-description__title\">Boom Pole Installation Height: <\/span><span class=\"tech-specs-items-description__title-details\">880 mm<\/span><\/li>\n<li class=\"tech-specs-items-description-list\"><span class=\"tech-specs-items-description__title\">Body Indicators: <\/span><span class=\"tech-specs-items-description__title-details\">None<\/span><\/li>\n<\/ul>\n<h2><span class=\"tech-specs-items-description__title--heading\">Barrier Gate General<\/span><\/h2>\n<ul class=\"tech-specs-items-description\" data-target=\"Barrier Gate General\">\n<li class=\"tech-specs-items-description-list\"><span class=\"tech-specs-items-description__title\">Rising\/Falling Speed<\/span>\n<p class=\"mb-p\">3m light pole\uff1a<\/p>\n<p class=\"mb-p\">Rising Speed: 3 S<\/p>\n<p class=\"mb-p\">Falling Speed: 3 S<\/p>\n<p class=\"mb-p\">4m light pole \uff1a<\/p>\n<p class=\"mb-p\">Rising Speed: 3 S<\/p>\n<p class=\"mb-p\">Falling Speed: 3 S<\/p>\n<\/li>\n<li class=\"tech-specs-items-description-list\"><span class=\"tech-specs-items-description__title\">Boom Pole Direction: <\/span><span class=\"tech-specs-items-description__title-details\">Left\/Right<\/span><\/li>\n<li class=\"tech-specs-items-description-list\"><span class=\"tech-specs-items-description__title\">Motor Type: <\/span><span class=\"tech-specs-items-description__title-details\">DC brushless motor<\/span><\/li>\n<li class=\"tech-specs-items-description-list\"><span class=\"tech-specs-items-description__title\">Matched Boom Pole Type: <\/span><span class=\"tech-specs-items-description__title-details\">Boom pole with strip light<\/span><\/li>\n<li class=\"tech-specs-items-description-list\"><span class=\"tech-specs-items-description__title\">Boom Pole Falling Delay: <\/span><span class=\"tech-specs-items-description__title-details\">1 to 99 s<\/span><\/li>\n<li class=\"tech-specs-items-description-list\"><span class=\"tech-specs-items-description__title\">Number of Cycles: <\/span><span class=\"tech-specs-items-description__title-details\">2,500,000<\/span><\/li>\n<li class=\"tech-specs-items-description-list\"><span class=\"tech-specs-items-description__title\">Consumption: <\/span><span class=\"tech-specs-items-description__title-details\">100 W<\/span><\/li>\n<li class=\"tech-specs-items-description-list\"><span class=\"tech-specs-items-description__title\">Temperature and Humidity: <\/span><span class=\"tech-specs-items-description__title-details\">Temperature: -30 \u00b0C to 80 \u00b0C (-22 \u00b0F to 176 \u00b0F),Humidity: \u2264 90%<\/span><\/li>\n<li class=\"tech-specs-items-description-list\"><span class=\"tech-specs-items-description__title\">Rising Boom Pole for Poweroff: <\/span><span class=\"tech-specs-items-description__title-details\">Optional<\/span><\/li>\n<\/ul>\n<h2><span class=\"tech-specs-items-description__title--heading\">Package<\/span><\/h2>\n<ul class=\"tech-specs-items-description\" data-target=\"Package\">\n<li class=\"tech-specs-items-description-list\"><span class=\"tech-specs-items-description__title\">Barrier Housing Dimensions (L \u00d7 W \u00d7 H)<\/span><span class=\"tech-specs-items-description__title-details\">325 \u00d7 220 \u00d7 1000 mm (12.8 \u00d7 8.67 \u00d7 39.37 inch)<\/span><\/li>\n<li class=\"tech-specs-items-description-list\"><span class=\"tech-specs-items-description__title\">Body Weight<\/span><span class=\"tech-specs-items-description__title-details\">26 \u00b1 0.2 kg (57.32 \u00b1 0.44 lb.)<\/span><\/li>\n<li class=\"tech-specs-items-description-list\"><span class=\"tech-specs-items-description__title\">Body Dimensions (with Package, Without Boom Pole) (L \u00d7 W \u00d7 H)<\/span><span class=\"tech-specs-items-description__title-details\">385 \u00d7 305 \u00d7 1060 mm (15.16 \u00d7 12 \u00d7 41.73 inch)<\/span><\/li>\n<li class=\"tech-specs-items-description-list\"><span class=\"tech-specs-items-description__title\">Body Weight (with Package, Without Boom Pole)<\/span><span class=\"tech-specs-items-description__title-details\">29.1 \u00b1 0.2 kg (64.15 \u00b1 0.4 lb.)<\/span><\/li>\n<\/ul>\n<h2><span class=\"tech-specs-items-description__title--heading\">Barrier Gate<\/span><\/h2>\n<ul class=\"tech-specs-items-description\" data-target=\"Barrier Gate\">\n<li class=\"tech-specs-items-description-list\"><span class=\"tech-specs-items-description__title\">Duty Cycle: <\/span><span class=\"tech-specs-items-description__title-details\">100%<\/span><\/li>\n<\/ul>\n<h2><span class=\"tech-specs-items-description__title--heading\">Interface<\/span><\/h2>\n<ul class=\"tech-specs-items-description\" data-target=\"Interface\">\n<li class=\"tech-specs-items-description-list\"><span class=\"tech-specs-items-description__title\">RS-485: <\/span><span class=\"tech-specs-items-description__title-details\">Optional<\/span><\/li>\n<li class=\"tech-specs-items-description-list\"><span class=\"tech-specs-items-description__title\">Rising to Limit: <\/span><span class=\"tech-specs-items-description__title-details\">1 group<\/span><\/li>\n<li class=\"tech-specs-items-description-list\"><span class=\"tech-specs-items-description__title\">Falling to Limit: <\/span><span class=\"tech-specs-items-description__title-details\">1 group<\/span><\/li>\n<li class=\"tech-specs-items-description-list\"><span class=\"tech-specs-items-description__title\">Open<\/span><span class=\"tech-specs-items-description__title-details\">1 group<\/span><\/li>\n<li class=\"tech-specs-items-description-list\"><span class=\"tech-specs-items-description__title\">Close<\/span><span class=\"tech-specs-items-description__title-details\">1 group<\/span><\/li>\n<li class=\"tech-specs-items-description-list\"><span class=\"tech-specs-items-description__title\">Stop<\/span><span class=\"tech-specs-items-description__title-details\">1 group<\/span><\/li>\n<li class=\"tech-specs-items-description-list\"><span class=\"tech-specs-items-description__title\">IR\/Vehicle Detector\/Radar<\/span><span class=\"tech-specs-items-description__title-details\">1 group<\/span><\/li>\n<li class=\"tech-specs-items-description-list\"><span class=\"tech-specs-items-description__title\">Traffic Signal Light 1<\/span><span class=\"tech-specs-items-description__title-details\">\u00a0group<\/span><\/li>\n<\/ul>\n<h2><span class=\"tech-specs-items-description__title--heading\">Boom Pole<\/span><\/h2>\n<ul class=\"tech-specs-items-description\" data-target=\"Boom Pole\">\n<li class=\"tech-specs-items-description-list\"><span class=\"tech-specs-items-description__title\">Boom Pole Color: <\/span><span class=\"tech-specs-items-description__title-details\">White background with red bar<\/span><\/li>\n<li class=\"tech-specs-items-description-list\"><span class=\"tech-specs-items-description__title\">Boom Pole Weight<\/span>\n<p class=\"mb-p\">3 m boom pole with strip light: 3.5 \u00b1 0.2 kg<\/p>\n<p class=\"mb-p\">4 m boom pole with strip light: 4.5 \u00b1 0.2 kg<\/p>\n<\/li>\n<li class=\"tech-specs-items-description-list\"><span class=\"tech-specs-items-description__title\">Boom Pole Dimensions (with Package)<\/span>\n<p class=\"mb-p\">3 m boom pole with strip light\uff1a3050 \u00d7 100 \u00d7 55 mm (L\u00d7H\u00d7W)<\/p>\n<p class=\"mb-p\">4 m boom pole with strip light\uff1a4050 \u00d7 100 \u00d7 55 mm (L\u00d7H\u00d7W)<\/p>\n<\/li>\n<li class=\"tech-specs-items-description-list\"><span class=\"tech-specs-items-description__title\">Boom Pole Weight (with Package)<\/span>\n<p class=\"mb-p\">3 m boom pole with strip light: 4.1 \u00b1 0.2 kg<\/p>\n<p class=\"mb-p\">4 m boom pole with strip light: 5.3 \u00b1 0.2 kg<\/p>\n<\/li>\n<li class=\"tech-specs-items-description-list\"><span class=\"tech-specs-items-description__title\">Boom Pole Dimensions<\/span><span class=\"tech-specs-items-description__title-details\">X \u00d7 50 \u00d7 95 mm (W\u00d7L)<\/span><\/li>\n<li class=\"tech-specs-items-description-list\"><span class=\"tech-specs-items-description__title\">Boom Pole Material<\/span><span class=\"tech-specs-items-description__title-details\">6063<\/span><\/li>\n<\/ul>\n<h2><span class=\"tech-specs-items-description__title--heading\">Approval<\/span><\/h2>\n<ul class=\"tech-specs-items-description\" data-target=\"Approval\">\n<li class=\"tech-specs-items-description-list\"><span class=\"tech-specs-items-description__title\">Protection: <\/span><span class=\"tech-specs-items-description__title-details\">IP54<\/span><\/li>\n<\/ul>\n<h2><span class=\"tech-specs-items-description__title--heading\">General<\/span><\/h2>\n<ul class=\"tech-specs-items-description\" data-target=\"General\">\n<li class=\"tech-specs-items-description-list\"><span class=\"tech-specs-items-description__title\">Power Supply: <\/span><span class=\"tech-specs-items-description__title-details\">110-240VAC ( default 220V\uff0cSwitchable )<\/span><\/li>\n<\/ul>\n<\/div>\n<\/div>\n<\/div>\n<p>&nbsp;<\/p>\n<p>&nbsp;<\/p>\n<div>\n<div><\/div>\n<div>\n<p><button class=\"btn\"><a href=\"https:\/\/assets.hikvision.com\/prd\/public\/all\/doc\/m000114192\/DS-TMG300-D_A_Datasheet_20240813.pdf\" target=\"_blank\" rel=\"noopener\">Download data sheet<\/a><\/button><\/p>\n<\/div>\n<p>&nbsp;<\/p>\n<div><\/div>\n<div>\n<p><button class=\"btn\"><a href=\"https:\/\/assets.hikvision.com\/prd\/public\/all\/doc\/m000114192\/Baseline_TMG300-Barrier-Gate_User-Manual_V1.0.0_20240315.pdf\" target=\"_blank\" rel=\"noopener\">User manual<\/a><\/button><\/p>\n<\/div>\n<p>&nbsp;<\/p>\n<\/div>\n","protected":false},"excerpt":{"rendered":"<ul class=\"product_description_item-list\">\n<li class=\"product_description_item\">Supports convenient side installation with compact structure.<\/li>\n<li class=\"product_description_item\">Adopts a small DC brushless motor with low noise to increase output torque and realize precise intelligent control.<\/li>\n<li class=\"product_description_item\">Supports multiple anti-fall modes such as IR, vehicle detectors, and radars.<\/li>\n<li class=\"product_description_item\">Delayed boom pole closing. Supports 1 to 99 seconds.<\/li>\n<li class=\"product_description_item\">Integrated with strip light to show barrier gate status<\/li>\n<\/ul>\n<h2>Available models:<\/h2>\n<div class=\"content-list\">\n<div class=\"content-item\">DS-TMG300-DL\/A\/B(4m light bar)<\/div>\n<div class=\"content-item\">DS-TMG300-DR\/A\/B(4m light bar)<\/div>\n<\/div>\n","protected":false},"featured_media":18436,"template":"","meta":{"_acf_changed":false},"product_brand":[297],"product_cat":[339,340],"product_tag":[],"class_list":{"0":"post-18771","1":"product","2":"type-product","3":"status-publish","4":"has-post-thumbnail","6":"product_brand-hikvision","7":"product_cat-barrier-gates-en","8":"product_cat-garage-gates","10":"first","11":"instock","12":"featured","13":"shipping-taxable","14":"product-type-simple"},"acf":[],"yoast_head":"<!-- This site is optimized with the Yoast SEO plugin v27.5 - https:\/\/yoast.com\/product\/yoast-seo-wordpress\/ -->\n<title>30 Series Straight Pole Barrier Gate<\/title>\n<meta name=\"description\" content=\"Gate Supports convenient side installation with compact structure.Adopts small DC brushless motor with low noise to increase output torque.\" \/>\n<meta name=\"robots\" content=\"index, follow, max-snippet:-1, max-image-preview:large, max-video-preview:-1\" \/>\n<link rel=\"canonical\" href=\"https:\/\/safetysource-eg.com\/en\/product\/30-series-straight-pole-barrier-gate\/\" \/>\n<meta property=\"og:locale\" content=\"en_US\" \/>\n<meta property=\"og:type\" content=\"article\" \/>\n<meta property=\"og:title\" content=\"30 Series Straight Pole Barrier Gate\" \/>\n<meta property=\"og:description\" content=\"Gate Supports convenient side installation with compact structure.Adopts small DC brushless motor with low noise to increase output torque.\" \/>\n<meta property=\"og:url\" content=\"https:\/\/safetysource-eg.com\/en\/product\/30-series-straight-pole-barrier-gate\/\" \/>\n<meta property=\"og:site_name\" content=\"\u0633\u064a\u0641\u062a\u0649 \u0633\u0648\u0631\u0633\" \/>\n<meta property=\"article:modified_time\" content=\"2025-10-22T16:47:21+00:00\" \/>\n<meta property=\"og:image\" content=\"https:\/\/safetysource-eg.com\/wp-content\/uploads\/2025\/06\/Parking-Management.jpg\" \/>\n\t<meta property=\"og:image:width\" content=\"1000\" \/>\n\t<meta property=\"og:image:height\" content=\"1000\" \/>\n\t<meta property=\"og:image:type\" content=\"image\/jpeg\" \/>\n<meta name=\"twitter:card\" content=\"summary_large_image\" \/>\n<meta name=\"twitter:label1\" content=\"Est. reading time\" \/>\n\t<meta name=\"twitter:data1\" content=\"2 minutes\" \/>\n<script type=\"application\/ld+json\" class=\"yoast-schema-graph\">{\"@context\":\"https:\\\/\\\/schema.org\",\"@graph\":[{\"@type\":\"WebPage\",\"@id\":\"https:\\\/\\\/safetysource-eg.com\\\/en\\\/product\\\/30-series-straight-pole-barrier-gate\\\/\",\"url\":\"https:\\\/\\\/safetysource-eg.com\\\/en\\\/product\\\/30-series-straight-pole-barrier-gate\\\/\",\"name\":\"30 Series Straight Pole Barrier Gate\",\"isPartOf\":{\"@id\":\"https:\\\/\\\/safetysource-eg.com\\\/en\\\/#website\"},\"primaryImageOfPage\":{\"@id\":\"https:\\\/\\\/safetysource-eg.com\\\/en\\\/product\\\/30-series-straight-pole-barrier-gate\\\/#primaryimage\"},\"image\":{\"@id\":\"https:\\\/\\\/safetysource-eg.com\\\/en\\\/product\\\/30-series-straight-pole-barrier-gate\\\/#primaryimage\"},\"thumbnailUrl\":\"https:\\\/\\\/safetysource-eg.com\\\/wp-content\\\/uploads\\\/2025\\\/06\\\/Parking-Management.jpg\",\"datePublished\":\"2025-06-01T20:46:24+00:00\",\"dateModified\":\"2025-10-22T16:47:21+00:00\",\"description\":\"Gate Supports convenient side installation with compact structure.Adopts small DC brushless motor with low noise to increase output torque.\",\"breadcrumb\":{\"@id\":\"https:\\\/\\\/safetysource-eg.com\\\/en\\\/product\\\/30-series-straight-pole-barrier-gate\\\/#breadcrumb\"},\"inLanguage\":\"en-US\",\"potentialAction\":[{\"@type\":\"ReadAction\",\"target\":[\"https:\\\/\\\/safetysource-eg.com\\\/en\\\/product\\\/30-series-straight-pole-barrier-gate\\\/\"]}]},{\"@type\":\"ImageObject\",\"inLanguage\":\"en-US\",\"@id\":\"https:\\\/\\\/safetysource-eg.com\\\/en\\\/product\\\/30-series-straight-pole-barrier-gate\\\/#primaryimage\",\"url\":\"https:\\\/\\\/safetysource-eg.com\\\/wp-content\\\/uploads\\\/2025\\\/06\\\/Parking-Management.jpg\",\"contentUrl\":\"https:\\\/\\\/safetysource-eg.com\\\/wp-content\\\/uploads\\\/2025\\\/06\\\/Parking-Management.jpg\",\"width\":1000,\"height\":1000},{\"@type\":\"BreadcrumbList\",\"@id\":\"https:\\\/\\\/safetysource-eg.com\\\/en\\\/product\\\/30-series-straight-pole-barrier-gate\\\/#breadcrumb\",\"itemListElement\":[{\"@type\":\"ListItem\",\"position\":1,\"name\":\"Home\",\"item\":\"https:\\\/\\\/safetysource-eg.com\\\/en\\\/\"},{\"@type\":\"ListItem\",\"position\":2,\"name\":\"Products\",\"item\":\"https:\\\/\\\/safetysource-eg.com\\\/en\\\/products\\\/\"},{\"@type\":\"ListItem\",\"position\":3,\"name\":\"30 Series Straight Pole Barrier Gate With LED Light Bar &#8211; DS-TMG300-D\\\/A\"}]},{\"@type\":\"WebSite\",\"@id\":\"https:\\\/\\\/safetysource-eg.com\\\/en\\\/#website\",\"url\":\"https:\\\/\\\/safetysource-eg.com\\\/en\\\/\",\"name\":\"\u0633\u064a\u0641\u062a\u0649 \u0633\u0648\u0631\u0633\",\"description\":\"\u0623\u0646\u0638\u0645\u0629 \u0623\u0645\u0627\u0646 \u0630\u0643\u064a\u0629\",\"potentialAction\":[{\"@type\":\"SearchAction\",\"target\":{\"@type\":\"EntryPoint\",\"urlTemplate\":\"https:\\\/\\\/safetysource-eg.com\\\/en\\\/?s={search_term_string}\"},\"query-input\":{\"@type\":\"PropertyValueSpecification\",\"valueRequired\":true,\"valueName\":\"search_term_string\"}}],\"inLanguage\":\"en-US\"}]}<\/script>\n<!-- \/ Yoast SEO plugin. -->","yoast_head_json":{"title":"30 Series Straight Pole Barrier Gate","description":"Gate Supports convenient side installation with compact structure.Adopts small DC brushless motor with low noise to increase output torque.","robots":{"index":"index","follow":"follow","max-snippet":"max-snippet:-1","max-image-preview":"max-image-preview:large","max-video-preview":"max-video-preview:-1"},"canonical":"https:\/\/safetysource-eg.com\/en\/product\/30-series-straight-pole-barrier-gate\/","og_locale":"en_US","og_type":"article","og_title":"30 Series Straight Pole Barrier Gate","og_description":"Gate Supports convenient side installation with compact structure.Adopts small DC brushless motor with low noise to increase output torque.","og_url":"https:\/\/safetysource-eg.com\/en\/product\/30-series-straight-pole-barrier-gate\/","og_site_name":"\u0633\u064a\u0641\u062a\u0649 \u0633\u0648\u0631\u0633","article_modified_time":"2025-10-22T16:47:21+00:00","og_image":[{"width":1000,"height":1000,"url":"https:\/\/safetysource-eg.com\/wp-content\/uploads\/2025\/06\/Parking-Management.jpg","type":"image\/jpeg"}],"twitter_card":"summary_large_image","twitter_misc":{"Est. reading time":"2 minutes"},"schema":{"@context":"https:\/\/schema.org","@graph":[{"@type":"WebPage","@id":"https:\/\/safetysource-eg.com\/en\/product\/30-series-straight-pole-barrier-gate\/","url":"https:\/\/safetysource-eg.com\/en\/product\/30-series-straight-pole-barrier-gate\/","name":"30 Series Straight Pole Barrier Gate","isPartOf":{"@id":"https:\/\/safetysource-eg.com\/en\/#website"},"primaryImageOfPage":{"@id":"https:\/\/safetysource-eg.com\/en\/product\/30-series-straight-pole-barrier-gate\/#primaryimage"},"image":{"@id":"https:\/\/safetysource-eg.com\/en\/product\/30-series-straight-pole-barrier-gate\/#primaryimage"},"thumbnailUrl":"https:\/\/safetysource-eg.com\/wp-content\/uploads\/2025\/06\/Parking-Management.jpg","datePublished":"2025-06-01T20:46:24+00:00","dateModified":"2025-10-22T16:47:21+00:00","description":"Gate Supports convenient side installation with compact structure.Adopts small DC brushless motor with low noise to increase output torque.","breadcrumb":{"@id":"https:\/\/safetysource-eg.com\/en\/product\/30-series-straight-pole-barrier-gate\/#breadcrumb"},"inLanguage":"en-US","potentialAction":[{"@type":"ReadAction","target":["https:\/\/safetysource-eg.com\/en\/product\/30-series-straight-pole-barrier-gate\/"]}]},{"@type":"ImageObject","inLanguage":"en-US","@id":"https:\/\/safetysource-eg.com\/en\/product\/30-series-straight-pole-barrier-gate\/#primaryimage","url":"https:\/\/safetysource-eg.com\/wp-content\/uploads\/2025\/06\/Parking-Management.jpg","contentUrl":"https:\/\/safetysource-eg.com\/wp-content\/uploads\/2025\/06\/Parking-Management.jpg","width":1000,"height":1000},{"@type":"BreadcrumbList","@id":"https:\/\/safetysource-eg.com\/en\/product\/30-series-straight-pole-barrier-gate\/#breadcrumb","itemListElement":[{"@type":"ListItem","position":1,"name":"Home","item":"https:\/\/safetysource-eg.com\/en\/"},{"@type":"ListItem","position":2,"name":"Products","item":"https:\/\/safetysource-eg.com\/en\/products\/"},{"@type":"ListItem","position":3,"name":"30 Series Straight Pole Barrier Gate With LED Light Bar &#8211; DS-TMG300-D\/A"}]},{"@type":"WebSite","@id":"https:\/\/safetysource-eg.com\/en\/#website","url":"https:\/\/safetysource-eg.com\/en\/","name":"\u0633\u064a\u0641\u062a\u0649 \u0633\u0648\u0631\u0633","description":"\u0623\u0646\u0638\u0645\u0629 \u0623\u0645\u0627\u0646 \u0630\u0643\u064a\u0629","potentialAction":[{"@type":"SearchAction","target":{"@type":"EntryPoint","urlTemplate":"https:\/\/safetysource-eg.com\/en\/?s={search_term_string}"},"query-input":{"@type":"PropertyValueSpecification","valueRequired":true,"valueName":"search_term_string"}}],"inLanguage":"en-US"}]}},"_links":{"self":[{"href":"https:\/\/safetysource-eg.com\/en\/wp-json\/wp\/v2\/product\/18771","targetHints":{"allow":["GET"]}}],"collection":[{"href":"https:\/\/safetysource-eg.com\/en\/wp-json\/wp\/v2\/product"}],"about":[{"href":"https:\/\/safetysource-eg.com\/en\/wp-json\/wp\/v2\/types\/product"}],"wp:featuredmedia":[{"embeddable":true,"href":"https:\/\/safetysource-eg.com\/en\/wp-json\/wp\/v2\/media\/18436"}],"wp:attachment":[{"href":"https:\/\/safetysource-eg.com\/en\/wp-json\/wp\/v2\/media?parent=18771"}],"wp:term":[{"taxonomy":"product_brand","embeddable":true,"href":"https:\/\/safetysource-eg.com\/en\/wp-json\/wp\/v2\/product_brand?post=18771"},{"taxonomy":"product_cat","embeddable":true,"href":"https:\/\/safetysource-eg.com\/en\/wp-json\/wp\/v2\/product_cat?post=18771"},{"taxonomy":"product_tag","embeddable":true,"href":"https:\/\/safetysource-eg.com\/en\/wp-json\/wp\/v2\/product_tag?post=18771"}],"curies":[{"name":"wp","href":"https:\/\/api.w.org\/{rel}","templated":true}]}}