{"id":18773,"date":"2025-05-31T22:38:28","date_gmt":"2025-05-31T22:38:28","guid":{"rendered":"https:\/\/safetysource-eg.com\/product\/port-gigabit-unmanaged-poe-switch-ds-xs10g-p-8\/"},"modified":"2025-10-22T17:07:30","modified_gmt":"2025-10-22T17:07:30","slug":"port-gigabit-unmanaged-poe-switch-ds-xs10g-p-8","status":"publish","type":"product","link":"https:\/\/safetysource-eg.com\/en\/product\/port-gigabit-unmanaged-poe-switch-ds-xs10g-p-8\/","title":{"rendered":"Port Gigabit Unmanaged POE Switch &#8211; DS-XS10G-P 8"},"content":{"rendered":"<div class=\"tech-specs-items-wrap\">\n<div class=\"tech-specs-items-description-container\">\n<div class=\"tech-specs-items-description-wrap\">\n<h2><span class=\"tech-specs-items-description__title--heading\">General<\/span><\/h2>\n<ul class=\"tech-specs-items-description\" data-target=\"General\">\n<li class=\"tech-specs-items-description-list\"><span class=\"tech-specs-items-description__title\">Shell: <\/span><span class=\"tech-specs-items-description__title-details\">Metal material<\/span><\/li>\n<li class=\"tech-specs-items-description-list\"><span class=\"tech-specs-items-description__title\">Net Weight: <\/span><span class=\"tech-specs-items-description__title-details\">0.56 kg (1.23 lb)<\/span><\/li>\n<li class=\"tech-specs-items-description-list\"><span class=\"tech-specs-items-description__title\">Gross Weight: <\/span><span class=\"tech-specs-items-description__title-details\">0.64 kg (1.41 lb)<\/span><\/li>\n<li class=\"tech-specs-items-description-list\"><span class=\"tech-specs-items-description__title\">Dimensions (W \u00d7 H \u00d7 D): <\/span><span class=\"tech-specs-items-description__title-details\">175.0 mm \u00d7 44.0 mm \u00d7 124.0 mm (6.89&#8221; \u00d7 1.73&#8221; \u00d7 4.88&#8221;)<\/span><\/li>\n<li class=\"tech-specs-items-description-list\"><span class=\"tech-specs-items-description__title\">Operating Temperature: <\/span><span class=\"tech-specs-items-description__title-details\">0 \u00b0C to 40 \u00b0C (32 \u00b0F to 104 \u00b0F)<\/span><\/li>\n<li class=\"tech-specs-items-description-list\"><span class=\"tech-specs-items-description__title\">Storage Temperature: <\/span><span class=\"tech-specs-items-description__title-details\">\u201340 \u00b0C to 85 \u00b0C (\u201340 \u00b0F to 185 \u00b0F)<\/span><\/li>\n<li class=\"tech-specs-items-description-list\"><span class=\"tech-specs-items-description__title\">Operating Humidity: <\/span><span class=\"tech-specs-items-description__title-details\">5% to 95% (no condensation)<\/span><\/li>\n<li class=\"tech-specs-items-description-list\"><span class=\"tech-specs-items-description__title\">Relative Humidity: <\/span><span class=\"tech-specs-items-description__title-details\">5% to 95% (no condensation)<\/span><\/li>\n<li class=\"tech-specs-items-description-list\"><span class=\"tech-specs-items-description__title\">Power Supply: <\/span><span class=\"tech-specs-items-description__title-details\">220 VAC, 50Hz, 1.5A<\/span><\/li>\n<li class=\"tech-specs-items-description-list\"><span class=\"tech-specs-items-description__title\">Max.. Power Consumption: <\/span><span class=\"tech-specs-items-description__title-details\">65 W<\/span><\/li>\n<li class=\"tech-specs-items-description-list\"><span class=\"tech-specs-items-description__title\">Power Consumption in Idle: <\/span><span class=\"tech-specs-items-description__title-details\">5 W<\/span><\/li>\n<li class=\"tech-specs-items-description-list\"><span class=\"tech-specs-items-description__title\">Installation Mode: <\/span><span class=\"tech-specs-items-description__title-details\">Desk-Mounted, Wall-Mounted<\/span><\/li>\n<li class=\"tech-specs-items-description-list\"><span class=\"tech-specs-items-description__title\">Surge Protection: <\/span><span class=\"tech-specs-items-description__title-details\">2 kV<\/span><\/li>\n<\/ul>\n<h2><span class=\"tech-specs-items-description__title--heading\">Network Parameters<\/span><\/h2>\n<ul class=\"tech-specs-items-description\" data-target=\"Network Parameters\">\n<li class=\"tech-specs-items-description-list\"><span class=\"tech-specs-items-description__title\">Ports: <\/span><span class=\"tech-specs-items-description__title-details\">8 \u00d7 Gigabit PoE port,2 \u00d7 Gigabit RJ45 port<\/span><\/li>\n<li class=\"tech-specs-items-description-list\"><span class=\"tech-specs-items-description__title\">MAC Address Table: <\/span><span class=\"tech-specs-items-description__title-details\">2 K<\/span><\/li>\n<li class=\"tech-specs-items-description-list\"><span class=\"tech-specs-items-description__title\">Switching Capacity: <\/span><span class=\"tech-specs-items-description__title-details\">20 Gbps<\/span><\/li>\n<li class=\"tech-specs-items-description-list\"><span class=\"tech-specs-items-description__title\">Packet Forwarding Rate: <\/span><span class=\"tech-specs-items-description__title-details\">14.88 Mpps<\/span><\/li>\n<li class=\"tech-specs-items-description-list\"><span class=\"tech-specs-items-description__title\">Internal Cache: <\/span><span class=\"tech-specs-items-description__title-details\">1 Mbits<\/span><\/li>\n<\/ul>\n<h2><span class=\"tech-specs-items-description__title--heading\">PoE Power Supply<\/span><\/h2>\n<ul class=\"tech-specs-items-description\" data-target=\"PoE Power Supply\">\n<li class=\"tech-specs-items-description-list\"><span class=\"tech-specs-items-description__title\">PoE Standard: <\/span><span class=\"tech-specs-items-description__title-details\">IEEE 802.3af, IEEE 802.3at<\/span><\/li>\n<li class=\"tech-specs-items-description-list\"><span class=\"tech-specs-items-description__title\">PoE Power Pin: <\/span><span class=\"tech-specs-items-description__title-details\">End-span: 1\/2(-), 3\/6(+)<\/span><\/li>\n<li class=\"tech-specs-items-description-list\"><span class=\"tech-specs-items-description__title\">PoE Port: <\/span><span class=\"tech-specs-items-description__title-details\">PoE: Ports 1 to 8<\/span><\/li>\n<li class=\"tech-specs-items-description-list\"><span class=\"tech-specs-items-description__title\">Max. Port Power: <\/span><span class=\"tech-specs-items-description__title-details\">30 W<\/span><\/li>\n<li class=\"tech-specs-items-description-list\"><span class=\"tech-specs-items-description__title\">PoE Power Budget: <\/span><span class=\"tech-specs-items-description__title-details\">60 W<\/span><\/li>\n<\/ul>\n<h2><span class=\"tech-specs-items-description__title--heading\">Approval<\/span><\/h2>\n<ul class=\"tech-specs-items-description\" data-target=\"Approval\">\n<li class=\"tech-specs-items-description-list\"><span class=\"tech-specs-items-description__title\">EMC: <\/span><span class=\"tech-specs-items-description__title-details\">CE-EMC (EN 55032: 2015+A11: 2020, EN IEC 61000-3-2: 2019, EN 61000-3-3: 2013+A1: 2019, EN 50130-4: 2011+A1: 2014, EN 55035: 2017+A11: 2020)<\/span><\/li>\n<li class=\"tech-specs-items-description-list\"><span class=\"tech-specs-items-description__title\">Safety: <\/span><span class=\"tech-specs-items-description__title-details\">CB (AMD1:2009, AMD2:2013, IEC 62368-1: 2014 (Second Edition), CE-LVD (EN 62368-1: 2014+A11: 2017)<\/span><\/li>\n<li class=\"tech-specs-items-description-list\"><span class=\"tech-specs-items-description__title\">Chemistry: <\/span><span class=\"tech-specs-items-description__title-details\">CE-RoHS (2011\/65\/EU); WEEE (2012\/19\/EU); Reach (Regulation (EC) No 1907\/2018)<\/span><\/li>\n<\/ul>\n<p>&nbsp;<\/p>\n<p>&nbsp;<\/p>\n<\/div>\n<\/div>\n<\/div>\n<div><\/div>\n<div>\n<div><\/div>\n<div><\/div>\n<div>\n<p><button class=\"btn\"><a href=\"https:\/\/assets.hikvision.com\/prd\/public\/all\/doc\/m000153494\/DS-XS10G-P_Datasheet_20241017.pdf\" target=\"_blank\" rel=\"noopener\">Download data sheet<\/a><\/button><\/p>\n<\/div>\n<p>&nbsp;<\/p>\n<div><\/div>\n<div><\/div>\n<div>\n<p><button class=\"btn\"><a href=\"https:\/\/assets.hikvision.com\/prd\/public\/all\/doc\/m000153494\/UD38879B-A_Switch_Quick-Start-Guide_V1.0_20241104.pdf\" target=\"_blank\" rel=\"noopener\">Quick Start Guide<\/a><\/button><\/p>\n<\/div>\n<\/div>\n<div>\n<p>&nbsp;<\/p>\n<\/div>\n","protected":false},"excerpt":{"rendered":"<ul class=\"product_description_item-list\">\n<li class=\"product_description_item\">8\u00d7 10\/100\/1000 Mbps PoE RJ45 port and 2 \u00d7 10\/1001000 Mbps RJ45 port<\/li>\n<li class=\"product_description_item\">Whole-device PoE power of 60 W<\/li>\n<li class=\"product_description_item\">Support up to 30 W power for a single port and 60 W for all ports<\/li>\n<li class=\"product_description_item\">Support desktop placement or wall-mounted installation<\/li>\n<li class=\"product_description_item\">Plug and Play<\/li>\n<\/ul>\n","protected":false},"featured_media":18434,"template":"","meta":{"_acf_changed":false},"product_brand":[297],"product_cat":[322,321],"product_tag":[],"class_list":{"0":"post-18773","1":"product","2":"type-product","3":"status-publish","4":"has-post-thumbnail","6":"product_brand-hikvision","7":"product_cat-networking-en","8":"product_cat-poe_switches-en","10":"first","11":"instock","12":"featured","13":"shipping-taxable","14":"product-type-simple"},"acf":[],"yoast_head":"<!-- This site is optimized with the Yoast SEO plugin v27.3 - https:\/\/yoast.com\/product\/yoast-seo-wordpress\/ -->\n<title>Port Gigabit Unmanaged POE Switch - DS-XS10G-P 8 - \u0633\u064a\u0641\u062a\u0649 \u0633\u0648\u0631\u0633<\/title>\n<meta name=\"description\" content=\"High-quality imaging with 2 MP resolution. Support Human Detection, Vehicle Detection, and Auto-tracking LiteEXIR 2.0, advanced infrared technology\" \/>\n<meta name=\"robots\" content=\"index, follow, max-snippet:-1, max-image-preview:large, max-video-preview:-1\" \/>\n<link rel=\"canonical\" href=\"https:\/\/safetysource-eg.com\/en\/product\/port-gigabit-unmanaged-poe-switch-ds-xs10g-p-8\/\" \/>\n<meta property=\"og:locale\" content=\"en_US\" \/>\n<meta property=\"og:type\" content=\"article\" \/>\n<meta property=\"og:title\" content=\"Port Gigabit Unmanaged POE Switch - DS-XS10G-P 8 - \u0633\u064a\u0641\u062a\u0649 \u0633\u0648\u0631\u0633\" \/>\n<meta property=\"og:description\" content=\"High-quality imaging with 2 MP resolution. Support Human Detection, Vehicle Detection, and Auto-tracking LiteEXIR 2.0, advanced infrared technology\" \/>\n<meta property=\"og:url\" content=\"https:\/\/safetysource-eg.com\/en\/product\/port-gigabit-unmanaged-poe-switch-ds-xs10g-p-8\/\" \/>\n<meta property=\"og:site_name\" content=\"\u0633\u064a\u0641\u062a\u0649 \u0633\u0648\u0631\u0633\" \/>\n<meta property=\"article:modified_time\" content=\"2025-10-22T17:07:30+00:00\" \/>\n<meta property=\"og:image\" content=\"https:\/\/safetysource-eg.com\/wp-content\/uploads\/2025\/05\/DS-XS10G-P_image_safetysource.jpg\" \/>\n\t<meta property=\"og:image:width\" content=\"1000\" \/>\n\t<meta property=\"og:image:height\" content=\"1000\" \/>\n\t<meta property=\"og:image:type\" content=\"image\/jpeg\" \/>\n<meta name=\"twitter:card\" content=\"summary_large_image\" \/>\n<meta name=\"twitter:label1\" content=\"Est. reading time\" \/>\n\t<meta name=\"twitter:data1\" content=\"2 minutes\" \/>\n<script type=\"application\/ld+json\" class=\"yoast-schema-graph\">{\"@context\":\"https:\\\/\\\/schema.org\",\"@graph\":[{\"@type\":\"WebPage\",\"@id\":\"https:\\\/\\\/safetysource-eg.com\\\/en\\\/product\\\/port-gigabit-unmanaged-poe-switch-ds-xs10g-p-8\\\/\",\"url\":\"https:\\\/\\\/safetysource-eg.com\\\/en\\\/product\\\/port-gigabit-unmanaged-poe-switch-ds-xs10g-p-8\\\/\",\"name\":\"Port Gigabit Unmanaged POE Switch - DS-XS10G-P 8 - \u0633\u064a\u0641\u062a\u0649 \u0633\u0648\u0631\u0633\",\"isPartOf\":{\"@id\":\"https:\\\/\\\/safetysource-eg.com\\\/en\\\/#website\"},\"primaryImageOfPage\":{\"@id\":\"https:\\\/\\\/safetysource-eg.com\\\/en\\\/product\\\/port-gigabit-unmanaged-poe-switch-ds-xs10g-p-8\\\/#primaryimage\"},\"image\":{\"@id\":\"https:\\\/\\\/safetysource-eg.com\\\/en\\\/product\\\/port-gigabit-unmanaged-poe-switch-ds-xs10g-p-8\\\/#primaryimage\"},\"thumbnailUrl\":\"https:\\\/\\\/safetysource-eg.com\\\/wp-content\\\/uploads\\\/2025\\\/05\\\/DS-XS10G-P_image_safetysource.jpg\",\"datePublished\":\"2025-05-31T22:38:28+00:00\",\"dateModified\":\"2025-10-22T17:07:30+00:00\",\"description\":\"High-quality imaging with 2 MP resolution. Support Human Detection, Vehicle Detection, and Auto-tracking LiteEXIR 2.0, advanced infrared technology\",\"breadcrumb\":{\"@id\":\"https:\\\/\\\/safetysource-eg.com\\\/en\\\/product\\\/port-gigabit-unmanaged-poe-switch-ds-xs10g-p-8\\\/#breadcrumb\"},\"inLanguage\":\"en-US\",\"potentialAction\":[{\"@type\":\"ReadAction\",\"target\":[\"https:\\\/\\\/safetysource-eg.com\\\/en\\\/product\\\/port-gigabit-unmanaged-poe-switch-ds-xs10g-p-8\\\/\"]}]},{\"@type\":\"ImageObject\",\"inLanguage\":\"en-US\",\"@id\":\"https:\\\/\\\/safetysource-eg.com\\\/en\\\/product\\\/port-gigabit-unmanaged-poe-switch-ds-xs10g-p-8\\\/#primaryimage\",\"url\":\"https:\\\/\\\/safetysource-eg.com\\\/wp-content\\\/uploads\\\/2025\\\/05\\\/DS-XS10G-P_image_safetysource.jpg\",\"contentUrl\":\"https:\\\/\\\/safetysource-eg.com\\\/wp-content\\\/uploads\\\/2025\\\/05\\\/DS-XS10G-P_image_safetysource.jpg\",\"width\":1000,\"height\":1000},{\"@type\":\"BreadcrumbList\",\"@id\":\"https:\\\/\\\/safetysource-eg.com\\\/en\\\/product\\\/port-gigabit-unmanaged-poe-switch-ds-xs10g-p-8\\\/#breadcrumb\",\"itemListElement\":[{\"@type\":\"ListItem\",\"position\":1,\"name\":\"Home\",\"item\":\"https:\\\/\\\/safetysource-eg.com\\\/en\\\/\"},{\"@type\":\"ListItem\",\"position\":2,\"name\":\"Products\",\"item\":\"https:\\\/\\\/safetysource-eg.com\\\/en\\\/products\\\/\"},{\"@type\":\"ListItem\",\"position\":3,\"name\":\"Port Gigabit Unmanaged POE Switch &#8211; DS-XS10G-P 8\"}]},{\"@type\":\"WebSite\",\"@id\":\"https:\\\/\\\/safetysource-eg.com\\\/en\\\/#website\",\"url\":\"https:\\\/\\\/safetysource-eg.com\\\/en\\\/\",\"name\":\"\u0633\u064a\u0641\u062a\u0649 \u0633\u0648\u0631\u0633\",\"description\":\"\u0623\u0646\u0638\u0645\u0629 \u0623\u0645\u0627\u0646 \u0630\u0643\u064a\u0629\",\"potentialAction\":[{\"@type\":\"SearchAction\",\"target\":{\"@type\":\"EntryPoint\",\"urlTemplate\":\"https:\\\/\\\/safetysource-eg.com\\\/en\\\/?s={search_term_string}\"},\"query-input\":{\"@type\":\"PropertyValueSpecification\",\"valueRequired\":true,\"valueName\":\"search_term_string\"}}],\"inLanguage\":\"en-US\"}]}<\/script>\n<!-- \/ Yoast SEO plugin. -->","yoast_head_json":{"title":"Port Gigabit Unmanaged POE Switch - DS-XS10G-P 8 - \u0633\u064a\u0641\u062a\u0649 \u0633\u0648\u0631\u0633","description":"High-quality imaging with 2 MP resolution. Support Human Detection, Vehicle Detection, and Auto-tracking LiteEXIR 2.0, advanced infrared technology","robots":{"index":"index","follow":"follow","max-snippet":"max-snippet:-1","max-image-preview":"max-image-preview:large","max-video-preview":"max-video-preview:-1"},"canonical":"https:\/\/safetysource-eg.com\/en\/product\/port-gigabit-unmanaged-poe-switch-ds-xs10g-p-8\/","og_locale":"en_US","og_type":"article","og_title":"Port Gigabit Unmanaged POE Switch - DS-XS10G-P 8 - \u0633\u064a\u0641\u062a\u0649 \u0633\u0648\u0631\u0633","og_description":"High-quality imaging with 2 MP resolution. Support Human Detection, Vehicle Detection, and Auto-tracking LiteEXIR 2.0, advanced infrared technology","og_url":"https:\/\/safetysource-eg.com\/en\/product\/port-gigabit-unmanaged-poe-switch-ds-xs10g-p-8\/","og_site_name":"\u0633\u064a\u0641\u062a\u0649 \u0633\u0648\u0631\u0633","article_modified_time":"2025-10-22T17:07:30+00:00","og_image":[{"width":1000,"height":1000,"url":"https:\/\/safetysource-eg.com\/wp-content\/uploads\/2025\/05\/DS-XS10G-P_image_safetysource.jpg","type":"image\/jpeg"}],"twitter_card":"summary_large_image","twitter_misc":{"Est. reading time":"2 minutes"},"schema":{"@context":"https:\/\/schema.org","@graph":[{"@type":"WebPage","@id":"https:\/\/safetysource-eg.com\/en\/product\/port-gigabit-unmanaged-poe-switch-ds-xs10g-p-8\/","url":"https:\/\/safetysource-eg.com\/en\/product\/port-gigabit-unmanaged-poe-switch-ds-xs10g-p-8\/","name":"Port Gigabit Unmanaged POE Switch - DS-XS10G-P 8 - \u0633\u064a\u0641\u062a\u0649 \u0633\u0648\u0631\u0633","isPartOf":{"@id":"https:\/\/safetysource-eg.com\/en\/#website"},"primaryImageOfPage":{"@id":"https:\/\/safetysource-eg.com\/en\/product\/port-gigabit-unmanaged-poe-switch-ds-xs10g-p-8\/#primaryimage"},"image":{"@id":"https:\/\/safetysource-eg.com\/en\/product\/port-gigabit-unmanaged-poe-switch-ds-xs10g-p-8\/#primaryimage"},"thumbnailUrl":"https:\/\/safetysource-eg.com\/wp-content\/uploads\/2025\/05\/DS-XS10G-P_image_safetysource.jpg","datePublished":"2025-05-31T22:38:28+00:00","dateModified":"2025-10-22T17:07:30+00:00","description":"High-quality imaging with 2 MP resolution. Support Human Detection, Vehicle Detection, and Auto-tracking LiteEXIR 2.0, advanced infrared technology","breadcrumb":{"@id":"https:\/\/safetysource-eg.com\/en\/product\/port-gigabit-unmanaged-poe-switch-ds-xs10g-p-8\/#breadcrumb"},"inLanguage":"en-US","potentialAction":[{"@type":"ReadAction","target":["https:\/\/safetysource-eg.com\/en\/product\/port-gigabit-unmanaged-poe-switch-ds-xs10g-p-8\/"]}]},{"@type":"ImageObject","inLanguage":"en-US","@id":"https:\/\/safetysource-eg.com\/en\/product\/port-gigabit-unmanaged-poe-switch-ds-xs10g-p-8\/#primaryimage","url":"https:\/\/safetysource-eg.com\/wp-content\/uploads\/2025\/05\/DS-XS10G-P_image_safetysource.jpg","contentUrl":"https:\/\/safetysource-eg.com\/wp-content\/uploads\/2025\/05\/DS-XS10G-P_image_safetysource.jpg","width":1000,"height":1000},{"@type":"BreadcrumbList","@id":"https:\/\/safetysource-eg.com\/en\/product\/port-gigabit-unmanaged-poe-switch-ds-xs10g-p-8\/#breadcrumb","itemListElement":[{"@type":"ListItem","position":1,"name":"Home","item":"https:\/\/safetysource-eg.com\/en\/"},{"@type":"ListItem","position":2,"name":"Products","item":"https:\/\/safetysource-eg.com\/en\/products\/"},{"@type":"ListItem","position":3,"name":"Port Gigabit Unmanaged POE Switch &#8211; DS-XS10G-P 8"}]},{"@type":"WebSite","@id":"https:\/\/safetysource-eg.com\/en\/#website","url":"https:\/\/safetysource-eg.com\/en\/","name":"\u0633\u064a\u0641\u062a\u0649 \u0633\u0648\u0631\u0633","description":"\u0623\u0646\u0638\u0645\u0629 \u0623\u0645\u0627\u0646 \u0630\u0643\u064a\u0629","potentialAction":[{"@type":"SearchAction","target":{"@type":"EntryPoint","urlTemplate":"https:\/\/safetysource-eg.com\/en\/?s={search_term_string}"},"query-input":{"@type":"PropertyValueSpecification","valueRequired":true,"valueName":"search_term_string"}}],"inLanguage":"en-US"}]}},"_links":{"self":[{"href":"https:\/\/safetysource-eg.com\/en\/wp-json\/wp\/v2\/product\/18773","targetHints":{"allow":["GET"]}}],"collection":[{"href":"https:\/\/safetysource-eg.com\/en\/wp-json\/wp\/v2\/product"}],"about":[{"href":"https:\/\/safetysource-eg.com\/en\/wp-json\/wp\/v2\/types\/product"}],"wp:featuredmedia":[{"embeddable":true,"href":"https:\/\/safetysource-eg.com\/en\/wp-json\/wp\/v2\/media\/18434"}],"wp:attachment":[{"href":"https:\/\/safetysource-eg.com\/en\/wp-json\/wp\/v2\/media?parent=18773"}],"wp:term":[{"taxonomy":"product_brand","embeddable":true,"href":"https:\/\/safetysource-eg.com\/en\/wp-json\/wp\/v2\/product_brand?post=18773"},{"taxonomy":"product_cat","embeddable":true,"href":"https:\/\/safetysource-eg.com\/en\/wp-json\/wp\/v2\/product_cat?post=18773"},{"taxonomy":"product_tag","embeddable":true,"href":"https:\/\/safetysource-eg.com\/en\/wp-json\/wp\/v2\/product_tag?post=18773"}],"curies":[{"name":"wp","href":"https:\/\/api.w.org\/{rel}","templated":true}]}}