{"id":18774,"date":"2025-05-31T22:10:26","date_gmt":"2025-05-31T22:10:26","guid":{"rendered":"https:\/\/safetysource-eg.com\/product\/ds-k3b411blx-value-swing-barriers\/"},"modified":"2025-06-27T20:26:03","modified_gmt":"2025-06-27T20:26:03","slug":"ds-k3b411blx-value-swing-barriers","status":"publish","type":"product","link":"https:\/\/safetysource-eg.com\/en\/product\/ds-k3b411blx-value-swing-barriers\/","title":{"rendered":"Value Swing Barriers &#8211; DS-K3B411BLX"},"content":{"rendered":"<div class=\"tech-specs-items-wrap\">\n<div class=\"tech-specs-items-description-container\">\n<div class=\"tech-specs-items-description-wrap\">\n<h2><span class=\"tech-specs-items-description__title--heading\">System<\/span><\/h2>\n<ul class=\"tech-specs-items-description\" data-target=\"System\">\n<li class=\"tech-specs-items-description-list\"><span class=\"tech-specs-items-description__title\">MCBF: <\/span><span class=\"tech-specs-items-description__title-details\">\uff1e3 million times<\/span><\/li>\n<li class=\"tech-specs-items-description-list\"><span class=\"tech-specs-items-description__title\">Motor: <\/span><span class=\"tech-specs-items-description__title-details\">Brushless motor<\/span><\/li>\n<\/ul>\n<h2><span class=\"tech-specs-items-description__title--heading\">Interface<\/span><\/h2>\n<ul class=\"tech-specs-items-description\" data-target=\"Interface\">\n<li class=\"tech-specs-items-description-list\"><span class=\"tech-specs-items-description__title\">Exit button: <\/span><span class=\"tech-specs-items-description__title-details\">2<\/span><\/li>\n<li class=\"tech-specs-items-description-list\"><span class=\"tech-specs-items-description__title\">Alarm input: <\/span><span class=\"tech-specs-items-description__title-details\">1<\/span><\/li>\n<\/ul>\n<h2><span class=\"tech-specs-items-description__title--heading\">General<\/span><\/h2>\n<ul class=\"tech-specs-items-description\" data-target=\"General\">\n<li class=\"tech-specs-items-description-list\"><span class=\"tech-specs-items-description__title\">Throughput: <\/span>20 to 60 persons per minute &#8211; The actual throughput is affected by the person passing rate and passing method.<\/li>\n<li class=\"tech-specs-items-description-list\"><span class=\"tech-specs-items-description__title\">Power supply method: <\/span><span class=\"tech-specs-items-description__title-details\">100 to 240 VAC; 50 to 60 Hz<\/span><\/li>\n<li class=\"tech-specs-items-description-list\"><span class=\"tech-specs-items-description__title\">IR light detectors: <\/span><span class=\"tech-specs-items-description__title-details\">6 pairs<\/span><\/li>\n<li class=\"tech-specs-items-description-list\"><span class=\"tech-specs-items-description__title\">Lane width: <\/span><span class=\"tech-specs-items-description__title-details\">550 mm to 1100 mm<\/span><\/li>\n<li class=\"tech-specs-items-description-list\"><span class=\"tech-specs-items-description__title\">Working temperature: <\/span><span class=\"tech-specs-items-description__title-details\">-20 \u00b0C to 65 \u00b0C (-4 \u00b0F to 149 \u00b0F)<\/span><\/li>\n<li class=\"tech-specs-items-description-list\"><span class=\"tech-specs-items-description__title\">Barrier material: <\/span><span class=\"tech-specs-items-description__title-details\">Stainless steel pipe; Acrylic glass<\/span><\/li>\n<li class=\"tech-specs-items-description-list\"><span class=\"tech-specs-items-description__title\">Built-in access controller: <\/span><span class=\"tech-specs-items-description__title-details\">No<\/span><\/li>\n<li class=\"tech-specs-items-description-list\"><span class=\"tech-specs-items-description__title\">Working humidity: <\/span><span class=\"tech-specs-items-description__title-details\">10% to 95% (No Condensing)<\/span><\/li>\n<li class=\"tech-specs-items-description-list\"><span class=\"tech-specs-items-description__title\">Dimensions:\u00a0 <\/span>Without packaging: 1200 mm \u00d7 200 mm \u00d7 1020 mm (47.2&#8243; \u00d7 7.9\\&#8221; \u00d7 40.2\\&#8221;) &#8211; With packaging: 1408 mm \u00d7 348 mm \u00d7 1156 mm (55.4 \u00d7 13.7\\&#8221; \u00d7 45.5\\&#8221;)<\/li>\n<li class=\"tech-specs-items-description-list\"><span class=\"tech-specs-items-description__title\">Pedestal material: <\/span><span class=\"tech-specs-items-description__title-details\">SUS304 stainless steel<\/span><\/li>\n<li class=\"tech-specs-items-description-list\"><span class=\"tech-specs-items-description__title\">Application environment: <\/span><span class=\"tech-specs-items-description__title-details\">Indoor and outdoor<\/span><\/li>\n<li class=\"tech-specs-items-description-list\"><span class=\"tech-specs-items-description__title\">Protective level: <\/span><span class=\"tech-specs-items-description__title-details\">IPX4 (proved by Hikvision laboratory)<\/span><\/li>\n<li class=\"tech-specs-items-description-list\"><span class=\"tech-specs-items-description__title\">Weight: <\/span>Net (Approximately): 38.3 kg (Left), 43.3 kg (Middle), 40.2 kg (Right)\/84.5 lb (Left), 95.5 lb (Middle), 88.6 lb (Right) &#8211; Rough (Approximately): 66.5 kg (Left), 71.5 kg (Middle), 68.4 kg (Right)\/146.6 lb (Left), 157.7 lb (Middle), 150.8 lb (Right)<\/li>\n<li class=\"tech-specs-items-description-list\"><span class=\"tech-specs-items-description__title\">Approval: <\/span><span class=\"tech-specs-items-description__title-details\">CE\/CB\/RoHS\/REACH\/WEEE<\/span><\/li>\n<li class=\"tech-specs-items-description-list\"><span class=\"tech-specs-items-description__title\">Power consumption: <\/span><span class=\"tech-specs-items-description__title-details\">65W (stand by)<\/span><\/li>\n<\/ul>\n<h2><span class=\"tech-specs-items-description__title--heading\">Configuration<\/span><\/h2>\n<ul class=\"tech-specs-items-description\" data-target=\"Configuration\">\n<li class=\"tech-specs-items-description-list\"><span class=\"tech-specs-items-description__title\">Module selection: <\/span><span class=\"tech-specs-items-description__title-details\">NO<\/span><\/li>\n<li class=\"tech-specs-items-description-list\"><span class=\"tech-specs-items-description__title\">Wall distance: <\/span><span class=\"tech-specs-items-description__title-details\">60mm<\/span><\/li>\n<li class=\"tech-specs-items-description-list\"><span class=\"tech-specs-items-description__title\">Lane width: <\/span><span class=\"tech-specs-items-description__title-details\">650,750,900,1100<\/span><\/li>\n<li class=\"tech-specs-items-description-list\"><span class=\"tech-specs-items-description__title\">Recommended width: <\/span><span class=\"tech-specs-items-description__title-details\">650<\/span><\/li>\n<li class=\"tech-specs-items-description-list\"><span class=\"tech-specs-items-description__title\">Pedestal width: <\/span><span class=\"tech-specs-items-description__title-details\">200mm<\/span><\/li>\n<li class=\"tech-specs-items-description-list\"><span class=\"tech-specs-items-description__title\">Pedestal length: <\/span><span class=\"tech-specs-items-description__title-details\">1200mm<\/span><\/li>\n<li class=\"tech-specs-items-description-list\"><span class=\"tech-specs-items-description__title\">Barrier material: <\/span><span class=\"tech-specs-items-description__title-details\">Acrylic glass, Stainless steel pipe<\/span><\/li>\n<li class=\"tech-specs-items-description-list\"><span class=\"tech-specs-items-description__title\">Base: <\/span><span class=\"tech-specs-items-description__title-details\">YES<\/span><\/li>\n<li class=\"tech-specs-items-description-list\"><span class=\"tech-specs-items-description__title\">Base model: <\/span><span class=\"tech-specs-items-description__title-details\">DS-K3B411X-BASE<\/span><\/li>\n<li class=\"tech-specs-items-description-list\"><span class=\"tech-specs-items-description__title\">Product type:\u00a0 <\/span><span class=\"tech-specs-items-description__title-details\">Swing barrier<\/span><\/li>\n<\/ul>\n<p>&nbsp;<\/p>\n<p>&nbsp;<\/p>\n<\/div>\n<\/div>\n<\/div>\n<div><\/div>\n<div>\n<div><\/div>\n<div><\/div>\n<div>\n<p><button class=\"btn\"><a href=\"https:\/\/assets.hikvision.com\/prd\/public\/all\/doc\/m000075540\/DS-K3B411BLX_Swing-Barrier_V1.0.pdf\" target=\"_blank\" rel=\"noopener\">Download data sheet<\/a><\/button><\/p>\n<\/div>\n<p>&nbsp;<\/p>\n<div><\/div>\n<div><\/div>\n<div>\n<p><button class=\"btn\"><a href=\"https:\/\/assets.hikvision.com\/prd\/public\/all\/doc\/m000075540\/UD31741B_Baseline_DS-K3B411BLX-Series-Swing-Barrier_QSG_V1.0_20230207.pdf\" target=\"_blank\" rel=\"noopener\">Quick Start Guide<\/a><\/button><\/p>\n<\/div>\n<p>&nbsp;<\/p>\n<\/div>\n","protected":false},"excerpt":{"rendered":"<ul class=\"product_description_item-list\">\n<li class=\"product_description_item\">6 pairs of IR light detectors: Permissions validation and anti-tailgating<\/li>\n<li class=\"product_description_item\">LED light indicates passing direction<\/li>\n<li class=\"product_description_item\">The barrier will stop working for a period of time when detecting obstruction when open\/close barrier<\/li>\n<li class=\"product_description_item\">Self-detection, Self-diagnostics, and automatic alarm<\/li>\n<li class=\"product_description_item\">Door remaining open when fire alarm triggered: The barrier will open automatically when alarm is triggered.<\/li>\n<li class=\"product_description_item\">Barrier will automatically open when powering down<\/li>\n<\/ul>\n","protected":false},"featured_media":18433,"template":"","meta":{"_acf_changed":false},"product_brand":[297],"product_cat":[331,325],"product_tag":[],"class_list":{"0":"post-18774","1":"product","2":"type-product","3":"status-publish","4":"has-post-thumbnail","6":"product_brand-hikvision","7":"product_cat-swing-barriers-en","8":"product_cat-turnstile-en","10":"first","11":"instock","12":"featured","13":"shipping-taxable","14":"product-type-simple"},"acf":[],"yoast_head":"<!-- This site is optimized with the Yoast SEO plugin v27.3 - https:\/\/yoast.com\/product\/yoast-seo-wordpress\/ -->\n<title>Value Swing Barriers - DS-K3B411BLX - \u0633\u064a\u0641\u062a\u0649 \u0633\u0648\u0631\u0633<\/title>\n<meta name=\"description\" content=\"High-quality imaging with 2 MP resolution. Support Human Detection, Vehicle Detection, and Auto-tracking LiteEXIR 2.0, advanced infrared technology\" \/>\n<meta name=\"robots\" content=\"index, follow, max-snippet:-1, max-image-preview:large, max-video-preview:-1\" \/>\n<link rel=\"canonical\" href=\"https:\/\/safetysource-eg.com\/en\/product\/ds-k3b411blx-value-swing-barriers\/\" \/>\n<meta property=\"og:locale\" content=\"en_US\" \/>\n<meta property=\"og:type\" content=\"article\" \/>\n<meta property=\"og:title\" content=\"Value Swing Barriers - DS-K3B411BLX - \u0633\u064a\u0641\u062a\u0649 \u0633\u0648\u0631\u0633\" \/>\n<meta property=\"og:description\" content=\"High-quality imaging with 2 MP resolution. Support Human Detection, Vehicle Detection, and Auto-tracking LiteEXIR 2.0, advanced infrared technology\" \/>\n<meta property=\"og:url\" content=\"https:\/\/safetysource-eg.com\/en\/product\/ds-k3b411blx-value-swing-barriers\/\" \/>\n<meta property=\"og:site_name\" content=\"\u0633\u064a\u0641\u062a\u0649 \u0633\u0648\u0631\u0633\" \/>\n<meta property=\"article:modified_time\" content=\"2025-06-27T20:26:03+00:00\" \/>\n<meta property=\"og:image\" content=\"https:\/\/safetysource-eg.com\/wp-content\/uploads\/2025\/05\/DS-K3B411BLX_image_1.jpg\" \/>\n\t<meta property=\"og:image:width\" content=\"800\" \/>\n\t<meta property=\"og:image:height\" content=\"800\" \/>\n\t<meta property=\"og:image:type\" content=\"image\/jpeg\" \/>\n<meta name=\"twitter:card\" content=\"summary_large_image\" \/>\n<meta name=\"twitter:label1\" content=\"Est. reading time\" \/>\n\t<meta name=\"twitter:data1\" content=\"1 minute\" \/>\n<script type=\"application\/ld+json\" class=\"yoast-schema-graph\">{\"@context\":\"https:\\\/\\\/schema.org\",\"@graph\":[{\"@type\":\"WebPage\",\"@id\":\"https:\\\/\\\/safetysource-eg.com\\\/en\\\/product\\\/ds-k3b411blx-value-swing-barriers\\\/\",\"url\":\"https:\\\/\\\/safetysource-eg.com\\\/en\\\/product\\\/ds-k3b411blx-value-swing-barriers\\\/\",\"name\":\"Value Swing Barriers - DS-K3B411BLX - \u0633\u064a\u0641\u062a\u0649 \u0633\u0648\u0631\u0633\",\"isPartOf\":{\"@id\":\"https:\\\/\\\/safetysource-eg.com\\\/en\\\/#website\"},\"primaryImageOfPage\":{\"@id\":\"https:\\\/\\\/safetysource-eg.com\\\/en\\\/product\\\/ds-k3b411blx-value-swing-barriers\\\/#primaryimage\"},\"image\":{\"@id\":\"https:\\\/\\\/safetysource-eg.com\\\/en\\\/product\\\/ds-k3b411blx-value-swing-barriers\\\/#primaryimage\"},\"thumbnailUrl\":\"https:\\\/\\\/safetysource-eg.com\\\/wp-content\\\/uploads\\\/2025\\\/05\\\/DS-K3B411BLX_image_1.jpg\",\"datePublished\":\"2025-05-31T22:10:26+00:00\",\"dateModified\":\"2025-06-27T20:26:03+00:00\",\"description\":\"High-quality imaging with 2 MP resolution. Support Human Detection, Vehicle Detection, and Auto-tracking LiteEXIR 2.0, advanced infrared technology\",\"breadcrumb\":{\"@id\":\"https:\\\/\\\/safetysource-eg.com\\\/en\\\/product\\\/ds-k3b411blx-value-swing-barriers\\\/#breadcrumb\"},\"inLanguage\":\"en-US\",\"potentialAction\":[{\"@type\":\"ReadAction\",\"target\":[\"https:\\\/\\\/safetysource-eg.com\\\/en\\\/product\\\/ds-k3b411blx-value-swing-barriers\\\/\"]}]},{\"@type\":\"ImageObject\",\"inLanguage\":\"en-US\",\"@id\":\"https:\\\/\\\/safetysource-eg.com\\\/en\\\/product\\\/ds-k3b411blx-value-swing-barriers\\\/#primaryimage\",\"url\":\"https:\\\/\\\/safetysource-eg.com\\\/wp-content\\\/uploads\\\/2025\\\/05\\\/DS-K3B411BLX_image_1.jpg\",\"contentUrl\":\"https:\\\/\\\/safetysource-eg.com\\\/wp-content\\\/uploads\\\/2025\\\/05\\\/DS-K3B411BLX_image_1.jpg\",\"width\":800,\"height\":800},{\"@type\":\"BreadcrumbList\",\"@id\":\"https:\\\/\\\/safetysource-eg.com\\\/en\\\/product\\\/ds-k3b411blx-value-swing-barriers\\\/#breadcrumb\",\"itemListElement\":[{\"@type\":\"ListItem\",\"position\":1,\"name\":\"Home\",\"item\":\"https:\\\/\\\/safetysource-eg.com\\\/en\\\/\"},{\"@type\":\"ListItem\",\"position\":2,\"name\":\"Products\",\"item\":\"https:\\\/\\\/safetysource-eg.com\\\/en\\\/products\\\/\"},{\"@type\":\"ListItem\",\"position\":3,\"name\":\"Value Swing Barriers &#8211; DS-K3B411BLX\"}]},{\"@type\":\"WebSite\",\"@id\":\"https:\\\/\\\/safetysource-eg.com\\\/en\\\/#website\",\"url\":\"https:\\\/\\\/safetysource-eg.com\\\/en\\\/\",\"name\":\"\u0633\u064a\u0641\u062a\u0649 \u0633\u0648\u0631\u0633\",\"description\":\"\u0623\u0646\u0638\u0645\u0629 \u0623\u0645\u0627\u0646 \u0630\u0643\u064a\u0629\",\"potentialAction\":[{\"@type\":\"SearchAction\",\"target\":{\"@type\":\"EntryPoint\",\"urlTemplate\":\"https:\\\/\\\/safetysource-eg.com\\\/en\\\/?s={search_term_string}\"},\"query-input\":{\"@type\":\"PropertyValueSpecification\",\"valueRequired\":true,\"valueName\":\"search_term_string\"}}],\"inLanguage\":\"en-US\"}]}<\/script>\n<!-- \/ Yoast SEO plugin. -->","yoast_head_json":{"title":"Value Swing Barriers - DS-K3B411BLX - \u0633\u064a\u0641\u062a\u0649 \u0633\u0648\u0631\u0633","description":"High-quality imaging with 2 MP resolution. Support Human Detection, Vehicle Detection, and Auto-tracking LiteEXIR 2.0, advanced infrared technology","robots":{"index":"index","follow":"follow","max-snippet":"max-snippet:-1","max-image-preview":"max-image-preview:large","max-video-preview":"max-video-preview:-1"},"canonical":"https:\/\/safetysource-eg.com\/en\/product\/ds-k3b411blx-value-swing-barriers\/","og_locale":"en_US","og_type":"article","og_title":"Value Swing Barriers - DS-K3B411BLX - \u0633\u064a\u0641\u062a\u0649 \u0633\u0648\u0631\u0633","og_description":"High-quality imaging with 2 MP resolution. Support Human Detection, Vehicle Detection, and Auto-tracking LiteEXIR 2.0, advanced infrared technology","og_url":"https:\/\/safetysource-eg.com\/en\/product\/ds-k3b411blx-value-swing-barriers\/","og_site_name":"\u0633\u064a\u0641\u062a\u0649 \u0633\u0648\u0631\u0633","article_modified_time":"2025-06-27T20:26:03+00:00","og_image":[{"width":800,"height":800,"url":"https:\/\/safetysource-eg.com\/wp-content\/uploads\/2025\/05\/DS-K3B411BLX_image_1.jpg","type":"image\/jpeg"}],"twitter_card":"summary_large_image","twitter_misc":{"Est. reading time":"1 minute"},"schema":{"@context":"https:\/\/schema.org","@graph":[{"@type":"WebPage","@id":"https:\/\/safetysource-eg.com\/en\/product\/ds-k3b411blx-value-swing-barriers\/","url":"https:\/\/safetysource-eg.com\/en\/product\/ds-k3b411blx-value-swing-barriers\/","name":"Value Swing Barriers - DS-K3B411BLX - \u0633\u064a\u0641\u062a\u0649 \u0633\u0648\u0631\u0633","isPartOf":{"@id":"https:\/\/safetysource-eg.com\/en\/#website"},"primaryImageOfPage":{"@id":"https:\/\/safetysource-eg.com\/en\/product\/ds-k3b411blx-value-swing-barriers\/#primaryimage"},"image":{"@id":"https:\/\/safetysource-eg.com\/en\/product\/ds-k3b411blx-value-swing-barriers\/#primaryimage"},"thumbnailUrl":"https:\/\/safetysource-eg.com\/wp-content\/uploads\/2025\/05\/DS-K3B411BLX_image_1.jpg","datePublished":"2025-05-31T22:10:26+00:00","dateModified":"2025-06-27T20:26:03+00:00","description":"High-quality imaging with 2 MP resolution. Support Human Detection, Vehicle Detection, and Auto-tracking LiteEXIR 2.0, advanced infrared technology","breadcrumb":{"@id":"https:\/\/safetysource-eg.com\/en\/product\/ds-k3b411blx-value-swing-barriers\/#breadcrumb"},"inLanguage":"en-US","potentialAction":[{"@type":"ReadAction","target":["https:\/\/safetysource-eg.com\/en\/product\/ds-k3b411blx-value-swing-barriers\/"]}]},{"@type":"ImageObject","inLanguage":"en-US","@id":"https:\/\/safetysource-eg.com\/en\/product\/ds-k3b411blx-value-swing-barriers\/#primaryimage","url":"https:\/\/safetysource-eg.com\/wp-content\/uploads\/2025\/05\/DS-K3B411BLX_image_1.jpg","contentUrl":"https:\/\/safetysource-eg.com\/wp-content\/uploads\/2025\/05\/DS-K3B411BLX_image_1.jpg","width":800,"height":800},{"@type":"BreadcrumbList","@id":"https:\/\/safetysource-eg.com\/en\/product\/ds-k3b411blx-value-swing-barriers\/#breadcrumb","itemListElement":[{"@type":"ListItem","position":1,"name":"Home","item":"https:\/\/safetysource-eg.com\/en\/"},{"@type":"ListItem","position":2,"name":"Products","item":"https:\/\/safetysource-eg.com\/en\/products\/"},{"@type":"ListItem","position":3,"name":"Value Swing Barriers &#8211; DS-K3B411BLX"}]},{"@type":"WebSite","@id":"https:\/\/safetysource-eg.com\/en\/#website","url":"https:\/\/safetysource-eg.com\/en\/","name":"\u0633\u064a\u0641\u062a\u0649 \u0633\u0648\u0631\u0633","description":"\u0623\u0646\u0638\u0645\u0629 \u0623\u0645\u0627\u0646 \u0630\u0643\u064a\u0629","potentialAction":[{"@type":"SearchAction","target":{"@type":"EntryPoint","urlTemplate":"https:\/\/safetysource-eg.com\/en\/?s={search_term_string}"},"query-input":{"@type":"PropertyValueSpecification","valueRequired":true,"valueName":"search_term_string"}}],"inLanguage":"en-US"}]}},"_links":{"self":[{"href":"https:\/\/safetysource-eg.com\/en\/wp-json\/wp\/v2\/product\/18774","targetHints":{"allow":["GET"]}}],"collection":[{"href":"https:\/\/safetysource-eg.com\/en\/wp-json\/wp\/v2\/product"}],"about":[{"href":"https:\/\/safetysource-eg.com\/en\/wp-json\/wp\/v2\/types\/product"}],"wp:featuredmedia":[{"embeddable":true,"href":"https:\/\/safetysource-eg.com\/en\/wp-json\/wp\/v2\/media\/18433"}],"wp:attachment":[{"href":"https:\/\/safetysource-eg.com\/en\/wp-json\/wp\/v2\/media?parent=18774"}],"wp:term":[{"taxonomy":"product_brand","embeddable":true,"href":"https:\/\/safetysource-eg.com\/en\/wp-json\/wp\/v2\/product_brand?post=18774"},{"taxonomy":"product_cat","embeddable":true,"href":"https:\/\/safetysource-eg.com\/en\/wp-json\/wp\/v2\/product_cat?post=18774"},{"taxonomy":"product_tag","embeddable":true,"href":"https:\/\/safetysource-eg.com\/en\/wp-json\/wp\/v2\/product_tag?post=18774"}],"curies":[{"name":"wp","href":"https:\/\/api.w.org\/{rel}","templated":true}]}}