{"id":19578,"date":"2025-10-08T11:48:38","date_gmt":"2025-10-08T11:48:38","guid":{"rendered":"https:\/\/safetysource-eg.com\/?post_type=product&#038;p=19578"},"modified":"2025-10-29T12:43:19","modified_gmt":"2025-10-29T12:43:19","slug":"ds-kab673-edb-peripheral-module","status":"publish","type":"product","link":"https:\/\/safetysource-eg.com\/en\/product\/ds-kab673-edb-peripheral-module\/","title":{"rendered":"DS-KAB673-EDB Peripheral Module"},"content":{"rendered":"<h2><em><strong><span class=\"tech-specs-items-description__title--heading\">Authentication<\/span><\/strong><\/em><\/h2>\n<ul class=\"tech-specs-items-description\" data-target=\"Authentication\">\n<li class=\"tech-specs-items-description-list\"><span class=\"tech-specs-items-description__title\">Card type<\/span><span class=\"tech-specs-items-description__title-details\">EM card;M1 card;DESfire card<\/span><\/li>\n<li class=\"tech-specs-items-description-list\"><span class=\"tech-specs-items-description__title\">Card reading frequency<\/span><span class=\"tech-specs-items-description__title-details\">13.56 MHz;125 KHz<\/span><\/li>\n<\/ul>\n<h2><em><strong><span class=\"tech-specs-items-description__title--heading\">General<\/span><\/strong><\/em><\/h2>\n<ul class=\"tech-specs-items-description\" data-target=\"General\">\n<li class=\"tech-specs-items-description-list\"><span class=\"tech-specs-items-description__title\">Working temperature<\/span><span class=\"tech-specs-items-description__title-details\">-30 \u00b0C to 60 \u00b0C (-22 \u00b0F to 140 \u00b0F)<\/span><\/li>\n<li class=\"tech-specs-items-description-list\"><span class=\"tech-specs-items-description__title\">Working humidity<\/span><span class=\"tech-specs-items-description__title-details\">10 % to 90 % (no condensing)<\/span><\/li>\n<li class=\"tech-specs-items-description-list\"><span class=\"tech-specs-items-description__title\">Dimensions<\/span><span class=\"tech-specs-items-description__title-details\">110.5 mm \u00d7 40 mm \u00d7 23.78 mm (4.4&#8243; \u00d7 1.6&#8243; \u00d7 0.9&#8243;)<\/span><\/li>\n<\/ul>\n<h2><em><span class=\"tech-specs-items-description__title--heading\">Function<\/span><\/em><\/h2>\n<ul class=\"tech-specs-items-description\" data-target=\"Function\">\n<li class=\"tech-specs-items-description-list\"><span class=\"tech-specs-items-description__title\">Bluetooth<\/span><span class=\"tech-specs-items-description__title-details\">Bluetooth 5.0<\/span><\/li>\n<\/ul>\n<div><\/div>\n<div><\/div>\n<div>\n<p><button class=\"btn\"><a href=\"https:\/\/assets.hikvision.com\/prd\/normal\/all\/doc\/m000153085\/DS-KAB673-EDB_Datasheet_20241031.pdf?key=fb57bfc12e8a40c8603a34926bb73e7b&amp;time=1759923871406\" target=\"_blank\" rel=\"noopener\">Download data sheet<\/a><\/button><\/p>\n<\/div>\n<p>&nbsp;<\/p>\n<div><\/div>\n<div><\/div>\n<div>\n<p><button class=\"btn\"><a href=\"https:\/\/pinfo.hikvision.com\/hkwsen\/unzip\/20250814113506_46862_doc\/UD38604B-A_Baseline_Peripheral%20Module_User%20Manual_V4.11_20250418.pdf\" target=\"_blank\" rel=\"noopener\">Quick Start Guide<\/a><\/button><\/p>\n<p>&nbsp;<\/p>\n<\/div>\n<div><\/div>\n","protected":false},"excerpt":{"rendered":"<ul class=\"product_description_item-list\">\n<li class=\"product_description_item\">Supports recognition of multiple card types, including EM card, M1 card, and DESfire card.<\/li>\n<li class=\"product_description_item\">Supports bluetooth function.<\/li>\n<\/ul>\n","protected":false},"featured_media":19582,"template":"","meta":{"_acf_changed":false},"product_brand":[],"product_cat":[318,317],"product_tag":[],"class_list":{"0":"post-19578","1":"product","2":"type-product","3":"status-publish","4":"has-post-thumbnail","6":"product_cat-access-control-terminals-en","7":"product_cat-face-recognition-terminals-en","9":"first","10":"instock","11":"shipping-taxable","12":"product-type-simple"},"acf":[],"yoast_head":"<!-- This site is optimized with the Yoast SEO plugin v27.3 - https:\/\/yoast.com\/product\/yoast-seo-wordpress\/ -->\n<title>DS-KAB673-EDB Peripheral Module - \u0633\u064a\u0641\u062a\u0649 \u0633\u0648\u0631\u0633<\/title>\n<meta name=\"description\" content=\"Supports recognition of multiple card types, including EM card, M1 card, and DESfire card.Supports bluetooth function.Card typeEM card;M1 card;DESfire card\" \/>\n<meta name=\"robots\" content=\"index, follow, max-snippet:-1, max-image-preview:large, max-video-preview:-1\" \/>\n<link rel=\"canonical\" href=\"https:\/\/safetysource-eg.com\/en\/product\/ds-kab673-edb-peripheral-module\/\" \/>\n<meta property=\"og:locale\" content=\"en_US\" \/>\n<meta property=\"og:type\" content=\"article\" \/>\n<meta property=\"og:title\" content=\"DS-KAB673-EDB Peripheral Module - \u0633\u064a\u0641\u062a\u0649 \u0633\u0648\u0631\u0633\" \/>\n<meta property=\"og:description\" content=\"Supports recognition of multiple card types, including EM card, M1 card, and DESfire card.Supports bluetooth function.Card typeEM card;M1 card;DESfire card\" \/>\n<meta property=\"og:url\" content=\"https:\/\/safetysource-eg.com\/en\/product\/ds-kab673-edb-peripheral-module\/\" \/>\n<meta property=\"og:site_name\" content=\"\u0633\u064a\u0641\u062a\u0649 \u0633\u0648\u0631\u0633\" \/>\n<meta property=\"article:modified_time\" content=\"2025-10-29T12:43:19+00:00\" \/>\n<meta property=\"og:image\" content=\"https:\/\/safetysource-eg.com\/wp-content\/uploads\/2025\/10\/new-2.webp\" \/>\n\t<meta property=\"og:image:width\" content=\"1000\" \/>\n\t<meta property=\"og:image:height\" content=\"1000\" \/>\n\t<meta property=\"og:image:type\" content=\"image\/webp\" \/>\n<meta name=\"twitter:card\" content=\"summary_large_image\" \/>\n<meta name=\"twitter:label1\" content=\"Est. reading time\" \/>\n\t<meta name=\"twitter:data1\" content=\"1 minute\" \/>\n<script type=\"application\/ld+json\" class=\"yoast-schema-graph\">{\"@context\":\"https:\\\/\\\/schema.org\",\"@graph\":[{\"@type\":\"WebPage\",\"@id\":\"https:\\\/\\\/safetysource-eg.com\\\/en\\\/product\\\/ds-kab673-edb-peripheral-module\\\/\",\"url\":\"https:\\\/\\\/safetysource-eg.com\\\/en\\\/product\\\/ds-kab673-edb-peripheral-module\\\/\",\"name\":\"DS-KAB673-EDB Peripheral Module - \u0633\u064a\u0641\u062a\u0649 \u0633\u0648\u0631\u0633\",\"isPartOf\":{\"@id\":\"https:\\\/\\\/safetysource-eg.com\\\/en\\\/#website\"},\"primaryImageOfPage\":{\"@id\":\"https:\\\/\\\/safetysource-eg.com\\\/en\\\/product\\\/ds-kab673-edb-peripheral-module\\\/#primaryimage\"},\"image\":{\"@id\":\"https:\\\/\\\/safetysource-eg.com\\\/en\\\/product\\\/ds-kab673-edb-peripheral-module\\\/#primaryimage\"},\"thumbnailUrl\":\"https:\\\/\\\/safetysource-eg.com\\\/wp-content\\\/uploads\\\/2025\\\/10\\\/new-2.webp\",\"datePublished\":\"2025-10-08T11:48:38+00:00\",\"dateModified\":\"2025-10-29T12:43:19+00:00\",\"description\":\"Supports recognition of multiple card types, including EM card, M1 card, and DESfire card.Supports bluetooth function.Card typeEM card;M1 card;DESfire card\",\"breadcrumb\":{\"@id\":\"https:\\\/\\\/safetysource-eg.com\\\/en\\\/product\\\/ds-kab673-edb-peripheral-module\\\/#breadcrumb\"},\"inLanguage\":\"en-US\",\"potentialAction\":[{\"@type\":\"ReadAction\",\"target\":[\"https:\\\/\\\/safetysource-eg.com\\\/en\\\/product\\\/ds-kab673-edb-peripheral-module\\\/\"]}]},{\"@type\":\"ImageObject\",\"inLanguage\":\"en-US\",\"@id\":\"https:\\\/\\\/safetysource-eg.com\\\/en\\\/product\\\/ds-kab673-edb-peripheral-module\\\/#primaryimage\",\"url\":\"https:\\\/\\\/safetysource-eg.com\\\/wp-content\\\/uploads\\\/2025\\\/10\\\/new-2.webp\",\"contentUrl\":\"https:\\\/\\\/safetysource-eg.com\\\/wp-content\\\/uploads\\\/2025\\\/10\\\/new-2.webp\",\"width\":1000,\"height\":1000},{\"@type\":\"BreadcrumbList\",\"@id\":\"https:\\\/\\\/safetysource-eg.com\\\/en\\\/product\\\/ds-kab673-edb-peripheral-module\\\/#breadcrumb\",\"itemListElement\":[{\"@type\":\"ListItem\",\"position\":1,\"name\":\"Home\",\"item\":\"https:\\\/\\\/safetysource-eg.com\\\/en\\\/\"},{\"@type\":\"ListItem\",\"position\":2,\"name\":\"Products\",\"item\":\"https:\\\/\\\/safetysource-eg.com\\\/en\\\/products\\\/\"},{\"@type\":\"ListItem\",\"position\":3,\"name\":\"DS-KAB673-EDB Peripheral Module\"}]},{\"@type\":\"WebSite\",\"@id\":\"https:\\\/\\\/safetysource-eg.com\\\/en\\\/#website\",\"url\":\"https:\\\/\\\/safetysource-eg.com\\\/en\\\/\",\"name\":\"\u0633\u064a\u0641\u062a\u0649 \u0633\u0648\u0631\u0633\",\"description\":\"\u0623\u0646\u0638\u0645\u0629 \u0623\u0645\u0627\u0646 \u0630\u0643\u064a\u0629\",\"potentialAction\":[{\"@type\":\"SearchAction\",\"target\":{\"@type\":\"EntryPoint\",\"urlTemplate\":\"https:\\\/\\\/safetysource-eg.com\\\/en\\\/?s={search_term_string}\"},\"query-input\":{\"@type\":\"PropertyValueSpecification\",\"valueRequired\":true,\"valueName\":\"search_term_string\"}}],\"inLanguage\":\"en-US\"}]}<\/script>\n<!-- \/ Yoast SEO plugin. -->","yoast_head_json":{"title":"DS-KAB673-EDB Peripheral Module - \u0633\u064a\u0641\u062a\u0649 \u0633\u0648\u0631\u0633","description":"Supports recognition of multiple card types, including EM card, M1 card, and DESfire card.Supports bluetooth function.Card typeEM card;M1 card;DESfire card","robots":{"index":"index","follow":"follow","max-snippet":"max-snippet:-1","max-image-preview":"max-image-preview:large","max-video-preview":"max-video-preview:-1"},"canonical":"https:\/\/safetysource-eg.com\/en\/product\/ds-kab673-edb-peripheral-module\/","og_locale":"en_US","og_type":"article","og_title":"DS-KAB673-EDB Peripheral Module - \u0633\u064a\u0641\u062a\u0649 \u0633\u0648\u0631\u0633","og_description":"Supports recognition of multiple card types, including EM card, M1 card, and DESfire card.Supports bluetooth function.Card typeEM card;M1 card;DESfire card","og_url":"https:\/\/safetysource-eg.com\/en\/product\/ds-kab673-edb-peripheral-module\/","og_site_name":"\u0633\u064a\u0641\u062a\u0649 \u0633\u0648\u0631\u0633","article_modified_time":"2025-10-29T12:43:19+00:00","og_image":[{"width":1000,"height":1000,"url":"https:\/\/safetysource-eg.com\/wp-content\/uploads\/2025\/10\/new-2.webp","type":"image\/webp"}],"twitter_card":"summary_large_image","twitter_misc":{"Est. reading time":"1 minute"},"schema":{"@context":"https:\/\/schema.org","@graph":[{"@type":"WebPage","@id":"https:\/\/safetysource-eg.com\/en\/product\/ds-kab673-edb-peripheral-module\/","url":"https:\/\/safetysource-eg.com\/en\/product\/ds-kab673-edb-peripheral-module\/","name":"DS-KAB673-EDB Peripheral Module - \u0633\u064a\u0641\u062a\u0649 \u0633\u0648\u0631\u0633","isPartOf":{"@id":"https:\/\/safetysource-eg.com\/en\/#website"},"primaryImageOfPage":{"@id":"https:\/\/safetysource-eg.com\/en\/product\/ds-kab673-edb-peripheral-module\/#primaryimage"},"image":{"@id":"https:\/\/safetysource-eg.com\/en\/product\/ds-kab673-edb-peripheral-module\/#primaryimage"},"thumbnailUrl":"https:\/\/safetysource-eg.com\/wp-content\/uploads\/2025\/10\/new-2.webp","datePublished":"2025-10-08T11:48:38+00:00","dateModified":"2025-10-29T12:43:19+00:00","description":"Supports recognition of multiple card types, including EM card, M1 card, and DESfire card.Supports bluetooth function.Card typeEM card;M1 card;DESfire card","breadcrumb":{"@id":"https:\/\/safetysource-eg.com\/en\/product\/ds-kab673-edb-peripheral-module\/#breadcrumb"},"inLanguage":"en-US","potentialAction":[{"@type":"ReadAction","target":["https:\/\/safetysource-eg.com\/en\/product\/ds-kab673-edb-peripheral-module\/"]}]},{"@type":"ImageObject","inLanguage":"en-US","@id":"https:\/\/safetysource-eg.com\/en\/product\/ds-kab673-edb-peripheral-module\/#primaryimage","url":"https:\/\/safetysource-eg.com\/wp-content\/uploads\/2025\/10\/new-2.webp","contentUrl":"https:\/\/safetysource-eg.com\/wp-content\/uploads\/2025\/10\/new-2.webp","width":1000,"height":1000},{"@type":"BreadcrumbList","@id":"https:\/\/safetysource-eg.com\/en\/product\/ds-kab673-edb-peripheral-module\/#breadcrumb","itemListElement":[{"@type":"ListItem","position":1,"name":"Home","item":"https:\/\/safetysource-eg.com\/en\/"},{"@type":"ListItem","position":2,"name":"Products","item":"https:\/\/safetysource-eg.com\/en\/products\/"},{"@type":"ListItem","position":3,"name":"DS-KAB673-EDB Peripheral Module"}]},{"@type":"WebSite","@id":"https:\/\/safetysource-eg.com\/en\/#website","url":"https:\/\/safetysource-eg.com\/en\/","name":"\u0633\u064a\u0641\u062a\u0649 \u0633\u0648\u0631\u0633","description":"\u0623\u0646\u0638\u0645\u0629 \u0623\u0645\u0627\u0646 \u0630\u0643\u064a\u0629","potentialAction":[{"@type":"SearchAction","target":{"@type":"EntryPoint","urlTemplate":"https:\/\/safetysource-eg.com\/en\/?s={search_term_string}"},"query-input":{"@type":"PropertyValueSpecification","valueRequired":true,"valueName":"search_term_string"}}],"inLanguage":"en-US"}]}},"_links":{"self":[{"href":"https:\/\/safetysource-eg.com\/en\/wp-json\/wp\/v2\/product\/19578","targetHints":{"allow":["GET"]}}],"collection":[{"href":"https:\/\/safetysource-eg.com\/en\/wp-json\/wp\/v2\/product"}],"about":[{"href":"https:\/\/safetysource-eg.com\/en\/wp-json\/wp\/v2\/types\/product"}],"wp:featuredmedia":[{"embeddable":true,"href":"https:\/\/safetysource-eg.com\/en\/wp-json\/wp\/v2\/media\/19582"}],"wp:attachment":[{"href":"https:\/\/safetysource-eg.com\/en\/wp-json\/wp\/v2\/media?parent=19578"}],"wp:term":[{"taxonomy":"product_brand","embeddable":true,"href":"https:\/\/safetysource-eg.com\/en\/wp-json\/wp\/v2\/product_brand?post=19578"},{"taxonomy":"product_cat","embeddable":true,"href":"https:\/\/safetysource-eg.com\/en\/wp-json\/wp\/v2\/product_cat?post=19578"},{"taxonomy":"product_tag","embeddable":true,"href":"https:\/\/safetysource-eg.com\/en\/wp-json\/wp\/v2\/product_tag?post=19578"}],"curies":[{"name":"wp","href":"https:\/\/api.w.org\/{rel}","templated":true}]}}