{"id":19605,"date":"2025-10-08T12:41:38","date_gmt":"2025-10-08T12:41:38","guid":{"rendered":"https:\/\/safetysource-eg.com\/?post_type=product&#038;p=19605"},"modified":"2025-10-08T12:41:39","modified_gmt":"2025-10-08T12:41:39","slug":"ds-tpe304-s-entrance-exit-control-terminal-with-pms","status":"publish","type":"product","link":"https:\/\/safetysource-eg.com\/en\/product\/ds-tpe304-s-entrance-exit-control-terminal-with-pms\/","title":{"rendered":"DS-TPE304-S Entrance &#038; Exit Control Terminal with PMS"},"content":{"rendered":"<h2><em><span class=\"tech-specs-items-description__title--heading\">Terminal<\/span><\/em><\/h2>\n<ul class=\"tech-specs-items-description\" data-target=\"Terminal\">\n<li class=\"tech-specs-items-description-list\"><span class=\"tech-specs-items-description__title\">CPU<\/span><span class=\"tech-specs-items-description__title-details\">J6412, Elkhart Lake Platform Processor, 2 GHz<\/span><\/li>\n<li class=\"tech-specs-items-description-list\"><span class=\"tech-specs-items-description__title\">Memory<\/span><span class=\"tech-specs-items-description__title-details\">4 GB<\/span><\/li>\n<li class=\"tech-specs-items-description-list\"><span class=\"tech-specs-items-description__title\">Storage<\/span><span class=\"tech-specs-items-description__title-details\">3.5&#8243; 4T Surveillance-Level HDD+ 128GB SSD<\/span><\/li>\n<\/ul>\n<h2><em><strong><span class=\"tech-specs-items-description__title--heading\">Interface<\/span><\/strong><\/em><\/h2>\n<ul class=\"tech-specs-items-description\" data-target=\"Interface\">\n<li class=\"tech-specs-items-description-list\"><span class=\"tech-specs-items-description__title\">Indicator<\/span><span class=\"tech-specs-items-description__title-details\">4 Indicators (1 x System Indicator, 1 x Hard Disk Status Indicator, 1 x Power Indicator, 1 x Alarm Indicator)<\/span><\/li>\n<li class=\"tech-specs-items-description-list\"><span class=\"tech-specs-items-description__title\">Audio<\/span><span class=\"tech-specs-items-description__title-details\">1 x Audio Input (MIC IN)\uff1b 1 x Audio Output (AUDIO OUT)<\/span><\/li>\n<li class=\"tech-specs-items-description-list\"><span class=\"tech-specs-items-description__title\">Video Output<\/span><span class=\"tech-specs-items-description__title-details\">1 x HDMI, 1 x VGA<\/span><\/li>\n<li class=\"tech-specs-items-description-list\"><span class=\"tech-specs-items-description__title\">Alarm Input<\/span><span class=\"tech-specs-items-description__title-details\">2 x Alarm Input (ALARM IN)<\/span><\/li>\n<li class=\"tech-specs-items-description-list\"><span class=\"tech-specs-items-description__title\">Alarm Output<\/span><span class=\"tech-specs-items-description__title-details\">2 x Alarm Output (ALARM OUT)<\/span><\/li>\n<li class=\"tech-specs-items-description-list\"><span class=\"tech-specs-items-description__title\">RS-232<\/span><span class=\"tech-specs-items-description__title-details\">2 x RS-232 Interface<\/span><\/li>\n<li class=\"tech-specs-items-description-list\"><span class=\"tech-specs-items-description__title\">RS-485<\/span><span class=\"tech-specs-items-description__title-details\">1 x RS-485 Interface<\/span><\/li>\n<li class=\"tech-specs-items-description-list\"><span class=\"tech-specs-items-description__title\">USB<\/span><span class=\"tech-specs-items-description__title-details\">2 x USB 2.0 Interface, 2 x USB 3.0 Interface<\/span><\/li>\n<li class=\"tech-specs-items-description-list\"><span class=\"tech-specs-items-description__title\">Network Interface<\/span><span class=\"tech-specs-items-description__title-details\">8 x 10 Mpbs\/100 Mpbs Self-Adaptive Interface, supporting connecting with switch; 1 x Independent 100 Mpbs\/1000 Mpbs Self-Adaptive Interface, supporting network isolation<\/span><\/li>\n<\/ul>\n<h2><em><strong><span class=\"tech-specs-items-description__title--heading\">General<\/span><\/strong><\/em><\/h2>\n<ul class=\"tech-specs-items-description\" data-target=\"General\">\n<li class=\"tech-specs-items-description-list\"><span class=\"tech-specs-items-description__title\">Material<\/span><span class=\"tech-specs-items-description__title-details\">Black Aluminum Material<\/span><\/li>\n<li class=\"tech-specs-items-description-list\"><span class=\"tech-specs-items-description__title\">Power Supply<\/span><span class=\"tech-specs-items-description__title-details\">12V DC \/5A<\/span><\/li>\n<li class=\"tech-specs-items-description-list\"><span class=\"tech-specs-items-description__title\">Power Consumption<\/span><span class=\"tech-specs-items-description__title-details\">Max.: 50 W Average: 25 W<\/span><\/li>\n<li class=\"tech-specs-items-description-list\"><span class=\"tech-specs-items-description__title\">Working Temperature and Humidity<\/span><span class=\"tech-specs-items-description__title-details\">-10 \u00b0C to 50 \u00b0C (14 \u00b0F to 122 \u00b0F); 10 % to 95% (No Condensation)<\/span><\/li>\n<li class=\"tech-specs-items-description-list\"><span class=\"tech-specs-items-description__title\">Storage Temperature and Humidity<\/span><span class=\"tech-specs-items-description__title-details\">-20 \u00b0C to 70 \u00b0C (-4 \u00b0F to 158 \u00b0F); 10 % to 95% (No Condensation)<\/span><\/li>\n<li class=\"tech-specs-items-description-list\"><span class=\"tech-specs-items-description__title\">Dimensions<\/span><span class=\"tech-specs-items-description__title-details\">245 \u00d7 170 \u00d7 65 mm (9.65 \u00d7 6.69 \u00d7 2.56 inch)<\/span><\/li>\n<li class=\"tech-specs-items-description-list\"><span class=\"tech-specs-items-description__title\">Dimensions (with Package)<\/span><span class=\"tech-specs-items-description__title-details\">450 \u00d7 240 \u00d7 105 mm (17.7 \u00d7 9.45 \u00d7 4.1 inch)<\/span><\/li>\n<li class=\"tech-specs-items-description-list\"><span class=\"tech-specs-items-description__title-details\">2 kg (4.4 lb.)<\/span><\/li>\n<li class=\"tech-specs-items-description-list\"><span class=\"tech-specs-items-description__title\">Weight (with Package)<\/span><span class=\"tech-specs-items-description__title-details\">2.5 kg (5.5 lb.)<\/span><\/li>\n<\/ul>\n<div>\n<div><\/div>\n<div><\/div>\n<div>\n<p><button class=\"btn\"><a href=\"https:\/\/assets.hikvision.com\/prd\/normal\/all\/doc\/m000153188\/DS-TPE304-S_Datasheet_20240808.pdf?key=c80cd3b66c42cef9d65cd79e68d86d23&amp;time=1759926783098\" target=\"_blank\" rel=\"noopener\">Download data sheet<\/a><\/button><\/p>\n<\/div>\n<p>&nbsp;<\/p>\n<p>&nbsp;<\/p>\n<div><\/div>\n<div><\/div>\n<div>\n<p><button class=\"btn\"><a href=\"https:\/\/pinfo.hikvision.com\/hkwsen\/unzip\/20250729113735_80099_doc\/UD43663B_Baseline_Parking%20Management%20System%20Software_User%20Manual_V5.4.0_20250729.pdf\" target=\"_blank\" rel=\"noopener\">User manual<\/a><\/button><\/p>\n<\/div>\n<\/div>\n<div>\n<p>&nbsp;<\/p>\n<\/div>\n","protected":false},"excerpt":{"rendered":"<ul class=\"product_description_item-list\">\n<li class=\"product_description_item\">Cascade management: One can manage up to 4 lanes, and up to 5 devices can be cascaded<\/li>\n<li class=\"product_description_item\">Strong adaptability: fully closed structure, no fan heat dissipation design, can be used at -10~50\u00b0 working temperature<\/li>\n<li class=\"product_description_item\">Multi network interface design: 8 network interfaces on the internal network support the access of a large number of network devices and saving switch costs; 2 gigabit network port on the external network support network fault tolerance and dual network IP setting, dual network isolation and other applications<\/li>\n<li class=\"product_description_item\">Remote access: Supports Internet remote access to devices, remote troubleshooting, remote log download, and remote device upgrade<\/li>\n<li class=\"product_description_item\">Local display control: Support VGA\/HDMI display, standard mouse and keyboard input control, plug and play, convenient and fast<\/li>\n<li class=\"product_description_item\">Standard SDK interface: The standard SDK protocol supports interconnecting with cloud platforms and has strong external scalability<\/li>\n<li class=\"product_description_item\">Huge pictures storage: 4T 3.5&#8243; HDD and 128GB SSD<\/li>\n<li class=\"product_description_item\">Multi other interface: 2 RS-232, 1 RS-485, 2 alarm in, 2 alarm out, 4 USB, 1 audio in, 1 audio out<\/li>\n<li class=\"product_description_item\">Built-in Parking Management System software<\/li>\n<\/ul>\n","protected":false},"featured_media":19608,"template":"","meta":{"_acf_changed":false},"product_brand":[],"product_cat":[347,346],"product_tag":[],"class_list":{"0":"post-19605","1":"product","2":"type-product","3":"status-publish","4":"has-post-thumbnail","6":"product_cat-parking-management-vehicle-access-control-management","7":"product_cat-vehicle-access-control-management","9":"first","10":"instock","11":"shipping-taxable","12":"product-type-simple"},"acf":[],"yoast_head":"<!-- This site is optimized with the Yoast SEO plugin v27.3 - https:\/\/yoast.com\/product\/yoast-seo-wordpress\/ -->\n<title>DS-TPE304-S Entrance &amp; Exit Control Terminal with PMS - \u0633\u064a\u0641\u062a\u0649 \u0633\u0648\u0631\u0633<\/title>\n<meta name=\"description\" content=\"Cascade management: One can manage up to 4 lanes, and up to 5 devices can be cascaded Strong adaptability: fully closed structure, no fan heat dissipation\" \/>\n<meta name=\"robots\" content=\"index, follow, max-snippet:-1, max-image-preview:large, max-video-preview:-1\" \/>\n<link rel=\"canonical\" href=\"https:\/\/safetysource-eg.com\/en\/product\/ds-tpe304-s-entrance-exit-control-terminal-with-pms\/\" \/>\n<meta property=\"og:locale\" content=\"en_US\" \/>\n<meta property=\"og:type\" content=\"article\" \/>\n<meta property=\"og:title\" content=\"DS-TPE304-S Entrance &amp; Exit Control Terminal with PMS - \u0633\u064a\u0641\u062a\u0649 \u0633\u0648\u0631\u0633\" \/>\n<meta property=\"og:description\" content=\"Cascade management: One can manage up to 4 lanes, and up to 5 devices can be cascaded Strong adaptability: fully closed structure, no fan heat dissipation\" \/>\n<meta property=\"og:url\" content=\"https:\/\/safetysource-eg.com\/en\/product\/ds-tpe304-s-entrance-exit-control-terminal-with-pms\/\" \/>\n<meta property=\"og:site_name\" content=\"\u0633\u064a\u0641\u062a\u0649 \u0633\u0648\u0631\u0633\" \/>\n<meta property=\"article:modified_time\" content=\"2025-10-08T12:41:39+00:00\" \/>\n<meta property=\"og:image\" content=\"https:\/\/safetysource-eg.com\/wp-content\/uploads\/2025\/10\/new-4-1.webp\" \/>\n\t<meta property=\"og:image:width\" content=\"1000\" \/>\n\t<meta property=\"og:image:height\" content=\"1000\" \/>\n\t<meta property=\"og:image:type\" content=\"image\/webp\" \/>\n<meta name=\"twitter:card\" content=\"summary_large_image\" \/>\n<meta name=\"twitter:label1\" content=\"Est. reading time\" \/>\n\t<meta name=\"twitter:data1\" content=\"2 minutes\" \/>\n<script type=\"application\/ld+json\" class=\"yoast-schema-graph\">{\"@context\":\"https:\\\/\\\/schema.org\",\"@graph\":[{\"@type\":\"WebPage\",\"@id\":\"https:\\\/\\\/safetysource-eg.com\\\/en\\\/product\\\/ds-tpe304-s-entrance-exit-control-terminal-with-pms\\\/\",\"url\":\"https:\\\/\\\/safetysource-eg.com\\\/en\\\/product\\\/ds-tpe304-s-entrance-exit-control-terminal-with-pms\\\/\",\"name\":\"DS-TPE304-S Entrance & Exit Control Terminal with PMS - \u0633\u064a\u0641\u062a\u0649 \u0633\u0648\u0631\u0633\",\"isPartOf\":{\"@id\":\"https:\\\/\\\/safetysource-eg.com\\\/en\\\/#website\"},\"primaryImageOfPage\":{\"@id\":\"https:\\\/\\\/safetysource-eg.com\\\/en\\\/product\\\/ds-tpe304-s-entrance-exit-control-terminal-with-pms\\\/#primaryimage\"},\"image\":{\"@id\":\"https:\\\/\\\/safetysource-eg.com\\\/en\\\/product\\\/ds-tpe304-s-entrance-exit-control-terminal-with-pms\\\/#primaryimage\"},\"thumbnailUrl\":\"https:\\\/\\\/safetysource-eg.com\\\/wp-content\\\/uploads\\\/2025\\\/10\\\/new-4.webp\",\"datePublished\":\"2025-10-08T12:41:38+00:00\",\"dateModified\":\"2025-10-08T12:41:39+00:00\",\"description\":\"Cascade management: One can manage up to 4 lanes, and up to 5 devices can be cascaded Strong adaptability: fully closed structure, no fan heat dissipation\",\"breadcrumb\":{\"@id\":\"https:\\\/\\\/safetysource-eg.com\\\/en\\\/product\\\/ds-tpe304-s-entrance-exit-control-terminal-with-pms\\\/#breadcrumb\"},\"inLanguage\":\"en-US\",\"potentialAction\":[{\"@type\":\"ReadAction\",\"target\":[\"https:\\\/\\\/safetysource-eg.com\\\/en\\\/product\\\/ds-tpe304-s-entrance-exit-control-terminal-with-pms\\\/\"]}]},{\"@type\":\"ImageObject\",\"inLanguage\":\"en-US\",\"@id\":\"https:\\\/\\\/safetysource-eg.com\\\/en\\\/product\\\/ds-tpe304-s-entrance-exit-control-terminal-with-pms\\\/#primaryimage\",\"url\":\"https:\\\/\\\/safetysource-eg.com\\\/wp-content\\\/uploads\\\/2025\\\/10\\\/new-4.webp\",\"contentUrl\":\"https:\\\/\\\/safetysource-eg.com\\\/wp-content\\\/uploads\\\/2025\\\/10\\\/new-4.webp\",\"width\":1000,\"height\":1000},{\"@type\":\"BreadcrumbList\",\"@id\":\"https:\\\/\\\/safetysource-eg.com\\\/en\\\/product\\\/ds-tpe304-s-entrance-exit-control-terminal-with-pms\\\/#breadcrumb\",\"itemListElement\":[{\"@type\":\"ListItem\",\"position\":1,\"name\":\"Home\",\"item\":\"https:\\\/\\\/safetysource-eg.com\\\/en\\\/\"},{\"@type\":\"ListItem\",\"position\":2,\"name\":\"Products\",\"item\":\"https:\\\/\\\/safetysource-eg.com\\\/en\\\/products\\\/\"},{\"@type\":\"ListItem\",\"position\":3,\"name\":\"DS-TPE304-S Entrance &#038; Exit Control Terminal with PMS\"}]},{\"@type\":\"WebSite\",\"@id\":\"https:\\\/\\\/safetysource-eg.com\\\/en\\\/#website\",\"url\":\"https:\\\/\\\/safetysource-eg.com\\\/en\\\/\",\"name\":\"\u0633\u064a\u0641\u062a\u0649 \u0633\u0648\u0631\u0633\",\"description\":\"\u0623\u0646\u0638\u0645\u0629 \u0623\u0645\u0627\u0646 \u0630\u0643\u064a\u0629\",\"potentialAction\":[{\"@type\":\"SearchAction\",\"target\":{\"@type\":\"EntryPoint\",\"urlTemplate\":\"https:\\\/\\\/safetysource-eg.com\\\/en\\\/?s={search_term_string}\"},\"query-input\":{\"@type\":\"PropertyValueSpecification\",\"valueRequired\":true,\"valueName\":\"search_term_string\"}}],\"inLanguage\":\"en-US\"}]}<\/script>\n<!-- \/ Yoast SEO plugin. -->","yoast_head_json":{"title":"DS-TPE304-S Entrance & Exit Control Terminal with PMS - \u0633\u064a\u0641\u062a\u0649 \u0633\u0648\u0631\u0633","description":"Cascade management: One can manage up to 4 lanes, and up to 5 devices can be cascaded Strong adaptability: fully closed structure, no fan heat dissipation","robots":{"index":"index","follow":"follow","max-snippet":"max-snippet:-1","max-image-preview":"max-image-preview:large","max-video-preview":"max-video-preview:-1"},"canonical":"https:\/\/safetysource-eg.com\/en\/product\/ds-tpe304-s-entrance-exit-control-terminal-with-pms\/","og_locale":"en_US","og_type":"article","og_title":"DS-TPE304-S Entrance & Exit Control Terminal with PMS - \u0633\u064a\u0641\u062a\u0649 \u0633\u0648\u0631\u0633","og_description":"Cascade management: One can manage up to 4 lanes, and up to 5 devices can be cascaded Strong adaptability: fully closed structure, no fan heat dissipation","og_url":"https:\/\/safetysource-eg.com\/en\/product\/ds-tpe304-s-entrance-exit-control-terminal-with-pms\/","og_site_name":"\u0633\u064a\u0641\u062a\u0649 \u0633\u0648\u0631\u0633","article_modified_time":"2025-10-08T12:41:39+00:00","og_image":[{"width":1000,"height":1000,"url":"https:\/\/safetysource-eg.com\/wp-content\/uploads\/2025\/10\/new-4-1.webp","type":"image\/webp"}],"twitter_card":"summary_large_image","twitter_misc":{"Est. reading time":"2 minutes"},"schema":{"@context":"https:\/\/schema.org","@graph":[{"@type":"WebPage","@id":"https:\/\/safetysource-eg.com\/en\/product\/ds-tpe304-s-entrance-exit-control-terminal-with-pms\/","url":"https:\/\/safetysource-eg.com\/en\/product\/ds-tpe304-s-entrance-exit-control-terminal-with-pms\/","name":"DS-TPE304-S Entrance & Exit Control Terminal with PMS - \u0633\u064a\u0641\u062a\u0649 \u0633\u0648\u0631\u0633","isPartOf":{"@id":"https:\/\/safetysource-eg.com\/en\/#website"},"primaryImageOfPage":{"@id":"https:\/\/safetysource-eg.com\/en\/product\/ds-tpe304-s-entrance-exit-control-terminal-with-pms\/#primaryimage"},"image":{"@id":"https:\/\/safetysource-eg.com\/en\/product\/ds-tpe304-s-entrance-exit-control-terminal-with-pms\/#primaryimage"},"thumbnailUrl":"https:\/\/safetysource-eg.com\/wp-content\/uploads\/2025\/10\/new-4.webp","datePublished":"2025-10-08T12:41:38+00:00","dateModified":"2025-10-08T12:41:39+00:00","description":"Cascade management: One can manage up to 4 lanes, and up to 5 devices can be cascaded Strong adaptability: fully closed structure, no fan heat dissipation","breadcrumb":{"@id":"https:\/\/safetysource-eg.com\/en\/product\/ds-tpe304-s-entrance-exit-control-terminal-with-pms\/#breadcrumb"},"inLanguage":"en-US","potentialAction":[{"@type":"ReadAction","target":["https:\/\/safetysource-eg.com\/en\/product\/ds-tpe304-s-entrance-exit-control-terminal-with-pms\/"]}]},{"@type":"ImageObject","inLanguage":"en-US","@id":"https:\/\/safetysource-eg.com\/en\/product\/ds-tpe304-s-entrance-exit-control-terminal-with-pms\/#primaryimage","url":"https:\/\/safetysource-eg.com\/wp-content\/uploads\/2025\/10\/new-4.webp","contentUrl":"https:\/\/safetysource-eg.com\/wp-content\/uploads\/2025\/10\/new-4.webp","width":1000,"height":1000},{"@type":"BreadcrumbList","@id":"https:\/\/safetysource-eg.com\/en\/product\/ds-tpe304-s-entrance-exit-control-terminal-with-pms\/#breadcrumb","itemListElement":[{"@type":"ListItem","position":1,"name":"Home","item":"https:\/\/safetysource-eg.com\/en\/"},{"@type":"ListItem","position":2,"name":"Products","item":"https:\/\/safetysource-eg.com\/en\/products\/"},{"@type":"ListItem","position":3,"name":"DS-TPE304-S Entrance &#038; Exit Control Terminal with PMS"}]},{"@type":"WebSite","@id":"https:\/\/safetysource-eg.com\/en\/#website","url":"https:\/\/safetysource-eg.com\/en\/","name":"\u0633\u064a\u0641\u062a\u0649 \u0633\u0648\u0631\u0633","description":"\u0623\u0646\u0638\u0645\u0629 \u0623\u0645\u0627\u0646 \u0630\u0643\u064a\u0629","potentialAction":[{"@type":"SearchAction","target":{"@type":"EntryPoint","urlTemplate":"https:\/\/safetysource-eg.com\/en\/?s={search_term_string}"},"query-input":{"@type":"PropertyValueSpecification","valueRequired":true,"valueName":"search_term_string"}}],"inLanguage":"en-US"}]}},"_links":{"self":[{"href":"https:\/\/safetysource-eg.com\/en\/wp-json\/wp\/v2\/product\/19605","targetHints":{"allow":["GET"]}}],"collection":[{"href":"https:\/\/safetysource-eg.com\/en\/wp-json\/wp\/v2\/product"}],"about":[{"href":"https:\/\/safetysource-eg.com\/en\/wp-json\/wp\/v2\/types\/product"}],"wp:featuredmedia":[{"embeddable":true,"href":"https:\/\/safetysource-eg.com\/en\/wp-json\/wp\/v2\/media\/19608"}],"wp:attachment":[{"href":"https:\/\/safetysource-eg.com\/en\/wp-json\/wp\/v2\/media?parent=19605"}],"wp:term":[{"taxonomy":"product_brand","embeddable":true,"href":"https:\/\/safetysource-eg.com\/en\/wp-json\/wp\/v2\/product_brand?post=19605"},{"taxonomy":"product_cat","embeddable":true,"href":"https:\/\/safetysource-eg.com\/en\/wp-json\/wp\/v2\/product_cat?post=19605"},{"taxonomy":"product_tag","embeddable":true,"href":"https:\/\/safetysource-eg.com\/en\/wp-json\/wp\/v2\/product_tag?post=19605"}],"curies":[{"name":"wp","href":"https:\/\/api.w.org\/{rel}","templated":true}]}}