{"id":19614,"date":"2025-10-08T13:09:37","date_gmt":"2025-10-08T13:09:37","guid":{"rendered":"https:\/\/safetysource-eg.com\/?post_type=product&#038;p=19614"},"modified":"2025-10-13T20:32:37","modified_gmt":"2025-10-13T20:32:37","slug":"ds-k3b211lx-value-swing-barriers","status":"publish","type":"product","link":"https:\/\/safetysource-eg.com\/en\/product\/ds-k3b211lx-value-swing-barriers\/","title":{"rendered":"DS-K3B211LX Value Swing Barriers"},"content":{"rendered":"<h2><span class=\"tech-specs-items-description__title--heading\">System<\/span><\/h2>\n<ul class=\"tech-specs-items-description\" data-target=\"System\">\n<li class=\"tech-specs-items-description-list\"><span class=\"tech-specs-items-description__title\">Motor <\/span><span class=\"tech-specs-items-description__title-details\">Brushless motor<\/span><\/li>\n<li class=\"tech-specs-items-description-list\"><span class=\"tech-specs-items-description__title\">MCBF<\/span><span class=\"tech-specs-items-description__title-details\">\u2265 3 million times<\/span><\/li>\n<li class=\"tech-specs-items-description-list\"><span class=\"tech-specs-items-description__title\">IR light detectors<\/span><span class=\"tech-specs-items-description__title-details\">4 pairs<\/span><\/li>\n<\/ul>\n<h2><em><span class=\"tech-specs-items-description__title--heading\">Interface<\/span><\/em><\/h2>\n<ul class=\"tech-specs-items-description\" data-target=\"Interface\">\n<li class=\"tech-specs-items-description-list\"><span class=\"tech-specs-items-description__title\">Network interface <\/span><span class=\"tech-specs-items-description__title-details\">NA<\/span><\/li>\n<li class=\"tech-specs-items-description-list\"><span class=\"tech-specs-items-description__title\">Lock control <\/span><span class=\"tech-specs-items-description__title-details\">NA<\/span><\/li>\n<li class=\"tech-specs-items-description-list\"><span class=\"tech-specs-items-description__title\">Exit button<\/span>\n<p class=\"mb-p\">Main: 2<\/p>\n<p class=\"mb-p\">Sub: 2<\/p>\n<\/li>\n<li class=\"tech-specs-items-description-list\"><span class=\"tech-specs-items-description__title\">Alarm output <\/span><span class=\"tech-specs-items-description__title-details\">NA<\/span><\/li>\n<li class=\"tech-specs-items-description-list\"><span class=\"tech-specs-items-description__title\">RS-485<\/span><span class=\"tech-specs-items-description__title-details\">NA<\/span><\/li>\n<li class=\"tech-specs-items-description-list\"><span class=\"tech-specs-items-description__title\">RS-232<\/span><span class=\"tech-specs-items-description__title-details\">NA<\/span><\/li>\n<li class=\"tech-specs-items-description-list\"><span class=\"tech-specs-items-description__title\">Fire alarm input<\/span><span class=\"tech-specs-items-description__title-details\">1<\/span><\/li>\n<\/ul>\n<h2><em><span class=\"tech-specs-items-description__title--heading\">Hardware<\/span><\/em><\/h2>\n<ul class=\"tech-specs-items-description\" data-target=\"Hardware\">\n<li class=\"tech-specs-items-description-list\"><span class=\"tech-specs-items-description__title\">Access controller: <\/span><span class=\"tech-specs-items-description__title-details\">Not supplied<\/span><\/li>\n<\/ul>\n<h2><em><span class=\"tech-specs-items-description__title--heading\">Capacity<\/span><\/em><\/h2>\n<ul class=\"tech-specs-items-description\" data-target=\"Capacity\">\n<li class=\"tech-specs-items-description-list\"><span class=\"tech-specs-items-description__title\">Card capacity<\/span><span class=\"tech-specs-items-description__title-details\">NA<\/span><\/li>\n<li class=\"tech-specs-items-description-list\"><span class=\"tech-specs-items-description__title\">Event capacity<\/span><span class=\"tech-specs-items-description__title-details\">NA<\/span><\/li>\n<\/ul>\n<h2><em><strong><span class=\"tech-specs-items-description__title--heading\">General<\/span><\/strong><\/em><\/h2>\n<ul class=\"tech-specs-items-description\" data-target=\"General\">\n<li class=\"tech-specs-items-description-list\"><span class=\"tech-specs-items-description__title\">Throughput<\/span>\n<p class=\"mb-p\">20 to 60 persons per minute<\/p>\n<p class=\"mb-p\">The actual throughput is affected by the person passing rate and passing method.<\/p>\n<\/li>\n<li class=\"tech-specs-items-description-list\"><span class=\"tech-specs-items-description__title\">Lane width<\/span><span class=\"tech-specs-items-description__title-details\">550 mm to 900 mm (21.65&#8243; to 35.4&#8243;)<\/span><\/li>\n<li class=\"tech-specs-items-description-list\"><span class=\"tech-specs-items-description__title\">Barrier material<\/span><span class=\"tech-specs-items-description__title-details\">8 mm acrylic glass<\/span><\/li>\n<li class=\"tech-specs-items-description-list\"><span class=\"tech-specs-items-description__title\">Pedestal material<\/span><span class=\"tech-specs-items-description__title-details\">SUS304 stainless steel<\/span><\/li>\n<li class=\"tech-specs-items-description-list\"><span class=\"tech-specs-items-description__title\">Power consumption<\/span>\n<p class=\"mb-p\">Standby: 30 W<\/p>\n<p class=\"mb-p\">Working: 80 W<\/p>\n<p class=\"mb-p\">Peak: 120 W<\/p>\n<\/li>\n<li class=\"tech-specs-items-description-list\"><span class=\"tech-specs-items-description__title\">Working temperature<\/span><span class=\"tech-specs-items-description__title-details\">-20 \u00b0C to 65 \u00b0C (-4 \u00b0F to 149 \u00b0F)<\/span><\/li>\n<li class=\"tech-specs-items-description-list\"><span class=\"tech-specs-items-description__title\">Working humidity<\/span><span class=\"tech-specs-items-description__title-details\">10% to 95% (No condensing)<\/span><\/li>\n<li class=\"tech-specs-items-description-list\"><span class=\"tech-specs-items-description__title\">Dimensions<\/span>\n<p class=\"mb-p\">Without package: 1200 mm \u00d7 218 mm \u00d7 1023 mm (47.2&#8243; \u00d7 8.6\\&#8221; \u00d7 40.3\\&#8221;)<\/p>\n<p class=\"mb-p\">With package: 1300 mm \u00d7 320 mm \u00d7 1080 mm (51.2 \u00d7 12.6\\&#8221; \u00d7 42.5\\&#8221;)&#8221;<\/p>\n<\/li>\n<li class=\"tech-specs-items-description-list\">\n<p class=\"mb-p\">Net:<\/p>\n<p class=\"mb-p\">Left: 33 kg (72.8 lb)<\/p>\n<p class=\"mb-p\">Middle: 43 kg (94.8 lb)<\/p>\n<p class=\"mb-p\">Right: 36 kg(79.4 lb)<\/p>\n<p class=\"mb-p\">Gross:<\/p>\n<p class=\"mb-p\">Left: 56 kg (123.5 lb)<\/p>\n<p class=\"mb-p\">Middle: 64 kg (141.1 lb)<\/p>\n<p class=\"mb-p\">Right: 60 kg (132.3 lb)<\/p>\n<\/li>\n<li class=\"tech-specs-items-description-list\"><span class=\"tech-specs-items-description__title\">Power supply method<\/span><span class=\"tech-specs-items-description__title-details\">100 to 240 VAC, 50 to 60 Hz<\/span><\/li>\n<\/ul>\n<h2><em><span class=\"tech-specs-items-description__title--heading\">Configuration<\/span><\/em><\/h2>\n<ul class=\"tech-specs-items-description\" data-target=\"Configuration\">\n<li class=\"tech-specs-items-description-list\"><span class=\"tech-specs-items-description__title\">Lane width<\/span><span class=\"tech-specs-items-description__title-details\">650;750;900<\/span><\/li>\n<li class=\"tech-specs-items-description-list\"><span class=\"tech-specs-items-description__title\">Pedestal length<\/span><span class=\"tech-specs-items-description__title-details\">1200 mm<\/span><\/li>\n<li class=\"tech-specs-items-description-list\"><span class=\"tech-specs-items-description__title\">Module selection YES<\/span><\/li>\n<li class=\"tech-specs-items-description-list\"><span class=\"tech-specs-items-description__title\">Pedestal width<\/span><span class=\"tech-specs-items-description__title-details\">170 mm<\/span><\/li>\n<li class=\"tech-specs-items-description-list\"><span class=\"tech-specs-items-description__title\">Wall distance<\/span><span class=\"tech-specs-items-description__title-details\">20 mm<\/span><\/li>\n<li class=\"tech-specs-items-description-list\"><span class=\"tech-specs-items-description__title\">Base <\/span><span class=\"tech-specs-items-description__title-details\">NO<\/span><\/li>\n<li class=\"tech-specs-items-description-list\"><span class=\"tech-specs-items-description__title\">Barrier material: Acrylic<\/span><span class=\"tech-specs-items-description__title-details\">\u00a0glass; Stainless steel pipe<\/span><\/li>\n<li class=\"tech-specs-items-description-list\"><span class=\"tech-specs-items-description__title\">Application environment Indoor<\/span><span class=\"tech-specs-items-description__title-details\">\u00a0and outdoor<\/span><\/li>\n<li class=\"tech-specs-items-description-list\"><span class=\"tech-specs-items-description__title\">Authentication mode<\/span><span class=\"tech-specs-items-description__title-details\">\u4f9d\u578b\u53f7<\/span><\/li>\n<li class=\"tech-specs-items-description-list\"><span class=\"tech-specs-items-description__title\">Recommended width<\/span><span class=\"tech-specs-items-description__title-details\">650 mm<\/span><\/li>\n<li class=\"tech-specs-items-description-list\"><span class=\"tech-specs-items-description__title\">Product type Swing<\/span><span class=\"tech-specs-items-description__title-details\">\u00a0barrier<\/span><\/li>\n<li class=\"tech-specs-items-description-list\"><span class=\"tech-specs-items-description__title\">Remote controller type<\/span><span class=\"tech-specs-items-description__title-details\">NA<\/span><\/li>\n<li class=\"tech-specs-items-description-list\"><span class=\"tech-specs-items-description__title\">Movement Protrusion Width<\/span><span class=\"tech-specs-items-description__title-details\">0<\/span><\/li>\n<li class=\"tech-specs-items-description-list\"><span class=\"tech-specs-items-description__title\">Convert Face: <\/span><span class=\"tech-specs-items-description__title-details\">NO<\/span><\/li>\n<li class=\"tech-specs-items-description-list\"><span class=\"tech-specs-items-description__title\">Door Height <\/span><span class=\"tech-specs-items-description__title-details\">Default (0.79m)<\/span><\/li>\n<li class=\"tech-specs-items-description-list\"><span class=\"tech-specs-items-description__title\">Door wing gap<\/span><span class=\"tech-specs-items-description__title-details\">Default:44mm;950mm:70mm<\/span><\/li>\n<\/ul>\n<div>\n<div><\/div>\n<div><\/div>\n<div>\n<p><button class=\"btn\"><a href=\"https:\/\/assets.hikvision.com\/prd\/public\/all\/doc\/m000163627\/DS-K3B211LX_Datasheet_20241225.pdf?key=4a9336e94b23534fd0346456914599b8&amp;time=1760387049915\" target=\"_blank\" rel=\"noopener\">Download data sheet<\/a><\/button><\/p>\n<\/div>\n<p>&nbsp;<\/p>\n<div><\/div>\n<div><\/div>\n<div>\n<p><button class=\"btn\"><a href=\"https:\/\/pinfo.hikvision.com\/hkwsen\/unzip\/20250701200633_96608_doc\/UD41036B-A_Baseline_DS-K3B211LX%20Series%20Swing%20Barrier_QSG_V1.0_20250115.pdf\" target=\"_blank\" rel=\"noopener\">Quick Start Guide<\/a><\/button><\/p>\n<\/div>\n<p>&nbsp;<\/p>\n<div><\/div>\n<div><\/div>\n<div>\n<p><button class=\"btn\"><a href=\"https:\/\/pinfo.hikvision.com\/hkwsen\/unzip\/20250701201203_60477_doc\/\" target=\"_blank\" rel=\"noopener\">User manual<\/a><\/button><\/p>\n<\/div>\n<\/div>\n<div>\n<p>&nbsp;<\/p>\n<\/div>\n","protected":false},"excerpt":{"rendered":"<ul class=\"product_description_item-list\">\n<li class=\"product_description_item\">4 pairs of IR light detectors: Permissions validation and anti-tailgating.<\/li>\n<li class=\"product_description_item\">LED light indicates passing direction.<\/li>\n<li class=\"product_description_item\">System will cancel the passing permission if a person does not pass through the lane within the valid passing duration.<\/li>\n<li class=\"product_description_item\">Door remaining open when fire alarm triggered: The door wings will be free status.<\/li>\n<li class=\"product_description_item\">LX version means without built-in access control board and card readers (optional).<\/li>\n<\/ul>\n","protected":false},"featured_media":19615,"template":"","meta":{"_acf_changed":false},"product_brand":[],"product_cat":[339,324],"product_tag":[],"class_list":{"0":"post-19614","1":"product","2":"type-product","3":"status-publish","4":"has-post-thumbnail","6":"product_cat-barrier-gates-en","7":"product_cat-speed-gates-en","9":"first","10":"instock","11":"shipping-taxable","12":"product-type-simple"},"acf":[],"yoast_head":"<!-- This site is optimized with the Yoast SEO plugin v27.3 - https:\/\/yoast.com\/product\/yoast-seo-wordpress\/ -->\n<title>DS-K3B211LX Value Swing Barriers - \u0633\u064a\u0641\u062a\u0649 \u0633\u0648\u0631\u0633<\/title>\n<meta name=\"description\" content=\"4 pairs of IR light detectors: Permissions validation and anti-tailgating.LED light indicates passing direction.Door remainin open when fire alarm triggered\" \/>\n<meta name=\"robots\" content=\"index, follow, max-snippet:-1, max-image-preview:large, max-video-preview:-1\" \/>\n<link rel=\"canonical\" href=\"https:\/\/safetysource-eg.com\/en\/product\/ds-k3b211lx-value-swing-barriers\/\" \/>\n<meta property=\"og:locale\" content=\"en_US\" \/>\n<meta property=\"og:type\" content=\"article\" \/>\n<meta property=\"og:title\" content=\"DS-K3B211LX Value Swing Barriers - \u0633\u064a\u0641\u062a\u0649 \u0633\u0648\u0631\u0633\" \/>\n<meta property=\"og:description\" content=\"4 pairs of IR light detectors: Permissions validation and anti-tailgating.LED light indicates passing direction.Door remainin open when fire alarm triggered\" \/>\n<meta property=\"og:url\" content=\"https:\/\/safetysource-eg.com\/en\/product\/ds-k3b211lx-value-swing-barriers\/\" \/>\n<meta property=\"og:site_name\" content=\"\u0633\u064a\u0641\u062a\u0649 \u0633\u0648\u0631\u0633\" \/>\n<meta property=\"article:modified_time\" content=\"2025-10-13T20:32:37+00:00\" \/>\n<meta property=\"og:image\" content=\"https:\/\/safetysource-eg.com\/wp-content\/uploads\/2025\/10\/NEW-5.webp\" \/>\n\t<meta property=\"og:image:width\" content=\"1000\" \/>\n\t<meta property=\"og:image:height\" content=\"1000\" \/>\n\t<meta property=\"og:image:type\" content=\"image\/webp\" \/>\n<meta name=\"twitter:card\" content=\"summary_large_image\" \/>\n<meta name=\"twitter:label1\" content=\"Est. reading time\" \/>\n\t<meta name=\"twitter:data1\" content=\"2 minutes\" \/>\n<script type=\"application\/ld+json\" class=\"yoast-schema-graph\">{\"@context\":\"https:\\\/\\\/schema.org\",\"@graph\":[{\"@type\":\"WebPage\",\"@id\":\"https:\\\/\\\/safetysource-eg.com\\\/en\\\/product\\\/ds-k3b211lx-value-swing-barriers\\\/\",\"url\":\"https:\\\/\\\/safetysource-eg.com\\\/en\\\/product\\\/ds-k3b211lx-value-swing-barriers\\\/\",\"name\":\"DS-K3B211LX Value Swing Barriers - \u0633\u064a\u0641\u062a\u0649 \u0633\u0648\u0631\u0633\",\"isPartOf\":{\"@id\":\"https:\\\/\\\/safetysource-eg.com\\\/en\\\/#website\"},\"primaryImageOfPage\":{\"@id\":\"https:\\\/\\\/safetysource-eg.com\\\/en\\\/product\\\/ds-k3b211lx-value-swing-barriers\\\/#primaryimage\"},\"image\":{\"@id\":\"https:\\\/\\\/safetysource-eg.com\\\/en\\\/product\\\/ds-k3b211lx-value-swing-barriers\\\/#primaryimage\"},\"thumbnailUrl\":\"https:\\\/\\\/safetysource-eg.com\\\/wp-content\\\/uploads\\\/2025\\\/10\\\/NEW-5.webp\",\"datePublished\":\"2025-10-08T13:09:37+00:00\",\"dateModified\":\"2025-10-13T20:32:37+00:00\",\"description\":\"4 pairs of IR light detectors: Permissions validation and anti-tailgating.LED light indicates passing direction.Door remainin open when fire alarm triggered\",\"breadcrumb\":{\"@id\":\"https:\\\/\\\/safetysource-eg.com\\\/en\\\/product\\\/ds-k3b211lx-value-swing-barriers\\\/#breadcrumb\"},\"inLanguage\":\"en-US\",\"potentialAction\":[{\"@type\":\"ReadAction\",\"target\":[\"https:\\\/\\\/safetysource-eg.com\\\/en\\\/product\\\/ds-k3b211lx-value-swing-barriers\\\/\"]}]},{\"@type\":\"ImageObject\",\"inLanguage\":\"en-US\",\"@id\":\"https:\\\/\\\/safetysource-eg.com\\\/en\\\/product\\\/ds-k3b211lx-value-swing-barriers\\\/#primaryimage\",\"url\":\"https:\\\/\\\/safetysource-eg.com\\\/wp-content\\\/uploads\\\/2025\\\/10\\\/NEW-5.webp\",\"contentUrl\":\"https:\\\/\\\/safetysource-eg.com\\\/wp-content\\\/uploads\\\/2025\\\/10\\\/NEW-5.webp\",\"width\":1000,\"height\":1000},{\"@type\":\"BreadcrumbList\",\"@id\":\"https:\\\/\\\/safetysource-eg.com\\\/en\\\/product\\\/ds-k3b211lx-value-swing-barriers\\\/#breadcrumb\",\"itemListElement\":[{\"@type\":\"ListItem\",\"position\":1,\"name\":\"Home\",\"item\":\"https:\\\/\\\/safetysource-eg.com\\\/en\\\/\"},{\"@type\":\"ListItem\",\"position\":2,\"name\":\"Products\",\"item\":\"https:\\\/\\\/safetysource-eg.com\\\/en\\\/products\\\/\"},{\"@type\":\"ListItem\",\"position\":3,\"name\":\"DS-K3B211LX Value Swing Barriers\"}]},{\"@type\":\"WebSite\",\"@id\":\"https:\\\/\\\/safetysource-eg.com\\\/en\\\/#website\",\"url\":\"https:\\\/\\\/safetysource-eg.com\\\/en\\\/\",\"name\":\"\u0633\u064a\u0641\u062a\u0649 \u0633\u0648\u0631\u0633\",\"description\":\"\u0623\u0646\u0638\u0645\u0629 \u0623\u0645\u0627\u0646 \u0630\u0643\u064a\u0629\",\"potentialAction\":[{\"@type\":\"SearchAction\",\"target\":{\"@type\":\"EntryPoint\",\"urlTemplate\":\"https:\\\/\\\/safetysource-eg.com\\\/en\\\/?s={search_term_string}\"},\"query-input\":{\"@type\":\"PropertyValueSpecification\",\"valueRequired\":true,\"valueName\":\"search_term_string\"}}],\"inLanguage\":\"en-US\"}]}<\/script>\n<!-- \/ Yoast SEO plugin. -->","yoast_head_json":{"title":"DS-K3B211LX Value Swing Barriers - \u0633\u064a\u0641\u062a\u0649 \u0633\u0648\u0631\u0633","description":"4 pairs of IR light detectors: Permissions validation and anti-tailgating.LED light indicates passing direction.Door remainin open when fire alarm triggered","robots":{"index":"index","follow":"follow","max-snippet":"max-snippet:-1","max-image-preview":"max-image-preview:large","max-video-preview":"max-video-preview:-1"},"canonical":"https:\/\/safetysource-eg.com\/en\/product\/ds-k3b211lx-value-swing-barriers\/","og_locale":"en_US","og_type":"article","og_title":"DS-K3B211LX Value Swing Barriers - \u0633\u064a\u0641\u062a\u0649 \u0633\u0648\u0631\u0633","og_description":"4 pairs of IR light detectors: Permissions validation and anti-tailgating.LED light indicates passing direction.Door remainin open when fire alarm triggered","og_url":"https:\/\/safetysource-eg.com\/en\/product\/ds-k3b211lx-value-swing-barriers\/","og_site_name":"\u0633\u064a\u0641\u062a\u0649 \u0633\u0648\u0631\u0633","article_modified_time":"2025-10-13T20:32:37+00:00","og_image":[{"width":1000,"height":1000,"url":"https:\/\/safetysource-eg.com\/wp-content\/uploads\/2025\/10\/NEW-5.webp","type":"image\/webp"}],"twitter_card":"summary_large_image","twitter_misc":{"Est. reading time":"2 minutes"},"schema":{"@context":"https:\/\/schema.org","@graph":[{"@type":"WebPage","@id":"https:\/\/safetysource-eg.com\/en\/product\/ds-k3b211lx-value-swing-barriers\/","url":"https:\/\/safetysource-eg.com\/en\/product\/ds-k3b211lx-value-swing-barriers\/","name":"DS-K3B211LX Value Swing Barriers - \u0633\u064a\u0641\u062a\u0649 \u0633\u0648\u0631\u0633","isPartOf":{"@id":"https:\/\/safetysource-eg.com\/en\/#website"},"primaryImageOfPage":{"@id":"https:\/\/safetysource-eg.com\/en\/product\/ds-k3b211lx-value-swing-barriers\/#primaryimage"},"image":{"@id":"https:\/\/safetysource-eg.com\/en\/product\/ds-k3b211lx-value-swing-barriers\/#primaryimage"},"thumbnailUrl":"https:\/\/safetysource-eg.com\/wp-content\/uploads\/2025\/10\/NEW-5.webp","datePublished":"2025-10-08T13:09:37+00:00","dateModified":"2025-10-13T20:32:37+00:00","description":"4 pairs of IR light detectors: Permissions validation and anti-tailgating.LED light indicates passing direction.Door remainin open when fire alarm triggered","breadcrumb":{"@id":"https:\/\/safetysource-eg.com\/en\/product\/ds-k3b211lx-value-swing-barriers\/#breadcrumb"},"inLanguage":"en-US","potentialAction":[{"@type":"ReadAction","target":["https:\/\/safetysource-eg.com\/en\/product\/ds-k3b211lx-value-swing-barriers\/"]}]},{"@type":"ImageObject","inLanguage":"en-US","@id":"https:\/\/safetysource-eg.com\/en\/product\/ds-k3b211lx-value-swing-barriers\/#primaryimage","url":"https:\/\/safetysource-eg.com\/wp-content\/uploads\/2025\/10\/NEW-5.webp","contentUrl":"https:\/\/safetysource-eg.com\/wp-content\/uploads\/2025\/10\/NEW-5.webp","width":1000,"height":1000},{"@type":"BreadcrumbList","@id":"https:\/\/safetysource-eg.com\/en\/product\/ds-k3b211lx-value-swing-barriers\/#breadcrumb","itemListElement":[{"@type":"ListItem","position":1,"name":"Home","item":"https:\/\/safetysource-eg.com\/en\/"},{"@type":"ListItem","position":2,"name":"Products","item":"https:\/\/safetysource-eg.com\/en\/products\/"},{"@type":"ListItem","position":3,"name":"DS-K3B211LX Value Swing Barriers"}]},{"@type":"WebSite","@id":"https:\/\/safetysource-eg.com\/en\/#website","url":"https:\/\/safetysource-eg.com\/en\/","name":"\u0633\u064a\u0641\u062a\u0649 \u0633\u0648\u0631\u0633","description":"\u0623\u0646\u0638\u0645\u0629 \u0623\u0645\u0627\u0646 \u0630\u0643\u064a\u0629","potentialAction":[{"@type":"SearchAction","target":{"@type":"EntryPoint","urlTemplate":"https:\/\/safetysource-eg.com\/en\/?s={search_term_string}"},"query-input":{"@type":"PropertyValueSpecification","valueRequired":true,"valueName":"search_term_string"}}],"inLanguage":"en-US"}]}},"_links":{"self":[{"href":"https:\/\/safetysource-eg.com\/en\/wp-json\/wp\/v2\/product\/19614","targetHints":{"allow":["GET"]}}],"collection":[{"href":"https:\/\/safetysource-eg.com\/en\/wp-json\/wp\/v2\/product"}],"about":[{"href":"https:\/\/safetysource-eg.com\/en\/wp-json\/wp\/v2\/types\/product"}],"wp:featuredmedia":[{"embeddable":true,"href":"https:\/\/safetysource-eg.com\/en\/wp-json\/wp\/v2\/media\/19615"}],"wp:attachment":[{"href":"https:\/\/safetysource-eg.com\/en\/wp-json\/wp\/v2\/media?parent=19614"}],"wp:term":[{"taxonomy":"product_brand","embeddable":true,"href":"https:\/\/safetysource-eg.com\/en\/wp-json\/wp\/v2\/product_brand?post=19614"},{"taxonomy":"product_cat","embeddable":true,"href":"https:\/\/safetysource-eg.com\/en\/wp-json\/wp\/v2\/product_cat?post=19614"},{"taxonomy":"product_tag","embeddable":true,"href":"https:\/\/safetysource-eg.com\/en\/wp-json\/wp\/v2\/product_tag?post=19614"}],"curies":[{"name":"wp","href":"https:\/\/api.w.org\/{rel}","templated":true}]}}