{"id":19631,"date":"2025-10-09T11:37:12","date_gmt":"2025-10-09T11:37:12","guid":{"rendered":"https:\/\/safetysource-eg.com\/?post_type=product&#038;p=19631"},"modified":"2025-10-12T12:51:41","modified_gmt":"2025-10-12T12:51:41","slug":"ds-qaz1110g1-b-network-cabinet-speaker-10w","status":"publish","type":"product","link":"https:\/\/safetysource-eg.com\/en\/product\/ds-qaz1110g1-b-network-cabinet-speaker-10w\/","title":{"rendered":"DS-QAZ1110G1-B Network Cabinet Speaker 10W"},"content":{"rendered":"<div class=\"tech-specs-items-wrap\">\n<div class=\"tech-specs-items-description-container\">\n<div class=\"tech-specs-items-description-wrap\">\n<h2><em><span class=\"tech-specs-items-description__title--heading\">Microphone<\/span><\/em><\/h2>\n<ul class=\"tech-specs-items-description\" data-target=\"Microphone\">\n<li class=\"tech-specs-items-description-list\"><span class=\"tech-specs-items-description__title\">Type: <\/span><span class=\"tech-specs-items-description__title-details\">MEMS<\/span><\/li>\n<li class=\"tech-specs-items-description-list\"><span class=\"tech-specs-items-description__title\">Amount: <\/span><span class=\"tech-specs-items-description__title-details\">2<\/span><\/li>\n<li class=\"tech-specs-items-description-list\"><span class=\"tech-specs-items-description__title\">Frequency Response: <\/span><span class=\"tech-specs-items-description__title-details\">100 Hz to 20 kHz<\/span><\/li>\n<li class=\"tech-specs-items-description-list\"><span class=\"tech-specs-items-description__title\">Sensitivity: <\/span><span class=\"tech-specs-items-description__title-details\">-42 dBV\/Pa<\/span><\/li>\n<li class=\"tech-specs-items-description-list\"><span class=\"tech-specs-items-description__title\">Sampling Rate: <\/span><span class=\"tech-specs-items-description__title-details\">48 kHz<\/span><\/li>\n<li class=\"tech-specs-items-description-list\"><span class=\"tech-specs-items-description__title\">Quantization Bits: <\/span><span class=\"tech-specs-items-description__title-details\">16 bit<\/span><\/li>\n<\/ul>\n<h2><em><span class=\"tech-specs-items-description__title--heading\">Speaker<\/span><\/em><\/h2>\n<ul class=\"tech-specs-items-description\" data-target=\"Speaker\">\n<li class=\"tech-specs-items-description-list\"><span class=\"tech-specs-items-description__title\">Rated Power: <\/span><span class=\"tech-specs-items-description__title-details\">10 W<\/span><\/li>\n<li class=\"tech-specs-items-description-list\"><span class=\"tech-specs-items-description__title\">Impedance: <\/span><span class=\"tech-specs-items-description__title-details\">8 \u03a9<\/span><\/li>\n<li class=\"tech-specs-items-description-list\"><span class=\"tech-specs-items-description__title\">Max. Acoustic Pressure: <\/span><span class=\"tech-specs-items-description__title-details\">98 dBSPL<\/span><\/li>\n<li class=\"tech-specs-items-description-list\"><span class=\"tech-specs-items-description__title\">Sensitivity: (1 m, 1 W)<\/span><span class=\"tech-specs-items-description__title-details\">90 dB<\/span><\/li>\n<li class=\"tech-specs-items-description-list\"><span class=\"tech-specs-items-description__title\">Direction: <\/span><span class=\"tech-specs-items-description__title-details\">All directions<\/span><\/li>\n<li class=\"tech-specs-items-description-list\"><span class=\"tech-specs-items-description__title\">Frequency Response: <\/span><span class=\"tech-specs-items-description__title-details\">100 Hz to 20 kHz<\/span><\/li>\n<li class=\"tech-specs-items-description-list\"><span class=\"tech-specs-items-description__title\">SNR: <\/span><span class=\"tech-specs-items-description__title-details\">83 dB<\/span><\/li>\n<li class=\"tech-specs-items-description-list\"><span class=\"tech-specs-items-description__title\">Speaker Unit: <\/span><span class=\"tech-specs-items-description__title-details\">Full frequency 5.25\u2032\u2032 \u00d7 1<\/span><\/li>\n<li class=\"tech-specs-items-description-list\"><span class=\"tech-specs-items-description__title\">Coverage Angle<\/span>\n<p class=\"mb-p\">Horizontal: 105\u00b0<\/p>\n<p class=\"mb-p\">Vertical: 103\u00b0<\/p>\n<\/li>\n<\/ul>\n<h2><em><span class=\"tech-specs-items-description__title--heading\">Function<\/span><\/em><\/h2>\n<ul class=\"tech-specs-items-description\" data-target=\"Function\">\n<li class=\"tech-specs-items-description-list\"><span class=\"tech-specs-items-description__title\">Audio Algorithm: <\/span><span class=\"tech-specs-items-description__title-details\">AEC\u3001AGC\u3001ANS\u3001DRC<\/span><\/li>\n<li class=\"tech-specs-items-description-list\"><span class=\"tech-specs-items-description__title\">Audio Bit Rate<\/span>\n<p class=\"mb-p\">G.711ulaw(64 Kbps)\/G.711alaw(64 Kbps)\/MP3(128 Kbps)<\/p>\n<p class=\"mb-p\">Sampling bit width: 16 bits<\/p>\n<\/li>\n<li class=\"tech-specs-items-description-list\"><span class=\"tech-specs-items-description__title\">Audio File Format: <\/span><span class=\"tech-specs-items-description__title-details\">MP3, WAV<\/span><\/li>\n<li class=\"tech-specs-items-description-list\"><span class=\"tech-specs-items-description__title\">NTP Timing: <\/span><span class=\"tech-specs-items-description__title-details\">Support<\/span><\/li>\n<li class=\"tech-specs-items-description-list\"><span class=\"tech-specs-items-description__title\">Broadcast: <\/span><span class=\"tech-specs-items-description__title-details\">Regular broadcast, live broadcast, emergency broadcast<\/span><\/li>\n<li class=\"tech-specs-items-description-list\"><span class=\"tech-specs-items-description__title\">Two-Way Audio: <\/span><span class=\"tech-specs-items-description__title-details\">Support<\/span><\/li>\n<li class=\"tech-specs-items-description-list\"><span class=\"tech-specs-items-description__title\">Speech Synthesis: <\/span><span class=\"tech-specs-items-description__title-details\">Language Type: English, Russian, Spanish, Japanese, Thai, Portuguese (Brazil), Korean, French<\/span><\/li>\n<\/ul>\n<h2><em><span class=\"tech-specs-items-description__title--heading\">Network<\/span><\/em><\/h2>\n<ul class=\"tech-specs-items-description\" data-target=\"Network\">\n<li class=\"tech-specs-items-description-list\"><span class=\"tech-specs-items-description__title\">Network Protocol: <\/span><span class=\"tech-specs-items-description__title-details\">IPv4, HTTP, HTTPS , SIP, SSL\/TLS , DNS, NTP, TCP, UDP, IGMP, ICMP, DHCP, ARP, SSH<\/span><\/li>\n<li class=\"tech-specs-items-description-list\"><span class=\"tech-specs-items-description__title\">Interface Protocol (API)<\/span><span class=\"tech-specs-items-description__title-details\">ISAPI, ISUP, SIP, RTP,ONVIF<\/span><\/li>\n<li class=\"tech-specs-items-description-list\"><span class=\"tech-specs-items-description__title\">Client: <\/span><span class=\"tech-specs-items-description__title-details\">Hik-Connect, ivms\/4200, HikCentral Professional, Hik-Partner Pro, NVR, MileStone<\/span><\/li>\n<\/ul>\n<h2><span class=\"tech-specs-items-description__title--heading\">Communication<\/span><\/h2>\n<p><span class=\"tech-specs-items-description__title\">Communication Method: <\/span><span class=\"tech-specs-items-description__title-details\">Support wired network and Bluetooth communication<\/span><\/p>\n<h2><em><span class=\"tech-specs-items-description__title--heading\">Interface<\/span><\/em><\/h2>\n<ul class=\"tech-specs-items-description\" data-target=\"Interface\">\n<li class=\"tech-specs-items-description-list\"><span class=\"tech-specs-items-description__title\">Ethernet Interface: <\/span><span class=\"tech-specs-items-description__title-details\">RJ45 10 M\/100 M Adaptive Ethernet port \u00d7 1<\/span><\/li>\n<li class=\"tech-specs-items-description-list\"><span class=\"tech-specs-items-description__title\">Local Storage: <\/span><span class=\"tech-specs-items-description__title-details\">Built-in 4 GB EMMC (Audio file storage is 1 GB.)<\/span><\/li>\n<li class=\"tech-specs-items-description-list\"><span class=\"tech-specs-items-description__title\">API<\/span><span class=\"tech-specs-items-description__title-details\">ISAPI, ISUP, SIP,ONVIF<\/span><\/li>\n<li class=\"tech-specs-items-description-list\"><span class=\"tech-specs-items-description__title\">Audio In<\/span>\n<p class=\"mb-p\">3.5 mm audio interface \u00d7 1<\/p>\n<p class=\"mb-p\">Voltage Input \u00d7 1\uff0cCOM 100 V<\/p>\n<\/li>\n<li class=\"tech-specs-items-description-list\"><span class=\"tech-specs-items-description__title\">Audio Out: <\/span><span class=\"tech-specs-items-description__title-details\">Fixed resistance output \u00d7 1\uff0cphoenix terminal\uff0c8 \u03a9<\/span><\/li>\n<li class=\"tech-specs-items-description-list\"><span class=\"tech-specs-items-description__title\">LED Indicator<\/span>\n<p class=\"mb-p\">Green light on: normal<\/p>\n<p class=\"mb-p\">Green light flash: intercom in progress<\/p>\n<p class=\"mb-p\">Red light on: start or network disconnection<\/p>\n<p class=\"mb-p\">Red light flash: upgrading<\/p>\n<\/li>\n<li class=\"tech-specs-items-description-list\"><span class=\"tech-specs-items-description__title\">Reset: <\/span><span class=\"tech-specs-items-description__title-details\">Support<\/span><\/li>\n<li class=\"tech-specs-items-description-list\"><span class=\"tech-specs-items-description__title\">Volume Knob: <\/span><span class=\"tech-specs-items-description__title-details\">Support<\/span><\/li>\n<\/ul>\n<h2><em><span class=\"tech-specs-items-description__title--heading\">General<\/span><\/em><\/h2>\n<ul class=\"tech-specs-items-description\" data-target=\"General\">\n<li class=\"tech-specs-items-description-list\"><span class=\"tech-specs-items-description__title\">Power: <\/span><span class=\"tech-specs-items-description__title-details\">24 VDC\/1.5 A<\/span><\/li>\n<li class=\"tech-specs-items-description-list\"><span class=\"tech-specs-items-description__title\">Material: <\/span><span class=\"tech-specs-items-description__title-details\">Wooden<\/span><\/li>\n<li class=\"tech-specs-items-description-list\"><span class=\"tech-specs-items-description__title\">Operating Temperature<\/span><span class=\"tech-specs-items-description__title-details\">-10 \u00b0C to 50 \u00b0C(14 \u00b0F to 122 \u00b0F)<\/span><\/li>\n<li class=\"tech-specs-items-description-list\"><span class=\"tech-specs-items-description__title\">Operating Humidity<\/span><span class=\"tech-specs-items-description__title-details\">\uff1c90% (No condensation)<\/span><\/li>\n<li class=\"tech-specs-items-description-list\"><span class=\"tech-specs-items-description__title\">Dimension<\/span><span class=\"tech-specs-items-description__title-details\">180.6 mm \u00d7 156 mm \u00d7 280 mm(7.11&#8243; \u00d7 6.14&#8243; \u00d7 11.02&#8243;)<\/span><\/li>\n<li class=\"tech-specs-items-description-list\"><span class=\"tech-specs-items-description__title\">Package Dimension<\/span><span class=\"tech-specs-items-description__title-details\">355 mm \u00d7 265 mm \u00d7 240 mm(13.98&#8243; \u00d7 10.43&#8243; \u00d7 9.45&#8243;)<\/span><\/li>\n<li class=\"tech-specs-items-description-list\"><span class=\"tech-specs-items-description__title-details\">Approx. 2.5 kg (5.51 lb.)<\/span><\/li>\n<li class=\"tech-specs-items-description-list\"><span class=\"tech-specs-items-description__title\">Color: <\/span><span class=\"tech-specs-items-description__title-details\">Black<\/span><\/li>\n<li class=\"tech-specs-items-description-list\"><span class=\"tech-specs-items-description__title\">With Package Weight: <\/span><span class=\"tech-specs-items-description__title-details\">Approx. 3.72 kg (8.2 lb.)<\/span><\/li>\n<li class=\"tech-specs-items-description-list\"><span class=\"tech-specs-items-description__title\">Packing List<\/span>\n<p class=\"mb-p\">Device \u00d7 1<\/p>\n<p class=\"mb-p\">Adapter \u00d7 1<\/p>\n<p class=\"mb-p\">Screw pack \u00d7 1<\/p>\n<p class=\"mb-p\">Installation sticker \u00d7 1<\/p>\n<p class=\"mb-p\">Regulatory Compliance and Safety Information \u00d7 1<\/p>\n<\/li>\n<li class=\"tech-specs-items-description-list\"><span class=\"tech-specs-items-description__title\">Language<\/span><span class=\"tech-specs-items-description__title-details\">41 languages: English, French, Spanish, German, Italian, Japanese, Thai, Russian, Portuguese (Brazil), Arabic, Bulgarian, Czech, Danish, Greek, Spanish (Mexico), Estonian, Persian, Finnish, Hebrew, Croatian, Hungarian, Indonesian, Kazakh, Korean, Kirgiz, Lao, Lithuanian, Latvian, Dutch, Norwegian, Polish, Portuguese, Romanian, Slovak, Slovenian, Serbian, Swedish, Turkish, Ukrainian, Uzbek, Vietnamese<\/span><\/li>\n<li class=\"tech-specs-items-description-list\"><span class=\"tech-specs-items-description__title\">Bluetooth: <\/span><span class=\"tech-specs-items-description__title-details\">Bluetooth 5.0, 10 m<\/span><\/li>\n<\/ul>\n<h2><em><span class=\"tech-specs-items-description__title--heading\">Approval<\/span><\/em><\/h2>\n<ul class=\"tech-specs-items-description\" data-target=\"Approval\">\n<li class=\"tech-specs-items-description-list\"><span class=\"tech-specs-items-description__title\">RF<\/span>\n<p class=\"mb-p\">CE-RED: EN 301489-1 V2.2.3 (BT or 2.4G), EN 301489-17 V3.2.4 (BT or 2.4G), EN 300 328 V2.2.2 (BT or 2.4G), EN62311 2020(BT or 2.4G)<\/p>\n<p class=\"mb-p\">RCM: EN 300 328 V2.2.2 (BT or 2.4G), AS\/NZS 2772.2:2016+A1:2018, ARPANSA RPS S-1 Radiation Protection Series S-1 (Rev.1), ARPANSA RPS S01 Advisory Note<\/p>\n<p class=\"mb-p\">IC ID: RSS-247(BT or 2.4G)<\/p>\n<p class=\"mb-p\">ANATEL: Resolution No. 680\/2017,Act No. 14448\/2017,Act No. 950\/2018,Act No. 1120\/2018<\/p>\n<\/li>\n<li class=\"tech-specs-items-description-list\"><span class=\"tech-specs-items-description__title\">EMC<\/span><span class=\"tech-specs-items-description__title-details\">CE-EMC: EN 55032:2015+A11:2020+A1:2020, EN IEC 61000-3-2:2019, EN 61000-3-3:2013+A1:2019+A2:2021, EN 55035:2017+A11:2020 RCM: AS\/NZS CISPR 32: 2015 IC: ICES-003: Issue 7<\/span><\/li>\n<li class=\"tech-specs-items-description-list\"><span class=\"tech-specs-items-description__title\">Safety<\/span>\n<p class=\"mb-p\">CB: IEC 62368-1:2014<\/p>\n<p class=\"mb-p\">CE-LVD: EN 62368-1:2014\/A11:2017<\/p>\n<\/li>\n<li class=\"tech-specs-items-description-list\"><span class=\"tech-specs-items-description__title\">Environment<\/span>\n<p class=\"mb-p\">CE-RoHS: 2011\/65\/EU<\/p>\n<p class=\"mb-p\">WEEE: 2012\/19\/EU<\/p>\n<p class=\"mb-p\">Reach: Regulation (EC) No 1907\/2006<\/p>\n<\/li>\n<\/ul>\n<\/div>\n<\/div>\n<\/div>\n<div class=\"tech-specs-accordion__footer\"><\/div>\n<div><\/div>\n<div>\n<p>&nbsp;<\/p>\n<div><\/div>\n<div><\/div>\n<div>\n<p><button class=\"btn\"><a href=\"https:\/\/assets.hikvision.com\/prd\/public\/all\/doc\/m000073386\/UD32572B-A_Hikvision-Network-Cabinet-Speaker_QSG_V1.0_20241213.pdf?key=632549283855e6131d789c1283a90d95&amp;time=1760010612765\" target=\"_blank\" rel=\"noopener\">Quick Start Guide<\/a><\/button><\/p>\n<\/div>\n<p>&nbsp;<\/p>\n<div><\/div>\n<div><\/div>\n<div>\n<p><button class=\"btn\"><a href=\"https:\/\/assets.hikvision.com\/prd\/normal\/all\/doc\/m000073386\/UD44192B_Hikvision-Network-Broadcat_User-Manual_1.0_20250822.pdf?key=8dd25e482ffd8705ec7929b73113b550&amp;time=1760010632224\" target=\"_blank\" rel=\"noopener\">User manual<\/a><\/button><\/p>\n<\/div>\n<\/div>\n<div>\n<p>&nbsp;<\/p>\n<\/div>\n","protected":false},"excerpt":{"rendered":"<ul class=\"product_description_item-list\">\n<li class=\"product_description_item\">Full frequency 5.25\u2032\u2032 \u00d7 1<\/li>\n<li class=\"product_description_item\">Rated Power: 10 W<\/li>\n<li class=\"product_description_item\">Sensitivity(1 m, 1 W): 90 dB<\/li>\n<li class=\"product_description_item\">Max. SPL: 98 dB<\/li>\n<li class=\"product_description_item\">Frequency Response: 100 Hz to 20 kHz<\/li>\n<li class=\"product_description_item\">Support schedule\/live\/emergency broadcast; alarm linkage; two-way audio; TTS<\/li>\n<li class=\"product_description_item\">Black<\/li>\n<\/ul>\n","protected":false},"featured_media":19632,"template":"","meta":{"_acf_changed":false},"product_brand":[],"product_cat":[348],"product_tag":[],"class_list":{"0":"post-19631","1":"product","2":"type-product","3":"status-publish","4":"has-post-thumbnail","6":"product_cat-audio-product","8":"first","9":"instock","10":"shipping-taxable","11":"product-type-simple"},"acf":[],"yoast_head":"<!-- This site is optimized with the Yoast SEO plugin v27.3 - https:\/\/yoast.com\/product\/yoast-seo-wordpress\/ -->\n<title>DS-QAZ1110G1-B Network Cabinet Speaker 10W - \u0633\u064a\u0641\u062a\u0649 \u0633\u0648\u0631\u0633<\/title>\n<meta name=\"description\" content=\"Full frequency 5.25\u2032\u2032 \u00d7 1Rated Power: 10 WSensitivity(1 m, 1 W): 90 dBMax. SPL: 98 dBFrequency Response: 100 Hz to 20 kHz\" \/>\n<meta name=\"robots\" content=\"index, follow, max-snippet:-1, max-image-preview:large, max-video-preview:-1\" \/>\n<link rel=\"canonical\" href=\"https:\/\/safetysource-eg.com\/en\/product\/ds-qaz1110g1-b-network-cabinet-speaker-10w\/\" \/>\n<meta property=\"og:locale\" content=\"en_US\" \/>\n<meta property=\"og:type\" content=\"article\" \/>\n<meta property=\"og:title\" content=\"DS-QAZ1110G1-B Network Cabinet Speaker 10W - \u0633\u064a\u0641\u062a\u0649 \u0633\u0648\u0631\u0633\" \/>\n<meta property=\"og:description\" content=\"Full frequency 5.25\u2032\u2032 \u00d7 1Rated Power: 10 WSensitivity(1 m, 1 W): 90 dBMax. SPL: 98 dBFrequency Response: 100 Hz to 20 kHz\" \/>\n<meta property=\"og:url\" content=\"https:\/\/safetysource-eg.com\/en\/product\/ds-qaz1110g1-b-network-cabinet-speaker-10w\/\" \/>\n<meta property=\"og:site_name\" content=\"\u0633\u064a\u0641\u062a\u0649 \u0633\u0648\u0631\u0633\" \/>\n<meta property=\"article:modified_time\" content=\"2025-10-12T12:51:41+00:00\" \/>\n<meta property=\"og:image\" content=\"https:\/\/safetysource-eg.com\/wp-content\/uploads\/2025\/10\/new26.webp\" \/>\n\t<meta property=\"og:image:width\" content=\"1000\" \/>\n\t<meta property=\"og:image:height\" content=\"1000\" \/>\n\t<meta property=\"og:image:type\" content=\"image\/webp\" \/>\n<meta name=\"twitter:card\" content=\"summary_large_image\" \/>\n<meta name=\"twitter:label1\" content=\"Est. reading time\" \/>\n\t<meta name=\"twitter:data1\" content=\"3 minutes\" \/>\n<script type=\"application\/ld+json\" class=\"yoast-schema-graph\">{\"@context\":\"https:\\\/\\\/schema.org\",\"@graph\":[{\"@type\":\"WebPage\",\"@id\":\"https:\\\/\\\/safetysource-eg.com\\\/en\\\/product\\\/ds-qaz1110g1-b-network-cabinet-speaker-10w\\\/\",\"url\":\"https:\\\/\\\/safetysource-eg.com\\\/en\\\/product\\\/ds-qaz1110g1-b-network-cabinet-speaker-10w\\\/\",\"name\":\"DS-QAZ1110G1-B Network Cabinet Speaker 10W - \u0633\u064a\u0641\u062a\u0649 \u0633\u0648\u0631\u0633\",\"isPartOf\":{\"@id\":\"https:\\\/\\\/safetysource-eg.com\\\/en\\\/#website\"},\"primaryImageOfPage\":{\"@id\":\"https:\\\/\\\/safetysource-eg.com\\\/en\\\/product\\\/ds-qaz1110g1-b-network-cabinet-speaker-10w\\\/#primaryimage\"},\"image\":{\"@id\":\"https:\\\/\\\/safetysource-eg.com\\\/en\\\/product\\\/ds-qaz1110g1-b-network-cabinet-speaker-10w\\\/#primaryimage\"},\"thumbnailUrl\":\"https:\\\/\\\/safetysource-eg.com\\\/wp-content\\\/uploads\\\/2025\\\/10\\\/new26.webp\",\"datePublished\":\"2025-10-09T11:37:12+00:00\",\"dateModified\":\"2025-10-12T12:51:41+00:00\",\"description\":\"Full frequency 5.25\u2032\u2032 \u00d7 1Rated Power: 10 WSensitivity(1 m, 1 W): 90 dBMax. SPL: 98 dBFrequency Response: 100 Hz to 20 kHz\",\"breadcrumb\":{\"@id\":\"https:\\\/\\\/safetysource-eg.com\\\/en\\\/product\\\/ds-qaz1110g1-b-network-cabinet-speaker-10w\\\/#breadcrumb\"},\"inLanguage\":\"en-US\",\"potentialAction\":[{\"@type\":\"ReadAction\",\"target\":[\"https:\\\/\\\/safetysource-eg.com\\\/en\\\/product\\\/ds-qaz1110g1-b-network-cabinet-speaker-10w\\\/\"]}]},{\"@type\":\"ImageObject\",\"inLanguage\":\"en-US\",\"@id\":\"https:\\\/\\\/safetysource-eg.com\\\/en\\\/product\\\/ds-qaz1110g1-b-network-cabinet-speaker-10w\\\/#primaryimage\",\"url\":\"https:\\\/\\\/safetysource-eg.com\\\/wp-content\\\/uploads\\\/2025\\\/10\\\/new26.webp\",\"contentUrl\":\"https:\\\/\\\/safetysource-eg.com\\\/wp-content\\\/uploads\\\/2025\\\/10\\\/new26.webp\",\"width\":1000,\"height\":1000},{\"@type\":\"BreadcrumbList\",\"@id\":\"https:\\\/\\\/safetysource-eg.com\\\/en\\\/product\\\/ds-qaz1110g1-b-network-cabinet-speaker-10w\\\/#breadcrumb\",\"itemListElement\":[{\"@type\":\"ListItem\",\"position\":1,\"name\":\"Home\",\"item\":\"https:\\\/\\\/safetysource-eg.com\\\/en\\\/\"},{\"@type\":\"ListItem\",\"position\":2,\"name\":\"Products\",\"item\":\"https:\\\/\\\/safetysource-eg.com\\\/en\\\/products\\\/\"},{\"@type\":\"ListItem\",\"position\":3,\"name\":\"DS-QAZ1110G1-B Network Cabinet Speaker 10W\"}]},{\"@type\":\"WebSite\",\"@id\":\"https:\\\/\\\/safetysource-eg.com\\\/en\\\/#website\",\"url\":\"https:\\\/\\\/safetysource-eg.com\\\/en\\\/\",\"name\":\"\u0633\u064a\u0641\u062a\u0649 \u0633\u0648\u0631\u0633\",\"description\":\"\u0623\u0646\u0638\u0645\u0629 \u0623\u0645\u0627\u0646 \u0630\u0643\u064a\u0629\",\"potentialAction\":[{\"@type\":\"SearchAction\",\"target\":{\"@type\":\"EntryPoint\",\"urlTemplate\":\"https:\\\/\\\/safetysource-eg.com\\\/en\\\/?s={search_term_string}\"},\"query-input\":{\"@type\":\"PropertyValueSpecification\",\"valueRequired\":true,\"valueName\":\"search_term_string\"}}],\"inLanguage\":\"en-US\"}]}<\/script>\n<!-- \/ Yoast SEO plugin. -->","yoast_head_json":{"title":"DS-QAZ1110G1-B Network Cabinet Speaker 10W - \u0633\u064a\u0641\u062a\u0649 \u0633\u0648\u0631\u0633","description":"Full frequency 5.25\u2032\u2032 \u00d7 1Rated Power: 10 WSensitivity(1 m, 1 W): 90 dBMax. SPL: 98 dBFrequency Response: 100 Hz to 20 kHz","robots":{"index":"index","follow":"follow","max-snippet":"max-snippet:-1","max-image-preview":"max-image-preview:large","max-video-preview":"max-video-preview:-1"},"canonical":"https:\/\/safetysource-eg.com\/en\/product\/ds-qaz1110g1-b-network-cabinet-speaker-10w\/","og_locale":"en_US","og_type":"article","og_title":"DS-QAZ1110G1-B Network Cabinet Speaker 10W - \u0633\u064a\u0641\u062a\u0649 \u0633\u0648\u0631\u0633","og_description":"Full frequency 5.25\u2032\u2032 \u00d7 1Rated Power: 10 WSensitivity(1 m, 1 W): 90 dBMax. SPL: 98 dBFrequency Response: 100 Hz to 20 kHz","og_url":"https:\/\/safetysource-eg.com\/en\/product\/ds-qaz1110g1-b-network-cabinet-speaker-10w\/","og_site_name":"\u0633\u064a\u0641\u062a\u0649 \u0633\u0648\u0631\u0633","article_modified_time":"2025-10-12T12:51:41+00:00","og_image":[{"width":1000,"height":1000,"url":"https:\/\/safetysource-eg.com\/wp-content\/uploads\/2025\/10\/new26.webp","type":"image\/webp"}],"twitter_card":"summary_large_image","twitter_misc":{"Est. reading time":"3 minutes"},"schema":{"@context":"https:\/\/schema.org","@graph":[{"@type":"WebPage","@id":"https:\/\/safetysource-eg.com\/en\/product\/ds-qaz1110g1-b-network-cabinet-speaker-10w\/","url":"https:\/\/safetysource-eg.com\/en\/product\/ds-qaz1110g1-b-network-cabinet-speaker-10w\/","name":"DS-QAZ1110G1-B Network Cabinet Speaker 10W - \u0633\u064a\u0641\u062a\u0649 \u0633\u0648\u0631\u0633","isPartOf":{"@id":"https:\/\/safetysource-eg.com\/en\/#website"},"primaryImageOfPage":{"@id":"https:\/\/safetysource-eg.com\/en\/product\/ds-qaz1110g1-b-network-cabinet-speaker-10w\/#primaryimage"},"image":{"@id":"https:\/\/safetysource-eg.com\/en\/product\/ds-qaz1110g1-b-network-cabinet-speaker-10w\/#primaryimage"},"thumbnailUrl":"https:\/\/safetysource-eg.com\/wp-content\/uploads\/2025\/10\/new26.webp","datePublished":"2025-10-09T11:37:12+00:00","dateModified":"2025-10-12T12:51:41+00:00","description":"Full frequency 5.25\u2032\u2032 \u00d7 1Rated Power: 10 WSensitivity(1 m, 1 W): 90 dBMax. SPL: 98 dBFrequency Response: 100 Hz to 20 kHz","breadcrumb":{"@id":"https:\/\/safetysource-eg.com\/en\/product\/ds-qaz1110g1-b-network-cabinet-speaker-10w\/#breadcrumb"},"inLanguage":"en-US","potentialAction":[{"@type":"ReadAction","target":["https:\/\/safetysource-eg.com\/en\/product\/ds-qaz1110g1-b-network-cabinet-speaker-10w\/"]}]},{"@type":"ImageObject","inLanguage":"en-US","@id":"https:\/\/safetysource-eg.com\/en\/product\/ds-qaz1110g1-b-network-cabinet-speaker-10w\/#primaryimage","url":"https:\/\/safetysource-eg.com\/wp-content\/uploads\/2025\/10\/new26.webp","contentUrl":"https:\/\/safetysource-eg.com\/wp-content\/uploads\/2025\/10\/new26.webp","width":1000,"height":1000},{"@type":"BreadcrumbList","@id":"https:\/\/safetysource-eg.com\/en\/product\/ds-qaz1110g1-b-network-cabinet-speaker-10w\/#breadcrumb","itemListElement":[{"@type":"ListItem","position":1,"name":"Home","item":"https:\/\/safetysource-eg.com\/en\/"},{"@type":"ListItem","position":2,"name":"Products","item":"https:\/\/safetysource-eg.com\/en\/products\/"},{"@type":"ListItem","position":3,"name":"DS-QAZ1110G1-B Network Cabinet Speaker 10W"}]},{"@type":"WebSite","@id":"https:\/\/safetysource-eg.com\/en\/#website","url":"https:\/\/safetysource-eg.com\/en\/","name":"\u0633\u064a\u0641\u062a\u0649 \u0633\u0648\u0631\u0633","description":"\u0623\u0646\u0638\u0645\u0629 \u0623\u0645\u0627\u0646 \u0630\u0643\u064a\u0629","potentialAction":[{"@type":"SearchAction","target":{"@type":"EntryPoint","urlTemplate":"https:\/\/safetysource-eg.com\/en\/?s={search_term_string}"},"query-input":{"@type":"PropertyValueSpecification","valueRequired":true,"valueName":"search_term_string"}}],"inLanguage":"en-US"}]}},"_links":{"self":[{"href":"https:\/\/safetysource-eg.com\/en\/wp-json\/wp\/v2\/product\/19631","targetHints":{"allow":["GET"]}}],"collection":[{"href":"https:\/\/safetysource-eg.com\/en\/wp-json\/wp\/v2\/product"}],"about":[{"href":"https:\/\/safetysource-eg.com\/en\/wp-json\/wp\/v2\/types\/product"}],"wp:featuredmedia":[{"embeddable":true,"href":"https:\/\/safetysource-eg.com\/en\/wp-json\/wp\/v2\/media\/19632"}],"wp:attachment":[{"href":"https:\/\/safetysource-eg.com\/en\/wp-json\/wp\/v2\/media?parent=19631"}],"wp:term":[{"taxonomy":"product_brand","embeddable":true,"href":"https:\/\/safetysource-eg.com\/en\/wp-json\/wp\/v2\/product_brand?post=19631"},{"taxonomy":"product_cat","embeddable":true,"href":"https:\/\/safetysource-eg.com\/en\/wp-json\/wp\/v2\/product_cat?post=19631"},{"taxonomy":"product_tag","embeddable":true,"href":"https:\/\/safetysource-eg.com\/en\/wp-json\/wp\/v2\/product_tag?post=19631"}],"curies":[{"name":"wp","href":"https:\/\/api.w.org\/{rel}","templated":true}]}}