{"id":19941,"date":"2026-02-18T18:09:54","date_gmt":"2026-02-18T18:09:54","guid":{"rendered":"https:\/\/safetysource-eg.com\/?post_type=product&#038;p=19941"},"modified":"2026-02-18T18:24:06","modified_gmt":"2026-02-18T18:24:06","slug":"ds-k1t807ebwx-qre1-card-terminal","status":"publish","type":"product","link":"https:\/\/safetysource-eg.com\/en\/product\/ds-k1t807ebwx-qre1-card-terminal\/","title":{"rendered":"DS-K1T807EBWX-QRE1 Value Card Terminal"},"content":{"rendered":"<div class=\"product_description_title_tag_container\">\n<div class=\"product_description_title\">\n<div class=\"product_description_title_tag_container\">\n<div class=\"product_description_title\">\n<ul>\n<li data-start=\"324\" data-end=\"359\">\n<p data-start=\"327\" data-end=\"359\"><strong data-start=\"179\" data-end=\"210\">DS-K1T807EBWX-QRE1 Terminal<\/strong><\/p>\n<\/li>\n<\/ul>\n<ul class=\"tech-specs-items-description\" data-target=\"System\">\n<li class=\"tech-specs-items-description-list\">\n<h2><em><strong><span class=\"tech-specs-items-description__title--heading\">System<\/span><\/strong><\/em><\/h2>\n<\/li>\n<li class=\"tech-specs-items-description-list\"><span class=\"tech-specs-items-description__title\">Operating system :<\/span><span class=\"tech-specs-items-description__title-details\">Linux<\/span><\/li>\n<li class=\"tech-specs-items-description-list\">\n<h2><em><strong><span class=\"tech-specs-items-description__title--heading\">Display<\/span><\/strong><\/em><\/h2>\n<\/li>\n<li class=\"tech-specs-items-description-list\"><span class=\"tech-specs-items-description__title\">Screen size :<\/span><span class=\"tech-specs-items-description__title-details\">2.4 inch<\/span><\/li>\n<li class=\"tech-specs-items-description-list\"><span class=\"tech-specs-items-description__title\">Type :<\/span><a href=\"https:\/\/safetysource-eg.com\/product\/value-series-face-access-terminal-ds-k1t321mx\/\"><span class=\"tech-specs-items-description__title-details\">LCD<\/span><\/a><\/li>\n<li class=\"tech-specs-items-description-list\"><span class=\"tech-specs-items-description__title\">Resolution:<\/span><span class=\"tech-specs-items-description__title-details\">320 \u00d7 240<\/span><\/li>\n<\/ul>\n<ul class=\"tech-specs-items-description\" data-target=\"Audio\">\n<li class=\"tech-specs-items-description-list\">\n<h2><em><strong><span class=\"tech-specs-items-description__title--heading\">Audio<\/span><\/strong><\/em><\/h2>\n<\/li>\n<li class=\"tech-specs-items-description-list\"><span class=\"tech-specs-items-description__title\">Audio output :<\/span><span class=\"tech-specs-items-description__title-details\">Support<\/span><\/li>\n<\/ul>\n<ul class=\"tech-specs-items-description\" data-target=\"Network\">\n<li class=\"tech-specs-items-description-list\">\n<h2><em><strong><span class=\"tech-specs-items-description__title--heading\">Network<\/span><\/strong><\/em><\/h2>\n<\/li>\n<li class=\"tech-specs-items-description-list\"><span class=\"tech-specs-items-description__title\">Wired network :<\/span><span class=\"tech-specs-items-description__title-details\">Support<\/span><\/li>\n<li class=\"tech-specs-items-description-list\"><span class=\"tech-specs-items-description__title\">Wi-Fi :<\/span><span class=\"tech-specs-items-description__title-details\">Support, 2.4 G, 802.11b\/g\/n<\/span><\/li>\n<li class=\"tech-specs-items-description-list\"><span class=\"tech-specs-items-description__title\">Bluetooth :<\/span><span class=\"tech-specs-items-description__title-details\">Support<\/span><\/li>\n<\/ul>\n<h2><em><span class=\"tech-specs-items-description__title--heading\">Interface<\/span><\/em><\/h2>\n<ul class=\"tech-specs-items-description\" data-target=\"Interface\">\n<li class=\"tech-specs-items-description-list\"><span class=\"tech-specs-items-description__title\">Network interface:<\/span><span class=\"tech-specs-items-description__title-details\">1 RJ-45, 10\/100 M self-adaptive<\/span><\/li>\n<li class=\"tech-specs-items-description-list\"><span class=\"tech-specs-items-description__title\">Lock control:<\/span><span class=\"tech-specs-items-description__title-details\">1<\/span><\/li>\n<li class=\"tech-specs-items-description-list\"><span class=\"tech-specs-items-description__title\">Exit button:<\/span><span class=\"tech-specs-items-description__title-details\">1<\/span><\/li>\n<li class=\"tech-specs-items-description-list\"><span class=\"tech-specs-items-description__title\">Door contact input:<\/span><span class=\"tech-specs-items-description__title-details\">1<\/span><\/li>\n<li class=\"tech-specs-items-description-list\"><span class=\"tech-specs-items-description__title\">Alarm input:<\/span><span class=\"tech-specs-items-description__title-details\">2<\/span><\/li>\n<li class=\"tech-specs-items-description-list\"><span class=\"tech-specs-items-description__title\">TAMPER:<\/span><span class=\"tech-specs-items-description__title-details\">1<\/span><\/li>\n<li class=\"tech-specs-items-description-list\"><span class=\"tech-specs-items-description__title\">Alarm output:<\/span><span class=\"tech-specs-items-description__title-details\">1<\/span><\/li>\n<li class=\"tech-specs-items-description-list\"><span class=\"tech-specs-items-description__title\">RS-485:<\/span><span class=\"tech-specs-items-description__title-details\">1 RS-485 (Half duplex, HIKVISION)<\/span><\/li>\n<li class=\"tech-specs-items-description-list\"><span class=\"tech-specs-items-description__title\">Wiegand:<\/span><span class=\"tech-specs-items-description__title-details\">1 Wiegand (W26, W34)<\/span><\/li>\n<li class=\"tech-specs-items-description-list\"><span class=\"tech-specs-items-description__title\">USB:<\/span><span class=\"tech-specs-items-description__title-details\">1<\/span><\/li>\n<li class=\"tech-specs-items-description-list\"><span class=\"tech-specs-items-description__title\">PoE :<\/span><span class=\"tech-specs-items-description__title-details\">Support<\/span><\/li>\n<\/ul>\n<ul class=\"tech-specs-items-description\" data-target=\"Capacity\">\n<li class=\"tech-specs-items-description-list\">\n<h2><em><strong><span class=\"tech-specs-items-description__title--heading\">Capacity<\/span><\/strong><\/em><\/h2>\n<\/li>\n<li class=\"tech-specs-items-description-list\"><span class=\"tech-specs-items-description__title\">Fingerprint capacity:<\/span><span class=\"tech-specs-items-description__title-details\">5000<\/span><\/li>\n<li class=\"tech-specs-items-description-list\"><span class=\"tech-specs-items-description__title\">Card capacity:<\/span><span class=\"tech-specs-items-description__title-details\">5000<\/span><\/li>\n<li class=\"tech-specs-items-description-list\"><span class=\"tech-specs-items-description__title\">Event capacity:<\/span><span class=\"tech-specs-items-description__title-details\">150,000<\/span><\/li>\n<\/ul>\n<ul class=\"tech-specs-items-description\" data-target=\"Authentication\">\n<li class=\"tech-specs-items-description-list\">\n<h2><em><strong><span class=\"tech-specs-items-description__title--heading\">Authentication<\/span><\/strong><\/em><\/h2>\n<\/li>\n<li class=\"tech-specs-items-description-list\"><span class=\"tech-specs-items-description__title\">Card type :EM card<\/span><\/li>\n<\/ul>\n<ul class=\"tech-specs-items-description\" data-target=\"General\">\n<li class=\"tech-specs-items-description-list\">\n<h2><em><strong><span class=\"tech-specs-items-description__title--heading\">General<\/span><\/strong><\/em><\/h2>\n<\/li>\n<\/ul>\n<\/div>\n<\/div>\n<\/div>\n<\/div>\n<ul class=\"tech-specs-items-description\" data-target=\"General\">\n<li class=\"tech-specs-items-description-list\"><span class=\"tech-specs-items-description__title\">Power supply:<\/span>12 VDC\n<p class=\"mb-p\">Supports power supply by battery in the bracket<\/p>\n<\/li>\n<li class=\"tech-specs-items-description-list\"><span class=\"tech-specs-items-description__title\">Power consumption:<\/span><span class=\"tech-specs-items-description__title-details\">\u2264 6 W<\/span><\/li>\n<li class=\"tech-specs-items-description-list\"><span class=\"tech-specs-items-description__title\">Working temperature:<\/span><span class=\"tech-specs-items-description__title-details\">-30 \u00b0C to 60 \u00b0C (-22 \u00b0F to 140 \u00b0F)<\/span><\/li>\n<li class=\"tech-specs-items-description-list\"><span class=\"tech-specs-items-description__title\">Working humidity:<\/span><span class=\"tech-specs-items-description__title-details\">0 to 90% (No condensing)<\/span><\/li>\n<li class=\"tech-specs-items-description-list\"><span class=\"tech-specs-items-description__title\">Language :<\/span><span class=\"tech-specs-items-description__title-details\">English, Spanish (South American), Arabic, Thai, Indonesian, Russian, Vietnamese, Portuguese(Brazil), Turkish, Ukrainian, Italian, French<\/span><\/li>\n<li class=\"tech-specs-items-description-list\"><span class=\"tech-specs-items-description__title\">Keypad :<\/span><span class=\"tech-specs-items-description__title-details\">Support<\/span><\/li>\n<li class=\"tech-specs-items-description-list\"><span class=\"tech-specs-items-description__title\">Dimensions:<\/span><span class=\"tech-specs-items-description__title-details\">172 mm \u00d7 76 mm \u00d7 27.5 mm (6.77&#8243; \u00d7 2.99&#8243; \u00d7 1.08&#8243;)<\/span><\/li>\n<li class=\"tech-specs-items-description-list\"><span class=\"tech-specs-items-description__title\">Installation <\/span><span class=\"tech-specs-items-description__title-details\">Wall mounting<\/span><\/li>\n<li class=\"tech-specs-items-description-list\">\n<p class=\"mb-p\">Net weight: 0.377 kg (0.831 lb)<\/p>\n<p class=\"mb-p\">Rough weight: 0.562 kg (1.239 lb)<\/p>\n<\/li>\n<\/ul>\n<h2><\/h2>\n<p>&nbsp;<\/p>\n<p>&nbsp;<\/p>\n<div>\n<div><\/div>\n<div>\n<div><\/div>\n<div>\n<p><button class=\"btn\"><a href=\"https:\/\/assets.hikvision.com\/prd\/normal\/all\/doc\/m000157152\/DS-K1T807EBWX-QRE1_Datasheet_20241112.pdf?key=38544b55d997ce4f64aea15b95b26e4c&amp;time=1771438388673\" target=\"_blank\" rel=\"noopener\">Download data sheet<\/a><\/button><\/p>\n<\/div>\n<\/div>\n<p>&nbsp;<\/p>\n<div><\/div>\n<div><\/div>\n<div>\n<p><button class=\"btn\"><a href=\"https:\/\/pinfo.hikvision.com\/hkwsen\/unzip\/20260210181246_64606_doc\/\" target=\"_blank\" rel=\"noopener\">User manual<\/a><\/button><\/p>\n<\/div>\n<\/div>\n<div>\n<p>&nbsp;<\/p>\n<\/div>\n<p>&nbsp;<\/p>\n<p>&nbsp;<\/p>\n","protected":false},"excerpt":{"rendered":"<div class=\"product_description_title_tag_container\">\n<div class=\"product_description_title\">\n<h2 class=\"title hidden\">DS-K1T807EBWX-QRE1<\/h2>\n<\/div>\n<div class=\"product_likes_compare_icons\">\n<div class=\"product_description_likes\">Value Card Terminal<\/div>\n<\/div>\n<\/div>\n<div class=\"product_description-content\">\n<ul class=\"product_description_item-list\">\n<li class=\"product_description_item\">2.4-inch LCD screen<\/li>\n<li class=\"product_description_item\">Multiple authentication methods, including card (EM card), and PIN, etc.<\/li>\n<li class=\"product_description_item\">Max. 5000 cards and 150,000 events<\/li>\n<li class=\"product_description_item\">Supports ISAPI and ISUP 5.0 protocols<\/li>\n<li class=\"product_description_item\">Configuration via web client<\/li>\n<li class=\"product_description_item\">Supports wired network and Wi-Fi (AP mode)<\/li>\n<li class=\"product_description_item\">Supports wiring with secure door control unit or card reader via RS-485<\/li>\n<li class=\"product_description_item\">Supports powered by 12 VDC or PoE and supports powering for device and door lock<\/li>\n<\/ul>\n<\/div>\n","protected":false},"featured_media":19938,"template":"","meta":{"_acf_changed":false},"product_brand":[],"product_cat":[326],"product_tag":[],"class_list":{"0":"post-19941","1":"product","2":"type-product","3":"status-publish","4":"has-post-thumbnail","6":"product_cat-finger-print-terminals-en","8":"first","9":"instock","10":"shipping-taxable","11":"product-type-simple"},"acf":[],"yoast_head":"<!-- This site is optimized with the Yoast SEO plugin v27.3 - https:\/\/yoast.com\/product\/yoast-seo-wordpress\/ -->\n<title>DS-K1T807EBWX-QRE1 Card Terminal 5000 Cards WiFi PoE<\/title>\n<meta name=\"description\" content=\"DS-K1T807EBWX-QRE1 value card terminal with 5000 EM cards capacity, WiFi, PoE, ISAPI &amp; ISUP 5.0 support, and 150,000 event logs.\" \/>\n<meta name=\"robots\" content=\"index, follow, max-snippet:-1, max-image-preview:large, max-video-preview:-1\" \/>\n<link rel=\"canonical\" href=\"https:\/\/safetysource-eg.com\/en\/product\/ds-k1t807ebwx-qre1-card-terminal\/\" \/>\n<meta property=\"og:locale\" content=\"en_US\" \/>\n<meta property=\"og:type\" content=\"article\" \/>\n<meta property=\"og:title\" content=\"DS-K1T807EBWX-QRE1 Card Terminal 5000 Cards WiFi PoE\" \/>\n<meta property=\"og:description\" content=\"DS-K1T807EBWX-QRE1 value card terminal with 5000 EM cards capacity, WiFi, PoE, ISAPI &amp; ISUP 5.0 support, and 150,000 event logs.\" \/>\n<meta property=\"og:url\" content=\"https:\/\/safetysource-eg.com\/en\/product\/ds-k1t807ebwx-qre1-card-terminal\/\" \/>\n<meta property=\"og:site_name\" content=\"\u0633\u064a\u0641\u062a\u0649 \u0633\u0648\u0631\u0633\" \/>\n<meta property=\"article:modified_time\" content=\"2026-02-18T18:24:06+00:00\" \/>\n<meta property=\"og:image\" content=\"https:\/\/safetysource-eg.com\/wp-content\/uploads\/2026\/02\/value-3.webp\" \/>\n\t<meta property=\"og:image:width\" content=\"1000\" \/>\n\t<meta property=\"og:image:height\" content=\"1000\" \/>\n\t<meta property=\"og:image:type\" content=\"image\/webp\" \/>\n<meta name=\"twitter:card\" content=\"summary_large_image\" \/>\n<meta name=\"twitter:label1\" content=\"Est. reading time\" \/>\n\t<meta name=\"twitter:data1\" content=\"1 minute\" \/>\n<script type=\"application\/ld+json\" class=\"yoast-schema-graph\">{\"@context\":\"https:\\\/\\\/schema.org\",\"@graph\":[{\"@type\":\"WebPage\",\"@id\":\"https:\\\/\\\/safetysource-eg.com\\\/en\\\/product\\\/ds-k1t807ebwx-qre1-card-terminal\\\/\",\"url\":\"https:\\\/\\\/safetysource-eg.com\\\/en\\\/product\\\/ds-k1t807ebwx-qre1-card-terminal\\\/\",\"name\":\"DS-K1T807EBWX-QRE1 Card Terminal 5000 Cards WiFi PoE\",\"isPartOf\":{\"@id\":\"https:\\\/\\\/safetysource-eg.com\\\/en\\\/#website\"},\"primaryImageOfPage\":{\"@id\":\"https:\\\/\\\/safetysource-eg.com\\\/en\\\/product\\\/ds-k1t807ebwx-qre1-card-terminal\\\/#primaryimage\"},\"image\":{\"@id\":\"https:\\\/\\\/safetysource-eg.com\\\/en\\\/product\\\/ds-k1t807ebwx-qre1-card-terminal\\\/#primaryimage\"},\"thumbnailUrl\":\"https:\\\/\\\/safetysource-eg.com\\\/wp-content\\\/uploads\\\/2026\\\/02\\\/value-3.webp\",\"datePublished\":\"2026-02-18T18:09:54+00:00\",\"dateModified\":\"2026-02-18T18:24:06+00:00\",\"description\":\"DS-K1T807EBWX-QRE1 value card terminal with 5000 EM cards capacity, WiFi, PoE, ISAPI & ISUP 5.0 support, and 150,000 event logs.\",\"breadcrumb\":{\"@id\":\"https:\\\/\\\/safetysource-eg.com\\\/en\\\/product\\\/ds-k1t807ebwx-qre1-card-terminal\\\/#breadcrumb\"},\"inLanguage\":\"en-US\",\"potentialAction\":[{\"@type\":\"ReadAction\",\"target\":[\"https:\\\/\\\/safetysource-eg.com\\\/en\\\/product\\\/ds-k1t807ebwx-qre1-card-terminal\\\/\"]}]},{\"@type\":\"ImageObject\",\"inLanguage\":\"en-US\",\"@id\":\"https:\\\/\\\/safetysource-eg.com\\\/en\\\/product\\\/ds-k1t807ebwx-qre1-card-terminal\\\/#primaryimage\",\"url\":\"https:\\\/\\\/safetysource-eg.com\\\/wp-content\\\/uploads\\\/2026\\\/02\\\/value-3.webp\",\"contentUrl\":\"https:\\\/\\\/safetysource-eg.com\\\/wp-content\\\/uploads\\\/2026\\\/02\\\/value-3.webp\",\"width\":1000,\"height\":1000},{\"@type\":\"BreadcrumbList\",\"@id\":\"https:\\\/\\\/safetysource-eg.com\\\/en\\\/product\\\/ds-k1t807ebwx-qre1-card-terminal\\\/#breadcrumb\",\"itemListElement\":[{\"@type\":\"ListItem\",\"position\":1,\"name\":\"Home\",\"item\":\"https:\\\/\\\/safetysource-eg.com\\\/en\\\/\"},{\"@type\":\"ListItem\",\"position\":2,\"name\":\"Products\",\"item\":\"https:\\\/\\\/safetysource-eg.com\\\/en\\\/products\\\/\"},{\"@type\":\"ListItem\",\"position\":3,\"name\":\"DS-K1T807EBWX-QRE1 Value Card Terminal\"}]},{\"@type\":\"WebSite\",\"@id\":\"https:\\\/\\\/safetysource-eg.com\\\/en\\\/#website\",\"url\":\"https:\\\/\\\/safetysource-eg.com\\\/en\\\/\",\"name\":\"\u0633\u064a\u0641\u062a\u0649 \u0633\u0648\u0631\u0633\",\"description\":\"\u0623\u0646\u0638\u0645\u0629 \u0623\u0645\u0627\u0646 \u0630\u0643\u064a\u0629\",\"potentialAction\":[{\"@type\":\"SearchAction\",\"target\":{\"@type\":\"EntryPoint\",\"urlTemplate\":\"https:\\\/\\\/safetysource-eg.com\\\/en\\\/?s={search_term_string}\"},\"query-input\":{\"@type\":\"PropertyValueSpecification\",\"valueRequired\":true,\"valueName\":\"search_term_string\"}}],\"inLanguage\":\"en-US\"}]}<\/script>\n<!-- \/ Yoast SEO plugin. -->","yoast_head_json":{"title":"DS-K1T807EBWX-QRE1 Card Terminal 5000 Cards WiFi PoE","description":"DS-K1T807EBWX-QRE1 value card terminal with 5000 EM cards capacity, WiFi, PoE, ISAPI & ISUP 5.0 support, and 150,000 event logs.","robots":{"index":"index","follow":"follow","max-snippet":"max-snippet:-1","max-image-preview":"max-image-preview:large","max-video-preview":"max-video-preview:-1"},"canonical":"https:\/\/safetysource-eg.com\/en\/product\/ds-k1t807ebwx-qre1-card-terminal\/","og_locale":"en_US","og_type":"article","og_title":"DS-K1T807EBWX-QRE1 Card Terminal 5000 Cards WiFi PoE","og_description":"DS-K1T807EBWX-QRE1 value card terminal with 5000 EM cards capacity, WiFi, PoE, ISAPI & ISUP 5.0 support, and 150,000 event logs.","og_url":"https:\/\/safetysource-eg.com\/en\/product\/ds-k1t807ebwx-qre1-card-terminal\/","og_site_name":"\u0633\u064a\u0641\u062a\u0649 \u0633\u0648\u0631\u0633","article_modified_time":"2026-02-18T18:24:06+00:00","og_image":[{"width":1000,"height":1000,"url":"https:\/\/safetysource-eg.com\/wp-content\/uploads\/2026\/02\/value-3.webp","type":"image\/webp"}],"twitter_card":"summary_large_image","twitter_misc":{"Est. reading time":"1 minute"},"schema":{"@context":"https:\/\/schema.org","@graph":[{"@type":"WebPage","@id":"https:\/\/safetysource-eg.com\/en\/product\/ds-k1t807ebwx-qre1-card-terminal\/","url":"https:\/\/safetysource-eg.com\/en\/product\/ds-k1t807ebwx-qre1-card-terminal\/","name":"DS-K1T807EBWX-QRE1 Card Terminal 5000 Cards WiFi PoE","isPartOf":{"@id":"https:\/\/safetysource-eg.com\/en\/#website"},"primaryImageOfPage":{"@id":"https:\/\/safetysource-eg.com\/en\/product\/ds-k1t807ebwx-qre1-card-terminal\/#primaryimage"},"image":{"@id":"https:\/\/safetysource-eg.com\/en\/product\/ds-k1t807ebwx-qre1-card-terminal\/#primaryimage"},"thumbnailUrl":"https:\/\/safetysource-eg.com\/wp-content\/uploads\/2026\/02\/value-3.webp","datePublished":"2026-02-18T18:09:54+00:00","dateModified":"2026-02-18T18:24:06+00:00","description":"DS-K1T807EBWX-QRE1 value card terminal with 5000 EM cards capacity, WiFi, PoE, ISAPI & ISUP 5.0 support, and 150,000 event logs.","breadcrumb":{"@id":"https:\/\/safetysource-eg.com\/en\/product\/ds-k1t807ebwx-qre1-card-terminal\/#breadcrumb"},"inLanguage":"en-US","potentialAction":[{"@type":"ReadAction","target":["https:\/\/safetysource-eg.com\/en\/product\/ds-k1t807ebwx-qre1-card-terminal\/"]}]},{"@type":"ImageObject","inLanguage":"en-US","@id":"https:\/\/safetysource-eg.com\/en\/product\/ds-k1t807ebwx-qre1-card-terminal\/#primaryimage","url":"https:\/\/safetysource-eg.com\/wp-content\/uploads\/2026\/02\/value-3.webp","contentUrl":"https:\/\/safetysource-eg.com\/wp-content\/uploads\/2026\/02\/value-3.webp","width":1000,"height":1000},{"@type":"BreadcrumbList","@id":"https:\/\/safetysource-eg.com\/en\/product\/ds-k1t807ebwx-qre1-card-terminal\/#breadcrumb","itemListElement":[{"@type":"ListItem","position":1,"name":"Home","item":"https:\/\/safetysource-eg.com\/en\/"},{"@type":"ListItem","position":2,"name":"Products","item":"https:\/\/safetysource-eg.com\/en\/products\/"},{"@type":"ListItem","position":3,"name":"DS-K1T807EBWX-QRE1 Value Card Terminal"}]},{"@type":"WebSite","@id":"https:\/\/safetysource-eg.com\/en\/#website","url":"https:\/\/safetysource-eg.com\/en\/","name":"\u0633\u064a\u0641\u062a\u0649 \u0633\u0648\u0631\u0633","description":"\u0623\u0646\u0638\u0645\u0629 \u0623\u0645\u0627\u0646 \u0630\u0643\u064a\u0629","potentialAction":[{"@type":"SearchAction","target":{"@type":"EntryPoint","urlTemplate":"https:\/\/safetysource-eg.com\/en\/?s={search_term_string}"},"query-input":{"@type":"PropertyValueSpecification","valueRequired":true,"valueName":"search_term_string"}}],"inLanguage":"en-US"}]}},"_links":{"self":[{"href":"https:\/\/safetysource-eg.com\/en\/wp-json\/wp\/v2\/product\/19941","targetHints":{"allow":["GET"]}}],"collection":[{"href":"https:\/\/safetysource-eg.com\/en\/wp-json\/wp\/v2\/product"}],"about":[{"href":"https:\/\/safetysource-eg.com\/en\/wp-json\/wp\/v2\/types\/product"}],"wp:featuredmedia":[{"embeddable":true,"href":"https:\/\/safetysource-eg.com\/en\/wp-json\/wp\/v2\/media\/19938"}],"wp:attachment":[{"href":"https:\/\/safetysource-eg.com\/en\/wp-json\/wp\/v2\/media?parent=19941"}],"wp:term":[{"taxonomy":"product_brand","embeddable":true,"href":"https:\/\/safetysource-eg.com\/en\/wp-json\/wp\/v2\/product_brand?post=19941"},{"taxonomy":"product_cat","embeddable":true,"href":"https:\/\/safetysource-eg.com\/en\/wp-json\/wp\/v2\/product_cat?post=19941"},{"taxonomy":"product_tag","embeddable":true,"href":"https:\/\/safetysource-eg.com\/en\/wp-json\/wp\/v2\/product_tag?post=19941"}],"curies":[{"name":"wp","href":"https:\/\/api.w.org\/{rel}","templated":true}]}}