{"id":19975,"date":"2026-03-26T14:19:26","date_gmt":"2026-03-26T14:19:26","guid":{"rendered":"https:\/\/safetysource-eg.com\/?post_type=product&#038;p=19975"},"modified":"2026-04-16T14:02:31","modified_gmt":"2026-04-16T14:02:31","slug":"ds-tmg320-ml-series-barrier-gates","status":"publish","type":"product","link":"https:\/\/safetysource-eg.com\/en\/product\/ds-tmg320-ml-series-barrier-gates\/","title":{"rendered":"DS-TMG320-ML Series Barrier Gates"},"content":{"rendered":"<div class=\"product_description_title_tag_container\">\n<div class=\"product_description_title\">\n<div class=\"product_description_title_tag_container\">\n<div class=\"product_description_title\">\n<h2><em><strong><span class=\"tech-specs-items-description__title--heading\">Barrier Housing<\/span><\/strong><\/em><\/h2>\n<ul class=\"tech-specs-items-description\" data-target=\"Barrier Housing\">\n<li class=\"tech-specs-items-description-list\"><span class=\"tech-specs-items-description__title\">Barrier Housing Material :<\/span><span class=\"tech-specs-items-description__title-details\">SGCC<\/span><\/li>\n<li class=\"tech-specs-items-description-list\"><span class=\"tech-specs-items-description__title\">Barrier Housing Thickness: <\/span><span class=\"tech-specs-items-description__title-details\">1.5 mm<\/span><\/li>\n<li class=\"tech-specs-items-description-list\"><span class=\"tech-specs-items-description__title\">Barrier Housing Color :<\/span><span class=\"tech-specs-items-description__title-details\">Black background with silver pattern<\/span><\/li>\n<li class=\"tech-specs-items-description-list\"><span class=\"tech-specs-items-description__title\">Boom Pole Installation Height :<\/span><span class=\"tech-specs-items-description__title-details\">880 mm<\/span><\/li>\n<li class=\"tech-specs-items-description-list\"><span class=\"tech-specs-items-description__title\">Body Indicators :<\/span><span class=\"tech-specs-items-description__title-details\">without Indicator\u00a0<\/span><\/li>\n<li><em><strong><span class=\"tech-specs-items-description__title--heading\">Barrier Gate General\u00a0 \u00a0\u00a0<\/span><\/strong><\/em><\/li>\n<\/ul>\n<ul class=\"tech-specs-items-description\" data-target=\"Barrier Gate General\">\n<li class=\"tech-specs-items-description-list\"><span class=\"tech-specs-items-description__title\">Matched Boom Pole Type<\/span>\n<p class=\"mb-p\">DS-TMG320-ML\/DS-TMG320-MR: DS-TMG001-3D(3m octagonal), DS-TMG001-3D(4m octagonal), DS-TMG001-3D(2.6-4m), DS-TMG002-3D(1.5+1.5m), DS-TMG001-6L(3m)(1.4mm), DS-TMG002-6L(1.5+1.5m)<\/p>\n<p class=\"mb-p\">DS-TMG320-LL\/DS-TMG320-LR: DS-TMG001-3D(3.6-6m), DS-TMG002-3D(2+2m), DS-TMG002-3D(2.5+2.5m), DS-TMG001-6L(4m)(1.4mm), DS-TMG002-6L(2+2m)<\/p>\n<\/li>\n<li class=\"tech-specs-items-description-list\"><span class=\"tech-specs-items-description__title\">Rising Speed\u00a0 :<\/span><span class=\"tech-specs-items-description__title-details\">3m: 3s, 4m: 3.5s, 2.6-4m telescopic: 4s, 1.5+1.5 m folding: 3s, 3.6-6 m telescopic: 6.5s, 2+2 m folding: 4s, 2.5+2.5 m folding: 5.5s, 3m light: 3s, 4m light: 3.5s, 1.5+1.5m light folding: 3s, 2+2m light folding: 4s<\/span><\/li>\n<li class=\"tech-specs-items-description-list\"><span class=\"tech-specs-items-description__title\">Falling Speed :<\/span><span class=\"tech-specs-items-description__title-details\">3m: 3s, 4m: 3.5s, 2.6-4m telescopic: 4.5s, 1.5+1.5 m folding: 4s, 3.6-6 m telescopic: 7.5s, 2+2 m folding: 6s, 2.5+2.5 m folding: 7s, 3m light: 3s, 4m light: 3.5s, 1.5+1.5m light folding: 3s, 2+2m light folding: 4.5s<\/span><\/li>\n<li class=\"tech-specs-items-description-list\"><span class=\"tech-specs-items-description__title\">Boom Pole Direction<\/span>\n<p class=\"mb-p\">DS-TMG320-ML\/DS-TMG320-LL: left<\/p>\n<p class=\"mb-p\">DS-TMG320-MR\/DS-TMG320-LR: right<\/p>\n<\/li>\n<li class=\"tech-specs-items-description-list\"><span class=\"tech-specs-items-description__title\">Boom Pole Falling Delay: <\/span><span class=\"tech-specs-items-description__title-details\">1~600s<\/span><\/li>\n<li class=\"tech-specs-items-description-list\"><span class=\"tech-specs-items-description__title\">Motor Type: <\/span><span class=\"tech-specs-items-description__title-details\">DC Brushless Motor<\/span><\/li>\n<li class=\"tech-specs-items-description-list\"><span class=\"tech-specs-items-description__title\">Number of Cycles: <\/span><span class=\"tech-specs-items-description__title-details\">2500000<\/span><\/li>\n<li class=\"tech-specs-items-description-list\"><span class=\"tech-specs-items-description__title\">Working Voltage :<\/span><span class=\"tech-specs-items-description__title-details\">24VDC<\/span><\/li>\n<li class=\"tech-specs-items-description-list\"><span class=\"tech-specs-items-description__title\">Remote Controller Frequency :<\/span><span class=\"tech-specs-items-description__title-details\">433.5 MHz<\/span><\/li>\n<li class=\"tech-specs-items-description-list\"><span class=\"tech-specs-items-description__title\">Max. Number of Remote Controller Binding:<\/span><span class=\"tech-specs-items-description__title-details\">64<\/span><\/li>\n<li class=\"tech-specs-items-description-list\"><span class=\"tech-specs-items-description__title\">Consumption: <\/span><span class=\"tech-specs-items-description__title-details\">100W<\/span><\/li>\n<li class=\"tech-specs-items-description-list\"><span class=\"tech-specs-items-description__title\">Temperature and Humidity :<\/span><span class=\"tech-specs-items-description__title-details\">Temperature: -30 \u00b0C to 70 \u00b0C (-22 \u00b0F to 158 \u00b0F)<\/span><\/li>\n<li class=\"tech-specs-items-description-list\"><span class=\"tech-specs-items-description__title\">Rising Boom Pole for Poweroff: <\/span><span class=\"tech-specs-items-description__title-details\">Optional, order emergency barrier-lifting module independently<\/span><\/li>\n<\/ul>\n<ul class=\"tech-specs-items-description\" data-target=\"Barrier Gate\">\n<li class=\"tech-specs-items-description-list\"><span class=\"tech-specs-items-description__title--heading\">Barrier Gate<\/span><\/li>\n<li class=\"tech-specs-items-description-list\"><span class=\"tech-specs-items-description__title\">Duty Cycle :<\/span><span class=\"tech-specs-items-description__title-details\">100% <\/span><\/li>\n<li class=\"tech-specs-items-description-list\"><em><strong><span class=\"tech-specs-items-description__title--heading\">Interface<\/span><\/strong><\/em><\/li>\n<\/ul>\n<ul class=\"tech-specs-items-description\" data-target=\"Interface\">\n<li class=\"tech-specs-items-description-list\"><span class=\"tech-specs-items-description__title\">Rising to Limit: <\/span><span class=\"tech-specs-items-description__title-details\">1 group<\/span><\/li>\n<li class=\"tech-specs-items-description-list\"><span class=\"tech-specs-items-description__title\">Falling to Limit:<\/span><span class=\"tech-specs-items-description__title-details\">1 group<\/span><\/li>\n<li class=\"tech-specs-items-description-list\"><span class=\"tech-specs-items-description__title\">Open:<\/span><span class=\"tech-specs-items-description__title-details\">1 group<\/span><\/li>\n<li class=\"tech-specs-items-description-list\"><span class=\"tech-specs-items-description__title\">Close:<\/span><span class=\"tech-specs-items-description__title-details\">1 group<\/span><\/li>\n<li class=\"tech-specs-items-description-list\"><span class=\"tech-specs-items-description__title\">RS-485:<\/span><span class=\"tech-specs-items-description__title-details\">1 group<\/span><\/li>\n<li class=\"tech-specs-items-description-list\"><span class=\"tech-specs-items-description__title\">Stop:<\/span><span class=\"tech-specs-items-description__title-details\">1 group<\/span><\/li>\n<li class=\"tech-specs-items-description-list\"><span class=\"tech-specs-items-description__title\">IR\/Vehicle Detector\/Radar:<\/span><span class=\"tech-specs-items-description__title-details\">1 group<\/span><\/li>\n<li class=\"tech-specs-items-description-list\"><span class=\"tech-specs-items-description__title\">LED Indicators:<\/span><span class=\"tech-specs-items-description__title-details\">1 group<\/span><\/li>\n<\/ul>\n<ul class=\"tech-specs-items-description\" data-target=\"Approval\">\n<li class=\"tech-specs-items-description-list\">\n<h2><em><strong><span class=\"tech-specs-items-description__title--heading\">Approval<\/span><\/strong><\/em><\/h2>\n<\/li>\n<li class=\"tech-specs-items-description-list\"><span class=\"tech-specs-items-description__title\">RF<\/span>\n<p class=\"mb-p\">CE-RED<\/p>\n<p class=\"mb-p\">EN 61000-3-3: 2013+ A1:2019+A2:2021<\/p>\n<p class=\"mb-p\">EN IEC 61000-3-2: 2019+A1:2021+A2:2024<\/p>\n<p class=\"mb-p\">EN 301 489-1 V2.2.3<\/p>\n<p class=\"mb-p\">EN 301 489-3 V2.3.2<\/p>\n<p class=\"mb-p\">EN 301 489-17 V3.3.1<\/p>\n<p class=\"mb-p\">EN 300 328 V2.2.2<\/p>\n<p class=\"mb-p\">EN 300 220-1 V3.1.1<\/p>\n<p class=\"mb-p\">EN 300 220-2 V3.1.1<\/p>\n<p class=\"mb-p\">EN IEC 62311:2020<\/p>\n<\/li>\n<li class=\"tech-specs-items-description-list\"><span class=\"tech-specs-items-description__title\">EMC<\/span>\n<p class=\"mb-p\">CE-EMC<\/p>\n<p class=\"mb-p\">EN 50130-4: 2011+A1:2014<\/p>\n<p class=\"mb-p\">EN 55032: 2015+A11:2020+A1:2020<\/p>\n<p class=\"mb-p\">EN 55035: 2017+A11:2020<\/p>\n<p class=\"mb-p\">EN 61000-3-3: 2013+ A1:2019+A2:2021<\/p>\n<p class=\"mb-p\">EN IEC 61000-3-2: 2019+A1:2021+A2:2024<\/p>\n<\/li>\n<li class=\"tech-specs-items-description-list\"><span class=\"tech-specs-items-description__title\">Security<\/span>\n<p class=\"mb-p\">CE-LVD<\/p>\n<p class=\"mb-p\">EN 62368-1: 2014 + A11: 2017<\/p>\n<p class=\"mb-p\">EN IEC 62368-1:2020+A11:2020<\/p>\n<\/li>\n<li class=\"tech-specs-items-description-list\"><span class=\"tech-specs-items-description__title\">Environment :<\/span><span class=\"tech-specs-items-description__title-details\">ROHS<\/span><\/li>\n<li class=\"tech-specs-items-description-list\"><span class=\"tech-specs-items-description__title\">Protection :<\/span><span class=\"tech-specs-items-description__title-details\">I:P54<\/span><\/li>\n<\/ul>\n<ul class=\"tech-specs-items-description\" data-target=\"General\">\n<li class=\"tech-specs-items-description-list\">\n<h2><em><strong><span class=\"tech-specs-items-description__title--heading\">General<\/span><\/strong><\/em><\/h2>\n<\/li>\n<li class=\"tech-specs-items-description-list\"><span class=\"tech-specs-items-description__title\">Power Supply:<\/span><span class=\"tech-specs-items-description__title-details\">110\/220 VAC(switchable)<\/span><\/li>\n<li class=\"tech-specs-items-description-list\"><span class=\"tech-specs-items-description__title\">Bluetooth :<\/span><span class=\"tech-specs-items-description__title-details\">supported<\/span><\/li>\n<li class=\"tech-specs-items-description-list\"><span class=\"tech-specs-items-description__title\">Remote Control Distance:<\/span><span class=\"tech-specs-items-description__title-details\">30m<\/span><\/li>\n<li class=\"tech-specs-items-description-list\"><span class=\"tech-specs-items-description__title\">Dimensions:<\/span><span class=\"tech-specs-items-description__title-details\">1040 \u00d7 340 \u00d7 298.3 mm (40.94 \u00d7 13.39 \u00d7 11.74 inch)<\/span><\/li>\n<li class=\"tech-specs-items-description-list\"><span class=\"tech-specs-items-description__title-details\">37.79 kg (83.31 lb.)<\/span><\/li>\n<li class=\"tech-specs-items-description-list\"><span class=\"tech-specs-items-description__title\">Dimensions (with Package):<\/span><span class=\"tech-specs-items-description__title-details\">1143 \u00d7 436 \u00d7 403mm(45 \u00d7 17.17 \u00d7 15.87inch)<\/span><\/li>\n<li class=\"tech-specs-items-description-list\"><span class=\"tech-specs-items-description__title\">Weight (with Package):<\/span><span class=\"tech-specs-items-description__title-details\">40.9 kg (90.17 lb.)<\/span><\/li>\n<\/ul>\n<\/div>\n<\/div>\n<\/div>\n<\/div>\n<div>\n<div><\/div>\n<div>\n<div><\/div>\n<div>\n<p><button class=\"btn\"><a href=\"https:\/\/assets.hikvision.com\/prd\/normal\/all\/doc\/m000159663\/DS-TMG320_Datasheet_20250814.pdf?token=2314731134066d5b32442884f9522c5e&amp;t=1774529447\" target=\"_blank\" rel=\"noopener\">Download data sheet<\/a><\/button><\/p>\n<\/div>\n<\/div>\n<p>&nbsp;<\/p>\n<div><\/div>\n<div><\/div>\n<div>\n<p><button class=\"btn\"><a href=\"https:\/\/pinfo.hikvision.com\/hkwsen\/unzip\/20251127170129_68242_doc\/UD42870B_Baseline_DS-TMG320%20Series%20Barrier%20Gate_User%20Manual_V1.0.0_20251126.pdf\" target=\"_blank\" rel=\"noopener\">User manual<\/a><\/button><\/p>\n<\/div>\n<\/div>\n<div>\n<p>&nbsp;<\/p>\n<\/div>\n<p>&nbsp;<\/p>\n<p>&nbsp;<\/p>\n","protected":false},"excerpt":{"rendered":"<ul class=\"product_description_item-list\">\n<li class=\"product_description_item\">Supports convenient side installation with compact structure.<\/li>\n<li class=\"product_description_item\">Adopts small DC brushless motor with low noise to increase output torque and realize precise intelligent control.<\/li>\n<li class=\"product_description_item\">Supports multiple anti-fall modes such as IR, vehicle detectors, and radars.<\/li>\n<li class=\"product_description_item\">Delayed boom pole closing. Supports 1 to 600 seconds.<\/li>\n<li class=\"product_description_item\">Supports Bluetooth connection with smartphone app for barrier gate configuration.<\/li>\n<li class=\"product_description_item\">Standardized chuck, one chuck fits all types of boom pole<\/li>\n<\/ul>\n","protected":false},"featured_media":19986,"template":"","meta":{"_acf_changed":false},"product_brand":[],"product_cat":[339],"product_tag":[],"class_list":{"0":"post-19975","1":"product","2":"type-product","3":"status-publish","4":"has-post-thumbnail","6":"product_cat-barrier-gates-en","8":"first","9":"instock","10":"shipping-taxable","11":"product-type-simple"},"acf":[],"yoast_head":"<!-- This site is optimized with the Yoast SEO plugin v27.3 - https:\/\/yoast.com\/product\/yoast-seo-wordpress\/ -->\n<title>Automatic Barrier Gate for Parking Smart Brushless Motor Gate<\/title>\n<meta name=\"description\" content=\"Upgrade your parking management with a Smart Automatic Barrier Gate, designed for efficiency, safety, and intelligent control.\" \/>\n<meta name=\"robots\" content=\"index, follow, max-snippet:-1, max-image-preview:large, max-video-preview:-1\" \/>\n<link rel=\"canonical\" href=\"https:\/\/safetysource-eg.com\/en\/product\/ds-tmg320-ml-series-barrier-gates\/\" \/>\n<meta property=\"og:locale\" content=\"en_US\" \/>\n<meta property=\"og:type\" content=\"article\" \/>\n<meta property=\"og:title\" content=\"Automatic Barrier Gate for Parking Smart Brushless Motor Gate\" \/>\n<meta property=\"og:description\" content=\"Upgrade your parking management with a Smart Automatic Barrier Gate, designed for efficiency, safety, and intelligent control.\" \/>\n<meta property=\"og:url\" content=\"https:\/\/safetysource-eg.com\/en\/product\/ds-tmg320-ml-series-barrier-gates\/\" \/>\n<meta property=\"og:site_name\" content=\"\u0633\u064a\u0641\u062a\u0649 \u0633\u0648\u0631\u0633\" \/>\n<meta property=\"article:modified_time\" content=\"2026-04-16T14:02:31+00:00\" \/>\n<meta property=\"og:image\" content=\"https:\/\/safetysource-eg.com\/wp-content\/uploads\/2026\/03\/hikvision-Barrier-Gates-system.webp\" \/>\n\t<meta property=\"og:image:width\" content=\"1000\" \/>\n\t<meta property=\"og:image:height\" content=\"1000\" \/>\n\t<meta property=\"og:image:type\" content=\"image\/webp\" \/>\n<meta name=\"twitter:card\" content=\"summary_large_image\" \/>\n<meta name=\"twitter:label1\" content=\"Est. reading time\" \/>\n\t<meta name=\"twitter:data1\" content=\"2 minutes\" \/>\n<script type=\"application\/ld+json\" class=\"yoast-schema-graph\">{\"@context\":\"https:\\\/\\\/schema.org\",\"@graph\":[{\"@type\":\"WebPage\",\"@id\":\"https:\\\/\\\/safetysource-eg.com\\\/en\\\/product\\\/ds-tmg320-ml-series-barrier-gates\\\/\",\"url\":\"https:\\\/\\\/safetysource-eg.com\\\/en\\\/product\\\/ds-tmg320-ml-series-barrier-gates\\\/\",\"name\":\"Automatic Barrier Gate for Parking Smart Brushless Motor Gate\",\"isPartOf\":{\"@id\":\"https:\\\/\\\/safetysource-eg.com\\\/en\\\/#website\"},\"primaryImageOfPage\":{\"@id\":\"https:\\\/\\\/safetysource-eg.com\\\/en\\\/product\\\/ds-tmg320-ml-series-barrier-gates\\\/#primaryimage\"},\"image\":{\"@id\":\"https:\\\/\\\/safetysource-eg.com\\\/en\\\/product\\\/ds-tmg320-ml-series-barrier-gates\\\/#primaryimage\"},\"thumbnailUrl\":\"https:\\\/\\\/safetysource-eg.com\\\/wp-content\\\/uploads\\\/2026\\\/03\\\/images.webp\",\"datePublished\":\"2026-03-26T14:19:26+00:00\",\"dateModified\":\"2026-04-16T14:02:31+00:00\",\"description\":\"Upgrade your parking management with a Smart Automatic Barrier Gate, designed for efficiency, safety, and intelligent control.\",\"breadcrumb\":{\"@id\":\"https:\\\/\\\/safetysource-eg.com\\\/en\\\/product\\\/ds-tmg320-ml-series-barrier-gates\\\/#breadcrumb\"},\"inLanguage\":\"en-US\",\"potentialAction\":[{\"@type\":\"ReadAction\",\"target\":[\"https:\\\/\\\/safetysource-eg.com\\\/en\\\/product\\\/ds-tmg320-ml-series-barrier-gates\\\/\"]}]},{\"@type\":\"ImageObject\",\"inLanguage\":\"en-US\",\"@id\":\"https:\\\/\\\/safetysource-eg.com\\\/en\\\/product\\\/ds-tmg320-ml-series-barrier-gates\\\/#primaryimage\",\"url\":\"https:\\\/\\\/safetysource-eg.com\\\/wp-content\\\/uploads\\\/2026\\\/03\\\/images.webp\",\"contentUrl\":\"https:\\\/\\\/safetysource-eg.com\\\/wp-content\\\/uploads\\\/2026\\\/03\\\/images.webp\",\"width\":1000,\"height\":1000,\"caption\":\"Series Gates\"},{\"@type\":\"BreadcrumbList\",\"@id\":\"https:\\\/\\\/safetysource-eg.com\\\/en\\\/product\\\/ds-tmg320-ml-series-barrier-gates\\\/#breadcrumb\",\"itemListElement\":[{\"@type\":\"ListItem\",\"position\":1,\"name\":\"Home\",\"item\":\"https:\\\/\\\/safetysource-eg.com\\\/en\\\/\"},{\"@type\":\"ListItem\",\"position\":2,\"name\":\"Products\",\"item\":\"https:\\\/\\\/safetysource-eg.com\\\/en\\\/products\\\/\"},{\"@type\":\"ListItem\",\"position\":3,\"name\":\"DS-TMG320-ML Series Barrier Gates\"}]},{\"@type\":\"WebSite\",\"@id\":\"https:\\\/\\\/safetysource-eg.com\\\/en\\\/#website\",\"url\":\"https:\\\/\\\/safetysource-eg.com\\\/en\\\/\",\"name\":\"\u0633\u064a\u0641\u062a\u0649 \u0633\u0648\u0631\u0633\",\"description\":\"\u0623\u0646\u0638\u0645\u0629 \u0623\u0645\u0627\u0646 \u0630\u0643\u064a\u0629\",\"potentialAction\":[{\"@type\":\"SearchAction\",\"target\":{\"@type\":\"EntryPoint\",\"urlTemplate\":\"https:\\\/\\\/safetysource-eg.com\\\/en\\\/?s={search_term_string}\"},\"query-input\":{\"@type\":\"PropertyValueSpecification\",\"valueRequired\":true,\"valueName\":\"search_term_string\"}}],\"inLanguage\":\"en-US\"}]}<\/script>\n<!-- \/ Yoast SEO plugin. -->","yoast_head_json":{"title":"Automatic Barrier Gate for Parking Smart Brushless Motor Gate","description":"Upgrade your parking management with a Smart Automatic Barrier Gate, designed for efficiency, safety, and intelligent control.","robots":{"index":"index","follow":"follow","max-snippet":"max-snippet:-1","max-image-preview":"max-image-preview:large","max-video-preview":"max-video-preview:-1"},"canonical":"https:\/\/safetysource-eg.com\/en\/product\/ds-tmg320-ml-series-barrier-gates\/","og_locale":"en_US","og_type":"article","og_title":"Automatic Barrier Gate for Parking Smart Brushless Motor Gate","og_description":"Upgrade your parking management with a Smart Automatic Barrier Gate, designed for efficiency, safety, and intelligent control.","og_url":"https:\/\/safetysource-eg.com\/en\/product\/ds-tmg320-ml-series-barrier-gates\/","og_site_name":"\u0633\u064a\u0641\u062a\u0649 \u0633\u0648\u0631\u0633","article_modified_time":"2026-04-16T14:02:31+00:00","og_image":[{"width":1000,"height":1000,"url":"https:\/\/safetysource-eg.com\/wp-content\/uploads\/2026\/03\/hikvision-Barrier-Gates-system.webp","type":"image\/webp"}],"twitter_card":"summary_large_image","twitter_misc":{"Est. reading time":"2 minutes"},"schema":{"@context":"https:\/\/schema.org","@graph":[{"@type":"WebPage","@id":"https:\/\/safetysource-eg.com\/en\/product\/ds-tmg320-ml-series-barrier-gates\/","url":"https:\/\/safetysource-eg.com\/en\/product\/ds-tmg320-ml-series-barrier-gates\/","name":"Automatic Barrier Gate for Parking Smart Brushless Motor Gate","isPartOf":{"@id":"https:\/\/safetysource-eg.com\/en\/#website"},"primaryImageOfPage":{"@id":"https:\/\/safetysource-eg.com\/en\/product\/ds-tmg320-ml-series-barrier-gates\/#primaryimage"},"image":{"@id":"https:\/\/safetysource-eg.com\/en\/product\/ds-tmg320-ml-series-barrier-gates\/#primaryimage"},"thumbnailUrl":"https:\/\/safetysource-eg.com\/wp-content\/uploads\/2026\/03\/images.webp","datePublished":"2026-03-26T14:19:26+00:00","dateModified":"2026-04-16T14:02:31+00:00","description":"Upgrade your parking management with a Smart Automatic Barrier Gate, designed for efficiency, safety, and intelligent control.","breadcrumb":{"@id":"https:\/\/safetysource-eg.com\/en\/product\/ds-tmg320-ml-series-barrier-gates\/#breadcrumb"},"inLanguage":"en-US","potentialAction":[{"@type":"ReadAction","target":["https:\/\/safetysource-eg.com\/en\/product\/ds-tmg320-ml-series-barrier-gates\/"]}]},{"@type":"ImageObject","inLanguage":"en-US","@id":"https:\/\/safetysource-eg.com\/en\/product\/ds-tmg320-ml-series-barrier-gates\/#primaryimage","url":"https:\/\/safetysource-eg.com\/wp-content\/uploads\/2026\/03\/images.webp","contentUrl":"https:\/\/safetysource-eg.com\/wp-content\/uploads\/2026\/03\/images.webp","width":1000,"height":1000,"caption":"Series Gates"},{"@type":"BreadcrumbList","@id":"https:\/\/safetysource-eg.com\/en\/product\/ds-tmg320-ml-series-barrier-gates\/#breadcrumb","itemListElement":[{"@type":"ListItem","position":1,"name":"Home","item":"https:\/\/safetysource-eg.com\/en\/"},{"@type":"ListItem","position":2,"name":"Products","item":"https:\/\/safetysource-eg.com\/en\/products\/"},{"@type":"ListItem","position":3,"name":"DS-TMG320-ML Series Barrier Gates"}]},{"@type":"WebSite","@id":"https:\/\/safetysource-eg.com\/en\/#website","url":"https:\/\/safetysource-eg.com\/en\/","name":"\u0633\u064a\u0641\u062a\u0649 \u0633\u0648\u0631\u0633","description":"\u0623\u0646\u0638\u0645\u0629 \u0623\u0645\u0627\u0646 \u0630\u0643\u064a\u0629","potentialAction":[{"@type":"SearchAction","target":{"@type":"EntryPoint","urlTemplate":"https:\/\/safetysource-eg.com\/en\/?s={search_term_string}"},"query-input":{"@type":"PropertyValueSpecification","valueRequired":true,"valueName":"search_term_string"}}],"inLanguage":"en-US"}]}},"_links":{"self":[{"href":"https:\/\/safetysource-eg.com\/en\/wp-json\/wp\/v2\/product\/19975","targetHints":{"allow":["GET"]}}],"collection":[{"href":"https:\/\/safetysource-eg.com\/en\/wp-json\/wp\/v2\/product"}],"about":[{"href":"https:\/\/safetysource-eg.com\/en\/wp-json\/wp\/v2\/types\/product"}],"wp:featuredmedia":[{"embeddable":true,"href":"https:\/\/safetysource-eg.com\/en\/wp-json\/wp\/v2\/media\/19986"}],"wp:attachment":[{"href":"https:\/\/safetysource-eg.com\/en\/wp-json\/wp\/v2\/media?parent=19975"}],"wp:term":[{"taxonomy":"product_brand","embeddable":true,"href":"https:\/\/safetysource-eg.com\/en\/wp-json\/wp\/v2\/product_brand?post=19975"},{"taxonomy":"product_cat","embeddable":true,"href":"https:\/\/safetysource-eg.com\/en\/wp-json\/wp\/v2\/product_cat?post=19975"},{"taxonomy":"product_tag","embeddable":true,"href":"https:\/\/safetysource-eg.com\/en\/wp-json\/wp\/v2\/product_tag?post=19975"}],"curies":[{"name":"wp","href":"https:\/\/api.w.org\/{rel}","templated":true}]}}