{"id":20031,"date":"2026-04-16T18:06:56","date_gmt":"2026-04-16T18:06:56","guid":{"rendered":"https:\/\/safetysource-eg.com\/?post_type=product&#038;p=20031"},"modified":"2026-04-16T18:11:33","modified_gmt":"2026-04-16T18:11:33","slug":"ds-3e1552p-si-48-port-gigabit-smart-poe-switch","status":"publish","type":"product","link":"https:\/\/safetysource-eg.com\/en\/product\/ds-3e1552p-si-48-port-gigabit-smart-poe-switch\/","title":{"rendered":"DS-3E1552P-SI 48 Port Gigabit Smart POE Switch"},"content":{"rendered":"<h2 class=\"main-title\"><em><strong>General<\/strong><\/em><\/h2>\n<div class=\"main-content\">\n<div class=\"main-item\">\n<div class=\"item-title\">Shell:<\/div>\n<div class=\"item-title-detail\">Metal material<\/div>\n<\/div>\n<div class=\"main-item\">\n<div class=\"item-title\">Net Weight:<\/div>\n<div class=\"item-title-detail\">4.35 kg (9.59 lb)<\/div>\n<\/div>\n<div class=\"main-item\">\n<div class=\"item-title\">Gross Weight:<\/div>\n<div class=\"item-title-detail\">4.5 kg (9.92 lb)<\/div>\n<\/div>\n<div class=\"main-item\">\n<div class=\"item-title\">Dimensions (W \u00d7 H \u00d7 D):<\/div>\n<div class=\"item-title-detail\">440.00 mm \u00d7 44.00 mm \u00d7 323.80 mm (17.32&#8221; \u00d7 1.73&#8221; \u00d7 12.71&#8221;)<\/div>\n<\/div>\n<div class=\"main-item\">\n<div class=\"item-title\">Operating Temperature:<\/div>\n<div class=\"item-title-detail\">0 \u00b0C to 45 \u00b0C (0 \u00b0F to 113 \u00b0F)<\/div>\n<\/div>\n<div class=\"main-item\">\n<div class=\"item-title\">Storage Temperature:<\/div>\n<div class=\"item-title-detail\">-40 \u00b0C to 85 \u00b0C (-40 \u00b0F to 185 \u00b0F)<\/div>\n<\/div>\n<div class=\"main-item\">\n<div class=\"item-title\">Operating Humidity:<\/div>\n<div class=\"item-title-detail\">5% to 95% (no condensation)<\/div>\n<\/div>\n<div class=\"main-item\">\n<div class=\"item-title\">Relative Humidity:<\/div>\n<div class=\"item-title-detail\">5% to 95% (no condensation)<\/div>\n<\/div>\n<div class=\"main-item\">\n<div class=\"item-title\">Power Supply:<\/div>\n<div class=\"item-title-detail\">100 to 240 V AC, 50\/60 Hz, Max. 7.5 A<\/div>\n<\/div>\n<div class=\"main-item\">\n<div class=\"item-title\">Installation Mode:<\/div>\n<div class=\"item-title-detail\">Rack (equipped with mounting ears)<\/div>\n<\/div>\n<div class=\"main-item\">\n<div class=\"item-title\">Max. Power Consumption:<\/div>\n<div class=\"item-title-detail\">500 W<\/div>\n<\/div>\n<div class=\"main-item\">\n<div class=\"item-title\">Power Consumption in Idle:<\/div>\n<div class=\"item-title-detail\">30 W<\/div>\n<\/div>\n<div class=\"main-item\">\n<div class=\"item-title\">Surge Protection:<\/div>\n<div class=\"item-title-detail\">6 KV<\/div>\n<div>\n<h2 class=\"main-title\"><em><strong>Network Parameters<\/strong><\/em><\/h2>\n<div class=\"main-content\">\n<div class=\"main-item\">\n<div class=\"item-title\">Ports:<\/div>\n<div class=\"item-title-detail\">48 \u00d7 Gigabit PoE port,2 \u00d7 Gigabit RJ45 port,2 \u00d7 Gigabit fiber optical port<\/div>\n<\/div>\n<div class=\"main-item\">\n<div class=\"item-title\">MAC Address Table:<\/div>\n<div class=\"item-title-detail\">16 K<\/div>\n<\/div>\n<div class=\"main-item\">\n<div class=\"item-title\">Switching Capacity:<\/div>\n<div class=\"item-title-detail\">104 Gbps<\/div>\n<\/div>\n<div class=\"main-item\">\n<div class=\"item-title\">Packet Forwarding Rate:<\/div>\n<div class=\"item-title-detail\">77.38 Mpps<\/div>\n<\/div>\n<div class=\"main-item\">\n<div class=\"item-title\">Internal Cache:<\/div>\n<div class=\"item-title-detail\">12 Mbits<\/div>\n<div>\n<h2 class=\"main-title\"><em><strong>PoE Power Supply<\/strong><\/em><\/h2>\n<div class=\"main-content\">\n<div class=\"main-item\">\n<div class=\"item-title\">PoE Standard:<\/div>\n<div class=\"item-title-detail\">IEEE 802.3af,IEEE 802.3at<\/div>\n<\/div>\n<div class=\"main-item\">\n<div class=\"item-title\">PoE Power Pin:<\/div>\n<div class=\"item-title-detail\">8-pin power: 1\/2(-), 3\/6(+), 4\/5(+), 7\/8(-)<\/div>\n<\/div>\n<div class=\"main-item\">\n<div class=\"item-title\">PoE Port:<\/div>\n<div class=\"item-title-detail\">PoE: Ports 1 to 48<\/div>\n<\/div>\n<div class=\"main-item\">\n<div class=\"item-title\">Max. Port Power:<\/div>\n<div class=\"item-title-detail\">30 W<\/div>\n<\/div>\n<div class=\"main-item\">\n<div class=\"item-title\">PoE Power Budget:<\/div>\n<div class=\"item-title-detail\">470 W<\/div>\n<div>\n<h2 class=\"main-title\"><em><strong>Software Function<\/strong><\/em><\/h2>\n<div class=\"main-content\">\n<div class=\"main-item\">\n<div class=\"item-title\">Long Range:<\/div>\n<div class=\"item-title-detail\">Ports 1 to 48: up to 300 m. Long range performance may vary depend on camera model or cable condition.<\/div>\n<\/div>\n<div class=\"main-item\">\n<div class=\"item-title\">Port Isolation:<\/div>\n<div class=\"item-title-detail\">Ports 1 to 52: port isolation mode to improve network security Ports in an isolation group cannot communicate with each other, but they can communicate with ports outside the isolation group.<\/div>\n<\/div>\n<div class=\"main-item\">\n<div class=\"item-title\">PoE Watchdog:<\/div>\n<div class=\"item-title-detail\">Ports 1 to 48: auto detect and restart the cameras that do not respond.<\/div>\n<\/div>\n<div class=\"main-item\">\n<div class=\"item-title\">Link Aggregation:<\/div>\n<div class=\"item-title-detail\">Link aggregation is used to aggregate multiple physical ports to form a logical port for load balancing, bandwidth expansion, and port protection. Support static link aggregation. Support 8 aggregation groups.<\/div>\n<\/div>\n<div class=\"main-item\">\n<div class=\"item-title\">QoS :<\/div>\n<div class=\"item-title-detail\">QoS is used to allocate bandwidth to different services so as to provide end-to-end service quality assurance. Support port-based priority configuration. Support SP, WRR priority schedule mode.<\/div>\n<\/div>\n<div class=\"main-item\">\n<div class=\"item-title\">Loop Prevention:<\/div>\n<div class=\"item-title-detail\">Loop prevention is used to prevent the switching network from forming loops, which will seriously affect network communication. Disabled by default. Support 802.1D STP. Support 802.1w RSTP. Support G.8032 ERPS.<\/div>\n<\/div>\n<div class=\"main-item\">\n<div class=\"item-title\">VLAN:<\/div>\n<div class=\"item-title-detail\">VLAN is used for network scale planning and network health improvement. Support 802.1Q. Configurable VLAN ID from 1-4094. Support Trunk, Access port mode. Support Max. 4094 VLAN.<\/div>\n<\/div>\n<div class=\"main-item\">\n<div class=\"item-title\">HPP:<\/div>\n<div class=\"item-title-detail\">Support one-click activation and remote management via Hik-Partner Pro. Functions supported: 1. Display the port rate. 2. Display the port bandwidth utilization rate. 3. Display the PoE power usage. 4. Display topology information. 5. Display the alarm status. 6. Restart ports and devices. 7. Enable port long-rage mode. 8. Remotely upgrade the device.<\/div>\n<\/div>\n<div class=\"main-item\">\n<div class=\"item-title\">System Maintenance:<\/div>\n<div class=\"item-title-detail\">Support device management via web. Support DHCP Client. Enabled by default for dynamic assignment of management IP addresses. Support Super IP, which is a fixed IP address (10.180.190.200) for direct access. Support management via Hik-Central Pro. Support remote management via Hik-Partner Pro. Support cable detection. Abnormal open circuits and short circuits as well as network cable length can be detected. Supports 802.1ab LLDP for peer device discovery. Support port mirroring for fault locating.<\/div>\n<\/div>\n<div class=\"main-item\">\n<div class=\"item-title\">Port Rate-Limiting:<\/div>\n<div class=\"item-title-detail\">Port rate-limiting is used for port bandwidth adjustment to prevent network congestion.<\/div>\n<\/div>\n<div class=\"main-item\">\n<div class=\"item-title\">Storm Control:<\/div>\n<div class=\"item-title-detail\">Storm control is used to prevent switch ports from being blocked by broadcast or multicast storms in the LAN, which may affect network communication. Support port rate limiting based on broadcast, multicast, and unknown unicast packets.<\/div>\n<\/div>\n<div class=\"main-item\">\n<div class=\"item-title\">DHCP Snooping:<\/div>\n<div class=\"item-title-detail\">DHCP Snooping can prevent unauthorized connections to DHCP servers from disrupting the network and affecting normal network communication, and only allow DHCP packets from trusted ports to pass through. Disable by default.<\/div>\n<\/div>\n<div class=\"main-item\">\n<div class=\"item-title\">ACL:<\/div>\n<div class=\"item-title-detail\">Port security strategy. Support up to 64 ACL entries. Support up to 128 configuration rules under all ACL entries.<\/div>\n<\/div>\n<div class=\"main-item\">\n<div class=\"item-title\">IPSG:<\/div>\n<div class=\"item-title-detail\">IPSG can control the security of port access device. Support port, MAC, IP binding. Support 256 security entries.<\/div>\n<div>\n<h2 class=\"main-title\"><em><strong>Approval<\/strong><\/em><\/h2>\n<div class=\"main-content\">\n<div class=\"main-item\">\n<div class=\"item-title\">EMC:<\/div>\n<div class=\"item-title-detail\">CE-EMC (EN 55032: 2015+A11: 2020, EN IEC 61000-3-2: 2019, EN 61000-3-3: 2013+A1: 2019, EN 50130-4: 2011+A1: 2014, EN 55035: 2017+A11: 2020)<\/div>\n<\/div>\n<div class=\"main-item\">\n<div class=\"item-title\">Safety:<\/div>\n<div class=\"item-title-detail\">CB (AMD1:2009, AMD2:2013, IEC 62368-1: 2014 (Second Edition), CE-LVD (EN 62368-1: 2014+A11: 2017)<\/div>\n<\/div>\n<div class=\"main-item\">\n<div class=\"item-title\">Chemistry:<\/div>\n<div class=\"item-title-detail\">CE-RoHS (201165EU); WEEE (201219EU); Reach (Regulation (EC) No.19072006)<\/div>\n<\/div>\n<\/div>\n<\/div>\n<\/div>\n<\/div>\n<\/div>\n<\/div>\n<\/div>\n<\/div>\n<\/div>\n<\/div>\n<\/div>\n<\/div>\n<\/div>\n<p>&nbsp;<\/p>\n<p>&nbsp;<\/p>\n<p>&nbsp;<\/p>\n<div>\n<div>\n<div><\/div>\n<div>\n<p><button class=\"btn\"><a href=\"https:\/\/assets.hikvision.com\/prd\/normal\/all\/doc\/m000071260\/DS-3E1552P-SI_Datasheet_20250724.pdf?token=3eb2c4c80dda890d92cd720d6f712a1c&amp;t=1776361699\" target=\"_blank\" rel=\"noopener\">Download data sheet<\/a><\/button><\/p>\n<\/div>\n<\/div>\n<p>&nbsp;<\/p>\n<div><\/div>\n<div><\/div>\n<div>\n<p><button class=\"btn\"><a href=\"https:\/\/assets.hikvision.com\/prd\/normal\/all\/doc\/m000071260\/UD33917B_Smart-Managed-Switch-Client_User-Manual_V1.0_20231024.pdf?token=fa70f2679e894d05fdf6b98746f9c0b5&amp;t=1776361725\" target=\"_blank\" rel=\"noopener\">User manual<\/a><\/button><\/p>\n<\/div>\n<\/div>\n<div>\n<p>&nbsp;<\/p>\n<\/div>\n","protected":false},"excerpt":{"rendered":"<div class=\"product_description_title_tag_container\">\n<div class=\"product_description_title\">\n<h2 class=\"title hidden\">DS-3E1552P-SI<\/h2>\n<div class=\"tag-container\"><\/div>\n<\/div>\n<div class=\"product_likes_compare_icons\">\n<div class=\"product_description_likes\"><\/div>\n<\/div>\n<\/div>\n<h1 class=\"prod_name prod_name-content\">48 Port Gigabit Smart POE Switch<\/h1>\n<div class=\"product_description-content\">\n<ul class=\"product_description_item-list\">\n<li class=\"product_description_item\">48 x 10\/100\/1000M PoE Ports, 2 x gigabit RJ45, 2 x gigabit SFP<\/li>\n<li class=\"product_description_item\">Total PoE Power Budget 470W<\/li>\n<li class=\"product_description_item\">Support energy saving mode with user-configurable plans<\/li>\n<li class=\"product_description_item\">Support IEEE 802.1Q VLAN tagging<\/li>\n<li class=\"product_description_item\">Support STP\/RSTP\/ERPS loop prevention with storm control<\/li>\n<li class=\"product_description_item\">Support cable detection to locate failure<\/li>\n<li class=\"product_description_item\">Support SNMP, QoS, DHCP snooping, and ARP anti-spoofing<\/li>\n<li class=\"product_description_item\">Support 6 kV surge protection<\/li>\n<\/ul>\n<\/div>\n","protected":false},"featured_media":20032,"template":"","meta":{"_acf_changed":false},"product_brand":[],"product_cat":[322,321],"product_tag":[],"class_list":{"0":"post-20031","1":"product","2":"type-product","3":"status-publish","4":"has-post-thumbnail","6":"product_cat-networking-en","7":"product_cat-poe_switches-en","9":"first","10":"instock","11":"shipping-taxable","12":"product-type-simple"},"acf":[],"yoast_head":"<!-- This site is optimized with the Yoast SEO plugin v27.3 - https:\/\/yoast.com\/product\/yoast-seo-wordpress\/ -->\n<title>DS-3E1552P-SI 48 Port Gigabit Smart POE Switch<\/title>\n<meta name=\"description\" content=\"DS-3E1552P-SI48 Port Gigabit Smart POE Switch48 x 10\/100\/1000M PoE Ports, 2 x gigabit RJ45, 2 x gigabit SFPTotal PoE Power Budget 470W\" \/>\n<meta name=\"robots\" content=\"index, follow, max-snippet:-1, max-image-preview:large, max-video-preview:-1\" \/>\n<link rel=\"canonical\" href=\"https:\/\/safetysource-eg.com\/en\/product\/ds-3e1552p-si-48-port-gigabit-smart-poe-switch\/\" \/>\n<meta property=\"og:locale\" content=\"en_US\" \/>\n<meta property=\"og:type\" content=\"article\" \/>\n<meta property=\"og:title\" content=\"DS-3E1552P-SI 48 Port Gigabit Smart POE Switch\" \/>\n<meta property=\"og:description\" content=\"DS-3E1552P-SI48 Port Gigabit Smart POE Switch48 x 10\/100\/1000M PoE Ports, 2 x gigabit RJ45, 2 x gigabit SFPTotal PoE Power Budget 470W\" \/>\n<meta property=\"og:url\" content=\"https:\/\/safetysource-eg.com\/en\/product\/ds-3e1552p-si-48-port-gigabit-smart-poe-switch\/\" \/>\n<meta property=\"og:site_name\" content=\"\u0633\u064a\u0641\u062a\u0649 \u0633\u0648\u0631\u0633\" \/>\n<meta property=\"article:modified_time\" content=\"2026-04-16T18:11:33+00:00\" \/>\n<meta property=\"og:image\" content=\"https:\/\/safetysource-eg.com\/wp-content\/uploads\/2026\/04\/1670571523192.webp\" \/>\n\t<meta property=\"og:image:width\" content=\"1000\" \/>\n\t<meta property=\"og:image:height\" content=\"1000\" \/>\n\t<meta property=\"og:image:type\" content=\"image\/webp\" \/>\n<meta name=\"twitter:card\" content=\"summary_large_image\" \/>\n<meta name=\"twitter:label1\" content=\"Est. reading time\" \/>\n\t<meta name=\"twitter:data1\" content=\"4 minutes\" \/>\n<script type=\"application\/ld+json\" class=\"yoast-schema-graph\">{\"@context\":\"https:\\\/\\\/schema.org\",\"@graph\":[{\"@type\":\"WebPage\",\"@id\":\"https:\\\/\\\/safetysource-eg.com\\\/en\\\/product\\\/ds-3e1552p-si-48-port-gigabit-smart-poe-switch\\\/\",\"url\":\"https:\\\/\\\/safetysource-eg.com\\\/en\\\/product\\\/ds-3e1552p-si-48-port-gigabit-smart-poe-switch\\\/\",\"name\":\"DS-3E1552P-SI 48 Port Gigabit Smart POE Switch\",\"isPartOf\":{\"@id\":\"https:\\\/\\\/safetysource-eg.com\\\/en\\\/#website\"},\"primaryImageOfPage\":{\"@id\":\"https:\\\/\\\/safetysource-eg.com\\\/en\\\/product\\\/ds-3e1552p-si-48-port-gigabit-smart-poe-switch\\\/#primaryimage\"},\"image\":{\"@id\":\"https:\\\/\\\/safetysource-eg.com\\\/en\\\/product\\\/ds-3e1552p-si-48-port-gigabit-smart-poe-switch\\\/#primaryimage\"},\"thumbnailUrl\":\"https:\\\/\\\/safetysource-eg.com\\\/wp-content\\\/uploads\\\/2026\\\/04\\\/1670571523192.webp\",\"datePublished\":\"2026-04-16T18:06:56+00:00\",\"dateModified\":\"2026-04-16T18:11:33+00:00\",\"description\":\"DS-3E1552P-SI48 Port Gigabit Smart POE Switch48 x 10\\\/100\\\/1000M PoE Ports, 2 x gigabit RJ45, 2 x gigabit SFPTotal PoE Power Budget 470W\",\"breadcrumb\":{\"@id\":\"https:\\\/\\\/safetysource-eg.com\\\/en\\\/product\\\/ds-3e1552p-si-48-port-gigabit-smart-poe-switch\\\/#breadcrumb\"},\"inLanguage\":\"en-US\",\"potentialAction\":[{\"@type\":\"ReadAction\",\"target\":[\"https:\\\/\\\/safetysource-eg.com\\\/en\\\/product\\\/ds-3e1552p-si-48-port-gigabit-smart-poe-switch\\\/\"]}]},{\"@type\":\"ImageObject\",\"inLanguage\":\"en-US\",\"@id\":\"https:\\\/\\\/safetysource-eg.com\\\/en\\\/product\\\/ds-3e1552p-si-48-port-gigabit-smart-poe-switch\\\/#primaryimage\",\"url\":\"https:\\\/\\\/safetysource-eg.com\\\/wp-content\\\/uploads\\\/2026\\\/04\\\/1670571523192.webp\",\"contentUrl\":\"https:\\\/\\\/safetysource-eg.com\\\/wp-content\\\/uploads\\\/2026\\\/04\\\/1670571523192.webp\",\"width\":1000,\"height\":1000},{\"@type\":\"BreadcrumbList\",\"@id\":\"https:\\\/\\\/safetysource-eg.com\\\/en\\\/product\\\/ds-3e1552p-si-48-port-gigabit-smart-poe-switch\\\/#breadcrumb\",\"itemListElement\":[{\"@type\":\"ListItem\",\"position\":1,\"name\":\"Home\",\"item\":\"https:\\\/\\\/safetysource-eg.com\\\/en\\\/\"},{\"@type\":\"ListItem\",\"position\":2,\"name\":\"Products\",\"item\":\"https:\\\/\\\/safetysource-eg.com\\\/en\\\/products\\\/\"},{\"@type\":\"ListItem\",\"position\":3,\"name\":\"DS-3E1552P-SI 48 Port Gigabit Smart POE Switch\"}]},{\"@type\":\"WebSite\",\"@id\":\"https:\\\/\\\/safetysource-eg.com\\\/en\\\/#website\",\"url\":\"https:\\\/\\\/safetysource-eg.com\\\/en\\\/\",\"name\":\"\u0633\u064a\u0641\u062a\u0649 \u0633\u0648\u0631\u0633\",\"description\":\"\u0623\u0646\u0638\u0645\u0629 \u0623\u0645\u0627\u0646 \u0630\u0643\u064a\u0629\",\"potentialAction\":[{\"@type\":\"SearchAction\",\"target\":{\"@type\":\"EntryPoint\",\"urlTemplate\":\"https:\\\/\\\/safetysource-eg.com\\\/en\\\/?s={search_term_string}\"},\"query-input\":{\"@type\":\"PropertyValueSpecification\",\"valueRequired\":true,\"valueName\":\"search_term_string\"}}],\"inLanguage\":\"en-US\"}]}<\/script>\n<!-- \/ Yoast SEO plugin. -->","yoast_head_json":{"title":"DS-3E1552P-SI 48 Port Gigabit Smart POE Switch","description":"DS-3E1552P-SI48 Port Gigabit Smart POE Switch48 x 10\/100\/1000M PoE Ports, 2 x gigabit RJ45, 2 x gigabit SFPTotal PoE Power Budget 470W","robots":{"index":"index","follow":"follow","max-snippet":"max-snippet:-1","max-image-preview":"max-image-preview:large","max-video-preview":"max-video-preview:-1"},"canonical":"https:\/\/safetysource-eg.com\/en\/product\/ds-3e1552p-si-48-port-gigabit-smart-poe-switch\/","og_locale":"en_US","og_type":"article","og_title":"DS-3E1552P-SI 48 Port Gigabit Smart POE Switch","og_description":"DS-3E1552P-SI48 Port Gigabit Smart POE Switch48 x 10\/100\/1000M PoE Ports, 2 x gigabit RJ45, 2 x gigabit SFPTotal PoE Power Budget 470W","og_url":"https:\/\/safetysource-eg.com\/en\/product\/ds-3e1552p-si-48-port-gigabit-smart-poe-switch\/","og_site_name":"\u0633\u064a\u0641\u062a\u0649 \u0633\u0648\u0631\u0633","article_modified_time":"2026-04-16T18:11:33+00:00","og_image":[{"width":1000,"height":1000,"url":"https:\/\/safetysource-eg.com\/wp-content\/uploads\/2026\/04\/1670571523192.webp","type":"image\/webp"}],"twitter_card":"summary_large_image","twitter_misc":{"Est. reading time":"4 minutes"},"schema":{"@context":"https:\/\/schema.org","@graph":[{"@type":"WebPage","@id":"https:\/\/safetysource-eg.com\/en\/product\/ds-3e1552p-si-48-port-gigabit-smart-poe-switch\/","url":"https:\/\/safetysource-eg.com\/en\/product\/ds-3e1552p-si-48-port-gigabit-smart-poe-switch\/","name":"DS-3E1552P-SI 48 Port Gigabit Smart POE Switch","isPartOf":{"@id":"https:\/\/safetysource-eg.com\/en\/#website"},"primaryImageOfPage":{"@id":"https:\/\/safetysource-eg.com\/en\/product\/ds-3e1552p-si-48-port-gigabit-smart-poe-switch\/#primaryimage"},"image":{"@id":"https:\/\/safetysource-eg.com\/en\/product\/ds-3e1552p-si-48-port-gigabit-smart-poe-switch\/#primaryimage"},"thumbnailUrl":"https:\/\/safetysource-eg.com\/wp-content\/uploads\/2026\/04\/1670571523192.webp","datePublished":"2026-04-16T18:06:56+00:00","dateModified":"2026-04-16T18:11:33+00:00","description":"DS-3E1552P-SI48 Port Gigabit Smart POE Switch48 x 10\/100\/1000M PoE Ports, 2 x gigabit RJ45, 2 x gigabit SFPTotal PoE Power Budget 470W","breadcrumb":{"@id":"https:\/\/safetysource-eg.com\/en\/product\/ds-3e1552p-si-48-port-gigabit-smart-poe-switch\/#breadcrumb"},"inLanguage":"en-US","potentialAction":[{"@type":"ReadAction","target":["https:\/\/safetysource-eg.com\/en\/product\/ds-3e1552p-si-48-port-gigabit-smart-poe-switch\/"]}]},{"@type":"ImageObject","inLanguage":"en-US","@id":"https:\/\/safetysource-eg.com\/en\/product\/ds-3e1552p-si-48-port-gigabit-smart-poe-switch\/#primaryimage","url":"https:\/\/safetysource-eg.com\/wp-content\/uploads\/2026\/04\/1670571523192.webp","contentUrl":"https:\/\/safetysource-eg.com\/wp-content\/uploads\/2026\/04\/1670571523192.webp","width":1000,"height":1000},{"@type":"BreadcrumbList","@id":"https:\/\/safetysource-eg.com\/en\/product\/ds-3e1552p-si-48-port-gigabit-smart-poe-switch\/#breadcrumb","itemListElement":[{"@type":"ListItem","position":1,"name":"Home","item":"https:\/\/safetysource-eg.com\/en\/"},{"@type":"ListItem","position":2,"name":"Products","item":"https:\/\/safetysource-eg.com\/en\/products\/"},{"@type":"ListItem","position":3,"name":"DS-3E1552P-SI 48 Port Gigabit Smart POE Switch"}]},{"@type":"WebSite","@id":"https:\/\/safetysource-eg.com\/en\/#website","url":"https:\/\/safetysource-eg.com\/en\/","name":"\u0633\u064a\u0641\u062a\u0649 \u0633\u0648\u0631\u0633","description":"\u0623\u0646\u0638\u0645\u0629 \u0623\u0645\u0627\u0646 \u0630\u0643\u064a\u0629","potentialAction":[{"@type":"SearchAction","target":{"@type":"EntryPoint","urlTemplate":"https:\/\/safetysource-eg.com\/en\/?s={search_term_string}"},"query-input":{"@type":"PropertyValueSpecification","valueRequired":true,"valueName":"search_term_string"}}],"inLanguage":"en-US"}]}},"_links":{"self":[{"href":"https:\/\/safetysource-eg.com\/en\/wp-json\/wp\/v2\/product\/20031","targetHints":{"allow":["GET"]}}],"collection":[{"href":"https:\/\/safetysource-eg.com\/en\/wp-json\/wp\/v2\/product"}],"about":[{"href":"https:\/\/safetysource-eg.com\/en\/wp-json\/wp\/v2\/types\/product"}],"wp:featuredmedia":[{"embeddable":true,"href":"https:\/\/safetysource-eg.com\/en\/wp-json\/wp\/v2\/media\/20032"}],"wp:attachment":[{"href":"https:\/\/safetysource-eg.com\/en\/wp-json\/wp\/v2\/media?parent=20031"}],"wp:term":[{"taxonomy":"product_brand","embeddable":true,"href":"https:\/\/safetysource-eg.com\/en\/wp-json\/wp\/v2\/product_brand?post=20031"},{"taxonomy":"product_cat","embeddable":true,"href":"https:\/\/safetysource-eg.com\/en\/wp-json\/wp\/v2\/product_cat?post=20031"},{"taxonomy":"product_tag","embeddable":true,"href":"https:\/\/safetysource-eg.com\/en\/wp-json\/wp\/v2\/product_tag?post=20031"}],"curies":[{"name":"wp","href":"https:\/\/api.w.org\/{rel}","templated":true}]}}